{"id":99913229,"date":"2023-12-11T20:49:55","date_gmt":"2023-12-11T20:49:55","guid":{"rendered":"https:\/\/ppmco.foxtrotdev.com\/?page_id=99913229"},"modified":"2024-12-10T19:39:57","modified_gmt":"2024-12-10T19:39:57","slug":"suministros-para-la-diabetes","status":"publish","type":"page","link":"https:\/\/ppmco.foxtrotdev.com\/es\/beneficios-del-plan\/medicamentos-recetados\/suministros-para-la-diabetes\/","title":{"rendered":"Suministros para la diabetes"},"content":{"rendered":"<div id=\"block_6a9d1c7ba6773b1b6dc955de13d8e068\" class=\"wpfox-page-header simple has-cta\" style=\"\">\r\n\t<div class=\"wrapper banner\">\r\n\t\t<div class=\"bg-glow\"><\/div>\r\n\t\t\t\t<div class=\"text-block\">\r\n\t\t\t\n\n<h1 class=\"wp-block-heading page-title has-h-3-font-size\">Beneficios<\/h1>\n\n\n\n<h2 class=\"wp-block-heading has-h-1-font-size\">Suministros para tratar la diabetes<\/h2>\n\n\r\n\t\t<\/div>\r\n\t\t\t<\/div>\r\n\t\n\t\t<div class='cta-bar page-header-jumpmenu'>\n\t\t\t<form class='desktop'>\n\t\t\t\t<label>Encuentre atenci\u00f3n ahora:<\/label>\n\t\t\t\t<div class='prepend'>Necesito<\/div>\n\t\t\t\t<select class='jumpmenu'>\n\t\t\t\t\t<option value='https:\/\/pp.healthtrioconnect.com\/public-app\/consumer\/provdir\/entry.page' data-target='_blank'>un m\u00e9dico<\/option><option value='https:\/\/www.caremark.com\/' data-target='_blank'>una farmacia<\/option><option value='https:\/\/ppmco.foxtrotdev.com\/es\/find-care-now\/denatl-care\/' data-target=''>atenci\u00f3n dental<\/option><option value='https:\/\/superiorvision.com\/members\/' data-target='_blank'>atenci\u00f3n de la visi\u00f3n<\/option><option value='https:\/\/pp.healthtrioconnect.com\/public-app\/consumer\/provdir\/search.page?lat=&#038;long=&#038;searchString=&#038;sortType=NAMEASC&#038;provType=H&#038;addressState=md&#038;providerSpecialty=hospital&#038;myAddress=&#038;myCity=&#038;myState=md&#038;myZip=&#038;distance=25&#038;ageId=&#038;sexId=&#038;conditionId=&#038;xsesschk=undefined' data-target='_blank'>un hospital<\/option>\n\t\t\t\t<\/select>\n\t\t\t\t<a class='btn'>Va<\/a>\n\t\t\t<\/form>\n\t\t\t<div class='mobile'>\n\t\t\t\t\n\t\t\t\t\n\t\t\t<\/div>\n\t\t<\/div>\n\t<\/div>\n\n\n<div style=\"height:48px\" aria-hidden=\"true\" class=\"wp-block-spacer\"><\/div>\n\n\n\n<div class=\"wp-block-columns is-style-sidebar-section is-layout-flex wp-container-core-columns-is-layout-9d6595d7 wp-block-columns-is-layout-flex\">\n<div class=\"wp-block-column is-layout-flow wp-block-column-is-layout-flow\" style=\"flex-basis:66.66%\">\n<p class=\"has-intro-font-size\">Los miembros de Priority Partners pueden obtener los productos para medir la glucosa en sangre de Abbott Diabetes Care (ADC), incluidos medidores y tiras reactivas de glucosa. <\/p>\n\n\n\n<p>Vea el <a href=\"\/wp-content\/uploads\/2023\/03\/ppmco_formulary.pdf\" target=\"_blank\" rel=\"noreferrer noopener\">Formulario de Farmacia de Priority Partners<\/a> para obtener informaci\u00f3n sobre las tiras reactivas de glucosa cubiertas, incluidos los l\u00edmites de cantidad u otras restricciones.<\/p>\n\n\n<div id=\"block_a58072f1dbdb48a77326304b8a15aa74\" class=\"wpfox-faqs margin-top-30\">\r\n    <div class=\"wp-container wp-block-group\">\r\n\t\t\r\n\t\t<div class='faq-accordion'>\r\n\t\t\t\r\n\t\t\t\t<div class='item' data-cats='diabetes-supplies-es' id='que-medidores-de-glucosa-en-sangre-estan-cubiertos'>\r\n\t\t\t\t\t<div class='question'><h3 class='title has-h-3-featured-font-size'>\u00bfQu\u00e9 medidores de glucosa en sangre est\u00e1n cubiertos?<\/h3><\/div>\r\n\t\t\t\t\t<div class='answer'><!-- wp:paragraph -->\n<p>Los medidores de glucosa en sangre Freestyle\u00ae y Precision Xtra\u00ae de ADC est\u00e1n cubiertos. Estos medidores de glucosa est\u00e1n disponibles para los miembros de Priority Partners sin ning\u00fan costo.<\/p>\n<!-- \/wp:paragraph --><\/div>\r\n\t\t\t\t<\/div>\r\n\t\t\t\r\n\t\t\t\t<div class='item' data-cats='diabetes-supplies-es' id='como-puedo-obtener-un-medidor-de-glucosa-gratis'>\r\n\t\t\t\t\t<div class='question'><h3 class='title has-h-3-featured-font-size'>\u00bfC\u00f3mo puedo obtener un medidor de glucosa gratis?<\/h3><\/div>\r\n\t\t\t\t\t<div class='answer'><!-- wp:paragraph -->\n<p>He aqu\u00ed tres formas en que los miembros de Priority Partners obtienen un medidor de glucosa en sangre sin ning\u00fan costo: Llame a Abbott Diabetic Center (ADC) al <a href=\"tel:8556328658\">855-632-8658<\/a>. Haga su pedido en l\u00ednea en <a href=\"https:\/\/www.choosefreestyle.com\/\" target=\"_blank\" rel=\"noreferrer noopener\">www.ChooseFreeStyle.com<\/a>. Visite su farmacia local y solicite un medidor de glucosa gratuito. Si tiene preguntas, llame a Atenci\u00f3n al Cliente de Priority Partners al <a href=\"tel:8006549728\">800-654-9728<\/a>.<\/p>\n<!-- \/wp:paragraph --><\/div>\r\n\t\t\t\t<\/div>\r\n\t\t\t\r\n\t\t\t\t<div class='item' data-cats='diabetes-supplies-es' id='que-informacion-necesitan-las-farmacias-para-proveer-medidores-de-glucosa-de-adc-sin-costo'>\r\n\t\t\t\t\t<div class='question'><h3 class='title has-h-3-featured-font-size'>\u00bfQu\u00e9 informaci\u00f3n necesitan las farmacias para proveer medidores de glucosa de ADC sin costo?<\/h3><\/div>\r\n\t\t\t\t\t<div class='answer'><!-- wp:paragraph -->\n<p>Su farmacia puede despachar un medidor de glucosa gratuito sin prescripci\u00f3n usando la informaci\u00f3n que aparece a continuaci\u00f3n: N.\u00b0 de RxBIN:\u00a0 610020 N.\u00b0 de grupo: 99992432 N.\u00b0 de ID: ERXPARTNER<\/p>\n<!-- \/wp:paragraph --><\/div>\r\n\t\t\t\t<\/div>\r\n\t\t\t\r\n\t\t\t<div class='no-results'>No results found. Please try a new search.<\/div>\r\n\t\t<\/div>\r\n\t\t<\/div>\r\n<\/div>\n\n\n<div style=\"height:20px\" aria-hidden=\"true\" class=\"wp-block-spacer\"><\/div>\n\n\n\n<p>Los miembros tienen un l\u00edmite de un medidor de glucosa de por vida a trav\u00e9s de este programa. Si un miembro necesita un medidor de glucosa adicional, su m\u00e9dico puede presentar un pedido de autorizaci\u00f3n previa al departamento de Farmacia de Priority Partners.<\/p>\n\n\n\n<p><a href=\"https:\/\/ppmco.foxtrotdev.com\/es\/beneficios-del-plan\/medicamentos-recetados\/\">Vea m\u00e1s informaci\u00f3n sobre la cobertura de medicamentos recetados.<\/a><\/p>\n<\/div>\n\n\n\n<div class=\"wp-block-column is-layout-flow wp-block-column-is-layout-flow\" style=\"flex-basis:33.33%\">\n<div class=\"wp-block-group is-style-sidebar-block has-light-teal-background-color has-background is-layout-flow wp-block-group-is-layout-flow\">\n<h3 class=\"wp-block-heading has-text-align-center\">Otras preguntas<\/h3>\n\n\n\n<p class=\"has-text-align-center\">Si tiene otras preguntas sobre nuestros beneficios de farmacia, comun\u00edquese con Atenci\u00f3n al Cliente en:<\/p>\n\n\n\n<div class=\"wp-block-buttons is-content-justification-center is-layout-flex wp-container-core-buttons-is-layout-16018d1d wp-block-buttons-is-layout-flex\">\n<div class=\"wp-block-button is-style-small\"><a class=\"wp-block-button__link has-teal-background-color has-background wp-element-button\" href=\"mailto:ppcustomerservice@jhhp.org\">Env\u00edenos un correo electr\u00f3nico<\/a><\/div>\n<\/div>\n\n\n\n<p class=\"has-text-align-center has-small-font-size\"><em>Por favor, no incluya informaci\u00f3n personal de salud<br>en su correo electr\u00f3nico.<\/em><\/p>\n\n\n\n<div class=\"wp-block-buttons is-style-margin-top-15 is-content-justification-center is-layout-flex wp-container-core-buttons-is-layout-16018d1d wp-block-buttons-is-layout-flex\">\n<div class=\"wp-block-button is-style-phone-icon-no-tab\"><a class=\"wp-block-button__link has-teal-background-color has-background wp-element-button\" href=\"tel:800-654-9728\">800-654-9728<\/a><\/div>\n<\/div>\n\n\n\n<p class=\"has-text-align-center margin-top-0\">De lunes a viernes, de 8 a.m. to 5 p.m. <\/p>\n\n\n\n<p class=\"has-text-align-center margin-top-5 has-teal-color has-text-color\"><strong><em>TTY para personas con discapacidades auditivas:<\/em><\/strong><\/p>\n\n\n\n<p class=\"has-text-align-center margin-top-0\">711<\/p>\n<\/div>\n<\/div>\n<\/div>\n\n\n\n<div style=\"height:48px\" aria-hidden=\"true\" class=\"wp-block-spacer\"><\/div>\n","protected":false},"excerpt":{"rendered":"<p>Los miembros de Priority Partners pueden obtener los productos para medir la glucosa en sangre de Abbott Diabetes Care (ADC),&#8230;<\/p>\n","protected":false},"author":9,"featured_media":0,"parent":12723,"menu_order":0,"comment_status":"closed","ping_status":"closed","template":"","meta":{"_acf_changed":false,"_relevanssi_hide_post":"","_relevanssi_hide_content":"","_relevanssi_pin_for_all":"","_relevanssi_pin_keywords":"","_relevanssi_unpin_keywords":"","_relevanssi_related_keywords":"","_relevanssi_related_include_ids":"","_relevanssi_related_exclude_ids":"","_relevanssi_related_no_append":"","_relevanssi_related_not_related":"","_relevanssi_related_posts":"12185,12167,12283,14936,15394,15364","_relevanssi_noindex_reason":"","inline_featured_image":false,"footnotes":""},"class_list":["post-99913229","page","type-page","status-publish","hentry"],"acf":[],"yoast_head":"<!-- This site is optimized with the Yoast SEO plugin v26.6 - https:\/\/yoast.com\/wordpress\/plugins\/seo\/ -->\n<title>Suministros para la diabetes - Priority Partners MCO<\/title>\n<meta name=\"description\" content=\"Priority Partners describir\u00e1 todos los cambios en nuestro formulario desde la \u00faltima vez que se imprimi\u00f3 la lista en la tabla de esta p\u00e1gina.\" \/>\n<meta name=\"robots\" content=\"index, follow, max-snippet:-1, max-image-preview:large, max-video-preview:-1\" \/>\n<link rel=\"canonical\" href=\"https:\/\/ppmco.foxtrotdev.com\/es\/beneficios-del-plan\/medicamentos-recetados\/suministros-para-la-diabetes\/\" \/>\n<meta property=\"og:locale\" content=\"es_ES\" \/>\n<meta property=\"og:type\" content=\"article\" \/>\n<meta property=\"og:title\" content=\"Suministros para la diabetes - Priority Partners MCO\" \/>\n<meta property=\"og:description\" content=\"Priority Partners describir\u00e1 todos los cambios en nuestro formulario desde la \u00faltima vez que se imprimi\u00f3 la lista en la tabla de esta p\u00e1gina.\" \/>\n<meta property=\"og:url\" content=\"https:\/\/ppmco.foxtrotdev.com\/es\/beneficios-del-plan\/medicamentos-recetados\/suministros-para-la-diabetes\/\" \/>\n<meta property=\"og:site_name\" content=\"Priority Partners MCO\" \/>\n<meta property=\"article:publisher\" content=\"https:\/\/www.facebook.com\/PriorityPartners\" \/>\n<meta property=\"article:modified_time\" content=\"2024-12-10T19:39:57+00:00\" \/>\n<meta property=\"og:image\" content=\"https:\/\/ppmco.foxtrotdev.com\/wp-content\/uploads\/2022\/11\/PPMCO_Social-Preview_facebook-1.jpg\" \/>\n\t<meta property=\"og:image:width\" content=\"1600\" \/>\n\t<meta property=\"og:image:height\" content=\"840\" \/>\n\t<meta property=\"og:image:type\" content=\"image\/jpeg\" \/>\n<meta name=\"twitter:card\" content=\"summary_large_image\" \/>\n<meta name=\"twitter:label1\" content=\"Tiempo de lectura\" \/>\n\t<meta name=\"twitter:data1\" content=\"1 minuto\" \/>\n<script type=\"application\/ld+json\" class=\"yoast-schema-graph\">{\"@context\":\"https:\/\/schema.org\",\"@graph\":[{\"@type\":\"WebPage\",\"@id\":\"https:\/\/ppmco.foxtrotdev.com\/es\/beneficios-del-plan\/medicamentos-recetados\/suministros-para-la-diabetes\/\",\"url\":\"https:\/\/ppmco.foxtrotdev.com\/es\/beneficios-del-plan\/medicamentos-recetados\/suministros-para-la-diabetes\/\",\"name\":\"Suministros para la diabetes - Priority Partners MCO\",\"isPartOf\":{\"@id\":\"https:\/\/ppmco.foxtrotdev.com\/#website\"},\"datePublished\":\"2023-12-11T20:49:55+00:00\",\"dateModified\":\"2024-12-10T19:39:57+00:00\",\"description\":\"Priority Partners describir\u00e1 todos los cambios en nuestro formulario desde la \u00faltima vez que se imprimi\u00f3 la lista en la tabla de esta p\u00e1gina.\",\"breadcrumb\":{\"@id\":\"https:\/\/ppmco.foxtrotdev.com\/es\/beneficios-del-plan\/medicamentos-recetados\/suministros-para-la-diabetes\/#breadcrumb\"},\"inLanguage\":\"es\",\"potentialAction\":[{\"@type\":\"ReadAction\",\"target\":[\"https:\/\/ppmco.foxtrotdev.com\/es\/beneficios-del-plan\/medicamentos-recetados\/suministros-para-la-diabetes\/\"]}]},{\"@type\":\"BreadcrumbList\",\"@id\":\"https:\/\/ppmco.foxtrotdev.com\/es\/beneficios-del-plan\/medicamentos-recetados\/suministros-para-la-diabetes\/#breadcrumb\",\"itemListElement\":[{\"@type\":\"ListItem\",\"position\":1,\"name\":\"Home\",\"item\":\"https:\/\/ppmco.foxtrotdev.com\/es\/\"},{\"@type\":\"ListItem\",\"position\":2,\"name\":\"Beneficios\",\"item\":\"https:\/\/ppmco.foxtrotdev.com\/es\/beneficios-del-plan\/\"},{\"@type\":\"ListItem\",\"position\":3,\"name\":\"Medicamentos recetados\",\"item\":\"https:\/\/ppmco.foxtrotdev.com\/es\/beneficios-del-plan\/medicamentos-recetados\/\"},{\"@type\":\"ListItem\",\"position\":4,\"name\":\"Suministros para la diabetes\"}]},{\"@type\":\"WebSite\",\"@id\":\"https:\/\/ppmco.foxtrotdev.com\/#website\",\"url\":\"https:\/\/ppmco.foxtrotdev.com\/\",\"name\":\"Priority Partners MCO\",\"description\":\"Low and no-cost healthcare for qualified Maryland residents\",\"publisher\":{\"@id\":\"https:\/\/ppmco.foxtrotdev.com\/#organization\"},\"alternateName\":\"PPMCO\",\"potentialAction\":[{\"@type\":\"SearchAction\",\"target\":{\"@type\":\"EntryPoint\",\"urlTemplate\":\"https:\/\/ppmco.foxtrotdev.com\/?s={search_term_string}\"},\"query-input\":{\"@type\":\"PropertyValueSpecification\",\"valueRequired\":true,\"valueName\":\"search_term_string\"}}],\"inLanguage\":\"es\"},{\"@type\":\"Organization\",\"@id\":\"https:\/\/ppmco.foxtrotdev.com\/#organization\",\"name\":\"Priority Partners MCO\",\"url\":\"https:\/\/ppmco.foxtrotdev.com\/\",\"logo\":{\"@type\":\"ImageObject\",\"inLanguage\":\"es\",\"@id\":\"https:\/\/ppmco.foxtrotdev.com\/#\/schema\/logo\/image\/\",\"url\":\"https:\/\/ppmco.foxtrotdev.com\/wp-content\/uploads\/2022\/03\/logo.png\",\"contentUrl\":\"https:\/\/ppmco.foxtrotdev.com\/wp-content\/uploads\/2022\/03\/logo.png\",\"width\":635,\"height\":177,\"caption\":\"Priority Partners MCO\"},\"image\":{\"@id\":\"https:\/\/ppmco.foxtrotdev.com\/#\/schema\/logo\/image\/\"},\"sameAs\":[\"https:\/\/www.facebook.com\/PriorityPartners\",\"https:\/\/www.youtube.com\/user\/PriorityPartners\",\"https:\/\/www.instagram.com\/prioritypartners\/\"]}]}<\/script>\n<!-- \/ Yoast SEO plugin. -->","yoast_head_json":{"title":"Suministros para la diabetes - Priority Partners MCO","description":"Priority Partners describir\u00e1 todos los cambios en nuestro formulario desde la \u00faltima vez que se imprimi\u00f3 la lista en la tabla de esta p\u00e1gina.","robots":{"index":"index","follow":"follow","max-snippet":"max-snippet:-1","max-image-preview":"max-image-preview:large","max-video-preview":"max-video-preview:-1"},"canonical":"https:\/\/ppmco.foxtrotdev.com\/es\/beneficios-del-plan\/medicamentos-recetados\/suministros-para-la-diabetes\/","og_locale":"es_ES","og_type":"article","og_title":"Suministros para la diabetes - Priority Partners MCO","og_description":"Priority Partners describir\u00e1 todos los cambios en nuestro formulario desde la \u00faltima vez que se imprimi\u00f3 la lista en la tabla de esta p\u00e1gina.","og_url":"https:\/\/ppmco.foxtrotdev.com\/es\/beneficios-del-plan\/medicamentos-recetados\/suministros-para-la-diabetes\/","og_site_name":"Priority Partners MCO","article_publisher":"https:\/\/www.facebook.com\/PriorityPartners","article_modified_time":"2024-12-10T19:39:57+00:00","og_image":[{"width":1600,"height":840,"url":"https:\/\/ppmco.foxtrotdev.com\/wp-content\/uploads\/2022\/11\/PPMCO_Social-Preview_facebook-1.jpg","type":"image\/jpeg"}],"twitter_card":"summary_large_image","twitter_misc":{"Tiempo de lectura":"1 minuto"},"schema":{"@context":"https:\/\/schema.org","@graph":[{"@type":"WebPage","@id":"https:\/\/ppmco.foxtrotdev.com\/es\/beneficios-del-plan\/medicamentos-recetados\/suministros-para-la-diabetes\/","url":"https:\/\/ppmco.foxtrotdev.com\/es\/beneficios-del-plan\/medicamentos-recetados\/suministros-para-la-diabetes\/","name":"Suministros para la diabetes - Priority Partners MCO","isPartOf":{"@id":"https:\/\/ppmco.foxtrotdev.com\/#website"},"datePublished":"2023-12-11T20:49:55+00:00","dateModified":"2024-12-10T19:39:57+00:00","description":"Priority Partners describir\u00e1 todos los cambios en nuestro formulario desde la \u00faltima vez que se imprimi\u00f3 la lista en la tabla de esta p\u00e1gina.","breadcrumb":{"@id":"https:\/\/ppmco.foxtrotdev.com\/es\/beneficios-del-plan\/medicamentos-recetados\/suministros-para-la-diabetes\/#breadcrumb"},"inLanguage":"es","potentialAction":[{"@type":"ReadAction","target":["https:\/\/ppmco.foxtrotdev.com\/es\/beneficios-del-plan\/medicamentos-recetados\/suministros-para-la-diabetes\/"]}]},{"@type":"BreadcrumbList","@id":"https:\/\/ppmco.foxtrotdev.com\/es\/beneficios-del-plan\/medicamentos-recetados\/suministros-para-la-diabetes\/#breadcrumb","itemListElement":[{"@type":"ListItem","position":1,"name":"Home","item":"https:\/\/ppmco.foxtrotdev.com\/es\/"},{"@type":"ListItem","position":2,"name":"Beneficios","item":"https:\/\/ppmco.foxtrotdev.com\/es\/beneficios-del-plan\/"},{"@type":"ListItem","position":3,"name":"Medicamentos recetados","item":"https:\/\/ppmco.foxtrotdev.com\/es\/beneficios-del-plan\/medicamentos-recetados\/"},{"@type":"ListItem","position":4,"name":"Suministros para la diabetes"}]},{"@type":"WebSite","@id":"https:\/\/ppmco.foxtrotdev.com\/#website","url":"https:\/\/ppmco.foxtrotdev.com\/","name":"Priority Partners MCO","description":"Low and no-cost healthcare for qualified Maryland residents","publisher":{"@id":"https:\/\/ppmco.foxtrotdev.com\/#organization"},"alternateName":"PPMCO","potentialAction":[{"@type":"SearchAction","target":{"@type":"EntryPoint","urlTemplate":"https:\/\/ppmco.foxtrotdev.com\/?s={search_term_string}"},"query-input":{"@type":"PropertyValueSpecification","valueRequired":true,"valueName":"search_term_string"}}],"inLanguage":"es"},{"@type":"Organization","@id":"https:\/\/ppmco.foxtrotdev.com\/#organization","name":"Priority Partners MCO","url":"https:\/\/ppmco.foxtrotdev.com\/","logo":{"@type":"ImageObject","inLanguage":"es","@id":"https:\/\/ppmco.foxtrotdev.com\/#\/schema\/logo\/image\/","url":"https:\/\/ppmco.foxtrotdev.com\/wp-content\/uploads\/2022\/03\/logo.png","contentUrl":"https:\/\/ppmco.foxtrotdev.com\/wp-content\/uploads\/2022\/03\/logo.png","width":635,"height":177,"caption":"Priority Partners MCO"},"image":{"@id":"https:\/\/ppmco.foxtrotdev.com\/#\/schema\/logo\/image\/"},"sameAs":["https:\/\/www.facebook.com\/PriorityPartners","https:\/\/www.youtube.com\/user\/PriorityPartners","https:\/\/www.instagram.com\/prioritypartners\/"]}]}},"_links":{"self":[{"href":"https:\/\/ppmco.foxtrotdev.com\/es\/wp-json\/wp\/v2\/pages\/99913229","targetHints":{"allow":["GET"]}}],"collection":[{"href":"https:\/\/ppmco.foxtrotdev.com\/es\/wp-json\/wp\/v2\/pages"}],"about":[{"href":"https:\/\/ppmco.foxtrotdev.com\/es\/wp-json\/wp\/v2\/types\/page"}],"author":[{"embeddable":true,"href":"https:\/\/ppmco.foxtrotdev.com\/es\/wp-json\/wp\/v2\/users\/9"}],"replies":[{"embeddable":true,"href":"https:\/\/ppmco.foxtrotdev.com\/es\/wp-json\/wp\/v2\/comments?post=99913229"}],"version-history":[{"count":5,"href":"https:\/\/ppmco.foxtrotdev.com\/es\/wp-json\/wp\/v2\/pages\/99913229\/revisions"}],"predecessor-version":[{"id":99915342,"href":"https:\/\/ppmco.foxtrotdev.com\/es\/wp-json\/wp\/v2\/pages\/99913229\/revisions\/99915342"}],"up":[{"embeddable":true,"href":"https:\/\/ppmco.foxtrotdev.com\/es\/wp-json\/wp\/v2\/pages\/12723"}],"wp:attachment":[{"href":"https:\/\/ppmco.foxtrotdev.com\/es\/wp-json\/wp\/v2\/media?parent=99913229"}],"curies":[{"name":"wp","href":"https:\/\/api.w.org\/{rel}","templated":true}]}}