{"id":99912136,"date":"2023-05-22T19:32:40","date_gmt":"2023-05-22T19:32:40","guid":{"rendered":"https:\/\/ppmco.foxtrotdev.com\/?page_id=99912136"},"modified":"2023-11-28T19:35:55","modified_gmt":"2023-11-28T19:35:55","slug":"defensores-de-la-salud-comunitaria-en-accion","status":"publish","type":"page","link":"https:\/\/ppmco.foxtrotdev.com\/es\/defensores-de-la-salud-comunitaria-en-accion\/","title":{"rendered":"Defensores de la salud comunitaria en acci\u00f3n"},"content":{"rendered":"<div id=\"block_e738b8af0aa5ab8e037b85fb9c8c87b5\" class=\"wpfox-page-header simple\" style=\"\">\r\n\t<div class=\"wrapper banner\">\r\n\t\t<div class=\"bg-glow\"><\/div>\r\n\t\t\t\t<div class=\"text-block\">\r\n\t\t\t\n\n<h1 class=\"wp-block-heading has-h-1-font-size\">Defensores de la salud comunitaria en acci\u00f3n<\/h1>\n\n\r\n\t\t<\/div>\r\n\t\t\t<\/div>\r\n\t<\/div>\n<div class=\"wp-block-columns is-layout-flex wp-container-core-columns-is-layout-9d6595d7 wp-block-columns-is-layout-flex\">\n<div class=\"wp-block-column is-layout-flow wp-block-column-is-layout-flow\" style=\"flex-basis:100%\">\n<div class=\"wp-block-group is-style-section-padding is-layout-flow wp-block-group-is-layout-flow\">\n<div class=\"wp-block-group alignfull is-style-section-padding mobile-margin-bottom-0 mobile-padding-bottom-0 is-layout-flow wp-block-group-is-layout-flow\">\n<div class=\"wp-block-columns is-style-sidebar-section is-layout-flex wp-container-core-columns-is-layout-9d6595d7 wp-block-columns-is-layout-flex\">\n<div class=\"wp-block-column is-layout-flow wp-block-column-is-layout-flow\" style=\"flex-basis:66.66%\">\n<h2 class=\"wp-block-heading is-style-default has-intro-font-size\"><strong>\u00a1Vea lo que nuestros CHA han estado haciendo \u00faltimamente!<\/strong><\/h2>\n\n\n\n<h2 class=\"wp-block-heading has-h-3-font-size\">Noviembre<\/h2>\n\n\n\n<ul class=\"is-style-no-bullets wp-block-list\">\n<li>1 \u2014 Community Baby Shower, Bruce Outreach Center, Westernport<\/li>\n\n\n\n<li>3 \u2014 Fall Festival, Boys &amp; Girls Clubs of Metropolitan Baltimore, Baltimore<\/li>\n\n\n\n<li>8 \u2014 Crossroads Farmers Market, University Blvd. E. &amp; Anne St., Tacoma Park<\/li>\n\n\n\n<li>11 \u2014 Family Health Fair, Parkdale High School, Riverdale Park<\/li>\n\n\n\n<li>15 \u2014 Member Services Community Outreach, Wicomico Presbyterian Church, Salisbury<\/li>\n\n\n\n<li>15 \u2014 Fall Festival Resource Fair, Cherokee Lane Elementary School, Adelphi<\/li>\n\n\n\n<li>21 \u2014 Family Literacy Night\/Giving Thanks, South Penn Elementary School, Cumberland<\/li>\n\n\n\n<li>22 \u2014 Thanksgiving Community Resource Fair, Maryland Wellness, Cumberland<\/li>\n\n\n\n<li>22 \u2014 Crossroads Farmers Market, University Blvd. E. &amp; Anne St., Tacoma Park 28 \u2014 Family Night Out, Deep Creek Middle School, Baltimore<\/li>\n<\/ul>\n\n\n\n<div style=\"height:52px\" aria-hidden=\"true\" class=\"wp-block-spacer\"><\/div>\n\n\n\n<h2 class=\"wp-block-heading has-h-2-font-size\">Octubre<\/h2>\n\n\n\n<ul class=\"is-style-no-bullets wp-block-list\">\n<li>3 \u2014 PEA Resource Fair, John Carroll Elementary School, Landover<\/li>\n\n\n\n<li>4 \u2014 Resource Fair, Deep Run Elementary School, Elkridge<\/li>\n\n\n\n<li>5 \u2014 Latin Night, Broad Neck High School, Annapolis<\/li>\n\n\n\n<li>6 \u2014 Nest &amp; Nurture BB Shower, BWMC Wellness Center, Glen Burnie<\/li>\n\n\n\n<li>7 \u2014 Showell Elementary Fall Festival, Showell Elementary School, Berlin<\/li>\n\n\n\n<li>10 \u2014 Family Resource Day, Queen Anne\u2019s County High School, Centreville<\/li>\n\n\n\n<li>11 \u2014 Crossroads Farmers Market, University Blvd. E. &amp; Anne St., Tacoma Park<\/li>\n\n\n\n<li>14 \u2014 Food Pantry &amp; Resource Fair, Grace United UMC Church, Hagerstown<\/li>\n\n\n\n<li>14 \u2014 Community Wellness Day, Marley Middle School, Glen Burnie<\/li>\n\n\n\n<li>14 \u2014 Talbot County Expo, Easton Elementary School, Easton<\/li>\n\n\n\n<li>17 \u2014 Family Literacy Night, South Penn Elementary School, Cumberland<\/li>\n\n\n\n<li>21 \u2014 Parents Involvement Conference, Crofton High School, Gambrills<\/li>\n\n\n\n<li>22 \u2014 Maryland Rural Conference, Princess Royale Oceanfront Resort, Ocean City<\/li>\n\n\n\n<li>23 \u2014 Annual Trunk or Treat Resource Fair, Washington County Health Dept., Hagerstown<\/li>\n\n\n\n<li>25 \u2014 Crossroads Farmers Market, University Blvd. E. &amp; Anne St., Tacoma Park<\/li>\n\n\n\n<li>28 \u2014 Community Trunk or Treat Resource Fair, Garrett County Health Dept., Oakland<\/li>\n<\/ul>\n<\/div>\n\n\n\n<div class=\"wp-block-column is-layout-flow wp-block-column-is-layout-flow\" style=\"flex-basis:33.33%\">\n<div class=\"wp-block-group is-style-sidebar-block has-light-purple-background-color has-background is-layout-flow wp-block-group-is-layout-flow\">\n<h3 class=\"wp-block-heading has-text-align-center has-purple-color has-text-color\">Cont\u00e1ctenos<\/h3>\n\n\n\n<p class=\"has-text-align-center has-intro-font-size\">Para m\u00e1s informaci\u00f3n sobre el programa de Representantes de Salud Comunitaria, para programar una presentaci\u00f3n sobre la salud o pedirnos que vayamos a un evento, llame al:<\/p>\n\n\n\n<div class=\"wp-block-buttons is-style-margin-top-15 is-content-justification-center is-layout-flex wp-container-core-buttons-is-layout-16018d1d wp-block-buttons-is-layout-flex\">\n<div class=\"wp-block-button is-style-phone-icon-no-tab\"><a class=\"wp-block-button__link has-purple-background-color has-background wp-element-button\" href=\"tel:14107625284\">410-762-5284<\/a><\/div>\n<\/div>\n\n\n\n<div class=\"wp-block-buttons is-content-justification-center is-layout-flex wp-container-core-buttons-is-layout-16018d1d wp-block-buttons-is-layout-flex\">\n<div class=\"wp-block-button\"><a class=\"wp-block-button__link wp-element-button\" href=\"https:\/\/ppmco.foxtrotdev.com\/es\/obtenga-apoyo-gratuita\/defensores-de-la-salud-comunitaria\/#events\">Ver pr\u00f3ximos eventos<\/a><\/div>\n<\/div>\n<\/div>\n\n\n\n<div style=\"height:37px\" aria-hidden=\"true\" class=\"wp-block-spacer\"><\/div>\n\n\n\n<figure class=\"wp-block-gallery has-nested-images columns-2 is-cropped wp-block-gallery-2 is-layout-flex wp-block-gallery-is-layout-flex\">\n<figure class=\"wp-block-image size-large\"><img loading=\"lazy\" decoding=\"async\" width=\"1024\" height=\"573\" data-id=\"99912755\" src=\"https:\/\/ppmco.foxtrotdev.com\/wp-content\/uploads\/2023\/11\/Chef_Giacomo_Kunta_Kinte_Festival_2023-1024x573.png\" alt=\"El chef Giacomo se prepara para una demostraci&#xF3;n de cocina frente a invitados sentados bajo nuestra tienda de campa&#xF1;a. En el festival Kunta Kinte\" class=\"wp-image-99912755\" srcset=\"https:\/\/ppmco.foxtrotdev.com\/wp-content\/uploads\/2023\/11\/Chef_Giacomo_Kunta_Kinte_Festival_2023-1024x573.png 1024w, https:\/\/ppmco.foxtrotdev.com\/wp-content\/uploads\/2023\/11\/Chef_Giacomo_Kunta_Kinte_Festival_2023-300x168.png 300w, https:\/\/ppmco.foxtrotdev.com\/wp-content\/uploads\/2023\/11\/Chef_Giacomo_Kunta_Kinte_Festival_2023-768x429.png 768w, https:\/\/ppmco.foxtrotdev.com\/wp-content\/uploads\/2023\/11\/Chef_Giacomo_Kunta_Kinte_Festival_2023.png 1193w\" sizes=\"auto, (max-width: 1024px) 100vw, 1024px\" \/><\/figure>\n<\/figure>\n\n\n\n<div style=\"height:40px\" aria-hidden=\"true\" class=\"wp-block-spacer\"><\/div>\n\n\n\n<figure class=\"wp-block-image size-full\"><img loading=\"lazy\" decoding=\"async\" width=\"640\" height=\"480\" src=\"https:\/\/ppmco.foxtrotdev.com\/wp-content\/uploads\/2023\/05\/booth.png\" alt=\"\" class=\"wp-image-99912166\" srcset=\"https:\/\/ppmco.foxtrotdev.com\/wp-content\/uploads\/2023\/05\/booth.png 640w, https:\/\/ppmco.foxtrotdev.com\/wp-content\/uploads\/2023\/05\/booth-300x225.png 300w\" sizes=\"auto, (max-width: 640px) 100vw, 640px\" \/><\/figure>\n<\/div>\n<\/div>\n<\/div>\n<\/div>\n\n\n\n<p>Obtenga m\u00e1s informaci\u00f3n sobre nuestros defensores de la salud comunitaria y vea nuestras pr\u00f3ximas clases educativas y eventos de divulgaci\u00f3n en nuestra <a href=\"https:\/\/ppmco.foxtrotdev.com\/es\/obtenga-apoyo-gratuita\/defensores-de-la-salud-comunitaria\/\">p\u00e1gina web de apoyo comunitario<\/a>.<\/p>\n\n\n\n<div style=\"height:55px\" aria-hidden=\"true\" class=\"wp-block-spacer\"><\/div>\n<\/div>\n<\/div>\n","protected":false},"excerpt":{"rendered":"<p>\u00a1Vea lo que nuestros CHA han estado haciendo \u00faltimamente! Noviembre Octubre Cont\u00e1ctenos Para m\u00e1s informaci\u00f3n sobre el programa de Representantes&#8230;<\/p>\n","protected":false},"author":9,"featured_media":0,"parent":0,"menu_order":0,"comment_status":"closed","ping_status":"closed","template":"","meta":{"_acf_changed":false,"_relevanssi_hide_post":"","_relevanssi_hide_content":"","_relevanssi_pin_for_all":"","_relevanssi_pin_keywords":"","_relevanssi_unpin_keywords":"","_relevanssi_related_keywords":"","_relevanssi_related_include_ids":"","_relevanssi_related_exclude_ids":"","_relevanssi_related_no_append":"","_relevanssi_related_not_related":"","_relevanssi_related_posts":"12127,12167,14930,14920,14926,14950","_relevanssi_noindex_reason":"","inline_featured_image":false,"footnotes":""},"class_list":["post-99912136","page","type-page","status-publish","hentry"],"acf":[],"yoast_head":"<!-- This site is optimized with the Yoast SEO plugin v26.6 - https:\/\/yoast.com\/wordpress\/plugins\/seo\/ -->\n<title>Defensores de la salud comunitaria en acci\u00f3n - Priority Partners MCO<\/title>\n<meta name=\"description\" content=\"Defensores de la salud comunitaria en acci\u00f3n\" \/>\n<meta name=\"robots\" content=\"index, follow, max-snippet:-1, max-image-preview:large, max-video-preview:-1\" \/>\n<link rel=\"canonical\" href=\"https:\/\/ppmco.foxtrotdev.com\/chas-in-action\/\" \/>\n<meta property=\"og:locale\" content=\"es_ES\" \/>\n<meta property=\"og:type\" content=\"article\" \/>\n<meta property=\"og:title\" content=\"Defensores de la salud comunitaria en acci\u00f3n - Priority Partners MCO\" \/>\n<meta property=\"og:description\" content=\"Defensores de la salud comunitaria en acci\u00f3n\" \/>\n<meta property=\"og:url\" content=\"https:\/\/ppmco.foxtrotdev.com\/chas-in-action\/\" \/>\n<meta property=\"og:site_name\" content=\"Priority Partners MCO\" \/>\n<meta property=\"article:publisher\" content=\"https:\/\/www.facebook.com\/PriorityPartners\" \/>\n<meta property=\"article:modified_time\" content=\"2023-11-28T19:35:55+00:00\" \/>\n<meta property=\"og:image\" content=\"https:\/\/ppmco.foxtrotdev.com\/wp-content\/uploads\/2023\/11\/Chef_Giacomo_Kunta_Kinte_Festival_2023-1024x573.png\" \/>\n<meta name=\"twitter:card\" content=\"summary_large_image\" \/>\n<script type=\"application\/ld+json\" class=\"yoast-schema-graph\">{\"@context\":\"https:\/\/schema.org\",\"@graph\":[{\"@type\":\"WebPage\",\"@id\":\"https:\/\/ppmco.foxtrotdev.com\/chas-in-action\/\",\"url\":\"https:\/\/ppmco.foxtrotdev.com\/chas-in-action\/\",\"name\":\"Defensores de la salud comunitaria en acci\u00f3n - Priority Partners MCO\",\"isPartOf\":{\"@id\":\"https:\/\/ppmco.foxtrotdev.com\/#website\"},\"primaryImageOfPage\":{\"@id\":\"https:\/\/ppmco.foxtrotdev.com\/chas-in-action\/#primaryimage\"},\"image\":{\"@id\":\"https:\/\/ppmco.foxtrotdev.com\/chas-in-action\/#primaryimage\"},\"thumbnailUrl\":\"https:\/\/ppmco.foxtrotdev.com\/wp-content\/uploads\/2023\/11\/Chef_Giacomo_Kunta_Kinte_Festival_2023-1024x573.png\",\"datePublished\":\"2023-05-22T19:32:40+00:00\",\"dateModified\":\"2023-11-28T19:35:55+00:00\",\"description\":\"Defensores de la salud comunitaria en acci\u00f3n\",\"breadcrumb\":{\"@id\":\"https:\/\/ppmco.foxtrotdev.com\/chas-in-action\/#breadcrumb\"},\"inLanguage\":\"es\",\"potentialAction\":[{\"@type\":\"ReadAction\",\"target\":[\"https:\/\/ppmco.foxtrotdev.com\/chas-in-action\/\"]}]},{\"@type\":\"ImageObject\",\"inLanguage\":\"es\",\"@id\":\"https:\/\/ppmco.foxtrotdev.com\/chas-in-action\/#primaryimage\",\"url\":\"https:\/\/ppmco.foxtrotdev.com\/wp-content\/uploads\/2023\/11\/Chef_Giacomo_Kunta_Kinte_Festival_2023-1024x573.png\",\"contentUrl\":\"https:\/\/ppmco.foxtrotdev.com\/wp-content\/uploads\/2023\/11\/Chef_Giacomo_Kunta_Kinte_Festival_2023-1024x573.png\"},{\"@type\":\"BreadcrumbList\",\"@id\":\"https:\/\/ppmco.foxtrotdev.com\/chas-in-action\/#breadcrumb\",\"itemListElement\":[{\"@type\":\"ListItem\",\"position\":1,\"name\":\"Home\",\"item\":\"https:\/\/ppmco.foxtrotdev.com\/es\/\"},{\"@type\":\"ListItem\",\"position\":2,\"name\":\"Defensores de la salud comunitaria en acci\u00f3n\"}]},{\"@type\":\"WebSite\",\"@id\":\"https:\/\/ppmco.foxtrotdev.com\/#website\",\"url\":\"https:\/\/ppmco.foxtrotdev.com\/\",\"name\":\"Priority Partners MCO\",\"description\":\"Low and no-cost healthcare for qualified Maryland residents\",\"publisher\":{\"@id\":\"https:\/\/ppmco.foxtrotdev.com\/#organization\"},\"alternateName\":\"PPMCO\",\"potentialAction\":[{\"@type\":\"SearchAction\",\"target\":{\"@type\":\"EntryPoint\",\"urlTemplate\":\"https:\/\/ppmco.foxtrotdev.com\/?s={search_term_string}\"},\"query-input\":{\"@type\":\"PropertyValueSpecification\",\"valueRequired\":true,\"valueName\":\"search_term_string\"}}],\"inLanguage\":\"es\"},{\"@type\":\"Organization\",\"@id\":\"https:\/\/ppmco.foxtrotdev.com\/#organization\",\"name\":\"Priority Partners MCO\",\"url\":\"https:\/\/ppmco.foxtrotdev.com\/\",\"logo\":{\"@type\":\"ImageObject\",\"inLanguage\":\"es\",\"@id\":\"https:\/\/ppmco.foxtrotdev.com\/#\/schema\/logo\/image\/\",\"url\":\"https:\/\/ppmco.foxtrotdev.com\/wp-content\/uploads\/2022\/03\/logo.png\",\"contentUrl\":\"https:\/\/ppmco.foxtrotdev.com\/wp-content\/uploads\/2022\/03\/logo.png\",\"width\":635,\"height\":177,\"caption\":\"Priority Partners MCO\"},\"image\":{\"@id\":\"https:\/\/ppmco.foxtrotdev.com\/#\/schema\/logo\/image\/\"},\"sameAs\":[\"https:\/\/www.facebook.com\/PriorityPartners\",\"https:\/\/www.youtube.com\/user\/PriorityPartners\",\"https:\/\/www.instagram.com\/prioritypartners\/\"]}]}<\/script>\n<!-- \/ Yoast SEO plugin. -->","yoast_head_json":{"title":"Defensores de la salud comunitaria en acci\u00f3n - Priority Partners MCO","description":"Defensores de la salud comunitaria en acci\u00f3n","robots":{"index":"index","follow":"follow","max-snippet":"max-snippet:-1","max-image-preview":"max-image-preview:large","max-video-preview":"max-video-preview:-1"},"canonical":"https:\/\/ppmco.foxtrotdev.com\/chas-in-action\/","og_locale":"es_ES","og_type":"article","og_title":"Defensores de la salud comunitaria en acci\u00f3n - Priority Partners MCO","og_description":"Defensores de la salud comunitaria en acci\u00f3n","og_url":"https:\/\/ppmco.foxtrotdev.com\/chas-in-action\/","og_site_name":"Priority Partners MCO","article_publisher":"https:\/\/www.facebook.com\/PriorityPartners","article_modified_time":"2023-11-28T19:35:55+00:00","og_image":[{"url":"https:\/\/ppmco.foxtrotdev.com\/wp-content\/uploads\/2023\/11\/Chef_Giacomo_Kunta_Kinte_Festival_2023-1024x573.png","type":"","width":"","height":""}],"twitter_card":"summary_large_image","schema":{"@context":"https:\/\/schema.org","@graph":[{"@type":"WebPage","@id":"https:\/\/ppmco.foxtrotdev.com\/chas-in-action\/","url":"https:\/\/ppmco.foxtrotdev.com\/chas-in-action\/","name":"Defensores de la salud comunitaria en acci\u00f3n - Priority Partners MCO","isPartOf":{"@id":"https:\/\/ppmco.foxtrotdev.com\/#website"},"primaryImageOfPage":{"@id":"https:\/\/ppmco.foxtrotdev.com\/chas-in-action\/#primaryimage"},"image":{"@id":"https:\/\/ppmco.foxtrotdev.com\/chas-in-action\/#primaryimage"},"thumbnailUrl":"https:\/\/ppmco.foxtrotdev.com\/wp-content\/uploads\/2023\/11\/Chef_Giacomo_Kunta_Kinte_Festival_2023-1024x573.png","datePublished":"2023-05-22T19:32:40+00:00","dateModified":"2023-11-28T19:35:55+00:00","description":"Defensores de la salud comunitaria en acci\u00f3n","breadcrumb":{"@id":"https:\/\/ppmco.foxtrotdev.com\/chas-in-action\/#breadcrumb"},"inLanguage":"es","potentialAction":[{"@type":"ReadAction","target":["https:\/\/ppmco.foxtrotdev.com\/chas-in-action\/"]}]},{"@type":"ImageObject","inLanguage":"es","@id":"https:\/\/ppmco.foxtrotdev.com\/chas-in-action\/#primaryimage","url":"https:\/\/ppmco.foxtrotdev.com\/wp-content\/uploads\/2023\/11\/Chef_Giacomo_Kunta_Kinte_Festival_2023-1024x573.png","contentUrl":"https:\/\/ppmco.foxtrotdev.com\/wp-content\/uploads\/2023\/11\/Chef_Giacomo_Kunta_Kinte_Festival_2023-1024x573.png"},{"@type":"BreadcrumbList","@id":"https:\/\/ppmco.foxtrotdev.com\/chas-in-action\/#breadcrumb","itemListElement":[{"@type":"ListItem","position":1,"name":"Home","item":"https:\/\/ppmco.foxtrotdev.com\/es\/"},{"@type":"ListItem","position":2,"name":"Defensores de la salud comunitaria en acci\u00f3n"}]},{"@type":"WebSite","@id":"https:\/\/ppmco.foxtrotdev.com\/#website","url":"https:\/\/ppmco.foxtrotdev.com\/","name":"Priority Partners MCO","description":"Low and no-cost healthcare for qualified Maryland residents","publisher":{"@id":"https:\/\/ppmco.foxtrotdev.com\/#organization"},"alternateName":"PPMCO","potentialAction":[{"@type":"SearchAction","target":{"@type":"EntryPoint","urlTemplate":"https:\/\/ppmco.foxtrotdev.com\/?s={search_term_string}"},"query-input":{"@type":"PropertyValueSpecification","valueRequired":true,"valueName":"search_term_string"}}],"inLanguage":"es"},{"@type":"Organization","@id":"https:\/\/ppmco.foxtrotdev.com\/#organization","name":"Priority Partners MCO","url":"https:\/\/ppmco.foxtrotdev.com\/","logo":{"@type":"ImageObject","inLanguage":"es","@id":"https:\/\/ppmco.foxtrotdev.com\/#\/schema\/logo\/image\/","url":"https:\/\/ppmco.foxtrotdev.com\/wp-content\/uploads\/2022\/03\/logo.png","contentUrl":"https:\/\/ppmco.foxtrotdev.com\/wp-content\/uploads\/2022\/03\/logo.png","width":635,"height":177,"caption":"Priority Partners MCO"},"image":{"@id":"https:\/\/ppmco.foxtrotdev.com\/#\/schema\/logo\/image\/"},"sameAs":["https:\/\/www.facebook.com\/PriorityPartners","https:\/\/www.youtube.com\/user\/PriorityPartners","https:\/\/www.instagram.com\/prioritypartners\/"]}]}},"_links":{"self":[{"href":"https:\/\/ppmco.foxtrotdev.com\/es\/wp-json\/wp\/v2\/pages\/99912136","targetHints":{"allow":["GET"]}}],"collection":[{"href":"https:\/\/ppmco.foxtrotdev.com\/es\/wp-json\/wp\/v2\/pages"}],"about":[{"href":"https:\/\/ppmco.foxtrotdev.com\/es\/wp-json\/wp\/v2\/types\/page"}],"author":[{"embeddable":true,"href":"https:\/\/ppmco.foxtrotdev.com\/es\/wp-json\/wp\/v2\/users\/9"}],"replies":[{"embeddable":true,"href":"https:\/\/ppmco.foxtrotdev.com\/es\/wp-json\/wp\/v2\/comments?post=99912136"}],"version-history":[{"count":5,"href":"https:\/\/ppmco.foxtrotdev.com\/es\/wp-json\/wp\/v2\/pages\/99912136\/revisions"}],"predecessor-version":[{"id":99913110,"href":"https:\/\/ppmco.foxtrotdev.com\/es\/wp-json\/wp\/v2\/pages\/99912136\/revisions\/99913110"}],"wp:attachment":[{"href":"https:\/\/ppmco.foxtrotdev.com\/es\/wp-json\/wp\/v2\/media?parent=99912136"}],"curies":[{"name":"wp","href":"https:\/\/api.w.org\/{rel}","templated":true}]}}