{"id":15283,"date":"2022-12-02T18:32:31","date_gmt":"2022-12-02T18:32:31","guid":{"rendered":"https:\/\/ppmco.foxtrotdev.com\/?page_id=15283"},"modified":"2023-02-28T17:11:42","modified_gmt":"2023-02-28T17:11:42","slug":"hsni","status":"publish","type":"page","link":"https:\/\/ppmco.foxtrotdev.com\/es\/hsni\/","title":{"rendered":"Health Services Needs Information (HSNI)"},"content":{"rendered":"\n<h2 class=\"wp-block-heading\"><strong>Informaci\u00f3n sobre las necesidades de servicios de salud<\/strong> (HSNI)<\/h2>\n\n\n\n<h3 class=\"wp-block-heading\"><strong>\u00bfTiene objetivos de salud que quiere alcanzar?<\/strong><\/h3>\n\n\n\n<p>\u00bfHay desaf\u00edos que le impiden lograr su mejor salud?<\/p>\n\n\n\n<p>Priority Partners puede ayudarle. Puede trabajar con un administrador de atenci\u00f3n para ayudar a mejorar una afecci\u00f3n m\u00e9dica. Incluso podr\u00eda conseguir transporte gratuito para ir y volver de sus visitas al m\u00e9dico.<\/p>\n\n\n\n<h3 class=\"wp-block-heading\"><strong>\u00bfQu\u00e9 es un HSNI y por qu\u00e9 es importante?<\/strong><\/h3>\n\n\n\n<p>Un formulario HSNI es una breve encuesta utilizada para obtener informaci\u00f3n sobre su salud. Cuando rellena el formulario HSNI, ayuda a Priority Partners a conocer los mejores servicios con los que podemos ponerle en contacto para mejorar su salud. Cuanta m\u00e1s informaci\u00f3n tengamos sobre su salud, m\u00e1s apoyo personalizado podremos ofrecerle. Por eso es importante que rellene un formulario HSNI.<\/p>\n\n\n\n<h3 class=\"wp-block-heading\"><strong>\u00bfEn qu\u00e9 me beneficia rellenar un HSNI?<\/strong><\/h3>\n\n\n\n<p>Tal vez tenga objetivos de salud que quiera alcanzar, o tal vez haya desaf\u00edos que le impidan lograr su mejor salud. Como miembro, existen varios tipos de apoyo que nuestro equipo de atenci\u00f3n de Priority Partners puede ofrecerle. Podemos poner a su disposici\u00f3n un administrador de atenci\u00f3n para que trabaje con usted y le ayude a mejorar una afecci\u00f3n m\u00e9dica. Tambi\u00e9n podemos ayudarle a programar citas y proporcionarle transporte de ida y vuelta al consultorio de su m\u00e9dico.<\/p>\n\n\n\n<h3 class=\"wp-block-heading\"><strong>\u00bfC\u00f3mo se rellena un HSNI?<\/strong><\/h3>\n\n\n\n<p>Haga clic en el bot\u00f3n de abajo para rellenar un formulario HSNI para contarnos acerca de su salud, y Priority Partners ver\u00e1 qu\u00e9 servicios pueden estar disponibles para ayudarle. Tambi\u00e9n puede llamar al <a href=\"tel:8006549728\">800-654-9728<\/a> para rellenar una encuesta HSNI por tel\u00e9fono.<\/p>\n\n\n\n<div class=\"wp-block-buttons is-layout-flex wp-block-buttons-is-layout-flex\">\n<div class=\"wp-block-button is-style-button-external\"><a class=\"wp-block-button__link wp-element-button\" href=\"https:\/\/jhhc.formstack.com\/forms\/servicios_salud_necesarios\" target=\"_blank\" rel=\"noreferrer noopener\">Formulario en espa\u00f1ol<\/a><\/div>\n<\/div>\n\n\n\n<div class=\"wp-block-buttons is-layout-flex wp-block-buttons-is-layout-flex\">\n<div class=\"wp-block-button is-style-button-external\"><a class=\"wp-block-button__link wp-element-button\" href=\"https:\/\/jhhc.formstack.com\/forms\/health_service_needs_information\" target=\"_blank\" rel=\"noreferrer noopener\">Formulario en ingl\u00e9s<\/a><\/div>\n<\/div>\n","protected":false},"excerpt":{"rendered":"<p>Informaci\u00f3n sobre las necesidades de servicios de salud (HSNI) \u00bfTiene objetivos de salud que quiere alcanzar? \u00bfHay desaf\u00edos que le&#8230;<\/p>\n","protected":false},"author":6,"featured_media":0,"parent":0,"menu_order":0,"comment_status":"closed","ping_status":"closed","template":"","meta":{"_acf_changed":false,"_relevanssi_hide_post":"","_relevanssi_hide_content":"","_relevanssi_pin_for_all":"","_relevanssi_pin_keywords":"","_relevanssi_unpin_keywords":"","_relevanssi_related_keywords":"","_relevanssi_related_include_ids":"","_relevanssi_related_exclude_ids":"","_relevanssi_related_no_append":"","_relevanssi_related_not_related":"","_relevanssi_related_posts":"12191,14962,14918,14922,15243,12290","_relevanssi_noindex_reason":"","inline_featured_image":false,"footnotes":""},"class_list":["post-15283","page","type-page","status-publish","hentry"],"acf":[],"yoast_head":"<!-- This site is optimized with the Yoast SEO plugin v26.6 - https:\/\/yoast.com\/wordpress\/plugins\/seo\/ -->\n<title>Health Services Needs Information (HSNI) - Priority Partners MCO<\/title>\n<meta name=\"robots\" content=\"index, follow, max-snippet:-1, max-image-preview:large, max-video-preview:-1\" \/>\n<link rel=\"canonical\" href=\"https:\/\/ppmco.foxtrotdev.com\/hsni\/\" \/>\n<meta property=\"og:locale\" content=\"es_ES\" \/>\n<meta property=\"og:type\" content=\"article\" \/>\n<meta property=\"og:title\" content=\"Health Services Needs Information (HSNI) - Priority Partners MCO\" \/>\n<meta property=\"og:description\" content=\"Informaci\u00f3n sobre las necesidades de servicios de salud (HSNI) \u00bfTiene objetivos de salud que quiere alcanzar? \u00bfHay desaf\u00edos que le...\" \/>\n<meta property=\"og:url\" content=\"https:\/\/ppmco.foxtrotdev.com\/hsni\/\" \/>\n<meta property=\"og:site_name\" content=\"Priority Partners MCO\" \/>\n<meta property=\"article:publisher\" content=\"https:\/\/www.facebook.com\/PriorityPartners\" \/>\n<meta property=\"article:modified_time\" content=\"2023-02-28T17:11:42+00:00\" \/>\n<meta property=\"og:image\" content=\"https:\/\/ppmco.foxtrotdev.com\/wp-content\/uploads\/2022\/11\/PPMCO_Social-Preview_facebook-1.jpg\" \/>\n\t<meta property=\"og:image:width\" content=\"1600\" \/>\n\t<meta property=\"og:image:height\" content=\"840\" \/>\n\t<meta property=\"og:image:type\" content=\"image\/jpeg\" \/>\n<meta name=\"twitter:card\" content=\"summary_large_image\" \/>\n<meta name=\"twitter:label1\" content=\"Tiempo de lectura\" \/>\n\t<meta name=\"twitter:data1\" content=\"2 minutos\" \/>\n<script type=\"application\/ld+json\" class=\"yoast-schema-graph\">{\"@context\":\"https:\/\/schema.org\",\"@graph\":[{\"@type\":\"WebPage\",\"@id\":\"https:\/\/ppmco.foxtrotdev.com\/hsni\/\",\"url\":\"https:\/\/ppmco.foxtrotdev.com\/hsni\/\",\"name\":\"Health Services Needs Information (HSNI) - Priority Partners MCO\",\"isPartOf\":{\"@id\":\"https:\/\/ppmco.foxtrotdev.com\/#website\"},\"datePublished\":\"2022-12-02T18:32:31+00:00\",\"dateModified\":\"2023-02-28T17:11:42+00:00\",\"breadcrumb\":{\"@id\":\"https:\/\/ppmco.foxtrotdev.com\/hsni\/#breadcrumb\"},\"inLanguage\":\"es\",\"potentialAction\":[{\"@type\":\"ReadAction\",\"target\":[\"https:\/\/ppmco.foxtrotdev.com\/hsni\/\"]}]},{\"@type\":\"BreadcrumbList\",\"@id\":\"https:\/\/ppmco.foxtrotdev.com\/hsni\/#breadcrumb\",\"itemListElement\":[{\"@type\":\"ListItem\",\"position\":1,\"name\":\"Home\",\"item\":\"https:\/\/ppmco.foxtrotdev.com\/es\/\"},{\"@type\":\"ListItem\",\"position\":2,\"name\":\"Health Services Needs Information (HSNI)\"}]},{\"@type\":\"WebSite\",\"@id\":\"https:\/\/ppmco.foxtrotdev.com\/#website\",\"url\":\"https:\/\/ppmco.foxtrotdev.com\/\",\"name\":\"Priority Partners MCO\",\"description\":\"Low and no-cost healthcare for qualified Maryland residents\",\"publisher\":{\"@id\":\"https:\/\/ppmco.foxtrotdev.com\/#organization\"},\"alternateName\":\"PPMCO\",\"potentialAction\":[{\"@type\":\"SearchAction\",\"target\":{\"@type\":\"EntryPoint\",\"urlTemplate\":\"https:\/\/ppmco.foxtrotdev.com\/?s={search_term_string}\"},\"query-input\":{\"@type\":\"PropertyValueSpecification\",\"valueRequired\":true,\"valueName\":\"search_term_string\"}}],\"inLanguage\":\"es\"},{\"@type\":\"Organization\",\"@id\":\"https:\/\/ppmco.foxtrotdev.com\/#organization\",\"name\":\"Priority Partners MCO\",\"url\":\"https:\/\/ppmco.foxtrotdev.com\/\",\"logo\":{\"@type\":\"ImageObject\",\"inLanguage\":\"es\",\"@id\":\"https:\/\/ppmco.foxtrotdev.com\/#\/schema\/logo\/image\/\",\"url\":\"https:\/\/ppmco.foxtrotdev.com\/wp-content\/uploads\/2022\/03\/logo.png\",\"contentUrl\":\"https:\/\/ppmco.foxtrotdev.com\/wp-content\/uploads\/2022\/03\/logo.png\",\"width\":635,\"height\":177,\"caption\":\"Priority Partners MCO\"},\"image\":{\"@id\":\"https:\/\/ppmco.foxtrotdev.com\/#\/schema\/logo\/image\/\"},\"sameAs\":[\"https:\/\/www.facebook.com\/PriorityPartners\",\"https:\/\/www.youtube.com\/user\/PriorityPartners\",\"https:\/\/www.instagram.com\/prioritypartners\/\"]}]}<\/script>\n<!-- \/ Yoast SEO plugin. -->","yoast_head_json":{"title":"Health Services Needs Information (HSNI) - Priority Partners MCO","robots":{"index":"index","follow":"follow","max-snippet":"max-snippet:-1","max-image-preview":"max-image-preview:large","max-video-preview":"max-video-preview:-1"},"canonical":"https:\/\/ppmco.foxtrotdev.com\/hsni\/","og_locale":"es_ES","og_type":"article","og_title":"Health Services Needs Information (HSNI) - Priority Partners MCO","og_description":"Informaci\u00f3n sobre las necesidades de servicios de salud (HSNI) \u00bfTiene objetivos de salud que quiere alcanzar? \u00bfHay desaf\u00edos que le...","og_url":"https:\/\/ppmco.foxtrotdev.com\/hsni\/","og_site_name":"Priority Partners MCO","article_publisher":"https:\/\/www.facebook.com\/PriorityPartners","article_modified_time":"2023-02-28T17:11:42+00:00","og_image":[{"width":1600,"height":840,"url":"https:\/\/ppmco.foxtrotdev.com\/wp-content\/uploads\/2022\/11\/PPMCO_Social-Preview_facebook-1.jpg","type":"image\/jpeg"}],"twitter_card":"summary_large_image","twitter_misc":{"Tiempo de lectura":"2 minutos"},"schema":{"@context":"https:\/\/schema.org","@graph":[{"@type":"WebPage","@id":"https:\/\/ppmco.foxtrotdev.com\/hsni\/","url":"https:\/\/ppmco.foxtrotdev.com\/hsni\/","name":"Health Services Needs Information (HSNI) - Priority Partners MCO","isPartOf":{"@id":"https:\/\/ppmco.foxtrotdev.com\/#website"},"datePublished":"2022-12-02T18:32:31+00:00","dateModified":"2023-02-28T17:11:42+00:00","breadcrumb":{"@id":"https:\/\/ppmco.foxtrotdev.com\/hsni\/#breadcrumb"},"inLanguage":"es","potentialAction":[{"@type":"ReadAction","target":["https:\/\/ppmco.foxtrotdev.com\/hsni\/"]}]},{"@type":"BreadcrumbList","@id":"https:\/\/ppmco.foxtrotdev.com\/hsni\/#breadcrumb","itemListElement":[{"@type":"ListItem","position":1,"name":"Home","item":"https:\/\/ppmco.foxtrotdev.com\/es\/"},{"@type":"ListItem","position":2,"name":"Health Services Needs Information (HSNI)"}]},{"@type":"WebSite","@id":"https:\/\/ppmco.foxtrotdev.com\/#website","url":"https:\/\/ppmco.foxtrotdev.com\/","name":"Priority Partners MCO","description":"Low and no-cost healthcare for qualified Maryland residents","publisher":{"@id":"https:\/\/ppmco.foxtrotdev.com\/#organization"},"alternateName":"PPMCO","potentialAction":[{"@type":"SearchAction","target":{"@type":"EntryPoint","urlTemplate":"https:\/\/ppmco.foxtrotdev.com\/?s={search_term_string}"},"query-input":{"@type":"PropertyValueSpecification","valueRequired":true,"valueName":"search_term_string"}}],"inLanguage":"es"},{"@type":"Organization","@id":"https:\/\/ppmco.foxtrotdev.com\/#organization","name":"Priority Partners MCO","url":"https:\/\/ppmco.foxtrotdev.com\/","logo":{"@type":"ImageObject","inLanguage":"es","@id":"https:\/\/ppmco.foxtrotdev.com\/#\/schema\/logo\/image\/","url":"https:\/\/ppmco.foxtrotdev.com\/wp-content\/uploads\/2022\/03\/logo.png","contentUrl":"https:\/\/ppmco.foxtrotdev.com\/wp-content\/uploads\/2022\/03\/logo.png","width":635,"height":177,"caption":"Priority Partners MCO"},"image":{"@id":"https:\/\/ppmco.foxtrotdev.com\/#\/schema\/logo\/image\/"},"sameAs":["https:\/\/www.facebook.com\/PriorityPartners","https:\/\/www.youtube.com\/user\/PriorityPartners","https:\/\/www.instagram.com\/prioritypartners\/"]}]}},"_links":{"self":[{"href":"https:\/\/ppmco.foxtrotdev.com\/es\/wp-json\/wp\/v2\/pages\/15283","targetHints":{"allow":["GET"]}}],"collection":[{"href":"https:\/\/ppmco.foxtrotdev.com\/es\/wp-json\/wp\/v2\/pages"}],"about":[{"href":"https:\/\/ppmco.foxtrotdev.com\/es\/wp-json\/wp\/v2\/types\/page"}],"author":[{"embeddable":true,"href":"https:\/\/ppmco.foxtrotdev.com\/es\/wp-json\/wp\/v2\/users\/6"}],"replies":[{"embeddable":true,"href":"https:\/\/ppmco.foxtrotdev.com\/es\/wp-json\/wp\/v2\/comments?post=15283"}],"version-history":[{"count":5,"href":"https:\/\/ppmco.foxtrotdev.com\/es\/wp-json\/wp\/v2\/pages\/15283\/revisions"}],"predecessor-version":[{"id":15311,"href":"https:\/\/ppmco.foxtrotdev.com\/es\/wp-json\/wp\/v2\/pages\/15283\/revisions\/15311"}],"wp:attachment":[{"href":"https:\/\/ppmco.foxtrotdev.com\/es\/wp-json\/wp\/v2\/media?parent=15283"}],"curies":[{"name":"wp","href":"https:\/\/api.w.org\/{rel}","templated":true}]}}