{"id":15084,"date":"2023-01-04T17:30:09","date_gmt":"2023-01-04T17:30:09","guid":{"rendered":"https:\/\/ppmco.foxtrotdev.com\/?page_id=15084"},"modified":"2023-04-14T14:47:11","modified_gmt":"2023-04-14T14:47:11","slug":"como-utilizar-nuestra-herramienta-de-busqueda-para-encontrar-un-medico","status":"publish","type":"page","link":"https:\/\/ppmco.foxtrotdev.com\/es\/busque-un-medico\/como-utilizar-nuestra-herramienta-de-busqueda-para-encontrar-un-medico\/","title":{"rendered":"C\u00f3mo utilizar nuestra herramienta de b\u00fasqueda para encontrar un m\u00e9dico"},"content":{"rendered":"<div id=\"block_39a9f95f4c7c850c5f85e33562067678\" class=\"wpfox-page-header standard has-cta\" style=\"--fgimage-xpos: 90;\">\r\n\t<div class=\"wrapper banner\">\r\n\t\t<div class=\"bg-glow\"><\/div>\r\n\t\t\t\t<div class=\"text-block\">\r\n\t\t\t\n\n<h1 class=\"wp-block-heading page-title has-h-3-font-size\">Busque a un m\u00e9dico<\/h1>\n\n\n\n<h2 class=\"wp-block-heading has-h-1-font-size\">C\u00f3mo utilizar nuestra herramienta de b\u00fasqueda para encontrar un m\u00e9dico<\/h2>\n\n\r\n\t\t<\/div>\r\n\t\t<div class='fgimage'><img loading=\"lazy\" decoding=\"async\" width=\"567\" height=\"671\" src=\"https:\/\/ppmco.foxtrotdev.com\/wp-content\/uploads\/2022\/04\/banner-man-w-phone.png\" class=\"attachment-large size-large\" alt=\"\" srcset=\"https:\/\/ppmco.foxtrotdev.com\/wp-content\/uploads\/2022\/04\/banner-man-w-phone.png 567w, https:\/\/ppmco.foxtrotdev.com\/wp-content\/uploads\/2022\/04\/banner-man-w-phone-254x300.png 254w\" sizes=\"auto, (max-width: 567px) 100vw, 567px\" \/><\/div>\t<\/div>\r\n\t\n\t\t<div class='cta-bar page-header-jumpmenu'>\n\t\t\t<form class='desktop'>\n\t\t\t\t<label>Encuentre atenci\u00f3n ahora:<\/label>\n\t\t\t\t<div class='prepend'>Necesito<\/div>\n\t\t\t\t<select class='jumpmenu'>\n\t\t\t\t\t<option value='https:\/\/pp.healthtrioconnect.com\/public-app\/consumer\/provdir\/entry.page' data-target='_blank'>un m\u00e9dico<\/option><option value='https:\/\/www.caremark.com\/' data-target='_blank'>una farmacia<\/option><option value='https:\/\/ppmco.foxtrotdev.com\/es\/find-care-now\/denatl-care\/' data-target=''>atenci\u00f3n dental<\/option><option value='https:\/\/superiorvision.com\/members\/' data-target='_blank'>atenci\u00f3n de la visi\u00f3n<\/option><option value='https:\/\/pp.healthtrioconnect.com\/public-app\/consumer\/provdir\/search.page?lat=&#038;long=&#038;searchString=&#038;sortType=NAMEASC&#038;provType=H&#038;addressState=md&#038;providerSpecialty=hospital&#038;myAddress=&#038;myCity=&#038;myState=md&#038;myZip=&#038;distance=25&#038;ageId=&#038;sexId=&#038;conditionId=&#038;xsesschk=undefined' data-target='_blank'>un hospital<\/option>\n\t\t\t\t<\/select>\n\t\t\t\t<a class='btn'>Va<\/a>\n\t\t\t<\/form>\n\t\t\t<div class='mobile'>\n\t\t\t\t\n\t\t\t\t\n\t\t\t<\/div>\n\t\t<\/div>\n\t<\/div>\n\n\n<div class=\"wp-block-group alignfull is-style-section-padding mobile-margin-bottom-0 mobile-padding-bottom-0 is-layout-flow wp-block-group-is-layout-flow\">\n<div class=\"wp-block-columns is-style-sidebar-section is-layout-flex wp-container-core-columns-is-layout-9d6595d7 wp-block-columns-is-layout-flex\">\n<div class=\"wp-block-column is-layout-flow wp-block-column-is-layout-flow\" style=\"flex-basis:66.66%\">\n<figure class=\"wp-block-image size-full mobile-only small-steps-image\"><img loading=\"lazy\" decoding=\"async\" width=\"385\" height=\"119\" src=\"https:\/\/ppmco.foxtrotdev.com\/wp-content\/uploads\/2022\/07\/small-steps.png\" alt=\"\" class=\"wp-image-402\" srcset=\"https:\/\/ppmco.foxtrotdev.com\/wp-content\/uploads\/2022\/07\/small-steps.png 385w, https:\/\/ppmco.foxtrotdev.com\/wp-content\/uploads\/2022\/07\/small-steps-300x93.png 300w\" sizes=\"auto, (max-width: 385px) 100vw, 385px\" \/><\/figure>\n\n\n\n<p class=\"has-intro-font-size\"><strong>Si no tiene un m\u00e9dico de atenci\u00f3n primaria (PCP, por sus siglas en ingl\u00e9s), es importante que encuentre uno. El m\u00e9dico de atenci\u00f3n primaria o m\u00e9dico principal se familiariza con usted y su salud. Le puede dar los mejores consejos para ayudarle a tener salud. Su m\u00e9dico de atenci\u00f3n primaria tambi\u00e9n le refiere a especialistas si es necesario. Puede utilizar nuestra herramienta de b\u00fasqueda para encontrar un m\u00e9dico de atenci\u00f3n primaria, as\u00ed como otro tipo de m\u00e9dico, un hospital u otra instalaci\u00f3n.  <\/strong><\/p>\n\n\n\n<h4 class=\"wp-block-heading\">Paso 1<\/h4>\n\n\n\n<p>En nuestra <a href=\"\/es\/busque-un-medico\/\">p\u00e1gina de Busque atenci\u00f3n ahora<\/a>, bajo \u00abBusque un m\u00e9dico o centro\u00bb, escoja lo que desee buscar: un <a href=\"https:\/\/pp.healthtrioconnect.com\/public-app\/consumer\/provdir\/entry.page\" target=\"_blank\" rel=\"noreferrer noopener\">m\u00e9dico<\/a>, un <a href=\"https:\/\/pp.healthtrioconnect.com\/public-app\/consumer\/provdir\/search.page?lat=&amp;long=&amp;searchString=&amp;sortType=NAMEASC&amp;provType=H&amp;addressState=md&amp;providerSpecialty=URGENTCARECTR&amp;tier=&amp;myAddress=&amp;myCity=&amp;myState=md&amp;myZip=&amp;distance=10&amp;ageId=&amp;sexId=&amp;conditionId=&amp;xsesschk=undefined\" target=\"_blank\" rel=\"noreferrer noopener\">centro de atenci\u00f3n de urgencias leves<\/a> o un <a href=\"https:\/\/pp.healthtrioconnect.com\/public-app\/consumer\/provdir\/search.page?lat=&amp;long=&amp;searchString=&amp;sortType=NAMEASC&amp;provType=H&amp;addressState=md&amp;providerSpecialty=hospital&amp;myAddress=&amp;myCity=&amp;myState=md&amp;myZip=&amp;distance=25&amp;ageId=&amp;sexId=&amp;conditionId=&amp;xsesschk=undefined\" target=\"_blank\" rel=\"noreferrer noopener\">hospital<\/a>. <\/p>\n\n\n\n<h4 class=\"wp-block-heading\">Paso 2<\/h4>\n\n\n\n<p>Haga clic en el bot\u00f3n del tipo de m\u00e9dico o centro de atenci\u00f3n m\u00e9dica que quiera. La herramienta de b\u00fasqueda se abrir\u00e1 en una nueva ventana del navegador.<\/p>\n\n\n\n<h4 class=\"wp-block-heading\">Paso 3<\/h4>\n\n\n\n<p>A continuaci\u00f3n se encuentran las instrucciones para usar la herramienta de b\u00fasqueda, dependiendo de si busca un hospital, un centro de atenci\u00f3n de urgencias leves o un m\u00e9dico.<\/p>\n\n\n\n<p><strong><strong>B\u00fasqueda de hospitales:<\/strong><\/strong><\/p>\n\n\n\n<ul class=\"is-style-default wp-block-list\">\n<li>La lista muestra todos los hospitales en Maryland, categorizados por nombre, a partir de la letra A.<\/li>\n\n\n\n<li>Si sabe el nombre del hospital que desea, escr\u00edbalo en la casilla de \u201cHacer m\u00e1s espec\u00edficos los resultados\u201d.<\/li>\n\n\n\n<li>Si quiere ver hospitales cercanos, ingrese su direcci\u00f3n o c\u00f3digo postal en el lado derecho.<\/li>\n<\/ul>\n\n\n\n<p><strong>B\u00fasqueda de centros de atenci\u00f3n de urgencias leves:<\/strong><\/p>\n\n\n\n<ul class=\"is-style-default wp-block-list\">\n<li>La lista muestra todos los centros de atenci\u00f3n de urgencias leves en Maryland, categorizados por nombre, a partir de la letra A.<\/li>\n\n\n\n<li>Si sabe el nombre del centro que desea, escr\u00edbalo en la casilla de \u201cHacer m\u00e1s espec\u00edficos los resultados\u201d.<\/li>\n\n\n\n<li>Si quiere ver centros de urgencias leves cercanos, ingrese su direcci\u00f3n o c\u00f3digo postal en el lado derecho.<\/li>\n<\/ul>\n\n\n\n<p><strong>Para buscar un m\u00e9dico:<\/strong><\/p>\n\n\n\n<ul class=\"is-style-default wp-block-list\">\n<li><strong>Para buscar un m\u00e9dico espec\u00edfico<\/strong>, teclee su nombre en la caja \u201c\u00bfYa tiene un m\u00e9dico o cl\u00ednica en mente\u201d. Mientras teclea, aparecer\u00e1n posibles coincidencias debajo de la caja. Si ve al m\u00e9dico que est\u00e1 buscando, puede hacer clic en su nombre. Para ver la lista completa de coincidencias, haga clic en el bot\u00f3n amarillo \u201cB\u00daSQUEDA\u201d.   <\/li>\n\n\n\n<li><strong>Si no tiene un doctor en mente<\/strong>, puede buscar uno seg\u00fan su localizaci\u00f3n.\n<ul class=\"wp-block-list\">\n<li>En la caja \u201cSearch in my network\u201d (Buscar en mi red), elija el tipo de doctor o instalaci\u00f3n que busca en Service Type (Tipo de servicio). Para un m\u00e9dico de atenci\u00f3n primaria (PCP, por sus siglas en ingl\u00e9s), elija \u201cPrimary Care\u201d (Atenci\u00f3n primaria).<\/li>\n\n\n\n<li>Clic en el bot\u00f3n amarillo \u201cB\u00daSQUEDA\u201d.<\/li>\n\n\n\n<li>Para la localizaci\u00f3n, escriba el c\u00f3digo postal de su hogar (o trabajo o cualquier otro lugar desde el que se desplazar\u00eda para ir a una cita con el m\u00e9dico).<\/li>\n\n\n\n<li>En \u201cDistance\u201d (Distancia) introduzca la distancia m\u00e1s lejana a la que viajar\u00eda para ver a su m\u00e9dico.  <\/li>\n\n\n\n<li>Tambi\u00e9n puede ver todos los m\u00e9dicos de su estado simplemente eligiendo un estado.<\/li>\n<\/ul>\n<\/li>\n\n\n\n<li>Luego haga clic en el bot\u00f3n amarillo \u201cSEARCH\u201d (B\u00daSQUEDA).  <\/li>\n\n\n\n<li>Los resultados se ordenan por distancia pero tambi\u00e9n puede ordenarlos por nombre. Simplemente elija una opci\u00f3n de la caja \u201cSort by\u201d (Buscar por) en \u201cSearch Tools\u201d (Herramientas de b\u00fasqueda). \n<ul class=\"wp-block-list\">\n<li>Paso 4<\/li>\n\n\n\n<li>Si desea mejorar su b\u00fasqueda, puede utilizar el men\u00fa derecho para buscar m\u00e9dicos por especialidad, idioma o g\u00e9nero. <\/li>\n\n\n\n<li>Para cerciorarse de que el m\u00e9dico acepta nuevos pacientes, haga clic en la caja de la derecha. Luego haga clic en \u201cB\u00fasqueda\u201d para refrescar la lista con solo esos m\u00e9dicos. <\/li>\n<\/ul>\n<\/li>\n<\/ul>\n<\/div>\n\n\n\n<div class=\"wp-block-column is-layout-flow wp-block-column-is-layout-flow\" style=\"flex-basis:33.33%\">\n<div class=\"wp-block-group is-style-sidebar-block has-light-teal-background-color has-background is-layout-flow wp-block-group-is-layout-flow\">\n<h3 class=\"wp-block-heading has-text-align-center\">\u00bfNecesita ayuda?<\/h3>\n\n\n\n<p class=\"has-text-align-center has-intro-font-size\">Nuestro equipo de atenci\u00f3n al cliente est\u00e1 aqu\u00ed para ayudarle. Comun\u00edquese con nosotros en: <\/p>\n\n\n\n<div class=\"wp-block-buttons is-style-margin-top-0 is-content-justification-center is-layout-flex wp-container-core-buttons-is-layout-16018d1d wp-block-buttons-is-layout-flex\">\n<div class=\"wp-block-button is-style-phone-icon-no-tab\"><a class=\"wp-block-button__link wp-element-button\" href=\"tel:800-6549728\">800-654-9728<\/a><\/div>\n<\/div>\n\n\n\n<div class=\"wp-block-buttons is-style-margin-top-10 is-content-justification-center is-layout-flex wp-container-core-buttons-is-layout-16018d1d wp-block-buttons-is-layout-flex\">\n<div class=\"wp-block-button is-style-small\"><a class=\"wp-block-button__link has-teal-background-color has-background wp-element-button\" href=\"https:\/\/ppmco.foxtrotdev.com\/es\/contactenos\/\">Env\u00edenos un correo electr\u00f3nico<\/a><\/div>\n<\/div>\n\n\n\n<p class=\"has-text-align-center has-small-font-size\"><em>Por favor, no incluya informaci\u00f3n personal de salud<br>en su correo electr\u00f3nico.<\/em><\/p>\n\n\n\n<p class=\"has-text-align-center margin-top-20 has-teal-color has-text-color\"><strong><em>TTY para personas con discapacidades auditivas:<\/em><\/strong><\/p>\n\n\n\n<p class=\"has-text-align-center margin-top-0\">711<\/p>\n<\/div>\n<\/div>\n<\/div>\n<\/div>\n\n\n\n<div style=\"height:50px\" aria-hidden=\"true\" class=\"wp-block-spacer\"><\/div>\n","protected":false},"excerpt":{"rendered":"<p>Si no tiene un m\u00e9dico de atenci\u00f3n primaria (PCP, por sus siglas en ingl\u00e9s), es importante que encuentre uno. El&#8230;<\/p>\n","protected":false},"author":7,"featured_media":0,"parent":1064,"menu_order":0,"comment_status":"closed","ping_status":"closed","template":"","meta":{"_acf_changed":false,"_relevanssi_hide_post":"","_relevanssi_hide_content":"","_relevanssi_pin_for_all":"","_relevanssi_pin_keywords":"","_relevanssi_unpin_keywords":"","_relevanssi_related_keywords":"","_relevanssi_related_include_ids":"","_relevanssi_related_exclude_ids":"","_relevanssi_related_no_append":"","_relevanssi_related_not_related":"","_relevanssi_related_posts":"12158,12174,12290,12185,12167,12127","_relevanssi_noindex_reason":"","inline_featured_image":false,"footnotes":""},"class_list":["post-15084","page","type-page","status-publish","hentry"],"acf":[],"yoast_head":"<!-- This site is optimized with the Yoast SEO plugin v26.6 - https:\/\/yoast.com\/wordpress\/plugins\/seo\/ -->\n<title>C\u00f3mo utilizar nuestra herramienta de b\u00fasqueda para encontrar un m\u00e9dico - Priority Partners MCO<\/title>\n<meta name=\"robots\" content=\"index, follow, max-snippet:-1, max-image-preview:large, max-video-preview:-1\" \/>\n<link rel=\"canonical\" href=\"https:\/\/ppmco.foxtrotdev.com\/find-care-now\/how-to-use-our-search-tool-to-find-a-doctor\/\" \/>\n<meta property=\"og:locale\" content=\"es_ES\" \/>\n<meta property=\"og:type\" content=\"article\" \/>\n<meta property=\"og:title\" content=\"C\u00f3mo utilizar nuestra herramienta de b\u00fasqueda para encontrar un m\u00e9dico - Priority Partners MCO\" \/>\n<meta property=\"og:description\" content=\"Si no tiene un m\u00e9dico de atenci\u00f3n primaria (PCP, por sus siglas en ingl\u00e9s), es importante que encuentre uno. El...\" \/>\n<meta property=\"og:url\" content=\"https:\/\/ppmco.foxtrotdev.com\/find-care-now\/how-to-use-our-search-tool-to-find-a-doctor\/\" \/>\n<meta property=\"og:site_name\" content=\"Priority Partners MCO\" \/>\n<meta property=\"article:publisher\" content=\"https:\/\/www.facebook.com\/PriorityPartners\" \/>\n<meta property=\"article:modified_time\" content=\"2023-04-14T14:47:11+00:00\" \/>\n<meta property=\"og:image\" content=\"https:\/\/ppmco.foxtrotdev.com\/wp-content\/uploads\/2022\/07\/small-steps.png\" \/>\n<meta name=\"twitter:card\" content=\"summary_large_image\" \/>\n<meta name=\"twitter:label1\" content=\"Tiempo de lectura\" \/>\n\t<meta name=\"twitter:data1\" content=\"3 minutos\" \/>\n<script type=\"application\/ld+json\" class=\"yoast-schema-graph\">{\"@context\":\"https:\/\/schema.org\",\"@graph\":[{\"@type\":\"WebPage\",\"@id\":\"https:\/\/ppmco.foxtrotdev.com\/find-care-now\/how-to-use-our-search-tool-to-find-a-doctor\/\",\"url\":\"https:\/\/ppmco.foxtrotdev.com\/find-care-now\/how-to-use-our-search-tool-to-find-a-doctor\/\",\"name\":\"C\u00f3mo utilizar nuestra herramienta de b\u00fasqueda para encontrar un m\u00e9dico - Priority Partners MCO\",\"isPartOf\":{\"@id\":\"https:\/\/ppmco.foxtrotdev.com\/#website\"},\"primaryImageOfPage\":{\"@id\":\"https:\/\/ppmco.foxtrotdev.com\/find-care-now\/how-to-use-our-search-tool-to-find-a-doctor\/#primaryimage\"},\"image\":{\"@id\":\"https:\/\/ppmco.foxtrotdev.com\/find-care-now\/how-to-use-our-search-tool-to-find-a-doctor\/#primaryimage\"},\"thumbnailUrl\":\"https:\/\/ppmco.foxtrotdev.com\/wp-content\/uploads\/2022\/07\/small-steps.png\",\"datePublished\":\"2023-01-04T17:30:09+00:00\",\"dateModified\":\"2023-04-14T14:47:11+00:00\",\"breadcrumb\":{\"@id\":\"https:\/\/ppmco.foxtrotdev.com\/find-care-now\/how-to-use-our-search-tool-to-find-a-doctor\/#breadcrumb\"},\"inLanguage\":\"es\",\"potentialAction\":[{\"@type\":\"ReadAction\",\"target\":[\"https:\/\/ppmco.foxtrotdev.com\/find-care-now\/how-to-use-our-search-tool-to-find-a-doctor\/\"]}]},{\"@type\":\"ImageObject\",\"inLanguage\":\"es\",\"@id\":\"https:\/\/ppmco.foxtrotdev.com\/find-care-now\/how-to-use-our-search-tool-to-find-a-doctor\/#primaryimage\",\"url\":\"https:\/\/ppmco.foxtrotdev.com\/wp-content\/uploads\/2022\/07\/small-steps.png\",\"contentUrl\":\"https:\/\/ppmco.foxtrotdev.com\/wp-content\/uploads\/2022\/07\/small-steps.png\"},{\"@type\":\"BreadcrumbList\",\"@id\":\"https:\/\/ppmco.foxtrotdev.com\/find-care-now\/how-to-use-our-search-tool-to-find-a-doctor\/#breadcrumb\",\"itemListElement\":[{\"@type\":\"ListItem\",\"position\":1,\"name\":\"Home\",\"item\":\"https:\/\/ppmco.foxtrotdev.com\/es\/\"},{\"@type\":\"ListItem\",\"position\":2,\"name\":\"Encuentre Cuidado Ahora\",\"item\":\"https:\/\/ppmco.foxtrotdev.com\/find-care-now\/\"},{\"@type\":\"ListItem\",\"position\":3,\"name\":\"C\u00f3mo utilizar nuestra herramienta de b\u00fasqueda para encontrar un m\u00e9dico\"}]},{\"@type\":\"WebSite\",\"@id\":\"https:\/\/ppmco.foxtrotdev.com\/#website\",\"url\":\"https:\/\/ppmco.foxtrotdev.com\/\",\"name\":\"Priority Partners MCO\",\"description\":\"Low and no-cost healthcare for qualified Maryland residents\",\"publisher\":{\"@id\":\"https:\/\/ppmco.foxtrotdev.com\/#organization\"},\"alternateName\":\"PPMCO\",\"potentialAction\":[{\"@type\":\"SearchAction\",\"target\":{\"@type\":\"EntryPoint\",\"urlTemplate\":\"https:\/\/ppmco.foxtrotdev.com\/?s={search_term_string}\"},\"query-input\":{\"@type\":\"PropertyValueSpecification\",\"valueRequired\":true,\"valueName\":\"search_term_string\"}}],\"inLanguage\":\"es\"},{\"@type\":\"Organization\",\"@id\":\"https:\/\/ppmco.foxtrotdev.com\/#organization\",\"name\":\"Priority Partners MCO\",\"url\":\"https:\/\/ppmco.foxtrotdev.com\/\",\"logo\":{\"@type\":\"ImageObject\",\"inLanguage\":\"es\",\"@id\":\"https:\/\/ppmco.foxtrotdev.com\/#\/schema\/logo\/image\/\",\"url\":\"https:\/\/ppmco.foxtrotdev.com\/wp-content\/uploads\/2022\/03\/logo.png\",\"contentUrl\":\"https:\/\/ppmco.foxtrotdev.com\/wp-content\/uploads\/2022\/03\/logo.png\",\"width\":635,\"height\":177,\"caption\":\"Priority Partners MCO\"},\"image\":{\"@id\":\"https:\/\/ppmco.foxtrotdev.com\/#\/schema\/logo\/image\/\"},\"sameAs\":[\"https:\/\/www.facebook.com\/PriorityPartners\",\"https:\/\/www.youtube.com\/user\/PriorityPartners\",\"https:\/\/www.instagram.com\/prioritypartners\/\"]}]}<\/script>\n<!-- \/ Yoast SEO plugin. -->","yoast_head_json":{"title":"C\u00f3mo utilizar nuestra herramienta de b\u00fasqueda para encontrar un m\u00e9dico - Priority Partners MCO","robots":{"index":"index","follow":"follow","max-snippet":"max-snippet:-1","max-image-preview":"max-image-preview:large","max-video-preview":"max-video-preview:-1"},"canonical":"https:\/\/ppmco.foxtrotdev.com\/find-care-now\/how-to-use-our-search-tool-to-find-a-doctor\/","og_locale":"es_ES","og_type":"article","og_title":"C\u00f3mo utilizar nuestra herramienta de b\u00fasqueda para encontrar un m\u00e9dico - Priority Partners MCO","og_description":"Si no tiene un m\u00e9dico de atenci\u00f3n primaria (PCP, por sus siglas en ingl\u00e9s), es importante que encuentre uno. El...","og_url":"https:\/\/ppmco.foxtrotdev.com\/find-care-now\/how-to-use-our-search-tool-to-find-a-doctor\/","og_site_name":"Priority Partners MCO","article_publisher":"https:\/\/www.facebook.com\/PriorityPartners","article_modified_time":"2023-04-14T14:47:11+00:00","og_image":[{"url":"https:\/\/ppmco.foxtrotdev.com\/wp-content\/uploads\/2022\/07\/small-steps.png","type":"","width":"","height":""}],"twitter_card":"summary_large_image","twitter_misc":{"Tiempo de lectura":"3 minutos"},"schema":{"@context":"https:\/\/schema.org","@graph":[{"@type":"WebPage","@id":"https:\/\/ppmco.foxtrotdev.com\/find-care-now\/how-to-use-our-search-tool-to-find-a-doctor\/","url":"https:\/\/ppmco.foxtrotdev.com\/find-care-now\/how-to-use-our-search-tool-to-find-a-doctor\/","name":"C\u00f3mo utilizar nuestra herramienta de b\u00fasqueda para encontrar un m\u00e9dico - Priority Partners MCO","isPartOf":{"@id":"https:\/\/ppmco.foxtrotdev.com\/#website"},"primaryImageOfPage":{"@id":"https:\/\/ppmco.foxtrotdev.com\/find-care-now\/how-to-use-our-search-tool-to-find-a-doctor\/#primaryimage"},"image":{"@id":"https:\/\/ppmco.foxtrotdev.com\/find-care-now\/how-to-use-our-search-tool-to-find-a-doctor\/#primaryimage"},"thumbnailUrl":"https:\/\/ppmco.foxtrotdev.com\/wp-content\/uploads\/2022\/07\/small-steps.png","datePublished":"2023-01-04T17:30:09+00:00","dateModified":"2023-04-14T14:47:11+00:00","breadcrumb":{"@id":"https:\/\/ppmco.foxtrotdev.com\/find-care-now\/how-to-use-our-search-tool-to-find-a-doctor\/#breadcrumb"},"inLanguage":"es","potentialAction":[{"@type":"ReadAction","target":["https:\/\/ppmco.foxtrotdev.com\/find-care-now\/how-to-use-our-search-tool-to-find-a-doctor\/"]}]},{"@type":"ImageObject","inLanguage":"es","@id":"https:\/\/ppmco.foxtrotdev.com\/find-care-now\/how-to-use-our-search-tool-to-find-a-doctor\/#primaryimage","url":"https:\/\/ppmco.foxtrotdev.com\/wp-content\/uploads\/2022\/07\/small-steps.png","contentUrl":"https:\/\/ppmco.foxtrotdev.com\/wp-content\/uploads\/2022\/07\/small-steps.png"},{"@type":"BreadcrumbList","@id":"https:\/\/ppmco.foxtrotdev.com\/find-care-now\/how-to-use-our-search-tool-to-find-a-doctor\/#breadcrumb","itemListElement":[{"@type":"ListItem","position":1,"name":"Home","item":"https:\/\/ppmco.foxtrotdev.com\/es\/"},{"@type":"ListItem","position":2,"name":"Encuentre Cuidado Ahora","item":"https:\/\/ppmco.foxtrotdev.com\/find-care-now\/"},{"@type":"ListItem","position":3,"name":"C\u00f3mo utilizar nuestra herramienta de b\u00fasqueda para encontrar un m\u00e9dico"}]},{"@type":"WebSite","@id":"https:\/\/ppmco.foxtrotdev.com\/#website","url":"https:\/\/ppmco.foxtrotdev.com\/","name":"Priority Partners MCO","description":"Low and no-cost healthcare for qualified Maryland residents","publisher":{"@id":"https:\/\/ppmco.foxtrotdev.com\/#organization"},"alternateName":"PPMCO","potentialAction":[{"@type":"SearchAction","target":{"@type":"EntryPoint","urlTemplate":"https:\/\/ppmco.foxtrotdev.com\/?s={search_term_string}"},"query-input":{"@type":"PropertyValueSpecification","valueRequired":true,"valueName":"search_term_string"}}],"inLanguage":"es"},{"@type":"Organization","@id":"https:\/\/ppmco.foxtrotdev.com\/#organization","name":"Priority Partners MCO","url":"https:\/\/ppmco.foxtrotdev.com\/","logo":{"@type":"ImageObject","inLanguage":"es","@id":"https:\/\/ppmco.foxtrotdev.com\/#\/schema\/logo\/image\/","url":"https:\/\/ppmco.foxtrotdev.com\/wp-content\/uploads\/2022\/03\/logo.png","contentUrl":"https:\/\/ppmco.foxtrotdev.com\/wp-content\/uploads\/2022\/03\/logo.png","width":635,"height":177,"caption":"Priority Partners MCO"},"image":{"@id":"https:\/\/ppmco.foxtrotdev.com\/#\/schema\/logo\/image\/"},"sameAs":["https:\/\/www.facebook.com\/PriorityPartners","https:\/\/www.youtube.com\/user\/PriorityPartners","https:\/\/www.instagram.com\/prioritypartners\/"]}]}},"_links":{"self":[{"href":"https:\/\/ppmco.foxtrotdev.com\/es\/wp-json\/wp\/v2\/pages\/15084","targetHints":{"allow":["GET"]}}],"collection":[{"href":"https:\/\/ppmco.foxtrotdev.com\/es\/wp-json\/wp\/v2\/pages"}],"about":[{"href":"https:\/\/ppmco.foxtrotdev.com\/es\/wp-json\/wp\/v2\/types\/page"}],"author":[{"embeddable":true,"href":"https:\/\/ppmco.foxtrotdev.com\/es\/wp-json\/wp\/v2\/users\/7"}],"replies":[{"embeddable":true,"href":"https:\/\/ppmco.foxtrotdev.com\/es\/wp-json\/wp\/v2\/comments?post=15084"}],"version-history":[{"count":5,"href":"https:\/\/ppmco.foxtrotdev.com\/es\/wp-json\/wp\/v2\/pages\/15084\/revisions"}],"predecessor-version":[{"id":15847,"href":"https:\/\/ppmco.foxtrotdev.com\/es\/wp-json\/wp\/v2\/pages\/15084\/revisions\/15847"}],"up":[{"embeddable":true,"href":"https:\/\/ppmco.foxtrotdev.com\/es\/wp-json\/wp\/v2\/pages\/1064"}],"wp:attachment":[{"href":"https:\/\/ppmco.foxtrotdev.com\/es\/wp-json\/wp\/v2\/media?parent=15084"}],"curies":[{"name":"wp","href":"https:\/\/api.w.org\/{rel}","templated":true}]}}