{"id":14734,"date":"2022-03-30T14:52:42","date_gmt":"2022-03-30T14:52:42","guid":{"rendered":"https:\/\/ppmco.foxtrotdev.com\/terminos-y-condiciones\/"},"modified":"2022-11-18T20:06:47","modified_gmt":"2022-11-18T20:06:47","slug":"terminos-y-condiciones","status":"publish","type":"page","link":"https:\/\/ppmco.foxtrotdev.com\/es\/terminos-y-condiciones\/","title":{"rendered":"T\u00e9rminos y condiciones"},"content":{"rendered":"<div id=\"block_dff11770ab414064c2ea5b837971e578\" class=\"wpfox-page-header simple\" style=\"\">\r\n\t<div class=\"wrapper banner\">\r\n\t\t<div class=\"bg-glow\"><\/div>\r\n\t\t\t\t<div class=\"text-block\">\r\n\t\t\t\n\n<h1 class=\"has-h-1-font-size wp-block-heading\">T\u00e9rminos y condiciones<\/h1>\n\n\r\n\t\t<\/div>\r\n\t\t\t<\/div>\r\n\t<\/div>\n<div class=\"wp-block-group is-style-section-padding is-layout-flow wp-block-group-is-layout-flow\">\n<h4 class=\"is-style-default wp-block-heading\">Descargo de responsabilidad:<\/h4>\n\n\n\n<p class=\"is-style-default\">Toda la informaci\u00f3n sobre salud y relacionada con la salud que contiene este sitio web de Priority Partners tiene como objetivo ser de car\u00e1cter general y no debe utilizarse como sustituto de una visita a un profesional de la salud. Estos consejos solo tienen como objetivo ofrecer una base general para que las personas conversen sobre su afecci\u00f3n m\u00e9dica con su proveedor de atenci\u00f3n m\u00e9dica. Debe consultar a su proveedor de atenci\u00f3n m\u00e9dica sobre los asuntos relacionados con la afecci\u00f3n m\u00e9dica, el tratamiento y las necesidades de usted y de su familia.  <\/p>\n\n\n\n<p class=\"is-style-default\">Si bien se hace todo lo posible para garantizar que el material de este sitio web de Priority Partners sea preciso y oportuno, se proporciona para la comodidad del usuario del sitio web y no debe considerarse oficial. Se recomienda a los usuarios de este sitio web que consulten y se basen en la versi\u00f3n oficial de la informaci\u00f3n cuando tomen decisiones importantes. <\/p>\n\n\n\n<h4 class=\"is-style-default wp-block-heading\">Informaci\u00f3n almacenada<\/h4>\n\n\n\n<p class=\"is-style-default\">Tenga en cuenta que la mayor parte de la informaci\u00f3n transmitida por internet no es segura, por lo que no se puede garantizar la confidencialidad.<\/p>\n\n\n\n<p class=\"is-style-default\">De la informaci\u00f3n que obtenemos sobre usted a partir de su visita al sitio web de Priority Partners, almacenamos lo siguiente: la direcci\u00f3n IP desde la que accede a internet, la fecha y la hora, la direcci\u00f3n de internet del sitio web desde el que ha accedido directamente a nuestro sitio, el nombre del archivo o las palabras que ha buscado y el navegador utilizado para acceder a nuestro sitio. Esta informaci\u00f3n se utiliza para medir el n\u00famero de visitantes de las distintas secciones de nuestro sitio y para identificar el rendimiento del sistema o posibles problemas. Tambi\u00e9n utilizamos esta informaci\u00f3n para ayudarnos a mejorar las funciones del sitio y para que este sea m\u00e1s \u00fatil.  <\/p>\n\n\n\n<h3 class=\"is-style-default wp-block-heading\">Informaci\u00f3n proporcionada personalmente<\/h3>\n\n\n\n<p class=\"is-style-default\">Si decide proporcionarnos informaci\u00f3n personal enviando un correo electr\u00f3nico, o rellenando un formulario con sus datos personales y envi\u00e1ndolo a trav\u00e9s de nuestro sitio web, utilizamos esa informaci\u00f3n para responder a su mensaje y para ayudarnos a proporcionarle la informaci\u00f3n o el material que solicite. No damos, compartimos, vendemos ni transferimos ninguna informaci\u00f3n personal a terceros a menos que lo exija la ley. <\/p>\n<\/div>\n","protected":false},"excerpt":{"rendered":"<p>Descargo de responsabilidad: Toda la informaci\u00f3n sobre salud y relacionada con la salud que contiene este sitio web de Priority&#8230;<\/p>\n","protected":false},"author":1,"featured_media":0,"parent":0,"menu_order":0,"comment_status":"closed","ping_status":"closed","template":"","meta":{"_acf_changed":false,"_relevanssi_hide_post":"","_relevanssi_hide_content":"","_relevanssi_pin_for_all":"","_relevanssi_pin_keywords":"","_relevanssi_unpin_keywords":"","_relevanssi_related_keywords":"","_relevanssi_related_include_ids":"","_relevanssi_related_exclude_ids":"","_relevanssi_related_no_append":"","_relevanssi_related_not_related":"","_relevanssi_related_posts":"","_relevanssi_noindex_reason":"","inline_featured_image":false,"footnotes":""},"class_list":["post-14734","page","type-page","status-publish","hentry"],"acf":[],"yoast_head":"<!-- This site is optimized with the Yoast SEO plugin v26.6 - https:\/\/yoast.com\/wordpress\/plugins\/seo\/ -->\n<title>T\u00e9rminos y condiciones - Priority Partners MCO<\/title>\n<meta name=\"robots\" content=\"index, follow, max-snippet:-1, max-image-preview:large, max-video-preview:-1\" \/>\n<link rel=\"canonical\" href=\"https:\/\/ppmco.foxtrotdev.com\/terms-conditions\/\" \/>\n<meta property=\"og:locale\" content=\"es_ES\" \/>\n<meta property=\"og:type\" content=\"article\" \/>\n<meta property=\"og:title\" content=\"T\u00e9rminos y condiciones - Priority Partners MCO\" \/>\n<meta property=\"og:description\" content=\"Descargo de responsabilidad: Toda la informaci\u00f3n sobre salud y relacionada con la salud que contiene este sitio web de Priority...\" \/>\n<meta property=\"og:url\" content=\"https:\/\/ppmco.foxtrotdev.com\/terms-conditions\/\" \/>\n<meta property=\"og:site_name\" content=\"Priority Partners MCO\" \/>\n<meta property=\"article:publisher\" content=\"https:\/\/www.facebook.com\/PriorityPartners\" \/>\n<meta property=\"article:modified_time\" content=\"2022-11-18T20:06:47+00:00\" \/>\n<meta property=\"og:image\" content=\"https:\/\/ppmco.foxtrotdev.com\/wp-content\/uploads\/2022\/11\/PPMCO_Social-Preview_facebook-1.jpg\" \/>\n\t<meta property=\"og:image:width\" content=\"1600\" \/>\n\t<meta property=\"og:image:height\" content=\"840\" \/>\n\t<meta property=\"og:image:type\" content=\"image\/jpeg\" \/>\n<meta name=\"twitter:card\" content=\"summary_large_image\" \/>\n<meta name=\"twitter:label1\" content=\"Tiempo de lectura\" \/>\n\t<meta name=\"twitter:data1\" content=\"2 minutos\" \/>\n<script type=\"application\/ld+json\" class=\"yoast-schema-graph\">{\"@context\":\"https:\/\/schema.org\",\"@graph\":[{\"@type\":\"WebPage\",\"@id\":\"https:\/\/ppmco.foxtrotdev.com\/terms-conditions\/\",\"url\":\"https:\/\/ppmco.foxtrotdev.com\/terms-conditions\/\",\"name\":\"T\u00e9rminos y condiciones - Priority Partners MCO\",\"isPartOf\":{\"@id\":\"https:\/\/ppmco.foxtrotdev.com\/#website\"},\"datePublished\":\"2022-03-30T14:52:42+00:00\",\"dateModified\":\"2022-11-18T20:06:47+00:00\",\"breadcrumb\":{\"@id\":\"https:\/\/ppmco.foxtrotdev.com\/terms-conditions\/#breadcrumb\"},\"inLanguage\":\"es\",\"potentialAction\":[{\"@type\":\"ReadAction\",\"target\":[\"https:\/\/ppmco.foxtrotdev.com\/terms-conditions\/\"]}]},{\"@type\":\"BreadcrumbList\",\"@id\":\"https:\/\/ppmco.foxtrotdev.com\/terms-conditions\/#breadcrumb\",\"itemListElement\":[{\"@type\":\"ListItem\",\"position\":1,\"name\":\"Home\",\"item\":\"https:\/\/ppmco.foxtrotdev.com\/es\/\"},{\"@type\":\"ListItem\",\"position\":2,\"name\":\"T\u00e9rminos y condiciones\"}]},{\"@type\":\"WebSite\",\"@id\":\"https:\/\/ppmco.foxtrotdev.com\/#website\",\"url\":\"https:\/\/ppmco.foxtrotdev.com\/\",\"name\":\"Priority Partners MCO\",\"description\":\"Low and no-cost healthcare for qualified Maryland residents\",\"publisher\":{\"@id\":\"https:\/\/ppmco.foxtrotdev.com\/#organization\"},\"alternateName\":\"PPMCO\",\"potentialAction\":[{\"@type\":\"SearchAction\",\"target\":{\"@type\":\"EntryPoint\",\"urlTemplate\":\"https:\/\/ppmco.foxtrotdev.com\/?s={search_term_string}\"},\"query-input\":{\"@type\":\"PropertyValueSpecification\",\"valueRequired\":true,\"valueName\":\"search_term_string\"}}],\"inLanguage\":\"es\"},{\"@type\":\"Organization\",\"@id\":\"https:\/\/ppmco.foxtrotdev.com\/#organization\",\"name\":\"Priority Partners MCO\",\"url\":\"https:\/\/ppmco.foxtrotdev.com\/\",\"logo\":{\"@type\":\"ImageObject\",\"inLanguage\":\"es\",\"@id\":\"https:\/\/ppmco.foxtrotdev.com\/#\/schema\/logo\/image\/\",\"url\":\"https:\/\/ppmco.foxtrotdev.com\/wp-content\/uploads\/2022\/03\/logo.png\",\"contentUrl\":\"https:\/\/ppmco.foxtrotdev.com\/wp-content\/uploads\/2022\/03\/logo.png\",\"width\":635,\"height\":177,\"caption\":\"Priority Partners MCO\"},\"image\":{\"@id\":\"https:\/\/ppmco.foxtrotdev.com\/#\/schema\/logo\/image\/\"},\"sameAs\":[\"https:\/\/www.facebook.com\/PriorityPartners\",\"https:\/\/www.youtube.com\/user\/PriorityPartners\",\"https:\/\/www.instagram.com\/prioritypartners\/\"]}]}<\/script>\n<!-- \/ Yoast SEO plugin. -->","yoast_head_json":{"title":"T\u00e9rminos y condiciones - Priority Partners MCO","robots":{"index":"index","follow":"follow","max-snippet":"max-snippet:-1","max-image-preview":"max-image-preview:large","max-video-preview":"max-video-preview:-1"},"canonical":"https:\/\/ppmco.foxtrotdev.com\/terms-conditions\/","og_locale":"es_ES","og_type":"article","og_title":"T\u00e9rminos y condiciones - Priority Partners MCO","og_description":"Descargo de responsabilidad: Toda la informaci\u00f3n sobre salud y relacionada con la salud que contiene este sitio web de Priority...","og_url":"https:\/\/ppmco.foxtrotdev.com\/terms-conditions\/","og_site_name":"Priority Partners MCO","article_publisher":"https:\/\/www.facebook.com\/PriorityPartners","article_modified_time":"2022-11-18T20:06:47+00:00","og_image":[{"width":1600,"height":840,"url":"https:\/\/ppmco.foxtrotdev.com\/wp-content\/uploads\/2022\/11\/PPMCO_Social-Preview_facebook-1.jpg","type":"image\/jpeg"}],"twitter_card":"summary_large_image","twitter_misc":{"Tiempo de lectura":"2 minutos"},"schema":{"@context":"https:\/\/schema.org","@graph":[{"@type":"WebPage","@id":"https:\/\/ppmco.foxtrotdev.com\/terms-conditions\/","url":"https:\/\/ppmco.foxtrotdev.com\/terms-conditions\/","name":"T\u00e9rminos y condiciones - Priority Partners MCO","isPartOf":{"@id":"https:\/\/ppmco.foxtrotdev.com\/#website"},"datePublished":"2022-03-30T14:52:42+00:00","dateModified":"2022-11-18T20:06:47+00:00","breadcrumb":{"@id":"https:\/\/ppmco.foxtrotdev.com\/terms-conditions\/#breadcrumb"},"inLanguage":"es","potentialAction":[{"@type":"ReadAction","target":["https:\/\/ppmco.foxtrotdev.com\/terms-conditions\/"]}]},{"@type":"BreadcrumbList","@id":"https:\/\/ppmco.foxtrotdev.com\/terms-conditions\/#breadcrumb","itemListElement":[{"@type":"ListItem","position":1,"name":"Home","item":"https:\/\/ppmco.foxtrotdev.com\/es\/"},{"@type":"ListItem","position":2,"name":"T\u00e9rminos y condiciones"}]},{"@type":"WebSite","@id":"https:\/\/ppmco.foxtrotdev.com\/#website","url":"https:\/\/ppmco.foxtrotdev.com\/","name":"Priority Partners MCO","description":"Low and no-cost healthcare for qualified Maryland residents","publisher":{"@id":"https:\/\/ppmco.foxtrotdev.com\/#organization"},"alternateName":"PPMCO","potentialAction":[{"@type":"SearchAction","target":{"@type":"EntryPoint","urlTemplate":"https:\/\/ppmco.foxtrotdev.com\/?s={search_term_string}"},"query-input":{"@type":"PropertyValueSpecification","valueRequired":true,"valueName":"search_term_string"}}],"inLanguage":"es"},{"@type":"Organization","@id":"https:\/\/ppmco.foxtrotdev.com\/#organization","name":"Priority Partners MCO","url":"https:\/\/ppmco.foxtrotdev.com\/","logo":{"@type":"ImageObject","inLanguage":"es","@id":"https:\/\/ppmco.foxtrotdev.com\/#\/schema\/logo\/image\/","url":"https:\/\/ppmco.foxtrotdev.com\/wp-content\/uploads\/2022\/03\/logo.png","contentUrl":"https:\/\/ppmco.foxtrotdev.com\/wp-content\/uploads\/2022\/03\/logo.png","width":635,"height":177,"caption":"Priority Partners MCO"},"image":{"@id":"https:\/\/ppmco.foxtrotdev.com\/#\/schema\/logo\/image\/"},"sameAs":["https:\/\/www.facebook.com\/PriorityPartners","https:\/\/www.youtube.com\/user\/PriorityPartners","https:\/\/www.instagram.com\/prioritypartners\/"]}]}},"_links":{"self":[{"href":"https:\/\/ppmco.foxtrotdev.com\/es\/wp-json\/wp\/v2\/pages\/14734","targetHints":{"allow":["GET"]}}],"collection":[{"href":"https:\/\/ppmco.foxtrotdev.com\/es\/wp-json\/wp\/v2\/pages"}],"about":[{"href":"https:\/\/ppmco.foxtrotdev.com\/es\/wp-json\/wp\/v2\/types\/page"}],"author":[{"embeddable":true,"href":"https:\/\/ppmco.foxtrotdev.com\/es\/wp-json\/wp\/v2\/users\/1"}],"replies":[{"embeddable":true,"href":"https:\/\/ppmco.foxtrotdev.com\/es\/wp-json\/wp\/v2\/comments?post=14734"}],"version-history":[{"count":1,"href":"https:\/\/ppmco.foxtrotdev.com\/es\/wp-json\/wp\/v2\/pages\/14734\/revisions"}],"predecessor-version":[{"id":14735,"href":"https:\/\/ppmco.foxtrotdev.com\/es\/wp-json\/wp\/v2\/pages\/14734\/revisions\/14735"}],"wp:attachment":[{"href":"https:\/\/ppmco.foxtrotdev.com\/es\/wp-json\/wp\/v2\/media?parent=14734"}],"curies":[{"name":"wp","href":"https:\/\/api.w.org\/{rel}","templated":true}]}}