{"id":14571,"date":"2022-03-30T14:53:39","date_gmt":"2022-03-30T14:53:39","guid":{"rendered":"https:\/\/ppmco.foxtrotdev.com\/interoperability\/"},"modified":"2025-08-22T18:34:25","modified_gmt":"2025-08-22T18:34:25","slug":"interoperabilidad","status":"publish","type":"page","link":"https:\/\/ppmco.foxtrotdev.com\/es\/interoperabilidad\/","title":{"rendered":"Interoperabilidad"},"content":{"rendered":"<div id=\"block_7bad0bff68b8c8dc766c7254eea1a4e2\" class=\"wpfox-page-header simple\" style=\"--heading-width: 65;\">\r\n\t<div class=\"wrapper banner\">\r\n\t\t<div class=\"bg-glow\"><\/div>\r\n\t\t\t\t<div class=\"text-block\">\r\n\t\t\t\n\n<h1 class=\"wp-block-heading page-title has-h-3-font-size\">Interoperabilidad<\/h1>\n\n\n\n<h2 class=\"wp-block-heading has-h-1-font-size\">Entender lo que significa para usted<\/h2>\n\n\r\n\t\t<\/div>\r\n\t\t\t<\/div>\r\n\t<\/div>\n<div class=\"wp-block-group is-style-section-padding is-layout-flow wp-block-group-is-layout-flow\">\n<h2 class=\"wp-block-heading is-style-default has-h-3-featured-font-size\">Priority Partners le permite ver y gestionar f\u00e1cilmente su informaci\u00f3n de salud en l\u00ednea.<\/h2>\n\n\n\n<p>\u00bfSab\u00eda que usted puede acceder a su historia cl\u00ednica cuando y donde quiera? La Regla de Interoperabilidad y Acceso del Paciente de los Centros de Servicios de Medicare y Medicaid (CMS) permite que los miembros de Priority Partners accedan a sus datos de salud mediante aplicaciones de salud de terceros. <\/p>\n\n\n\n<p><\/p>\n\n\n\n<h3 class=\"wp-block-heading has-purple-color has-text-color has-link-color wp-elements-d98903e5d18c1bb64b4b5184d7868eb6\">\u00bfDe qu\u00e9 manera le ayuda la interoperabilidad?<\/h3>\n\n\n\n<p class=\"is-style-default\">Esta regla le permite controlar su atenci\u00f3n m\u00e9dica al brindarle acceso electr\u00f3nico a su informaci\u00f3n de salud a trav\u00e9s de Interfaces de <a href=\"https:\/\/www.healthit.gov\/api-education-module\/story_html5.html\" target=\"_blank\" rel=\"noreferrer noopener\">Programaci\u00f3n de Aplicaciones (APIs)<\/a> estandarizadas. Esto simplemente significa que los miembros de Priority Partners, como as\u00ed tambi\u00e9n sus representantes personales autorizados, pueden acceder a su informaci\u00f3n de salud personal mediante sus aplicaciones preferidas. Priority Partners tambi\u00e9n comparte p\u00fablicamente la informaci\u00f3n del directorio de proveedores con cualquier persona que acceda a las API publicadas cuyos enlaces aparecen a continuaci\u00f3n. Priority Partners se compromete a brindarle un f\u00e1cil acceso digital a su informaci\u00f3n de atenci\u00f3n m\u00e9dica.   <\/p>\n\n\n\n<div style=\"height:10px\" aria-hidden=\"true\" class=\"wp-block-spacer\"><\/div>\n\n\n\n<div class=\"wp-block-buttons is-layout-flex wp-block-buttons-is-layout-flex\">\n<div class=\"wp-block-button\"><a class=\"wp-block-button__link wp-element-button\" href=\"https:\/\/ppmco.foxtrotdev.com\/es\/interoperabilidad\/api-de-acceso-de-los-pacientes\/\">API de acceso de los pacientes<\/a><\/div>\n\n\n\n<div class=\"wp-block-button\"><a class=\"wp-block-button__link has-dark-blue-color has-teal-background-color has-text-color has-background has-link-color wp-element-button\" href=\"https:\/\/ppmco.foxtrotdev.com\/es\/interoperabilidad\/directorio-de-proveedores\/\">API de directorio de proveedores<\/a><\/div>\n\n\n\n<div class=\"wp-block-button is-style-button-external\"><a class=\"wp-block-button__link has-gold-background-color has-background wp-element-button\" href=\"https:\/\/docs.1up.health\/help-center\/Content\/en-US\/get-started\/quick-start\/register.html\" target=\"_blank\" rel=\"noreferrer noopener\">Reg\u00edstrese como desarrollador<\/a><\/div>\n<\/div>\n<\/div>\n","protected":false},"excerpt":{"rendered":"<p>Priority Partners le permite ver y gestionar f\u00e1cilmente su informaci\u00f3n de salud en l\u00ednea. \u00bfSab\u00eda que usted puede acceder a&#8230;<\/p>\n","protected":false},"author":1,"featured_media":0,"parent":0,"menu_order":0,"comment_status":"closed","ping_status":"closed","template":"","meta":{"_acf_changed":false,"_relevanssi_hide_post":"","_relevanssi_hide_content":"","_relevanssi_pin_for_all":"","_relevanssi_pin_keywords":"","_relevanssi_unpin_keywords":"","_relevanssi_related_keywords":"","_relevanssi_related_include_ids":"","_relevanssi_related_exclude_ids":"","_relevanssi_related_no_append":"","_relevanssi_related_not_related":"","_relevanssi_related_posts":"14944,14916,15364,14924,15524,12185","_relevanssi_noindex_reason":"","inline_featured_image":false,"footnotes":""},"class_list":["post-14571","page","type-page","status-publish","hentry"],"acf":[],"yoast_head":"<!-- This site is optimized with the Yoast SEO plugin v26.6 - https:\/\/yoast.com\/wordpress\/plugins\/seo\/ -->\n<title>Interoperabilidad - Priority Partners MCO<\/title>\n<meta name=\"description\" content=\"Entender lo que significa para usted: Priority Partners le permite ver y gestionar f\u00e1cilmente su informaci\u00f3n de salud en l\u00ednea.\" \/>\n<meta name=\"robots\" content=\"index, follow, max-snippet:-1, max-image-preview:large, max-video-preview:-1\" \/>\n<link rel=\"canonical\" href=\"https:\/\/ppmco.foxtrotdev.com\/interoperability\/\" \/>\n<meta property=\"og:locale\" content=\"es_ES\" \/>\n<meta property=\"og:type\" content=\"article\" \/>\n<meta property=\"og:title\" content=\"Interoperabilidad - Priority Partners MCO\" \/>\n<meta property=\"og:description\" content=\"Entender lo que significa para usted: Priority Partners le permite ver y gestionar f\u00e1cilmente su informaci\u00f3n de salud en l\u00ednea.\" \/>\n<meta property=\"og:url\" content=\"https:\/\/ppmco.foxtrotdev.com\/interoperability\/\" \/>\n<meta property=\"og:site_name\" content=\"Priority Partners MCO\" \/>\n<meta property=\"article:publisher\" content=\"https:\/\/www.facebook.com\/PriorityPartners\" \/>\n<meta property=\"article:modified_time\" content=\"2025-08-22T18:34:25+00:00\" \/>\n<meta property=\"og:image\" content=\"https:\/\/ppmco.foxtrotdev.com\/wp-content\/uploads\/2022\/11\/PPMCO_Social-Preview_facebook-1.jpg\" \/>\n\t<meta property=\"og:image:width\" content=\"1600\" \/>\n\t<meta property=\"og:image:height\" content=\"840\" \/>\n\t<meta property=\"og:image:type\" content=\"image\/jpeg\" \/>\n<meta name=\"twitter:card\" content=\"summary_large_image\" \/>\n<meta name=\"twitter:label1\" content=\"Tiempo de lectura\" \/>\n\t<meta name=\"twitter:data1\" content=\"4 minutos\" \/>\n<script type=\"application\/ld+json\" class=\"yoast-schema-graph\">{\"@context\":\"https:\/\/schema.org\",\"@graph\":[{\"@type\":\"WebPage\",\"@id\":\"https:\/\/ppmco.foxtrotdev.com\/interoperability\/\",\"url\":\"https:\/\/ppmco.foxtrotdev.com\/interoperability\/\",\"name\":\"Interoperabilidad - Priority Partners MCO\",\"isPartOf\":{\"@id\":\"https:\/\/ppmco.foxtrotdev.com\/#website\"},\"datePublished\":\"2022-03-30T14:53:39+00:00\",\"dateModified\":\"2025-08-22T18:34:25+00:00\",\"description\":\"Entender lo que significa para usted: Priority Partners le permite ver y gestionar f\u00e1cilmente su informaci\u00f3n de salud en l\u00ednea.\",\"breadcrumb\":{\"@id\":\"https:\/\/ppmco.foxtrotdev.com\/interoperability\/#breadcrumb\"},\"inLanguage\":\"es\",\"potentialAction\":[{\"@type\":\"ReadAction\",\"target\":[\"https:\/\/ppmco.foxtrotdev.com\/interoperability\/\"]}]},{\"@type\":\"BreadcrumbList\",\"@id\":\"https:\/\/ppmco.foxtrotdev.com\/interoperability\/#breadcrumb\",\"itemListElement\":[{\"@type\":\"ListItem\",\"position\":1,\"name\":\"Home\",\"item\":\"https:\/\/ppmco.foxtrotdev.com\/es\/\"},{\"@type\":\"ListItem\",\"position\":2,\"name\":\"Interoperabilidad\"}]},{\"@type\":\"WebSite\",\"@id\":\"https:\/\/ppmco.foxtrotdev.com\/#website\",\"url\":\"https:\/\/ppmco.foxtrotdev.com\/\",\"name\":\"Priority Partners MCO\",\"description\":\"Low and no-cost healthcare for qualified Maryland residents\",\"publisher\":{\"@id\":\"https:\/\/ppmco.foxtrotdev.com\/#organization\"},\"alternateName\":\"PPMCO\",\"potentialAction\":[{\"@type\":\"SearchAction\",\"target\":{\"@type\":\"EntryPoint\",\"urlTemplate\":\"https:\/\/ppmco.foxtrotdev.com\/?s={search_term_string}\"},\"query-input\":{\"@type\":\"PropertyValueSpecification\",\"valueRequired\":true,\"valueName\":\"search_term_string\"}}],\"inLanguage\":\"es\"},{\"@type\":\"Organization\",\"@id\":\"https:\/\/ppmco.foxtrotdev.com\/#organization\",\"name\":\"Priority Partners MCO\",\"url\":\"https:\/\/ppmco.foxtrotdev.com\/\",\"logo\":{\"@type\":\"ImageObject\",\"inLanguage\":\"es\",\"@id\":\"https:\/\/ppmco.foxtrotdev.com\/#\/schema\/logo\/image\/\",\"url\":\"https:\/\/ppmco.foxtrotdev.com\/wp-content\/uploads\/2022\/03\/logo.png\",\"contentUrl\":\"https:\/\/ppmco.foxtrotdev.com\/wp-content\/uploads\/2022\/03\/logo.png\",\"width\":635,\"height\":177,\"caption\":\"Priority Partners MCO\"},\"image\":{\"@id\":\"https:\/\/ppmco.foxtrotdev.com\/#\/schema\/logo\/image\/\"},\"sameAs\":[\"https:\/\/www.facebook.com\/PriorityPartners\",\"https:\/\/www.youtube.com\/user\/PriorityPartners\",\"https:\/\/www.instagram.com\/prioritypartners\/\"]}]}<\/script>\n<!-- \/ Yoast SEO plugin. -->","yoast_head_json":{"title":"Interoperabilidad - Priority Partners MCO","description":"Entender lo que significa para usted: Priority Partners le permite ver y gestionar f\u00e1cilmente su informaci\u00f3n de salud en l\u00ednea.","robots":{"index":"index","follow":"follow","max-snippet":"max-snippet:-1","max-image-preview":"max-image-preview:large","max-video-preview":"max-video-preview:-1"},"canonical":"https:\/\/ppmco.foxtrotdev.com\/interoperability\/","og_locale":"es_ES","og_type":"article","og_title":"Interoperabilidad - Priority Partners MCO","og_description":"Entender lo que significa para usted: Priority Partners le permite ver y gestionar f\u00e1cilmente su informaci\u00f3n de salud en l\u00ednea.","og_url":"https:\/\/ppmco.foxtrotdev.com\/interoperability\/","og_site_name":"Priority Partners MCO","article_publisher":"https:\/\/www.facebook.com\/PriorityPartners","article_modified_time":"2025-08-22T18:34:25+00:00","og_image":[{"width":1600,"height":840,"url":"https:\/\/ppmco.foxtrotdev.com\/wp-content\/uploads\/2022\/11\/PPMCO_Social-Preview_facebook-1.jpg","type":"image\/jpeg"}],"twitter_card":"summary_large_image","twitter_misc":{"Tiempo de lectura":"4 minutos"},"schema":{"@context":"https:\/\/schema.org","@graph":[{"@type":"WebPage","@id":"https:\/\/ppmco.foxtrotdev.com\/interoperability\/","url":"https:\/\/ppmco.foxtrotdev.com\/interoperability\/","name":"Interoperabilidad - Priority Partners MCO","isPartOf":{"@id":"https:\/\/ppmco.foxtrotdev.com\/#website"},"datePublished":"2022-03-30T14:53:39+00:00","dateModified":"2025-08-22T18:34:25+00:00","description":"Entender lo que significa para usted: Priority Partners le permite ver y gestionar f\u00e1cilmente su informaci\u00f3n de salud en l\u00ednea.","breadcrumb":{"@id":"https:\/\/ppmco.foxtrotdev.com\/interoperability\/#breadcrumb"},"inLanguage":"es","potentialAction":[{"@type":"ReadAction","target":["https:\/\/ppmco.foxtrotdev.com\/interoperability\/"]}]},{"@type":"BreadcrumbList","@id":"https:\/\/ppmco.foxtrotdev.com\/interoperability\/#breadcrumb","itemListElement":[{"@type":"ListItem","position":1,"name":"Home","item":"https:\/\/ppmco.foxtrotdev.com\/es\/"},{"@type":"ListItem","position":2,"name":"Interoperabilidad"}]},{"@type":"WebSite","@id":"https:\/\/ppmco.foxtrotdev.com\/#website","url":"https:\/\/ppmco.foxtrotdev.com\/","name":"Priority Partners MCO","description":"Low and no-cost healthcare for qualified Maryland residents","publisher":{"@id":"https:\/\/ppmco.foxtrotdev.com\/#organization"},"alternateName":"PPMCO","potentialAction":[{"@type":"SearchAction","target":{"@type":"EntryPoint","urlTemplate":"https:\/\/ppmco.foxtrotdev.com\/?s={search_term_string}"},"query-input":{"@type":"PropertyValueSpecification","valueRequired":true,"valueName":"search_term_string"}}],"inLanguage":"es"},{"@type":"Organization","@id":"https:\/\/ppmco.foxtrotdev.com\/#organization","name":"Priority Partners MCO","url":"https:\/\/ppmco.foxtrotdev.com\/","logo":{"@type":"ImageObject","inLanguage":"es","@id":"https:\/\/ppmco.foxtrotdev.com\/#\/schema\/logo\/image\/","url":"https:\/\/ppmco.foxtrotdev.com\/wp-content\/uploads\/2022\/03\/logo.png","contentUrl":"https:\/\/ppmco.foxtrotdev.com\/wp-content\/uploads\/2022\/03\/logo.png","width":635,"height":177,"caption":"Priority Partners MCO"},"image":{"@id":"https:\/\/ppmco.foxtrotdev.com\/#\/schema\/logo\/image\/"},"sameAs":["https:\/\/www.facebook.com\/PriorityPartners","https:\/\/www.youtube.com\/user\/PriorityPartners","https:\/\/www.instagram.com\/prioritypartners\/"]}]}},"_links":{"self":[{"href":"https:\/\/ppmco.foxtrotdev.com\/es\/wp-json\/wp\/v2\/pages\/14571","targetHints":{"allow":["GET"]}}],"collection":[{"href":"https:\/\/ppmco.foxtrotdev.com\/es\/wp-json\/wp\/v2\/pages"}],"about":[{"href":"https:\/\/ppmco.foxtrotdev.com\/es\/wp-json\/wp\/v2\/types\/page"}],"author":[{"embeddable":true,"href":"https:\/\/ppmco.foxtrotdev.com\/es\/wp-json\/wp\/v2\/users\/1"}],"replies":[{"embeddable":true,"href":"https:\/\/ppmco.foxtrotdev.com\/es\/wp-json\/wp\/v2\/comments?post=14571"}],"version-history":[{"count":5,"href":"https:\/\/ppmco.foxtrotdev.com\/es\/wp-json\/wp\/v2\/pages\/14571\/revisions"}],"predecessor-version":[{"id":99916681,"href":"https:\/\/ppmco.foxtrotdev.com\/es\/wp-json\/wp\/v2\/pages\/14571\/revisions\/99916681"}],"wp:attachment":[{"href":"https:\/\/ppmco.foxtrotdev.com\/es\/wp-json\/wp\/v2\/media?parent=14571"}],"curies":[{"name":"wp","href":"https:\/\/api.w.org\/{rel}","templated":true}]}}