{"id":14567,"date":"2022-03-30T14:53:11","date_gmt":"2022-03-30T14:53:11","guid":{"rendered":"https:\/\/ppmco.foxtrotdev.com\/confidencialidad\/"},"modified":"2023-11-10T21:39:30","modified_gmt":"2023-11-10T21:39:30","slug":"confidencialidad","status":"publish","type":"page","link":"https:\/\/ppmco.foxtrotdev.com\/es\/confidencialidad\/","title":{"rendered":"Confidencialidad"},"content":{"rendered":"<div id=\"block_e8d09d13dd224a2caa464cdf793df522\" class=\"wpfox-page-header simple\" style=\"\">\r\n\t<div class=\"wrapper banner\">\r\n\t\t<div class=\"bg-glow\"><\/div>\r\n\t\t\t\t<div class=\"text-block\">\r\n\t\t\t\n\n<h1 class=\"wp-block-heading page-title has-h-3-font-size\">Confidencialidad<\/h1>\n\n\n\n<h2 class=\"wp-block-heading has-h-1-font-size\">Priority Partners protege Su Privacidad<\/h2>\n\n\r\n\t\t<\/div>\r\n\t\t\t<\/div>\r\n\t<\/div>\n\n\n<div class=\"wp-block-group is-style-section-padding is-layout-flow wp-block-group-is-layout-flow\">\n<p class=\"is-style-default has-intro-font-size\">Priority Partners se ha comprometido a respetar y resguardar su privacidad. El prop\u00f3sito de este documento es para describir la manera en que su Informaci\u00f3n M\u00e9dica Protegida (en ingl\u00e9s con siglas PHI) puede ser utilizada y divulgada, y la manera en que usted puede obtener acceso a esa informaci\u00f3n. Por favor revise en detalle la <a href=\"https:\/\/ppmco.foxtrotdev.com\/es\/privacidad\/\" data-type=\"page\" data-id=\"40\">Notificaci\u00f3n de Pol\u00edticas de Privacidad<\/a> (NPP).<\/p>\n\n\n\n<p class=\"is-style-default\">HIPAA es una ley federal establecida en 1996, que se ocupa de, entre otras cosas, proteger la privacidad de informaci\u00f3n referente a su salud. El significado de las siglas HIPAA en espa\u00f1ol es Ley de Portabilidad y Responsabilidad de Seguros M\u00e9dicos. Su misi\u00f3n es protegerle en contra del uso inadecuado de la Informaci\u00f3n M\u00e9dica Protegida, (conocida en ingl\u00e9s con las siglas PHI) cuando esa informaci\u00f3n se encuentra bajo cobertura de un proveedor de la salud, como un doctor, un hospital, laboratorio, etc., o un plan de seguro m\u00e9dico como Priority Partners.  <\/p>\n\n\n\n<h4 class=\"wp-block-heading\">\u00bfQu\u00e9 es la Informaci\u00f3n M\u00e9dica Protegida (en ingl\u00e9s con siglas PHI)?<\/h4>\n\n\n\n<p class=\"is-style-default\">La Informaci\u00f3n M\u00e9dica Protegida es informaci\u00f3n m\u00e9dica personal sobre la salud de una persona, el tratamiento usado para tratar su condici\u00f3n m\u00e9dica, o facturaci\u00f3n y pago por servicios m\u00e9dicos ofrecidos a una persona. La Informaci\u00f3n M\u00e9dica Protegida puede ser informaci\u00f3n escrita, datos incluidos en un correo electr\u00f3nico (email), en un fax, informaci\u00f3n resguardada en una computadora, o puede ser informaci\u00f3n verbal, protegida por la HIPAA. <\/p>\n\n\n\n<h4 class=\"wp-block-heading\">Protecci\u00f3n interna de la Informaci\u00f3n M\u00e9dica Protegida<\/h4>\n\n\n\n<p class=\"is-style-default\">Priority Partners ha establecido p\u00f3lizas y procedimientos internos que identifican c\u00f3mo protegemos la divulgaci\u00f3n verbal, escrita y electr\u00f3nica de Informaci\u00f3n M\u00e9dica Protegida. A manera de proteger al paciente, Priority Partners siempre verifica la identidad, tanto del miembro, como del solicitante de informaci\u00f3n, antes de responder a una petici\u00f3n para la informaci\u00f3n m\u00e9dica protegida de un miembro. <\/p>\n\n\n\n<p class=\"is-style-default\">Algunos ejemplos de este tipo de contacto son los siguientes:<\/p>\n\n\n\n<ul class=\"is-style-default wp-block-list\">\n<li>Preguntas sobre su tratamiento o actividades de pago<\/li>\n\n\n\n<li>Solicitudes para ver, copiar, o enmendar el registro de su plan m\u00e9dico con Priority Partners<\/li>\n\n\n\n<li>Solicitudes para obtener una lista de divulgaciones de informaci\u00f3n m\u00e9dica de su plan con Priority Partners<\/li>\n<\/ul>\n\n\n\n<p class=\"is-style-default\">Priority Partners garantiza y limita el acceso a todos los archivos impresos y electr\u00f3nicos. Toda informaci\u00f3n electr\u00f3nica es protegida con una contrase\u00f1a. Priority Partners limita el acceso de miembros del personal a archivos impresos y electr\u00f3nicos. Controles internos han sido establecidos para garantizar que \u00fanicamente los miembros del personal que \u201cnecesitan\u201d estar informados sobre alg\u00fan detalle, puedan tener acceso a informaci\u00f3n requerida para que puedan realizar las funciones espec\u00edficas de su trabajo. Todos los miembros del personal est\u00e1n obligados a s\u00f3lo utilizar y\/o tener acceso a la \u201cinformaci\u00f3n m\u00ednima\u201d necesaria.    <\/p>\n\n\n\n<h4 class=\"wp-block-heading\">Uso de autorizaciones<\/h4>\n\n\n\n<p class=\"is-style-default\">Priority Partners, con algunas excepciones, debe pedirle permiso para divulgar a otras personas su Informaci\u00f3n M\u00e9dica Protegida. Priority Partners puede compartir su Informaci\u00f3n M\u00e9dica Protegida con terceros, sin su permiso, para llevar a cabo tratamiento, pago u operaciones de atenci\u00f3n m\u00e9dica. Eso quiere decir que Priority Partners puede compartir su informaci\u00f3n m\u00e9dica personal con otras personas para proporcionarle tratamiento m\u00e9dico y servicios necesarios, para facturar y cobrar el pago por los servicios de tratamiento m\u00e9dico, o para ejecutar y evaluar sus pr\u00e1cticas de negocios.  <\/p>\n\n\n\n<p class=\"is-style-default\">Priority Partners tambi\u00e9n puede compartir su Informaci\u00f3n M\u00e9dica Protegida sin su permiso, cuando es requerido por ley (por ejemplo, en respuesta a una citaci\u00f3n judicial) o cuando, de lo contrario, las leyes permitan hacerlo. Para otros prop\u00f3sitos, como compartir su Informaci\u00f3n M\u00e9dica Protegida con su abogado, con el colegio de su hijo o hija, o a\u00fan con su esposo o esposa, usted primero tiene que autorizar a Priority Partners para que pueda diseminar dicha informaci\u00f3n. Usted puede dar su permiso llenando el formulario de autorizaci\u00f3n. A continuaci\u00f3n hay una lista de los formularios:   <\/p>\n\n\n\n<h4 class=\"wp-block-heading\">Autorizaci\u00f3n para diseminar informaci\u00f3n m\u00e9dica \u2013 Permanente<\/h4>\n\n\n\n<p class=\"is-style-default\">Esta autorizaci\u00f3n permite que otra persona tenga acceso permanente y continuo a los registros m\u00e9dicos y a informaci\u00f3n general de un miembro dentro del plan. Descargue la solicitud de <a href=\"https:\/\/ppmco.foxtrotdev.com\/wp-content\/uploads\/2023\/02\/authorization-for-release-of-health-information-standing-spanish.pdf\" target=\"_blank\" rel=\"noreferrer noopener\">Autorizaci\u00f3n para diseminar informaci\u00f3n m\u00e9dica \u2013 Permanente<\/a> de acuerdo con la HIPAA. <\/p>\n\n\n\n<h4 class=\"wp-block-heading\">Autorizaci\u00f3n para diseminar informaci\u00f3n m\u00e9dica \u2013 Una sola vez<\/h4>\n\n\n\n<p class=\"is-style-default\">Esta autorizaci\u00f3n permite que el miembro del plan reciba copias de su propio expediente m\u00e9dico, y permite que el miembro autorice a otra persona para que tenga acceso al expediente con un prop\u00f3sito espec\u00edfico, pero limitado a una sola vez, y seg\u00fan lo estipulado en la autorizaci\u00f3n. Descargue la solicitud de <a href=\"https:\/\/ppmco.foxtrotdev.com\/wp-content\/uploads\/2022\/08\/authorization-for-release-of-health-information-specific-request-spanish.pdf\" target=\"_blank\" rel=\"noreferrer noopener\">Autorizaci\u00f3n para diseminar informaci\u00f3n m\u00e9dica \u2013 \u00danica\/Una sola vez<\/a> de acuerdo con la HIPAA. <\/p>\n\n\n\n<h4 class=\"wp-block-heading\">Mande sus autorizaciones por correo a:<\/h4>\n\n\n\n<p class=\"is-style-default\"><strong>PPMCO Compliance Department<br><\/strong>Johns Hopkins Health Plans<br>7231 Parkway Drive, Suite 100<br>Hanover, MD 21076<\/p>\n\n\n\n<h4 class=\"wp-block-heading\">O por fax al n\u00famero:<\/h4>\n\n\n\n<p class=\"is-style-default\"><a href=\"fax:4107621527\">410-762-1527<\/a><\/p>\n\n\n\n<h4 class=\"wp-block-heading\">N\u00famero gratuito:<\/h4>\n\n\n\n<p class=\"is-style-default\"><a href=\"tel:8444226957\">844-422-6957<\/a><\/p>\n<\/div>\n","protected":false},"excerpt":{"rendered":"<p>Priority Partners se ha comprometido a respetar y resguardar su privacidad. El prop\u00f3sito de este documento es para describir la&#8230;<\/p>\n","protected":false},"author":1,"featured_media":0,"parent":0,"menu_order":0,"comment_status":"closed","ping_status":"closed","template":"","meta":{"_acf_changed":false,"_relevanssi_hide_post":"","_relevanssi_hide_content":"","_relevanssi_pin_for_all":"","_relevanssi_pin_keywords":"","_relevanssi_unpin_keywords":"","_relevanssi_related_keywords":"","_relevanssi_related_include_ids":"","_relevanssi_related_exclude_ids":"","_relevanssi_related_no_append":"","_relevanssi_related_not_related":"","_relevanssi_related_posts":"14938,12127,99912255,14936,14934,12185","_relevanssi_noindex_reason":"","inline_featured_image":false,"footnotes":""},"class_list":["post-14567","page","type-page","status-publish","hentry"],"acf":[],"yoast_head":"<!-- This site is optimized with the Yoast SEO plugin v26.6 - https:\/\/yoast.com\/wordpress\/plugins\/seo\/ -->\n<title>Confidencialidad - Priority Partners MCO<\/title>\n<meta name=\"robots\" content=\"index, follow, max-snippet:-1, max-image-preview:large, max-video-preview:-1\" \/>\n<link rel=\"canonical\" href=\"https:\/\/ppmco.foxtrotdev.com\/confidentiality\/\" \/>\n<meta property=\"og:locale\" content=\"es_ES\" \/>\n<meta property=\"og:type\" content=\"article\" \/>\n<meta property=\"og:title\" content=\"Confidencialidad - Priority Partners MCO\" \/>\n<meta property=\"og:description\" content=\"Priority Partners se ha comprometido a respetar y resguardar su privacidad. El prop\u00f3sito de este documento es para describir la...\" \/>\n<meta property=\"og:url\" content=\"https:\/\/ppmco.foxtrotdev.com\/confidentiality\/\" \/>\n<meta property=\"og:site_name\" content=\"Priority Partners MCO\" \/>\n<meta property=\"article:publisher\" content=\"https:\/\/www.facebook.com\/PriorityPartners\" \/>\n<meta property=\"article:modified_time\" content=\"2023-11-10T21:39:30+00:00\" \/>\n<meta property=\"og:image\" content=\"https:\/\/ppmco.foxtrotdev.com\/wp-content\/uploads\/2022\/11\/PPMCO_Social-Preview_facebook-1.jpg\" \/>\n\t<meta property=\"og:image:width\" content=\"1600\" \/>\n\t<meta property=\"og:image:height\" content=\"840\" \/>\n\t<meta property=\"og:image:type\" content=\"image\/jpeg\" \/>\n<meta name=\"twitter:card\" content=\"summary_large_image\" \/>\n<meta name=\"twitter:label1\" content=\"Tiempo de lectura\" \/>\n\t<meta name=\"twitter:data1\" content=\"4 minutos\" \/>\n<script type=\"application\/ld+json\" class=\"yoast-schema-graph\">{\"@context\":\"https:\/\/schema.org\",\"@graph\":[{\"@type\":\"WebPage\",\"@id\":\"https:\/\/ppmco.foxtrotdev.com\/confidentiality\/\",\"url\":\"https:\/\/ppmco.foxtrotdev.com\/confidentiality\/\",\"name\":\"Confidencialidad - Priority Partners MCO\",\"isPartOf\":{\"@id\":\"https:\/\/ppmco.foxtrotdev.com\/#website\"},\"datePublished\":\"2022-03-30T14:53:11+00:00\",\"dateModified\":\"2023-11-10T21:39:30+00:00\",\"breadcrumb\":{\"@id\":\"https:\/\/ppmco.foxtrotdev.com\/confidentiality\/#breadcrumb\"},\"inLanguage\":\"es\",\"potentialAction\":[{\"@type\":\"ReadAction\",\"target\":[\"https:\/\/ppmco.foxtrotdev.com\/confidentiality\/\"]}]},{\"@type\":\"BreadcrumbList\",\"@id\":\"https:\/\/ppmco.foxtrotdev.com\/confidentiality\/#breadcrumb\",\"itemListElement\":[{\"@type\":\"ListItem\",\"position\":1,\"name\":\"Home\",\"item\":\"https:\/\/ppmco.foxtrotdev.com\/es\/\"},{\"@type\":\"ListItem\",\"position\":2,\"name\":\"Confidencialidad\"}]},{\"@type\":\"WebSite\",\"@id\":\"https:\/\/ppmco.foxtrotdev.com\/#website\",\"url\":\"https:\/\/ppmco.foxtrotdev.com\/\",\"name\":\"Priority Partners MCO\",\"description\":\"Low and no-cost healthcare for qualified Maryland residents\",\"publisher\":{\"@id\":\"https:\/\/ppmco.foxtrotdev.com\/#organization\"},\"alternateName\":\"PPMCO\",\"potentialAction\":[{\"@type\":\"SearchAction\",\"target\":{\"@type\":\"EntryPoint\",\"urlTemplate\":\"https:\/\/ppmco.foxtrotdev.com\/?s={search_term_string}\"},\"query-input\":{\"@type\":\"PropertyValueSpecification\",\"valueRequired\":true,\"valueName\":\"search_term_string\"}}],\"inLanguage\":\"es\"},{\"@type\":\"Organization\",\"@id\":\"https:\/\/ppmco.foxtrotdev.com\/#organization\",\"name\":\"Priority Partners MCO\",\"url\":\"https:\/\/ppmco.foxtrotdev.com\/\",\"logo\":{\"@type\":\"ImageObject\",\"inLanguage\":\"es\",\"@id\":\"https:\/\/ppmco.foxtrotdev.com\/#\/schema\/logo\/image\/\",\"url\":\"https:\/\/ppmco.foxtrotdev.com\/wp-content\/uploads\/2022\/03\/logo.png\",\"contentUrl\":\"https:\/\/ppmco.foxtrotdev.com\/wp-content\/uploads\/2022\/03\/logo.png\",\"width\":635,\"height\":177,\"caption\":\"Priority Partners MCO\"},\"image\":{\"@id\":\"https:\/\/ppmco.foxtrotdev.com\/#\/schema\/logo\/image\/\"},\"sameAs\":[\"https:\/\/www.facebook.com\/PriorityPartners\",\"https:\/\/www.youtube.com\/user\/PriorityPartners\",\"https:\/\/www.instagram.com\/prioritypartners\/\"]}]}<\/script>\n<!-- \/ Yoast SEO plugin. -->","yoast_head_json":{"title":"Confidencialidad - Priority Partners MCO","robots":{"index":"index","follow":"follow","max-snippet":"max-snippet:-1","max-image-preview":"max-image-preview:large","max-video-preview":"max-video-preview:-1"},"canonical":"https:\/\/ppmco.foxtrotdev.com\/confidentiality\/","og_locale":"es_ES","og_type":"article","og_title":"Confidencialidad - Priority Partners MCO","og_description":"Priority Partners se ha comprometido a respetar y resguardar su privacidad. El prop\u00f3sito de este documento es para describir la...","og_url":"https:\/\/ppmco.foxtrotdev.com\/confidentiality\/","og_site_name":"Priority Partners MCO","article_publisher":"https:\/\/www.facebook.com\/PriorityPartners","article_modified_time":"2023-11-10T21:39:30+00:00","og_image":[{"width":1600,"height":840,"url":"https:\/\/ppmco.foxtrotdev.com\/wp-content\/uploads\/2022\/11\/PPMCO_Social-Preview_facebook-1.jpg","type":"image\/jpeg"}],"twitter_card":"summary_large_image","twitter_misc":{"Tiempo de lectura":"4 minutos"},"schema":{"@context":"https:\/\/schema.org","@graph":[{"@type":"WebPage","@id":"https:\/\/ppmco.foxtrotdev.com\/confidentiality\/","url":"https:\/\/ppmco.foxtrotdev.com\/confidentiality\/","name":"Confidencialidad - Priority Partners MCO","isPartOf":{"@id":"https:\/\/ppmco.foxtrotdev.com\/#website"},"datePublished":"2022-03-30T14:53:11+00:00","dateModified":"2023-11-10T21:39:30+00:00","breadcrumb":{"@id":"https:\/\/ppmco.foxtrotdev.com\/confidentiality\/#breadcrumb"},"inLanguage":"es","potentialAction":[{"@type":"ReadAction","target":["https:\/\/ppmco.foxtrotdev.com\/confidentiality\/"]}]},{"@type":"BreadcrumbList","@id":"https:\/\/ppmco.foxtrotdev.com\/confidentiality\/#breadcrumb","itemListElement":[{"@type":"ListItem","position":1,"name":"Home","item":"https:\/\/ppmco.foxtrotdev.com\/es\/"},{"@type":"ListItem","position":2,"name":"Confidencialidad"}]},{"@type":"WebSite","@id":"https:\/\/ppmco.foxtrotdev.com\/#website","url":"https:\/\/ppmco.foxtrotdev.com\/","name":"Priority Partners MCO","description":"Low and no-cost healthcare for qualified Maryland residents","publisher":{"@id":"https:\/\/ppmco.foxtrotdev.com\/#organization"},"alternateName":"PPMCO","potentialAction":[{"@type":"SearchAction","target":{"@type":"EntryPoint","urlTemplate":"https:\/\/ppmco.foxtrotdev.com\/?s={search_term_string}"},"query-input":{"@type":"PropertyValueSpecification","valueRequired":true,"valueName":"search_term_string"}}],"inLanguage":"es"},{"@type":"Organization","@id":"https:\/\/ppmco.foxtrotdev.com\/#organization","name":"Priority Partners MCO","url":"https:\/\/ppmco.foxtrotdev.com\/","logo":{"@type":"ImageObject","inLanguage":"es","@id":"https:\/\/ppmco.foxtrotdev.com\/#\/schema\/logo\/image\/","url":"https:\/\/ppmco.foxtrotdev.com\/wp-content\/uploads\/2022\/03\/logo.png","contentUrl":"https:\/\/ppmco.foxtrotdev.com\/wp-content\/uploads\/2022\/03\/logo.png","width":635,"height":177,"caption":"Priority Partners MCO"},"image":{"@id":"https:\/\/ppmco.foxtrotdev.com\/#\/schema\/logo\/image\/"},"sameAs":["https:\/\/www.facebook.com\/PriorityPartners","https:\/\/www.youtube.com\/user\/PriorityPartners","https:\/\/www.instagram.com\/prioritypartners\/"]}]}},"_links":{"self":[{"href":"https:\/\/ppmco.foxtrotdev.com\/es\/wp-json\/wp\/v2\/pages\/14567","targetHints":{"allow":["GET"]}}],"collection":[{"href":"https:\/\/ppmco.foxtrotdev.com\/es\/wp-json\/wp\/v2\/pages"}],"about":[{"href":"https:\/\/ppmco.foxtrotdev.com\/es\/wp-json\/wp\/v2\/types\/page"}],"author":[{"embeddable":true,"href":"https:\/\/ppmco.foxtrotdev.com\/es\/wp-json\/wp\/v2\/users\/1"}],"replies":[{"embeddable":true,"href":"https:\/\/ppmco.foxtrotdev.com\/es\/wp-json\/wp\/v2\/comments?post=14567"}],"version-history":[{"count":3,"href":"https:\/\/ppmco.foxtrotdev.com\/es\/wp-json\/wp\/v2\/pages\/14567\/revisions"}],"predecessor-version":[{"id":99912913,"href":"https:\/\/ppmco.foxtrotdev.com\/es\/wp-json\/wp\/v2\/pages\/14567\/revisions\/99912913"}],"wp:attachment":[{"href":"https:\/\/ppmco.foxtrotdev.com\/es\/wp-json\/wp\/v2\/media?parent=14567"}],"curies":[{"name":"wp","href":"https:\/\/api.w.org\/{rel}","templated":true}]}}