{"id":14563,"date":"2022-08-10T13:00:40","date_gmt":"2022-08-10T13:00:40","guid":{"rendered":"https:\/\/ppmco.foxtrotdev.com\/junta-asesora-de-consumidores-de-priority-partners\/"},"modified":"2022-11-18T20:16:40","modified_gmt":"2022-11-18T20:16:40","slug":"junta-asesora-de-consumidores-de-priority-partners","status":"publish","type":"page","link":"https:\/\/ppmco.foxtrotdev.com\/es\/junta-asesora-de-consumidores-de-priority-partners\/","title":{"rendered":"Junta Asesora de Consumidores de Priority Partners"},"content":{"rendered":"<div id=\"block_62f3cc8eab0b6\" class=\"wpfox-page-header simple\" style=\"\">\r\n\t<div class=\"wrapper banner\">\r\n\t\t<div class=\"bg-glow\"><\/div>\r\n\t\t\t\t<div class=\"text-block\">\r\n\t\t\t\n\n<h1 class=\"page-title has-h-3-font-size wp-block-heading\">Junta Asesora de Consumidores de Priority Partners<\/h1>\n\n\n\n<h2 class=\"has-h-1-font-size wp-block-heading\">Trabajamos para una mejor atenci\u00f3n<\/h2>\n\n\r\n\t\t<\/div>\r\n\t\t\t<\/div>\r\n\t<\/div>\n<div class=\"wp-block-group is-style-section-padding is-layout-flow wp-block-group-is-layout-flow\">\n<p class=\"is-style-default has-intro-font-size\">Nos preocupamos por nuestros afiliados y queremos brindarles la mejor atenci\u00f3n, servicios y recursos posibles. La Junta Asesora del Consumidor de Priority Partners fue creada para proporcionar una fecha y un lugar para que los afiliados de Priority Partners compartan ideas importantes sobre c\u00f3mo mejorar los servicios de atenci\u00f3n m\u00e9dica que reciben.<\/p>\n\n\n\n<p class=\"is-style-default\">La Junta Asesora de Priority Partners se re\u00fane seis veces por a\u00f1o para hablar sobre la inscripci\u00f3n, los beneficios, el alcance, la educaci\u00f3n sobre la salud, los programas de necesidades especiales, la atenci\u00f3n al cliente, quejas y problemas. La informaci\u00f3n de los miembros de la junta se comparte con todos los departamentos de Priority Partners para ayudar a expandir y mejorar los servicios. <\/p>\n\n\n\n<p class=\"is-style-default\">Si desea participar o m\u00e1s informaci\u00f3n, comun\u00edquese con nuestros Representantes de Servicios para Afiliados llamando al <a href=\"tel:4104244965\">410-424-4965<\/a>.<\/p>\n\n\n\n<p class=\"is-style-default\"><strong>Junta Asesora de Consumidores de Priority Partners:<\/strong> May H. Shing, Mary Ashland, Guillermina Perez, Bernard Stancil, Phillip Church, Amy Selig, Jermain Rockmore, Suzanne Peterson, Nya Fulwood, Sherry Price, Tonya White, Wanda Jamison, Salma Jamil, Raja Muhammed, and Doreen Shing.<\/p>\n<\/div>\n","protected":false},"excerpt":{"rendered":"<p>Nos preocupamos por nuestros afiliados y queremos brindarles la mejor atenci\u00f3n, servicios y recursos posibles. La Junta Asesora del Consumidor&#8230;<\/p>\n","protected":false},"author":1,"featured_media":0,"parent":0,"menu_order":0,"comment_status":"closed","ping_status":"closed","template":"","meta":{"_acf_changed":false,"_relevanssi_hide_post":"","_relevanssi_hide_content":"","_relevanssi_pin_for_all":"","_relevanssi_pin_keywords":"","_relevanssi_unpin_keywords":"","_relevanssi_related_keywords":"","_relevanssi_related_include_ids":"","_relevanssi_related_exclude_ids":"","_relevanssi_related_no_append":"","_relevanssi_related_not_related":"","_relevanssi_related_posts":"","_relevanssi_noindex_reason":"","inline_featured_image":false,"footnotes":""},"class_list":["post-14563","page","type-page","status-publish","hentry"],"acf":[],"yoast_head":"<!-- This site is optimized with the Yoast SEO plugin v26.6 - https:\/\/yoast.com\/wordpress\/plugins\/seo\/ -->\n<title>Junta Asesora de Consumidores de Priority Partners - Priority Partners MCO<\/title>\n<meta name=\"robots\" content=\"index, follow, max-snippet:-1, max-image-preview:large, max-video-preview:-1\" \/>\n<link rel=\"canonical\" href=\"https:\/\/ppmco.foxtrotdev.com\/advisory-board\/\" \/>\n<meta property=\"og:locale\" content=\"es_ES\" \/>\n<meta property=\"og:type\" content=\"article\" \/>\n<meta property=\"og:title\" content=\"Junta Asesora de Consumidores de Priority Partners - Priority Partners MCO\" \/>\n<meta property=\"og:description\" content=\"Nos preocupamos por nuestros afiliados y queremos brindarles la mejor atenci\u00f3n, servicios y recursos posibles. La Junta Asesora del Consumidor...\" \/>\n<meta property=\"og:url\" content=\"https:\/\/ppmco.foxtrotdev.com\/advisory-board\/\" \/>\n<meta property=\"og:site_name\" content=\"Priority Partners MCO\" \/>\n<meta property=\"article:publisher\" content=\"https:\/\/www.facebook.com\/PriorityPartners\" \/>\n<meta property=\"article:modified_time\" content=\"2022-11-18T20:16:40+00:00\" \/>\n<meta property=\"og:image\" content=\"https:\/\/ppmco.foxtrotdev.com\/wp-content\/uploads\/2022\/11\/PPMCO_Social-Preview_facebook-1.jpg\" \/>\n\t<meta property=\"og:image:width\" content=\"1600\" \/>\n\t<meta property=\"og:image:height\" content=\"840\" \/>\n\t<meta property=\"og:image:type\" content=\"image\/jpeg\" \/>\n<meta name=\"twitter:card\" content=\"summary_large_image\" \/>\n<meta name=\"twitter:label1\" content=\"Tiempo de lectura\" \/>\n\t<meta name=\"twitter:data1\" content=\"1 minuto\" \/>\n<script type=\"application\/ld+json\" class=\"yoast-schema-graph\">{\"@context\":\"https:\/\/schema.org\",\"@graph\":[{\"@type\":\"WebPage\",\"@id\":\"https:\/\/ppmco.foxtrotdev.com\/advisory-board\/\",\"url\":\"https:\/\/ppmco.foxtrotdev.com\/advisory-board\/\",\"name\":\"Junta Asesora de Consumidores de Priority Partners - Priority Partners MCO\",\"isPartOf\":{\"@id\":\"https:\/\/ppmco.foxtrotdev.com\/#website\"},\"datePublished\":\"2022-08-10T13:00:40+00:00\",\"dateModified\":\"2022-11-18T20:16:40+00:00\",\"breadcrumb\":{\"@id\":\"https:\/\/ppmco.foxtrotdev.com\/advisory-board\/#breadcrumb\"},\"inLanguage\":\"es\",\"potentialAction\":[{\"@type\":\"ReadAction\",\"target\":[\"https:\/\/ppmco.foxtrotdev.com\/advisory-board\/\"]}]},{\"@type\":\"BreadcrumbList\",\"@id\":\"https:\/\/ppmco.foxtrotdev.com\/advisory-board\/#breadcrumb\",\"itemListElement\":[{\"@type\":\"ListItem\",\"position\":1,\"name\":\"Home\",\"item\":\"https:\/\/ppmco.foxtrotdev.com\/es\/\"},{\"@type\":\"ListItem\",\"position\":2,\"name\":\"Junta Asesora de Consumidores de Priority Partners\"}]},{\"@type\":\"WebSite\",\"@id\":\"https:\/\/ppmco.foxtrotdev.com\/#website\",\"url\":\"https:\/\/ppmco.foxtrotdev.com\/\",\"name\":\"Priority Partners MCO\",\"description\":\"Low and no-cost healthcare for qualified Maryland residents\",\"publisher\":{\"@id\":\"https:\/\/ppmco.foxtrotdev.com\/#organization\"},\"alternateName\":\"PPMCO\",\"potentialAction\":[{\"@type\":\"SearchAction\",\"target\":{\"@type\":\"EntryPoint\",\"urlTemplate\":\"https:\/\/ppmco.foxtrotdev.com\/?s={search_term_string}\"},\"query-input\":{\"@type\":\"PropertyValueSpecification\",\"valueRequired\":true,\"valueName\":\"search_term_string\"}}],\"inLanguage\":\"es\"},{\"@type\":\"Organization\",\"@id\":\"https:\/\/ppmco.foxtrotdev.com\/#organization\",\"name\":\"Priority Partners MCO\",\"url\":\"https:\/\/ppmco.foxtrotdev.com\/\",\"logo\":{\"@type\":\"ImageObject\",\"inLanguage\":\"es\",\"@id\":\"https:\/\/ppmco.foxtrotdev.com\/#\/schema\/logo\/image\/\",\"url\":\"https:\/\/ppmco.foxtrotdev.com\/wp-content\/uploads\/2022\/03\/logo.png\",\"contentUrl\":\"https:\/\/ppmco.foxtrotdev.com\/wp-content\/uploads\/2022\/03\/logo.png\",\"width\":635,\"height\":177,\"caption\":\"Priority Partners MCO\"},\"image\":{\"@id\":\"https:\/\/ppmco.foxtrotdev.com\/#\/schema\/logo\/image\/\"},\"sameAs\":[\"https:\/\/www.facebook.com\/PriorityPartners\",\"https:\/\/www.youtube.com\/user\/PriorityPartners\",\"https:\/\/www.instagram.com\/prioritypartners\/\"]}]}<\/script>\n<!-- \/ Yoast SEO plugin. -->","yoast_head_json":{"title":"Junta Asesora de Consumidores de Priority Partners - Priority Partners MCO","robots":{"index":"index","follow":"follow","max-snippet":"max-snippet:-1","max-image-preview":"max-image-preview:large","max-video-preview":"max-video-preview:-1"},"canonical":"https:\/\/ppmco.foxtrotdev.com\/advisory-board\/","og_locale":"es_ES","og_type":"article","og_title":"Junta Asesora de Consumidores de Priority Partners - Priority Partners MCO","og_description":"Nos preocupamos por nuestros afiliados y queremos brindarles la mejor atenci\u00f3n, servicios y recursos posibles. La Junta Asesora del Consumidor...","og_url":"https:\/\/ppmco.foxtrotdev.com\/advisory-board\/","og_site_name":"Priority Partners MCO","article_publisher":"https:\/\/www.facebook.com\/PriorityPartners","article_modified_time":"2022-11-18T20:16:40+00:00","og_image":[{"width":1600,"height":840,"url":"https:\/\/ppmco.foxtrotdev.com\/wp-content\/uploads\/2022\/11\/PPMCO_Social-Preview_facebook-1.jpg","type":"image\/jpeg"}],"twitter_card":"summary_large_image","twitter_misc":{"Tiempo de lectura":"1 minuto"},"schema":{"@context":"https:\/\/schema.org","@graph":[{"@type":"WebPage","@id":"https:\/\/ppmco.foxtrotdev.com\/advisory-board\/","url":"https:\/\/ppmco.foxtrotdev.com\/advisory-board\/","name":"Junta Asesora de Consumidores de Priority Partners - Priority Partners MCO","isPartOf":{"@id":"https:\/\/ppmco.foxtrotdev.com\/#website"},"datePublished":"2022-08-10T13:00:40+00:00","dateModified":"2022-11-18T20:16:40+00:00","breadcrumb":{"@id":"https:\/\/ppmco.foxtrotdev.com\/advisory-board\/#breadcrumb"},"inLanguage":"es","potentialAction":[{"@type":"ReadAction","target":["https:\/\/ppmco.foxtrotdev.com\/advisory-board\/"]}]},{"@type":"BreadcrumbList","@id":"https:\/\/ppmco.foxtrotdev.com\/advisory-board\/#breadcrumb","itemListElement":[{"@type":"ListItem","position":1,"name":"Home","item":"https:\/\/ppmco.foxtrotdev.com\/es\/"},{"@type":"ListItem","position":2,"name":"Junta Asesora de Consumidores de Priority Partners"}]},{"@type":"WebSite","@id":"https:\/\/ppmco.foxtrotdev.com\/#website","url":"https:\/\/ppmco.foxtrotdev.com\/","name":"Priority Partners MCO","description":"Low and no-cost healthcare for qualified Maryland residents","publisher":{"@id":"https:\/\/ppmco.foxtrotdev.com\/#organization"},"alternateName":"PPMCO","potentialAction":[{"@type":"SearchAction","target":{"@type":"EntryPoint","urlTemplate":"https:\/\/ppmco.foxtrotdev.com\/?s={search_term_string}"},"query-input":{"@type":"PropertyValueSpecification","valueRequired":true,"valueName":"search_term_string"}}],"inLanguage":"es"},{"@type":"Organization","@id":"https:\/\/ppmco.foxtrotdev.com\/#organization","name":"Priority Partners MCO","url":"https:\/\/ppmco.foxtrotdev.com\/","logo":{"@type":"ImageObject","inLanguage":"es","@id":"https:\/\/ppmco.foxtrotdev.com\/#\/schema\/logo\/image\/","url":"https:\/\/ppmco.foxtrotdev.com\/wp-content\/uploads\/2022\/03\/logo.png","contentUrl":"https:\/\/ppmco.foxtrotdev.com\/wp-content\/uploads\/2022\/03\/logo.png","width":635,"height":177,"caption":"Priority Partners MCO"},"image":{"@id":"https:\/\/ppmco.foxtrotdev.com\/#\/schema\/logo\/image\/"},"sameAs":["https:\/\/www.facebook.com\/PriorityPartners","https:\/\/www.youtube.com\/user\/PriorityPartners","https:\/\/www.instagram.com\/prioritypartners\/"]}]}},"_links":{"self":[{"href":"https:\/\/ppmco.foxtrotdev.com\/es\/wp-json\/wp\/v2\/pages\/14563","targetHints":{"allow":["GET"]}}],"collection":[{"href":"https:\/\/ppmco.foxtrotdev.com\/es\/wp-json\/wp\/v2\/pages"}],"about":[{"href":"https:\/\/ppmco.foxtrotdev.com\/es\/wp-json\/wp\/v2\/types\/page"}],"author":[{"embeddable":true,"href":"https:\/\/ppmco.foxtrotdev.com\/es\/wp-json\/wp\/v2\/users\/1"}],"replies":[{"embeddable":true,"href":"https:\/\/ppmco.foxtrotdev.com\/es\/wp-json\/wp\/v2\/comments?post=14563"}],"version-history":[{"count":5,"href":"https:\/\/ppmco.foxtrotdev.com\/es\/wp-json\/wp\/v2\/pages\/14563\/revisions"}],"predecessor-version":[{"id":14741,"href":"https:\/\/ppmco.foxtrotdev.com\/es\/wp-json\/wp\/v2\/pages\/14563\/revisions\/14741"}],"wp:attachment":[{"href":"https:\/\/ppmco.foxtrotdev.com\/es\/wp-json\/wp\/v2\/media?parent=14563"}],"curies":[{"name":"wp","href":"https:\/\/api.w.org\/{rel}","templated":true}]}}