{"id":14428,"date":"2022-11-11T17:09:54","date_gmt":"2022-11-11T17:09:54","guid":{"rendered":"https:\/\/ppmco.foxtrotdev.com\/?page_id=14428"},"modified":"2023-03-16T20:47:43","modified_gmt":"2023-03-16T20:47:43","slug":"atencion-de-la-vision","status":"publish","type":"page","link":"https:\/\/ppmco.foxtrotdev.com\/es\/beneficios-del-plan\/atencion-de-la-vision\/","title":{"rendered":"Atenci\u00f3n de la visi\u00f3n"},"content":{"rendered":"<div id=\"block_72e28f6bcbe61f92adde2928acee9e26\" class=\"wpfox-page-header standard has-cta\" style=\"\">\r\n\t<div class=\"wrapper banner\">\r\n\t\t<div class=\"bg-glow\"><\/div>\r\n\t\t\t\t<div class=\"text-block\">\r\n\t\t\t\n\n<h2 class=\"page-title has-h-3-font-size wp-block-heading\">Beneficios<\/h2>\n\n\n\n<h1 class=\"has-h-1-font-size wp-block-heading\">Obtenga m\u00e1s informaci\u00f3n sobre su cobertura de la vista<\/h1>\n\n\r\n\t\t<\/div>\r\n\t\t<div class='fgimage'><img loading=\"lazy\" decoding=\"async\" width=\"600\" height=\"850\" src=\"https:\/\/ppmco.foxtrotdev.com\/wp-content\/uploads\/2022\/11\/fg-vision.png\" class=\"attachment-large size-large\" alt=\"\" srcset=\"https:\/\/ppmco.foxtrotdev.com\/wp-content\/uploads\/2022\/11\/fg-vision.png 600w, https:\/\/ppmco.foxtrotdev.com\/wp-content\/uploads\/2022\/11\/fg-vision-212x300.png 212w\" sizes=\"auto, (max-width: 600px) 100vw, 600px\" \/><\/div>\t<\/div>\r\n\t\n\t\t<div class='cta-bar page-header-jumpmenu'>\n\t\t\t<form class='desktop'>\n\t\t\t\t<label>Encuentre atenci\u00f3n ahora:<\/label>\n\t\t\t\t<div class='prepend'>Necesito<\/div>\n\t\t\t\t<select class='jumpmenu'>\n\t\t\t\t\t<option value='https:\/\/pp.healthtrioconnect.com\/public-app\/consumer\/provdir\/entry.page' data-target='_blank'>un m\u00e9dico<\/option><option value='https:\/\/www.caremark.com\/' data-target='_blank'>una farmacia<\/option><option value='https:\/\/ppmco.foxtrotdev.com\/es\/find-care-now\/denatl-care\/' data-target=''>atenci\u00f3n dental<\/option><option value='https:\/\/superiorvision.com\/members\/' data-target='_blank'>atenci\u00f3n de la visi\u00f3n<\/option><option value='https:\/\/pp.healthtrioconnect.com\/public-app\/consumer\/provdir\/search.page?lat=&#038;long=&#038;searchString=&#038;sortType=NAMEASC&#038;provType=H&#038;addressState=md&#038;providerSpecialty=hospital&#038;myAddress=&#038;myCity=&#038;myState=md&#038;myZip=&#038;distance=25&#038;ageId=&#038;sexId=&#038;conditionId=&#038;xsesschk=undefined' data-target='_blank'>un hospital<\/option>\n\t\t\t\t<\/select>\n\t\t\t\t<a class='btn'>Va<\/a>\n\t\t\t<\/form>\n\t\t\t<div class='mobile'>\n\t\t\t\t\n\t\t\t\t\n\t\t\t<\/div>\n\t\t<\/div>\n\t<\/div>\n\n\n<div class=\"wp-block-group alignfull is-style-section-padding mobile-margin-bottom-0 mobile-padding-bottom-0 is-layout-flow wp-block-group-is-layout-flow\">\n<div class=\"wp-block-columns is-style-sidebar-section is-layout-flex wp-container-core-columns-is-layout-9d6595d7 wp-block-columns-is-layout-flex\">\n<div class=\"wp-block-column is-layout-flow wp-block-column-is-layout-flow\" style=\"flex-basis:66.66%\">\n<p class=\"has-intro-font-size\">Como afiliado de Priority Partners HealthChoice, sus beneficios cubren:<\/p>\n\n\n\n<ul class=\"is-style-default two-columns wp-block-list\">\n<li>1 examen de la vista por a\u00f1o<\/li>\n\n\n\n<li>1 par de lentes o lentes de contacto cada 2 a\u00f1os<\/li>\n<\/ul>\n\n\n\n<div class=\"wp-block-buttons is-layout-flex wp-block-buttons-is-layout-flex\">\n<div class=\"wp-block-button is-style-button-external\"><a class=\"wp-block-button__link has-teal-background-color has-background wp-element-button\" href=\"https:\/\/superiorvision.com\/locator\/\" target=\"_blank\" rel=\"noreferrer noopener\">Encuentre un proveedor de atenci\u00f3n de la visi\u00f3n<\/a><\/div>\n<\/div>\n<\/div>\n\n\n\n<div class=\"wp-block-column is-layout-flow wp-block-column-is-layout-flow\" style=\"flex-basis:33.33%\">\n<div class=\"wp-block-group is-style-sidebar-block has-light-purple-background-color has-background is-layout-flow wp-block-group-is-layout-flow\">\n<h3 class=\"has-text-align-center has-purple-color has-text-color wp-block-heading\">Entienda sus beneficios de Atenci\u00f3n de la visi\u00f3n<\/h3>\n\n\n\n<p class=\"has-text-align-center is-style-default has-intro-font-size\">Los servicios para la vista est\u00e1n administrados por Superior Vision. Comun\u00edquese con ellos para saber m\u00e1s sobre sus beneficios de atenci\u00f3n de la visi\u00f3n:<\/p>\n\n\n\n<div class=\"wp-block-buttons is-content-justification-center is-layout-flex wp-container-core-buttons-is-layout-16018d1d wp-block-buttons-is-layout-flex\">\n<div class=\"wp-block-button is-style-phone-icon-no-tab\"><a class=\"wp-block-button__link wp-element-button\" href=\"tel:800-428-8789 \">800-428-8789  <\/a><\/div>\n<\/div>\n\n\n\n<p class=\"has-text-align-center has-intro-font-size\">or <a href=\"https:\/\/superiorvision.com\/members\/\" target=\"_blank\" rel=\"noreferrer noopener\">superiorvision.com<\/a><\/p>\n<\/div>\n<\/div>\n<\/div>\n<\/div>\n","protected":false},"excerpt":{"rendered":"<p>Como afiliado de Priority Partners HealthChoice, sus beneficios cubren: Entienda sus beneficios de Atenci\u00f3n de la visi\u00f3n Los servicios para&#8230;<\/p>\n","protected":false},"author":7,"featured_media":0,"parent":14816,"menu_order":0,"comment_status":"closed","ping_status":"closed","template":"","meta":{"_acf_changed":false,"_relevanssi_hide_post":"","_relevanssi_hide_content":"","_relevanssi_pin_for_all":"","_relevanssi_pin_keywords":"","_relevanssi_unpin_keywords":"","_relevanssi_related_keywords":"","_relevanssi_related_include_ids":"","_relevanssi_related_exclude_ids":"","_relevanssi_related_no_append":"","_relevanssi_related_not_related":"","_relevanssi_related_posts":"12127,12167,12283,12290,11247,12276","_relevanssi_noindex_reason":"","inline_featured_image":false,"footnotes":""},"class_list":["post-14428","page","type-page","status-publish","hentry"],"acf":[],"yoast_head":"<!-- This site is optimized with the Yoast SEO plugin v26.6 - https:\/\/yoast.com\/wordpress\/plugins\/seo\/ -->\n<title>Atenci\u00f3n de la visi\u00f3n - Priority Partners MCO<\/title>\n<meta name=\"robots\" content=\"index, follow, max-snippet:-1, max-image-preview:large, max-video-preview:-1\" \/>\n<link rel=\"canonical\" href=\"https:\/\/ppmco.foxtrotdev.com\/plan-benefits\/vision-care\/\" \/>\n<meta property=\"og:locale\" content=\"es_ES\" \/>\n<meta property=\"og:type\" content=\"article\" \/>\n<meta property=\"og:title\" content=\"Atenci\u00f3n de la visi\u00f3n - Priority Partners MCO\" \/>\n<meta property=\"og:description\" content=\"Como afiliado de Priority Partners HealthChoice, sus beneficios cubren: Entienda sus beneficios de Atenci\u00f3n de la visi\u00f3n Los servicios para...\" \/>\n<meta property=\"og:url\" content=\"https:\/\/ppmco.foxtrotdev.com\/plan-benefits\/vision-care\/\" \/>\n<meta property=\"og:site_name\" content=\"Priority Partners MCO\" \/>\n<meta property=\"article:publisher\" content=\"https:\/\/www.facebook.com\/PriorityPartners\" \/>\n<meta property=\"article:modified_time\" content=\"2023-03-16T20:47:43+00:00\" \/>\n<meta property=\"og:image\" content=\"https:\/\/ppmco.foxtrotdev.com\/wp-content\/uploads\/2022\/11\/PPMCO_Social-Preview_facebook-1.jpg\" \/>\n\t<meta property=\"og:image:width\" content=\"1600\" \/>\n\t<meta property=\"og:image:height\" content=\"840\" \/>\n\t<meta property=\"og:image:type\" content=\"image\/jpeg\" \/>\n<meta name=\"twitter:card\" content=\"summary_large_image\" \/>\n<meta name=\"twitter:label1\" content=\"Tiempo de lectura\" \/>\n\t<meta name=\"twitter:data1\" content=\"1 minuto\" \/>\n<script type=\"application\/ld+json\" class=\"yoast-schema-graph\">{\"@context\":\"https:\/\/schema.org\",\"@graph\":[{\"@type\":\"WebPage\",\"@id\":\"https:\/\/ppmco.foxtrotdev.com\/plan-benefits\/vision-care\/\",\"url\":\"https:\/\/ppmco.foxtrotdev.com\/plan-benefits\/vision-care\/\",\"name\":\"Atenci\u00f3n de la visi\u00f3n - Priority Partners MCO\",\"isPartOf\":{\"@id\":\"https:\/\/ppmco.foxtrotdev.com\/#website\"},\"datePublished\":\"2022-11-11T17:09:54+00:00\",\"dateModified\":\"2023-03-16T20:47:43+00:00\",\"breadcrumb\":{\"@id\":\"https:\/\/ppmco.foxtrotdev.com\/plan-benefits\/vision-care\/#breadcrumb\"},\"inLanguage\":\"es\",\"potentialAction\":[{\"@type\":\"ReadAction\",\"target\":[\"https:\/\/ppmco.foxtrotdev.com\/plan-benefits\/vision-care\/\"]}]},{\"@type\":\"BreadcrumbList\",\"@id\":\"https:\/\/ppmco.foxtrotdev.com\/plan-benefits\/vision-care\/#breadcrumb\",\"itemListElement\":[{\"@type\":\"ListItem\",\"position\":1,\"name\":\"Home\",\"item\":\"https:\/\/ppmco.foxtrotdev.com\/es\/\"},{\"@type\":\"ListItem\",\"position\":2,\"name\":\"Beneficios\",\"item\":\"https:\/\/ppmco.foxtrotdev.com\/es\/beneficios-del-plan\/\"},{\"@type\":\"ListItem\",\"position\":3,\"name\":\"Atenci\u00f3n de la visi\u00f3n\"}]},{\"@type\":\"WebSite\",\"@id\":\"https:\/\/ppmco.foxtrotdev.com\/#website\",\"url\":\"https:\/\/ppmco.foxtrotdev.com\/\",\"name\":\"Priority Partners MCO\",\"description\":\"Low and no-cost healthcare for qualified Maryland residents\",\"publisher\":{\"@id\":\"https:\/\/ppmco.foxtrotdev.com\/#organization\"},\"alternateName\":\"PPMCO\",\"potentialAction\":[{\"@type\":\"SearchAction\",\"target\":{\"@type\":\"EntryPoint\",\"urlTemplate\":\"https:\/\/ppmco.foxtrotdev.com\/?s={search_term_string}\"},\"query-input\":{\"@type\":\"PropertyValueSpecification\",\"valueRequired\":true,\"valueName\":\"search_term_string\"}}],\"inLanguage\":\"es\"},{\"@type\":\"Organization\",\"@id\":\"https:\/\/ppmco.foxtrotdev.com\/#organization\",\"name\":\"Priority Partners MCO\",\"url\":\"https:\/\/ppmco.foxtrotdev.com\/\",\"logo\":{\"@type\":\"ImageObject\",\"inLanguage\":\"es\",\"@id\":\"https:\/\/ppmco.foxtrotdev.com\/#\/schema\/logo\/image\/\",\"url\":\"https:\/\/ppmco.foxtrotdev.com\/wp-content\/uploads\/2022\/03\/logo.png\",\"contentUrl\":\"https:\/\/ppmco.foxtrotdev.com\/wp-content\/uploads\/2022\/03\/logo.png\",\"width\":635,\"height\":177,\"caption\":\"Priority Partners MCO\"},\"image\":{\"@id\":\"https:\/\/ppmco.foxtrotdev.com\/#\/schema\/logo\/image\/\"},\"sameAs\":[\"https:\/\/www.facebook.com\/PriorityPartners\",\"https:\/\/www.youtube.com\/user\/PriorityPartners\",\"https:\/\/www.instagram.com\/prioritypartners\/\"]}]}<\/script>\n<!-- \/ Yoast SEO plugin. -->","yoast_head_json":{"title":"Atenci\u00f3n de la visi\u00f3n - Priority Partners MCO","robots":{"index":"index","follow":"follow","max-snippet":"max-snippet:-1","max-image-preview":"max-image-preview:large","max-video-preview":"max-video-preview:-1"},"canonical":"https:\/\/ppmco.foxtrotdev.com\/plan-benefits\/vision-care\/","og_locale":"es_ES","og_type":"article","og_title":"Atenci\u00f3n de la visi\u00f3n - Priority Partners MCO","og_description":"Como afiliado de Priority Partners HealthChoice, sus beneficios cubren: Entienda sus beneficios de Atenci\u00f3n de la visi\u00f3n Los servicios para...","og_url":"https:\/\/ppmco.foxtrotdev.com\/plan-benefits\/vision-care\/","og_site_name":"Priority Partners MCO","article_publisher":"https:\/\/www.facebook.com\/PriorityPartners","article_modified_time":"2023-03-16T20:47:43+00:00","og_image":[{"width":1600,"height":840,"url":"https:\/\/ppmco.foxtrotdev.com\/wp-content\/uploads\/2022\/11\/PPMCO_Social-Preview_facebook-1.jpg","type":"image\/jpeg"}],"twitter_card":"summary_large_image","twitter_misc":{"Tiempo de lectura":"1 minuto"},"schema":{"@context":"https:\/\/schema.org","@graph":[{"@type":"WebPage","@id":"https:\/\/ppmco.foxtrotdev.com\/plan-benefits\/vision-care\/","url":"https:\/\/ppmco.foxtrotdev.com\/plan-benefits\/vision-care\/","name":"Atenci\u00f3n de la visi\u00f3n - Priority Partners MCO","isPartOf":{"@id":"https:\/\/ppmco.foxtrotdev.com\/#website"},"datePublished":"2022-11-11T17:09:54+00:00","dateModified":"2023-03-16T20:47:43+00:00","breadcrumb":{"@id":"https:\/\/ppmco.foxtrotdev.com\/plan-benefits\/vision-care\/#breadcrumb"},"inLanguage":"es","potentialAction":[{"@type":"ReadAction","target":["https:\/\/ppmco.foxtrotdev.com\/plan-benefits\/vision-care\/"]}]},{"@type":"BreadcrumbList","@id":"https:\/\/ppmco.foxtrotdev.com\/plan-benefits\/vision-care\/#breadcrumb","itemListElement":[{"@type":"ListItem","position":1,"name":"Home","item":"https:\/\/ppmco.foxtrotdev.com\/es\/"},{"@type":"ListItem","position":2,"name":"Beneficios","item":"https:\/\/ppmco.foxtrotdev.com\/es\/beneficios-del-plan\/"},{"@type":"ListItem","position":3,"name":"Atenci\u00f3n de la visi\u00f3n"}]},{"@type":"WebSite","@id":"https:\/\/ppmco.foxtrotdev.com\/#website","url":"https:\/\/ppmco.foxtrotdev.com\/","name":"Priority Partners MCO","description":"Low and no-cost healthcare for qualified Maryland residents","publisher":{"@id":"https:\/\/ppmco.foxtrotdev.com\/#organization"},"alternateName":"PPMCO","potentialAction":[{"@type":"SearchAction","target":{"@type":"EntryPoint","urlTemplate":"https:\/\/ppmco.foxtrotdev.com\/?s={search_term_string}"},"query-input":{"@type":"PropertyValueSpecification","valueRequired":true,"valueName":"search_term_string"}}],"inLanguage":"es"},{"@type":"Organization","@id":"https:\/\/ppmco.foxtrotdev.com\/#organization","name":"Priority Partners MCO","url":"https:\/\/ppmco.foxtrotdev.com\/","logo":{"@type":"ImageObject","inLanguage":"es","@id":"https:\/\/ppmco.foxtrotdev.com\/#\/schema\/logo\/image\/","url":"https:\/\/ppmco.foxtrotdev.com\/wp-content\/uploads\/2022\/03\/logo.png","contentUrl":"https:\/\/ppmco.foxtrotdev.com\/wp-content\/uploads\/2022\/03\/logo.png","width":635,"height":177,"caption":"Priority Partners MCO"},"image":{"@id":"https:\/\/ppmco.foxtrotdev.com\/#\/schema\/logo\/image\/"},"sameAs":["https:\/\/www.facebook.com\/PriorityPartners","https:\/\/www.youtube.com\/user\/PriorityPartners","https:\/\/www.instagram.com\/prioritypartners\/"]}]}},"_links":{"self":[{"href":"https:\/\/ppmco.foxtrotdev.com\/es\/wp-json\/wp\/v2\/pages\/14428","targetHints":{"allow":["GET"]}}],"collection":[{"href":"https:\/\/ppmco.foxtrotdev.com\/es\/wp-json\/wp\/v2\/pages"}],"about":[{"href":"https:\/\/ppmco.foxtrotdev.com\/es\/wp-json\/wp\/v2\/types\/page"}],"author":[{"embeddable":true,"href":"https:\/\/ppmco.foxtrotdev.com\/es\/wp-json\/wp\/v2\/users\/7"}],"replies":[{"embeddable":true,"href":"https:\/\/ppmco.foxtrotdev.com\/es\/wp-json\/wp\/v2\/comments?post=14428"}],"version-history":[{"count":5,"href":"https:\/\/ppmco.foxtrotdev.com\/es\/wp-json\/wp\/v2\/pages\/14428\/revisions"}],"predecessor-version":[{"id":15447,"href":"https:\/\/ppmco.foxtrotdev.com\/es\/wp-json\/wp\/v2\/pages\/14428\/revisions\/15447"}],"up":[{"embeddable":true,"href":"https:\/\/ppmco.foxtrotdev.com\/es\/wp-json\/wp\/v2\/pages\/14816"}],"wp:attachment":[{"href":"https:\/\/ppmco.foxtrotdev.com\/es\/wp-json\/wp\/v2\/media?parent=14428"}],"curies":[{"name":"wp","href":"https:\/\/api.w.org\/{rel}","templated":true}]}}