{"id":14140,"date":"2022-10-17T16:28:18","date_gmt":"2022-10-17T16:28:18","guid":{"rendered":"https:\/\/ppmco.foxtrotdev.com\/?page_id=14140"},"modified":"2023-11-20T18:19:05","modified_gmt":"2023-11-20T18:19:05","slug":"defensores-de-la-salud-comunitaria","status":"publish","type":"page","link":"https:\/\/ppmco.foxtrotdev.com\/es\/obtenga-apoyo-gratuita\/defensores-de-la-salud-comunitaria\/","title":{"rendered":"Representantes de Salud Comunitaria"},"content":{"rendered":"<div id=\"block_3a94ebce7debd13a0cd27d27519cd45b\" class=\"wpfox-page-header standard has-cta\" style=\"--fgimage-xpos: 120; --heading-width: 60;\">\r\n\t<div class=\"wrapper banner\">\r\n\t\t<div class=\"bg-glow\"><\/div>\r\n\t\t\t\t<div class=\"text-block\">\r\n\t\t\t\n\n<h1 class=\"wp-block-heading page-title has-h-3-font-size\">Apoyo comunitario<\/h1>\n\n\n\n<h2 class=\"wp-block-heading has-h-1-font-size\">Representantes de Salud Comunitaria<\/h2>\n\n\r\n\t\t<\/div>\r\n\t\t<div class='fgimage'><img loading=\"lazy\" decoding=\"async\" width=\"668\" height=\"866\" src=\"https:\/\/ppmco.foxtrotdev.com\/wp-content\/uploads\/2022\/10\/community-health.png\" class=\"attachment-large size-large\" alt=\"\" srcset=\"https:\/\/ppmco.foxtrotdev.com\/wp-content\/uploads\/2022\/10\/community-health.png 668w, https:\/\/ppmco.foxtrotdev.com\/wp-content\/uploads\/2022\/10\/community-health-231x300.png 231w\" sizes=\"auto, (max-width: 668px) 100vw, 668px\" \/><\/div>\t<\/div>\r\n\t\n\t\t<div class='cta-bar page-header-jumpmenu'>\n\t\t\t<form class='desktop'>\n\t\t\t\t<label>Encuentre atenci\u00f3n ahora:<\/label>\n\t\t\t\t<div class='prepend'>Necesito<\/div>\n\t\t\t\t<select class='jumpmenu'>\n\t\t\t\t\t<option value='https:\/\/pp.healthtrioconnect.com\/public-app\/consumer\/provdir\/entry.page' data-target='_blank'>un m\u00e9dico<\/option><option value='https:\/\/www.caremark.com\/' data-target='_blank'>una farmacia<\/option><option value='https:\/\/ppmco.foxtrotdev.com\/es\/find-care-now\/denatl-care\/' data-target=''>atenci\u00f3n dental<\/option><option value='https:\/\/superiorvision.com\/members\/' data-target='_blank'>atenci\u00f3n de la visi\u00f3n<\/option><option value='https:\/\/pp.healthtrioconnect.com\/public-app\/consumer\/provdir\/search.page?lat=&#038;long=&#038;searchString=&#038;sortType=NAMEASC&#038;provType=H&#038;addressState=md&#038;providerSpecialty=hospital&#038;myAddress=&#038;myCity=&#038;myState=md&#038;myZip=&#038;distance=25&#038;ageId=&#038;sexId=&#038;conditionId=&#038;xsesschk=undefined' data-target='_blank'>un hospital<\/option>\n\t\t\t\t<\/select>\n\t\t\t\t<a class='btn'>Va<\/a>\n\t\t\t<\/form>\n\t\t\t<div class='mobile'>\n\t\t\t\t\n\t\t\t\t\n\t\t\t<\/div>\n\t\t<\/div>\n\t<\/div>\n<div class=\"wp-block-group alignfull is-style-section-padding mobile-margin-bottom-0 mobile-padding-bottom-0 is-layout-flow wp-block-group-is-layout-flow\">\n<div class=\"wp-block-columns is-style-sidebar-section is-layout-flex wp-container-core-columns-is-layout-9d6595d7 wp-block-columns-is-layout-flex\">\n<div class=\"wp-block-column is-layout-flow wp-block-column-is-layout-flow\" style=\"flex-basis:66.66%\">\n<p class=\"is-style-default has-intro-font-size\"><strong>El programa de Representantes de Salud Comunitaria (CHA, por sus siglas en ingl\u00e9s) de Priority Partners est\u00e1 dise\u00f1ado para brindar servicios educativos e informaci\u00f3n sobre recursos comunitarios a nuestros afiliados en general como as\u00ed tambi\u00e9n a residentes de la comunidad local.<\/strong><\/p>\n\n\n\n<p class=\"is-style-default\">El programa CHA ofrece una <a href=\"#events\">variedad de clases educativas relacionadas<\/a> con la salud para adultos y ni\u00f1os. Trabajan en proyectos de salud colaborativos, participan en ferias de salud locales y asisten a eventos comunitarios. Tambi\u00e9n hay disponibles CHA de habla hispana.<\/p>\n\n\n\n<p class=\"is-style-default\">Los Representantes de Salud Comunitaria tambi\u00e9n brindan recursos importantes e informaci\u00f3n sobre la salud a su \u00e1rea. \u00a1Inf\u00f3rmenos sobre los eventos que se realizan en su comunidad! Nuestros Representantes de Salud Comunitaria act\u00faan en proyectos de salud colaborativos, participan en ferias de salud locales y asisten a eventos comunitarios. Tambi\u00e9n hay disponibles Representantes de Salud Comunitaria que hablan en espa\u00f1ol. <\/p>\n\n\n\n<p class=\"is-style-default\"><strong>Los Representantes de Salud Comunitaria brindan apoyo in situ para ayudar a los afiliados de Priority Partners a:<\/strong><\/p>\n\n\n\n<ul class=\"wp-block-list\">\n<li>Recibir una nueva tarjeta de identificaci\u00f3n de Priority Partners<\/li>\n\n\n\n<li>Explicar los beneficios de atenci\u00f3n de la salud<\/li>\n\n\n\n<li>Recibir servicios de extensi\u00f3n o gesti\u00f3n<\/li>\n\n\n\n<li>Recibir ayuda con el transporte<\/li>\n\n\n\n<li>Completar formularios de reinscripci\u00f3n<\/li>\n\n\n\n<li>Cambiar su direcci\u00f3n<\/li>\n\n\n\n<li>Buscar un m\u00e9dico de atenci\u00f3n primaria<\/li>\n\n\n\n<li>Unirse a la Junta Asesora de Consumidores<\/li>\n<\/ul>\n\n\n\n<div class=\"wp-block-buttons is-layout-flex wp-block-buttons-is-layout-flex\">\n<div class=\"wp-block-button\"><a class=\"wp-block-button__link wp-element-button\" href=\"#events\">Averig\u00fce d\u00f3nde estar\u00e1n este mes<\/a><\/div>\n<\/div>\n\n\n\n<div class=\"wp-block-buttons is-style-margin-top-35 is-layout-flex wp-block-buttons-is-layout-flex\">\n<div class=\"wp-block-button is-style-fill\"><a class=\"wp-block-button__link has-gold-background-color has-background wp-element-button\" href=\"https:\/\/ppmco.foxtrotdev.com\/es\/defensores-de-la-salud-comunitaria-en-accion\/\">See Our Recent Activities<\/a><\/div>\n<\/div>\n<\/div>\n\n\n\n<div class=\"wp-block-column is-layout-flow wp-block-column-is-layout-flow\" style=\"flex-basis:33.33%\">\n<div class=\"wp-block-group is-style-sidebar-block has-light-purple-background-color has-background is-layout-flow wp-block-group-is-layout-flow\">\n<h3 class=\"wp-block-heading has-text-align-center has-purple-color has-text-color\">Encuentre informaci\u00f3n sobre nuestro programa CHA<\/h3>\n\n\n\n<p class=\"has-text-align-center has-intro-font-size\">Para m\u00e1s informaci\u00f3n sobre el programa de Representantes de Salud Comunitaria, para programar una presentaci\u00f3n sobre la salud o pedirnos que vayamos a un evento, llame al:<\/p>\n\n\n\n<div class=\"wp-block-buttons is-style-margin-top-15 is-content-justification-center is-layout-flex wp-container-core-buttons-is-layout-16018d1d wp-block-buttons-is-layout-flex\">\n<div class=\"wp-block-button is-style-phone-icon-no-tab\"><a class=\"wp-block-button__link has-purple-background-color has-background wp-element-button\" href=\"tel:14107625284\">410-762-5284<\/a><\/div>\n<\/div>\n<\/div>\n<\/div>\n<\/div>\n<\/div>\n\n<div class=\"wp-block-group alignfull is-style-section-padding has-light-purple-background-color has-background is-layout-flow wp-block-group-is-layout-flow\">\n<div class=\"wp-block-columns are-vertically-aligned-center is-layout-flex wp-container-core-columns-is-layout-9d6595d7 wp-block-columns-is-layout-flex\">\n<div class=\"wp-block-column is-vertically-aligned-center is-layout-flow wp-block-column-is-layout-flow\">\n<figure class=\"wp-block-image size-full is-resized\"><img loading=\"lazy\" decoding=\"async\" width=\"206\" height=\"204\" src=\"https:\/\/ppmco.foxtrotdev.com\/wp-content\/uploads\/2022\/10\/Group-19871.png\" alt=\"\" class=\"wp-image-14169\" style=\"width:102px\" srcset=\"https:\/\/ppmco.foxtrotdev.com\/wp-content\/uploads\/2022\/10\/Group-19871.png 206w, https:\/\/ppmco.foxtrotdev.com\/wp-content\/uploads\/2022\/10\/Group-19871-150x150.png 150w\" sizes=\"auto, (max-width: 206px) 100vw, 206px\" \/><\/figure>\n\n\n\n<h2 class=\"wp-block-heading is-style-default has-h-2-featured-font-size\">Representantes de Salud Comunitaria<\/h2>\n\n\n\n<p class=\"is-style-default has-intro-font-size\">Nuestros Representantes de Salud Comunitaria tambi\u00e9n ir\u00e1n a su iglesia, escuela, departamento de salud u otro establecimiento para brindar presentaciones y recursos de salud sin ning\u00fan costo a grupos de cinco personas o m\u00e1s. Las presentaciones est\u00e1n disponibles en ingl\u00e9s y espa\u00f1ol.<\/p>\n\n\n\n<p class=\"is-style-default has-intro-font-size\">Para m\u00e1s informaci\u00f3n sobre el programa de Representantes de Salud Comunitaria, para programar una presentaci\u00f3n sobre la salud o pedirnos que vayamos a un evento, llame al <a href=\"tel:14107625284\">410-762-5284<\/a>.<\/p>\n<\/div>\n\n\n\n<div class=\"wp-block-column is-vertically-aligned-center is-layout-flow wp-block-column-is-layout-flow\">\n<h4 class=\"wp-block-heading is-style-default has-purple-color has-text-color has-h-4-featured-font-size\">Algunos de los temas de presentaci\u00f3n incluyen:<\/h4>\n\n\n\n<ul class=\"wp-block-list\">\n<li>Asma<\/li>\n\n\n\n<li>C\u00f3mo adaptarse al fr\u00edo<\/li>\n\n\n\n<li>Salud dental<\/li>\n\n\n\n<li>Salud dental para los ni\u00f1os<\/li>\n\n\n\n<li>Diabetes<\/li>\n\n\n\n<li>G\u00e9rmenes\/Gripe<\/li>\n\n\n\n<li>Salud card\u00edaca<\/li>\n\n\n\n<li>Vacunas<\/li>\n\n\n\n<li>Salud de los hombres<\/li>\n\n\n\n<li>Nutrici\u00f3n\/Obesidad<\/li>\n\n\n\n<li>Recursos para padres<\/li>\n\n\n\n<li>Healthy Habits<\/li>\n\n\n\n<li>Reducci\u00f3n del estr\u00e9s<\/li>\n\n\n\n<li>Dejar de fumar<\/li>\n\n\n\n<li>Qu\u00e9 hacer cuando va a tener un beb\u00e9<\/li>\n\n\n\n<li>Qu\u00e9 hacer cuando su hijo est\u00e1 enfermo<\/li>\n<\/ul>\n<\/div>\n<\/div>\n<\/div>\n\n<div id=\"events\" class=\"wp-block-group is-style-section-padding is-layout-flow wp-block-group-is-layout-flow\">\n\t\t<div class='community-main-listing'>\n\t\t\t\n\t\t\t<div class='row justify-content-between gap-20'>\n\t\t\t\t\n\t\t\t<div class='col col-12 col-md-auto'>\n\t\t\t\t<h2 class='is-style-default has-purple-color has-text-color'>Pr\u00f3ximos Eventos<\/h2>\n\t\t\t<\/div>\n\t\t\n\t\t\t\t\n\t\t\t<div class='col-sort col col-12 col-md-auto'>\n\t\t\t\t<div class='community-main-filters'>\n\t\t\t\t\t<form class='filter'>\n\t\t\t\t\t\t<div class='sortby-field'>\n\t\t\t\t\t\t\t<div class='label has-purple-color has-text-color'>Sort by:<\/div> \n\t\t\t\t\t\t\t<select class='sortby'>\n\t\t\t\t\t\t\t\t<option value='topic'>Topic<\/option><option value='date'>Date<\/option>\n\t\t\t\t\t\t\t<\/select>\n\t\t\t\t\t\t<\/div>\n\t\t\t\t\t<\/form>\n\t\t\t\t<\/div>\n\t\t\t<\/div>\n\t\t\n\t\t\t<\/div>\n\t\t\n\t\t\t<div class='listings'>\n\t\t\t\t\n\t\t\t<div class='community-accordion'>\n\t\t\t\t\n\t\t\t<\/div>\n\t\t\n\t\t\t\t\n\t\t\t\t\n\t\t\t<div class='community-listing'>\n\t\t\t\t\n\t\t\t\t<div class='community-load-more' style='display:none;'><div class='wp-block-buttons'><div class='wp-block-button is-style-outline'><a href='#' class='wp-block-button__link'>Load More<\/a><\/div><\/div><\/div>\n\t\t\t<\/div>\n\t\t\n\t\t\t<\/div>\n\t\t<\/div>\n\t<\/div>\n\n<div class=\"wp-block-group alignfull is-style-section-padding has-light-teal-background-color has-background is-layout-flow wp-block-group-is-layout-flow\">\n<div class=\"wp-block-columns are-vertically-aligned-center is-layout-flex wp-container-core-columns-is-layout-9d6595d7 wp-block-columns-is-layout-flex\">\n<div class=\"wp-block-column is-vertically-aligned-center is-layout-flow wp-block-column-is-layout-flow\">\n<h2 class=\"wp-block-heading has-purple-color has-text-color\">Programas comunitarios<\/h2>\n\n\n\n<p class=\"is-style-default has-intro-font-size\">A trav\u00e9s de programas comunitarios, puede trabajar con personas que comprenden sus necesidades individuales.<\/p>\n\n\n\n<p class=\"is-style-default has-intro-font-size\">Estos incluyen capacitaci\u00f3n laboral, vivienda segura, guarder\u00eda y preescolar, ayuda en casos de desastre, ayuda para pagar bienes y servicios, y mucho m\u00e1s.<\/p>\n<\/div>\n\n\n\n<div class=\"wp-block-column is-vertically-aligned-center is-layout-flow wp-block-column-is-layout-flow\"><div id=\"block_7de9907698d1db4034f8d6fcea44531b\" class=\"wpfox-aside-block custom\">\r\n\t<div class='aside-title'><h5>Recursos para Afiliados<\/h5><\/div>\t<div class=\"aside-block\">\r\n\t\t\t\t\t\t<div class=\"wrapper\">\r\n\t\t\t\t\t\n\n<h3 class=\"wp-block-heading has-text-align-center is-style-default\">\u00bfNecesita ayuda?<\/h3>\n\n\n\n<iframe loading=\"lazy\" src=\"https:\/\/www.auntbertha.com\/widget\/v2\/partner\/JHHealth?ref=https:\/\/ppmco.foxtrotdev.com\/&#038;btn_color=743ABC&#038;show_branding=true&#038;form_desc=Search+free+and+reduced+cost+services+like+medical+care,+food,+housing,%20and+more+in+your+area:&#038;btn_color=1bb0c3\" width=\"100%\" height=\"235\" frameborder=\"0\" scrolling=\"no\"><\/iframe>\n\n\r\n\t\t\t\t<\/div>\r\n\t\t\t\t\t<\/div>\r\n\t<\/div><\/div>\n<\/div>\n<\/div>\n","protected":false},"excerpt":{"rendered":"<p>El programa de Representantes de Salud Comunitaria (CHA, por sus siglas en ingl\u00e9s) de Priority Partners est\u00e1 dise\u00f1ado para brindar&#8230;<\/p>\n","protected":false},"author":1,"featured_media":0,"parent":1068,"menu_order":0,"comment_status":"closed","ping_status":"closed","template":"","meta":{"_acf_changed":false,"_relevanssi_hide_post":"","_relevanssi_hide_content":"","_relevanssi_pin_for_all":"","_relevanssi_pin_keywords":"","_relevanssi_unpin_keywords":"","_relevanssi_related_keywords":"","_relevanssi_related_include_ids":"","_relevanssi_related_exclude_ids":"","_relevanssi_related_no_append":"","_relevanssi_related_not_related":"","_relevanssi_related_posts":"11270,14303,10942,14131,9667,11247","_relevanssi_noindex_reason":"","inline_featured_image":false,"footnotes":""},"class_list":["post-14140","page","type-page","status-publish","hentry"],"acf":[],"yoast_head":"<!-- This site is optimized with the Yoast SEO plugin v26.6 - https:\/\/yoast.com\/wordpress\/plugins\/seo\/ -->\n<title>Representantes de Salud Comunitaria - Priority Partners MCO<\/title>\n<meta name=\"description\" content=\"Priority Partners Community Health Advocates (CHA) program offers a variety of health-related educational classes for adults and children.\" \/>\n<meta name=\"robots\" content=\"index, follow, max-snippet:-1, max-image-preview:large, max-video-preview:-1\" \/>\n<link rel=\"canonical\" href=\"https:\/\/ppmco.foxtrotdev.com\/get-free-support\/community-health-advocates\/\" \/>\n<meta property=\"og:locale\" content=\"es_ES\" \/>\n<meta property=\"og:type\" content=\"article\" \/>\n<meta property=\"og:title\" content=\"Representantes de Salud Comunitaria - Priority Partners MCO\" \/>\n<meta property=\"og:description\" content=\"Priority Partners Community Health Advocates (CHA) program offers a variety of health-related educational classes for adults and children.\" \/>\n<meta property=\"og:url\" content=\"https:\/\/ppmco.foxtrotdev.com\/get-free-support\/community-health-advocates\/\" \/>\n<meta property=\"og:site_name\" content=\"Priority Partners MCO\" \/>\n<meta property=\"article:publisher\" content=\"https:\/\/www.facebook.com\/PriorityPartners\" \/>\n<meta property=\"article:modified_time\" content=\"2023-11-20T18:19:05+00:00\" \/>\n<meta property=\"og:image\" content=\"https:\/\/ppmco.foxtrotdev.com\/wp-content\/uploads\/2022\/10\/Group-19871.png\" \/>\n<meta name=\"twitter:card\" content=\"summary_large_image\" \/>\n<meta name=\"twitter:label1\" content=\"Tiempo de lectura\" \/>\n\t<meta name=\"twitter:data1\" content=\"3 minutos\" \/>\n<script type=\"application\/ld+json\" class=\"yoast-schema-graph\">{\"@context\":\"https:\/\/schema.org\",\"@graph\":[{\"@type\":\"WebPage\",\"@id\":\"https:\/\/ppmco.foxtrotdev.com\/get-free-support\/community-health-advocates\/\",\"url\":\"https:\/\/ppmco.foxtrotdev.com\/get-free-support\/community-health-advocates\/\",\"name\":\"Representantes de Salud Comunitaria - Priority Partners MCO\",\"isPartOf\":{\"@id\":\"https:\/\/ppmco.foxtrotdev.com\/#website\"},\"primaryImageOfPage\":{\"@id\":\"https:\/\/ppmco.foxtrotdev.com\/get-free-support\/community-health-advocates\/#primaryimage\"},\"image\":{\"@id\":\"https:\/\/ppmco.foxtrotdev.com\/get-free-support\/community-health-advocates\/#primaryimage\"},\"thumbnailUrl\":\"https:\/\/ppmco.foxtrotdev.com\/wp-content\/uploads\/2022\/10\/Group-19871.png\",\"datePublished\":\"2022-10-17T16:28:18+00:00\",\"dateModified\":\"2023-11-20T18:19:05+00:00\",\"description\":\"Priority Partners Community Health Advocates (CHA) program offers a variety of health-related educational classes for adults and children.\",\"breadcrumb\":{\"@id\":\"https:\/\/ppmco.foxtrotdev.com\/get-free-support\/community-health-advocates\/#breadcrumb\"},\"inLanguage\":\"es\",\"potentialAction\":[{\"@type\":\"ReadAction\",\"target\":[\"https:\/\/ppmco.foxtrotdev.com\/get-free-support\/community-health-advocates\/\"]}]},{\"@type\":\"ImageObject\",\"inLanguage\":\"es\",\"@id\":\"https:\/\/ppmco.foxtrotdev.com\/get-free-support\/community-health-advocates\/#primaryimage\",\"url\":\"https:\/\/ppmco.foxtrotdev.com\/wp-content\/uploads\/2022\/10\/Group-19871.png\",\"contentUrl\":\"https:\/\/ppmco.foxtrotdev.com\/wp-content\/uploads\/2022\/10\/Group-19871.png\"},{\"@type\":\"BreadcrumbList\",\"@id\":\"https:\/\/ppmco.foxtrotdev.com\/get-free-support\/community-health-advocates\/#breadcrumb\",\"itemListElement\":[{\"@type\":\"ListItem\",\"position\":1,\"name\":\"Home\",\"item\":\"https:\/\/ppmco.foxtrotdev.com\/es\/\"},{\"@type\":\"ListItem\",\"position\":2,\"name\":\"Encuentre Apoyo Gratis\",\"item\":\"https:\/\/ppmco.foxtrotdev.com\/get-free-support\/\"},{\"@type\":\"ListItem\",\"position\":3,\"name\":\"Representantes de Salud Comunitaria\"}]},{\"@type\":\"WebSite\",\"@id\":\"https:\/\/ppmco.foxtrotdev.com\/#website\",\"url\":\"https:\/\/ppmco.foxtrotdev.com\/\",\"name\":\"Priority Partners MCO\",\"description\":\"Low and no-cost healthcare for qualified Maryland residents\",\"publisher\":{\"@id\":\"https:\/\/ppmco.foxtrotdev.com\/#organization\"},\"alternateName\":\"PPMCO\",\"potentialAction\":[{\"@type\":\"SearchAction\",\"target\":{\"@type\":\"EntryPoint\",\"urlTemplate\":\"https:\/\/ppmco.foxtrotdev.com\/?s={search_term_string}\"},\"query-input\":{\"@type\":\"PropertyValueSpecification\",\"valueRequired\":true,\"valueName\":\"search_term_string\"}}],\"inLanguage\":\"es\"},{\"@type\":\"Organization\",\"@id\":\"https:\/\/ppmco.foxtrotdev.com\/#organization\",\"name\":\"Priority Partners MCO\",\"url\":\"https:\/\/ppmco.foxtrotdev.com\/\",\"logo\":{\"@type\":\"ImageObject\",\"inLanguage\":\"es\",\"@id\":\"https:\/\/ppmco.foxtrotdev.com\/#\/schema\/logo\/image\/\",\"url\":\"https:\/\/ppmco.foxtrotdev.com\/wp-content\/uploads\/2022\/03\/logo.png\",\"contentUrl\":\"https:\/\/ppmco.foxtrotdev.com\/wp-content\/uploads\/2022\/03\/logo.png\",\"width\":635,\"height\":177,\"caption\":\"Priority Partners MCO\"},\"image\":{\"@id\":\"https:\/\/ppmco.foxtrotdev.com\/#\/schema\/logo\/image\/\"},\"sameAs\":[\"https:\/\/www.facebook.com\/PriorityPartners\",\"https:\/\/www.youtube.com\/user\/PriorityPartners\",\"https:\/\/www.instagram.com\/prioritypartners\/\"]}]}<\/script>\n<!-- \/ Yoast SEO plugin. -->","yoast_head_json":{"title":"Representantes de Salud Comunitaria - Priority Partners MCO","description":"Priority Partners Community Health Advocates (CHA) program offers a variety of health-related educational classes for adults and children.","robots":{"index":"index","follow":"follow","max-snippet":"max-snippet:-1","max-image-preview":"max-image-preview:large","max-video-preview":"max-video-preview:-1"},"canonical":"https:\/\/ppmco.foxtrotdev.com\/get-free-support\/community-health-advocates\/","og_locale":"es_ES","og_type":"article","og_title":"Representantes de Salud Comunitaria - Priority Partners MCO","og_description":"Priority Partners Community Health Advocates (CHA) program offers a variety of health-related educational classes for adults and children.","og_url":"https:\/\/ppmco.foxtrotdev.com\/get-free-support\/community-health-advocates\/","og_site_name":"Priority Partners MCO","article_publisher":"https:\/\/www.facebook.com\/PriorityPartners","article_modified_time":"2023-11-20T18:19:05+00:00","og_image":[{"url":"https:\/\/ppmco.foxtrotdev.com\/wp-content\/uploads\/2022\/10\/Group-19871.png","type":"","width":"","height":""}],"twitter_card":"summary_large_image","twitter_misc":{"Tiempo de lectura":"3 minutos"},"schema":{"@context":"https:\/\/schema.org","@graph":[{"@type":"WebPage","@id":"https:\/\/ppmco.foxtrotdev.com\/get-free-support\/community-health-advocates\/","url":"https:\/\/ppmco.foxtrotdev.com\/get-free-support\/community-health-advocates\/","name":"Representantes de Salud Comunitaria - Priority Partners MCO","isPartOf":{"@id":"https:\/\/ppmco.foxtrotdev.com\/#website"},"primaryImageOfPage":{"@id":"https:\/\/ppmco.foxtrotdev.com\/get-free-support\/community-health-advocates\/#primaryimage"},"image":{"@id":"https:\/\/ppmco.foxtrotdev.com\/get-free-support\/community-health-advocates\/#primaryimage"},"thumbnailUrl":"https:\/\/ppmco.foxtrotdev.com\/wp-content\/uploads\/2022\/10\/Group-19871.png","datePublished":"2022-10-17T16:28:18+00:00","dateModified":"2023-11-20T18:19:05+00:00","description":"Priority Partners Community Health Advocates (CHA) program offers a variety of health-related educational classes for adults and children.","breadcrumb":{"@id":"https:\/\/ppmco.foxtrotdev.com\/get-free-support\/community-health-advocates\/#breadcrumb"},"inLanguage":"es","potentialAction":[{"@type":"ReadAction","target":["https:\/\/ppmco.foxtrotdev.com\/get-free-support\/community-health-advocates\/"]}]},{"@type":"ImageObject","inLanguage":"es","@id":"https:\/\/ppmco.foxtrotdev.com\/get-free-support\/community-health-advocates\/#primaryimage","url":"https:\/\/ppmco.foxtrotdev.com\/wp-content\/uploads\/2022\/10\/Group-19871.png","contentUrl":"https:\/\/ppmco.foxtrotdev.com\/wp-content\/uploads\/2022\/10\/Group-19871.png"},{"@type":"BreadcrumbList","@id":"https:\/\/ppmco.foxtrotdev.com\/get-free-support\/community-health-advocates\/#breadcrumb","itemListElement":[{"@type":"ListItem","position":1,"name":"Home","item":"https:\/\/ppmco.foxtrotdev.com\/es\/"},{"@type":"ListItem","position":2,"name":"Encuentre Apoyo Gratis","item":"https:\/\/ppmco.foxtrotdev.com\/get-free-support\/"},{"@type":"ListItem","position":3,"name":"Representantes de Salud Comunitaria"}]},{"@type":"WebSite","@id":"https:\/\/ppmco.foxtrotdev.com\/#website","url":"https:\/\/ppmco.foxtrotdev.com\/","name":"Priority Partners MCO","description":"Low and no-cost healthcare for qualified Maryland residents","publisher":{"@id":"https:\/\/ppmco.foxtrotdev.com\/#organization"},"alternateName":"PPMCO","potentialAction":[{"@type":"SearchAction","target":{"@type":"EntryPoint","urlTemplate":"https:\/\/ppmco.foxtrotdev.com\/?s={search_term_string}"},"query-input":{"@type":"PropertyValueSpecification","valueRequired":true,"valueName":"search_term_string"}}],"inLanguage":"es"},{"@type":"Organization","@id":"https:\/\/ppmco.foxtrotdev.com\/#organization","name":"Priority Partners MCO","url":"https:\/\/ppmco.foxtrotdev.com\/","logo":{"@type":"ImageObject","inLanguage":"es","@id":"https:\/\/ppmco.foxtrotdev.com\/#\/schema\/logo\/image\/","url":"https:\/\/ppmco.foxtrotdev.com\/wp-content\/uploads\/2022\/03\/logo.png","contentUrl":"https:\/\/ppmco.foxtrotdev.com\/wp-content\/uploads\/2022\/03\/logo.png","width":635,"height":177,"caption":"Priority Partners MCO"},"image":{"@id":"https:\/\/ppmco.foxtrotdev.com\/#\/schema\/logo\/image\/"},"sameAs":["https:\/\/www.facebook.com\/PriorityPartners","https:\/\/www.youtube.com\/user\/PriorityPartners","https:\/\/www.instagram.com\/prioritypartners\/"]}]}},"_links":{"self":[{"href":"https:\/\/ppmco.foxtrotdev.com\/es\/wp-json\/wp\/v2\/pages\/14140","targetHints":{"allow":["GET"]}}],"collection":[{"href":"https:\/\/ppmco.foxtrotdev.com\/es\/wp-json\/wp\/v2\/pages"}],"about":[{"href":"https:\/\/ppmco.foxtrotdev.com\/es\/wp-json\/wp\/v2\/types\/page"}],"author":[{"embeddable":true,"href":"https:\/\/ppmco.foxtrotdev.com\/es\/wp-json\/wp\/v2\/users\/1"}],"replies":[{"embeddable":true,"href":"https:\/\/ppmco.foxtrotdev.com\/es\/wp-json\/wp\/v2\/comments?post=14140"}],"version-history":[{"count":5,"href":"https:\/\/ppmco.foxtrotdev.com\/es\/wp-json\/wp\/v2\/pages\/14140\/revisions"}],"predecessor-version":[{"id":99913051,"href":"https:\/\/ppmco.foxtrotdev.com\/es\/wp-json\/wp\/v2\/pages\/14140\/revisions\/99913051"}],"up":[{"embeddable":true,"href":"https:\/\/ppmco.foxtrotdev.com\/es\/wp-json\/wp\/v2\/pages\/1068"}],"wp:attachment":[{"href":"https:\/\/ppmco.foxtrotdev.com\/es\/wp-json\/wp\/v2\/media?parent=14140"}],"curies":[{"name":"wp","href":"https:\/\/api.w.org\/{rel}","templated":true}]}}