{"id":12715,"date":"2022-07-01T19:15:56","date_gmt":"2022-07-01T19:15:56","guid":{"rendered":"https:\/\/ppmco.foxtrotdev.com\/member-resources\/renew-my-membership\/"},"modified":"2025-04-29T16:27:22","modified_gmt":"2025-04-29T16:27:22","slug":"renovar-mi-membresia","status":"publish","type":"page","link":"https:\/\/ppmco.foxtrotdev.com\/es\/recursos-para-miembros\/renovar-mi-membresia\/","title":{"rendered":"C\u00f3mo renovar mi membres\u00eda"},"content":{"rendered":"<div id=\"block_0ad9b1ac97416ffbd66485c1873d9f63\" class=\"wpfox-page-header standard\" style=\"\">\r\n\t<div class=\"wrapper banner\">\r\n\t\t<div class=\"bg-glow\"><\/div>\r\n\t\t\t\t<div class=\"text-block\">\r\n\t\t\t\n\n<h1 class=\"wp-block-heading page-title has-h-3-font-size\">C\u00f3mo renovar mi membres\u00eda<\/h1>\n\n\n\n<h2 class=\"wp-block-heading has-h-1-font-size\">Volver a solicitar la membres\u00eda<\/h2>\n\n\n\n<div class=\"wp-block-buttons is-layout-flex wp-block-buttons-is-layout-flex\">\n<div class=\"wp-block-button is-style-fill\"><a class=\"wp-block-button__link has-purple-color has-gold-background-color has-text-color has-background has-normal-font-size has-custom-font-size wp-element-button\" href=\"#renew\">Como renovar<\/a><\/div>\n<\/div>\n\n\r\n\t\t<\/div>\r\n\t\t<div class='fgimage'><img loading=\"lazy\" decoding=\"async\" width=\"646\" height=\"800\" src=\"https:\/\/ppmco.foxtrotdev.com\/wp-content\/uploads\/2022\/07\/fg-renew.png\" class=\"attachment-large size-large\" alt=\"\" srcset=\"https:\/\/ppmco.foxtrotdev.com\/wp-content\/uploads\/2022\/07\/fg-renew.png 646w, https:\/\/ppmco.foxtrotdev.com\/wp-content\/uploads\/2022\/07\/fg-renew-242x300.png 242w\" sizes=\"auto, (max-width: 646px) 100vw, 646px\" \/><\/div>\t<\/div>\r\n\t<\/div>\n<div class=\"wp-block-group is-style-section-padding is-layout-flow wp-block-group-is-layout-flow\">\n<div class=\"wp-block-group is-style-default is-layout-flow wp-block-group-is-layout-flow\">\n<h2 class=\"wp-block-heading has-text-align-center is-style-default has-purple-color has-text-color\">Es posible que necesite renovar sus beneficios de Medicaid cada 12 meses<\/h2>\n\n\n\n<p class=\"has-text-align-center has-intro-font-size\">Nos pondremos en contacto con usted cuando llegue el momento de renovar su cobertura. Tambi\u00e9n recibir\u00e1 una carta del Departamento de Salud de Maryland con los pasos a seguir. <a href=\"https:\/\/www.marylandhealthconnection.gov\/after-you-enroll\/renewal\/\" target=\"_blank\" rel=\"noreferrer noopener\">Obtenga m\u00e1s informaci\u00f3n sobre la renovaci\u00f3n de Medicaid<\/a>.  <\/p>\n\n\n\n<p class=\"has-text-align-center has-intro-font-size\">Aseg\u00farese de que su informaci\u00f3n de contacto est\u00e9 actualizada.<\/p>\n<\/div>\n\n\n\n<h3 class=\"wp-block-heading has-text-align-center has-h-3-font-size\" id=\"renew\">Puede renovar su membres\u00eda de tres maneras:<\/h3>\n<\/div>\n\n<div class=\"wp-block-group callouts-section is-style-section-padding is-layout-flow wp-block-group-is-layout-flow\">\n<div class=\"wp-block-columns is-layout-flex wp-container-core-columns-is-layout-9d6595d7 wp-block-columns-is-layout-flex\">\n<div class=\"wp-block-column is-layout-flow wp-block-column-is-layout-flow\" style=\"flex-basis:33.34%\">\n<figure class=\"wp-block-image aligncenter size-full\"><img decoding=\"async\" src=\"https:\/\/ppmco.foxtrotdev.com\/wp-content\/uploads\/2022\/07\/Icon-&#x2013;-Computer.png\" alt=\"\" class=\"wp-image-786\"\/><\/figure>\n\n\n\n<h3 class=\"wp-block-heading has-text-align-center has-h-3-featured-font-size\">En l\u00ednea en Maryland Health Connection<\/h3>\n\n\n\n<p class=\"has-text-align-center\"><a href=\"https:\/\/app.marylandhealthconnection.gov\/hixmobile\/AHCT\/DisplayUserLogin.action?languageCode=en\" target=\"_blank\" rel=\"noreferrer noopener\">Inicie sesi\u00f3n en su cuenta<\/a> y luego dir\u00edjase a \u201cIniciar nueva solicitud\u201d en los enlaces r\u00e1pidos de la p\u00e1gina de inicio de la cuenta.<\/p>\n\n\n\n<div class=\"wp-block-buttons is-content-justification-center is-layout-flex wp-container-core-buttons-is-layout-16018d1d wp-block-buttons-is-layout-flex\">\n<div class=\"wp-block-button is-style-link-external\"><a class=\"wp-block-button__link wp-element-button\" href=\"https:\/\/app.marylandhealthconnection.gov\/hixmobile\/AHCT\/DisplayUserLogin.action?languageCode=en\" target=\"_blank\" rel=\"noreferrer noopener\">Aplique en l\u00ednea<\/a><\/div>\n<\/div>\n<\/div>\n\n\n\n<div class=\"wp-block-column is-layout-flow wp-block-column-is-layout-flow\" style=\"flex-basis:33.34%\">\n<figure class=\"wp-block-image aligncenter size-full\"><img loading=\"lazy\" decoding=\"async\" width=\"140\" height=\"192\" src=\"https:\/\/ppmco.foxtrotdev.com\/wp-content\/uploads\/2022\/07\/Path-17095.png\" alt=\"\" class=\"wp-image-788\"\/><\/figure>\n\n\n\n<h3 class=\"wp-block-heading has-text-align-center has-h-3-featured-font-size\">En la aplicaci\u00f3n m\u00f3vil de Maryland Health Connection<\/h3>\n\n\n\n<p class=\"has-text-align-center\">Aplique con la aplicaci\u00f3n m\u00f3vil gratuita de Maryland Health Connection, <strong>Enroll MHC<\/strong>.<\/p>\n\n\n<div id=\"block_7d3ecf09cd31e6faf0272b8f11963abd\" class=\"wpfox-ondemand-buttons is-style-align-center\">\r\n    <div class=\"ondemand-buttons\">\r\n\t\t<div class='ondemand-button'><a href='https:\/\/apps.apple.com\/us\/app\/maryland-health-connection\/id1138320353?ign-mpt=uo%3D4' target='_blank'><img loading=\"lazy\" decoding=\"async\" width=\"300\" height=\"100\" src=\"https:\/\/ppmco.foxtrotdev.com\/wp-content\/uploads\/2022\/07\/apple-app-300x100.png\" class=\"attachment-medium size-medium\" alt=\"\" srcset=\"https:\/\/ppmco.foxtrotdev.com\/wp-content\/uploads\/2022\/07\/apple-app-300x100.png 300w, https:\/\/ppmco.foxtrotdev.com\/wp-content\/uploads\/2022\/07\/apple-app.png 499w\" sizes=\"auto, (max-width: 300px) 100vw, 300px\" \/><\/a><\/div><div class='ondemand-button'><a href='https:\/\/play.google.com\/store\/apps\/details?id=com.marylandhealthconnection.mobile&#038;hl=en_US' target='_blank'><img loading=\"lazy\" decoding=\"async\" width=\"300\" height=\"100\" src=\"https:\/\/ppmco.foxtrotdev.com\/wp-content\/uploads\/2022\/07\/button-google-300x100.png\" class=\"attachment-medium size-medium\" alt=\"\" srcset=\"https:\/\/ppmco.foxtrotdev.com\/wp-content\/uploads\/2022\/07\/button-google-300x100.png 300w, https:\/\/ppmco.foxtrotdev.com\/wp-content\/uploads\/2022\/07\/button-google.png 499w\" sizes=\"auto, (max-width: 300px) 100vw, 300px\" \/><\/a><\/div>\t<\/div>\r\n<\/div><\/div>\n\n\n\n<div class=\"wp-block-column is-layout-flow wp-block-column-is-layout-flow\" style=\"flex-basis:33.33%\">\n<figure class=\"wp-block-image aligncenter size-full\"><img decoding=\"async\" src=\"https:\/\/ppmco.foxtrotdev.com\/wp-content\/uploads\/2022\/07\/Icon-&#x2013;-Phone.png\" alt=\"\" class=\"wp-image-789\"\/><\/figure>\n\n\n\n<h3 class=\"wp-block-heading has-text-align-center has-h-3-featured-font-size\">Por tel\u00e9fono<\/h3>\n\n\n\n<p class=\"has-text-align-center\">Llame al Centro de atenci\u00f3n telef\u00f3nica de Maryland Health Connection al <a href=\"tel:18556428572\">855-642-8572<\/a>.<\/p>\n<\/div>\n<\/div>\n<\/div>\n\n<div class=\"wp-block-group is-style-section-padding is-layout-flow wp-block-group-is-layout-flow\">\n<div class=\"wp-block-group is-style-note-section is-layout-flow wp-block-group-is-layout-flow\">\n<p>NOTA: <em>Si seleccion\u00f3 el bot\u00f3n de \u00abinscripci\u00f3n autom\u00e1tica\u00bb en el sitio web de Maryland Health Connection, podr\u00eda reinscribirse autom\u00e1ticamente en sus beneficios por hasta 5 a\u00f1os.<\/em> <a href=\"https:\/\/app.marylandhealthconnection.gov\/hixmobile\/AHCT\/DisplayUserLogin.action?languageCode=en\" target=\"_blank\" rel=\"noreferrer noopener\">Inicie sesi\u00f3n<\/a> en su cuenta para verificarlo.<\/p>\n\n\n\n<p>HealthChoice es un programa del Departamento de Salud de Maryland.<\/p>\n<\/div>\n<\/div>\n\n<p id=\"events\"><\/p>\n\n\t\t<div class='community-main-listing'>\n\t\t\t\n\t\t\t<div class='row justify-content-between gap-20'>\n\t\t\t\t\n\t\t\t<div class='col col-12 col-md-auto'>\n\t\t\t\t<h2 class='is-style-default has-purple-color has-text-color'>Pr\u00f3ximos Eventos<\/h2>\n\t\t\t<\/div>\n\t\t\n\t\t\t\t\n\t\t\t<div class='col-sort col col-12 col-md-auto'>\n\t\t\t\t<div class='community-main-filters'>\n\t\t\t\t\t<form class='filter'>\n\t\t\t\t\t\t<div class='sortby-field'>\n\t\t\t\t\t\t\t<div class='label has-purple-color has-text-color'>Sort by:<\/div> \n\t\t\t\t\t\t\t<select class='sortby'>\n\t\t\t\t\t\t\t\t<option value='class'>Location<\/option><option value='date'>Date<\/option>\n\t\t\t\t\t\t\t<\/select>\n\t\t\t\t\t\t<\/div>\n\t\t\t\t\t<\/form>\n\t\t\t\t<\/div>\n\t\t\t<\/div>\n\t\t\n\t\t\t<\/div>\n\t\t\n\t\t\t<div class='listings'>\n\t\t\t\t\n\t\t\t\t\n\t\t\t<div class='community-classes'>\n\t\t\t\t\n\t\t\t\t<div class='community-load-more' style='display:none;'><div class='wp-block-buttons'><div class='wp-block-button is-style-outline'><a href='#' class='wp-block-button__link'>Load More<\/a><\/div><\/div><\/div>\n\t\t\t<\/div>\n\t\t\n\t\t\t\t\n\t\t\t<div class='community-listing'>\n\t\t\t\t\n\t\t\t\t<div class='community-load-more' style='display:none;'><div class='wp-block-buttons'><div class='wp-block-button is-style-outline'><a href='#' class='wp-block-button__link'>Load More<\/a><\/div><\/div><\/div>\n\t\t\t<\/div>\n\t\t\n\t\t\t<\/div>\n\t\t<\/div>\n\t\n<div style=\"height:100px\" aria-hidden=\"true\" class=\"wp-block-spacer\"><\/div>\n<div id=\"block_8bebad5d6b899d91cb1fee34f12b8bf5\" class=\"wpfox-text-image-section default-padding circle\">\r\n\t<div class=\"wrapper has-purple-background-color\">\r\n\t\t<div class=\"row row-text-image image-left\">\r\n\t\t\t<div class=\"col col-text\">\r\n\t\t\t\t\n\n<h2 class=\"wp-block-heading has-h-2-featured-font-size\">\u00bfNecesita m\u00e1s ayuda?<\/h2>\n\n\n\n<p class=\"is-style-default has-intro-font-size\">Si necesita ayuda con su solicitud, llame al Centro de llamadas de Maryland Health Connection:<\/p>\n\n\n\n<div class=\"wp-block-buttons is-style-margin-top-10 is-layout-flex wp-block-buttons-is-layout-flex\">\n<div class=\"wp-block-button is-style-phone-icon-no-tab\"><a class=\"wp-block-button__link has-white-color has-gold-background-color has-text-color has-background wp-element-button\" href=\"tel:8556428572\">855-642-8572<\/a><\/div>\n<\/div>\n\n\n\n<div class=\"wp-block-buttons is-style-margin-top-20 is-layout-flex wp-block-buttons-is-layout-flex\">\n<div class=\"wp-block-button is-style-fill\"><a class=\"wp-block-button__link has-gold-background-color has-background wp-element-button\" href=\"#renew\">Como renovar<\/a><\/div>\n<\/div>\n\n\r\n\t\t\t<\/div>\r\n\t\t\t<div class=\"col col-image\">\r\n\t\t\t\t\r\n\t\t\r\n\t\t\t<div class='image-wrapper'>\r\n\t\t\t\t<img loading=\"lazy\" decoding=\"async\" width=\"1024\" height=\"1024\" src=\"https:\/\/ppmco.foxtrotdev.com\/wp-content\/uploads\/2022\/07\/help-1024x1024.jpg\" class=\"attachment-large size-large\" alt=\"\" srcset=\"https:\/\/ppmco.foxtrotdev.com\/wp-content\/uploads\/2022\/07\/help-1024x1024.jpg 1024w, https:\/\/ppmco.foxtrotdev.com\/wp-content\/uploads\/2022\/07\/help-300x300.jpg 300w, https:\/\/ppmco.foxtrotdev.com\/wp-content\/uploads\/2022\/07\/help-150x150.jpg 150w, https:\/\/ppmco.foxtrotdev.com\/wp-content\/uploads\/2022\/07\/help-768x768.jpg 768w, https:\/\/ppmco.foxtrotdev.com\/wp-content\/uploads\/2022\/07\/help-1536x1536.jpg 1536w, https:\/\/ppmco.foxtrotdev.com\/wp-content\/uploads\/2022\/07\/help.jpg 1920w\" sizes=\"auto, (max-width: 1024px) 100vw, 1024px\" \/>\r\n\t\t\t<\/div>\r\n\t\t\r\n\t\t\r\n\t\t\t\t<\/div>\r\n\t\t<\/div>\r\n\t<\/div>\r\n<\/div>\n<p><\/p>\n","protected":false},"excerpt":{"rendered":"<p>Es posible que necesite renovar sus beneficios de Medicaid cada 12 meses Nos pondremos en contacto con usted cuando llegue&#8230;<\/p>\n","protected":false},"author":1,"featured_media":851,"parent":1066,"menu_order":0,"comment_status":"closed","ping_status":"closed","template":"","meta":{"_acf_changed":false,"_relevanssi_hide_post":"","_relevanssi_hide_content":"","_relevanssi_pin_for_all":"","_relevanssi_pin_keywords":"","_relevanssi_unpin_keywords":"","_relevanssi_related_keywords":"","_relevanssi_related_include_ids":"","_relevanssi_related_exclude_ids":"","_relevanssi_related_no_append":"","_relevanssi_related_not_related":"","_relevanssi_related_posts":"12185,12167,12174,12158,12283,14918","_relevanssi_noindex_reason":"","inline_featured_image":false,"footnotes":""},"class_list":["post-12715","page","type-page","status-publish","has-post-thumbnail","hentry"],"acf":[],"yoast_head":"<!-- This site is optimized with the Yoast SEO plugin v26.6 - https:\/\/yoast.com\/wordpress\/plugins\/seo\/ -->\n<title>C\u00f3mo renovar mi membres\u00eda - Priority Partners MCO<\/title>\n<meta name=\"description\" content=\"Cuando llegue el momento de renovar su membres\u00eda, recibir\u00e1 una carta del Departamento de Salud de Maryland. Puede renovarla a trav\u00e9s de la aplicaci\u00f3n, en l\u00ednea o por tel\u00e9fono.\" \/>\n<meta name=\"robots\" content=\"index, follow, max-snippet:-1, max-image-preview:large, max-video-preview:-1\" \/>\n<link rel=\"canonical\" href=\"https:\/\/ppmco.foxtrotdev.com\/member-resources\/renew-my-membership\/\" \/>\n<meta property=\"og:locale\" content=\"es_ES\" \/>\n<meta property=\"og:type\" content=\"article\" \/>\n<meta property=\"og:title\" content=\"C\u00f3mo renovar mi membres\u00eda\" \/>\n<meta property=\"og:description\" content=\"Nos pondremos en contacto con usted cuando llegue el momento de renovar su licencia. Tambi\u00e9n recibir\u00e1 una carta del Departamento de Salud de Maryland con los pasos a seguir.\" \/>\n<meta property=\"og:url\" content=\"https:\/\/ppmco.foxtrotdev.com\/member-resources\/renew-my-membership\/\" \/>\n<meta property=\"og:site_name\" content=\"Priority Partners MCO\" \/>\n<meta property=\"article:publisher\" content=\"https:\/\/www.facebook.com\/PriorityPartners\" \/>\n<meta property=\"article:modified_time\" content=\"2025-04-29T16:27:22+00:00\" \/>\n<meta property=\"og:image\" content=\"https:\/\/ppmco.foxtrotdev.com\/wp-content\/uploads\/2022\/07\/fg-renew-242x300.png\" \/>\n<meta name=\"twitter:card\" content=\"summary_large_image\" \/>\n<meta name=\"twitter:label1\" content=\"Tiempo de lectura\" \/>\n\t<meta name=\"twitter:data1\" content=\"2 minutos\" \/>\n<script type=\"application\/ld+json\" class=\"yoast-schema-graph\">{\"@context\":\"https:\/\/schema.org\",\"@graph\":[{\"@type\":\"WebPage\",\"@id\":\"https:\/\/ppmco.foxtrotdev.com\/member-resources\/renew-my-membership\/\",\"url\":\"https:\/\/ppmco.foxtrotdev.com\/member-resources\/renew-my-membership\/\",\"name\":\"C\u00f3mo renovar mi membres\u00eda - Priority Partners MCO\",\"isPartOf\":{\"@id\":\"https:\/\/ppmco.foxtrotdev.com\/#website\"},\"primaryImageOfPage\":{\"@id\":\"https:\/\/ppmco.foxtrotdev.com\/member-resources\/renew-my-membership\/#primaryimage\"},\"image\":{\"@id\":\"https:\/\/ppmco.foxtrotdev.com\/member-resources\/renew-my-membership\/#primaryimage\"},\"thumbnailUrl\":\"https:\/\/ppmco.foxtrotdev.com\/wp-content\/uploads\/2022\/07\/fg-renew.png\",\"datePublished\":\"2022-07-01T19:15:56+00:00\",\"dateModified\":\"2025-04-29T16:27:22+00:00\",\"description\":\"Cuando llegue el momento de renovar su membres\u00eda, recibir\u00e1 una carta del Departamento de Salud de Maryland. Puede renovarla a trav\u00e9s de la aplicaci\u00f3n, en l\u00ednea o por tel\u00e9fono.\",\"breadcrumb\":{\"@id\":\"https:\/\/ppmco.foxtrotdev.com\/member-resources\/renew-my-membership\/#breadcrumb\"},\"inLanguage\":\"es\",\"potentialAction\":[{\"@type\":\"ReadAction\",\"target\":[\"https:\/\/ppmco.foxtrotdev.com\/member-resources\/renew-my-membership\/\"]}]},{\"@type\":\"ImageObject\",\"inLanguage\":\"es\",\"@id\":\"https:\/\/ppmco.foxtrotdev.com\/member-resources\/renew-my-membership\/#primaryimage\",\"url\":\"https:\/\/ppmco.foxtrotdev.com\/wp-content\/uploads\/2022\/07\/fg-renew.png\",\"contentUrl\":\"https:\/\/ppmco.foxtrotdev.com\/wp-content\/uploads\/2022\/07\/fg-renew.png\",\"width\":646,\"height\":800},{\"@type\":\"BreadcrumbList\",\"@id\":\"https:\/\/ppmco.foxtrotdev.com\/member-resources\/renew-my-membership\/#breadcrumb\",\"itemListElement\":[{\"@type\":\"ListItem\",\"position\":1,\"name\":\"Home\",\"item\":\"https:\/\/ppmco.foxtrotdev.com\/es\/\"},{\"@type\":\"ListItem\",\"position\":2,\"name\":\"Recursos para Afiliados\",\"item\":\"https:\/\/ppmco.foxtrotdev.com\/es\/recursos-para-miembros\/\"},{\"@type\":\"ListItem\",\"position\":3,\"name\":\"C\u00f3mo renovar mi membres\u00eda\"}]},{\"@type\":\"WebSite\",\"@id\":\"https:\/\/ppmco.foxtrotdev.com\/#website\",\"url\":\"https:\/\/ppmco.foxtrotdev.com\/\",\"name\":\"Priority Partners MCO\",\"description\":\"Low and no-cost healthcare for qualified Maryland residents\",\"publisher\":{\"@id\":\"https:\/\/ppmco.foxtrotdev.com\/#organization\"},\"alternateName\":\"PPMCO\",\"potentialAction\":[{\"@type\":\"SearchAction\",\"target\":{\"@type\":\"EntryPoint\",\"urlTemplate\":\"https:\/\/ppmco.foxtrotdev.com\/?s={search_term_string}\"},\"query-input\":{\"@type\":\"PropertyValueSpecification\",\"valueRequired\":true,\"valueName\":\"search_term_string\"}}],\"inLanguage\":\"es\"},{\"@type\":\"Organization\",\"@id\":\"https:\/\/ppmco.foxtrotdev.com\/#organization\",\"name\":\"Priority Partners MCO\",\"url\":\"https:\/\/ppmco.foxtrotdev.com\/\",\"logo\":{\"@type\":\"ImageObject\",\"inLanguage\":\"es\",\"@id\":\"https:\/\/ppmco.foxtrotdev.com\/#\/schema\/logo\/image\/\",\"url\":\"https:\/\/ppmco.foxtrotdev.com\/wp-content\/uploads\/2022\/03\/logo.png\",\"contentUrl\":\"https:\/\/ppmco.foxtrotdev.com\/wp-content\/uploads\/2022\/03\/logo.png\",\"width\":635,\"height\":177,\"caption\":\"Priority Partners MCO\"},\"image\":{\"@id\":\"https:\/\/ppmco.foxtrotdev.com\/#\/schema\/logo\/image\/\"},\"sameAs\":[\"https:\/\/www.facebook.com\/PriorityPartners\",\"https:\/\/www.youtube.com\/user\/PriorityPartners\",\"https:\/\/www.instagram.com\/prioritypartners\/\"]}]}<\/script>\n<!-- \/ Yoast SEO plugin. -->","yoast_head_json":{"title":"C\u00f3mo renovar mi membres\u00eda - Priority Partners MCO","description":"Cuando llegue el momento de renovar su membres\u00eda, recibir\u00e1 una carta del Departamento de Salud de Maryland. Puede renovarla a trav\u00e9s de la aplicaci\u00f3n, en l\u00ednea o por tel\u00e9fono.","robots":{"index":"index","follow":"follow","max-snippet":"max-snippet:-1","max-image-preview":"max-image-preview:large","max-video-preview":"max-video-preview:-1"},"canonical":"https:\/\/ppmco.foxtrotdev.com\/member-resources\/renew-my-membership\/","og_locale":"es_ES","og_type":"article","og_title":"C\u00f3mo renovar mi membres\u00eda","og_description":"Nos pondremos en contacto con usted cuando llegue el momento de renovar su licencia. Tambi\u00e9n recibir\u00e1 una carta del Departamento de Salud de Maryland con los pasos a seguir.","og_url":"https:\/\/ppmco.foxtrotdev.com\/member-resources\/renew-my-membership\/","og_site_name":"Priority Partners MCO","article_publisher":"https:\/\/www.facebook.com\/PriorityPartners","article_modified_time":"2025-04-29T16:27:22+00:00","og_image":[{"url":"https:\/\/ppmco.foxtrotdev.com\/wp-content\/uploads\/2022\/07\/fg-renew-242x300.png","type":"","width":"","height":""}],"twitter_card":"summary_large_image","twitter_misc":{"Tiempo de lectura":"2 minutos"},"schema":{"@context":"https:\/\/schema.org","@graph":[{"@type":"WebPage","@id":"https:\/\/ppmco.foxtrotdev.com\/member-resources\/renew-my-membership\/","url":"https:\/\/ppmco.foxtrotdev.com\/member-resources\/renew-my-membership\/","name":"C\u00f3mo renovar mi membres\u00eda - Priority Partners MCO","isPartOf":{"@id":"https:\/\/ppmco.foxtrotdev.com\/#website"},"primaryImageOfPage":{"@id":"https:\/\/ppmco.foxtrotdev.com\/member-resources\/renew-my-membership\/#primaryimage"},"image":{"@id":"https:\/\/ppmco.foxtrotdev.com\/member-resources\/renew-my-membership\/#primaryimage"},"thumbnailUrl":"https:\/\/ppmco.foxtrotdev.com\/wp-content\/uploads\/2022\/07\/fg-renew.png","datePublished":"2022-07-01T19:15:56+00:00","dateModified":"2025-04-29T16:27:22+00:00","description":"Cuando llegue el momento de renovar su membres\u00eda, recibir\u00e1 una carta del Departamento de Salud de Maryland. Puede renovarla a trav\u00e9s de la aplicaci\u00f3n, en l\u00ednea o por tel\u00e9fono.","breadcrumb":{"@id":"https:\/\/ppmco.foxtrotdev.com\/member-resources\/renew-my-membership\/#breadcrumb"},"inLanguage":"es","potentialAction":[{"@type":"ReadAction","target":["https:\/\/ppmco.foxtrotdev.com\/member-resources\/renew-my-membership\/"]}]},{"@type":"ImageObject","inLanguage":"es","@id":"https:\/\/ppmco.foxtrotdev.com\/member-resources\/renew-my-membership\/#primaryimage","url":"https:\/\/ppmco.foxtrotdev.com\/wp-content\/uploads\/2022\/07\/fg-renew.png","contentUrl":"https:\/\/ppmco.foxtrotdev.com\/wp-content\/uploads\/2022\/07\/fg-renew.png","width":646,"height":800},{"@type":"BreadcrumbList","@id":"https:\/\/ppmco.foxtrotdev.com\/member-resources\/renew-my-membership\/#breadcrumb","itemListElement":[{"@type":"ListItem","position":1,"name":"Home","item":"https:\/\/ppmco.foxtrotdev.com\/es\/"},{"@type":"ListItem","position":2,"name":"Recursos para Afiliados","item":"https:\/\/ppmco.foxtrotdev.com\/es\/recursos-para-miembros\/"},{"@type":"ListItem","position":3,"name":"C\u00f3mo renovar mi membres\u00eda"}]},{"@type":"WebSite","@id":"https:\/\/ppmco.foxtrotdev.com\/#website","url":"https:\/\/ppmco.foxtrotdev.com\/","name":"Priority Partners MCO","description":"Low and no-cost healthcare for qualified Maryland residents","publisher":{"@id":"https:\/\/ppmco.foxtrotdev.com\/#organization"},"alternateName":"PPMCO","potentialAction":[{"@type":"SearchAction","target":{"@type":"EntryPoint","urlTemplate":"https:\/\/ppmco.foxtrotdev.com\/?s={search_term_string}"},"query-input":{"@type":"PropertyValueSpecification","valueRequired":true,"valueName":"search_term_string"}}],"inLanguage":"es"},{"@type":"Organization","@id":"https:\/\/ppmco.foxtrotdev.com\/#organization","name":"Priority Partners MCO","url":"https:\/\/ppmco.foxtrotdev.com\/","logo":{"@type":"ImageObject","inLanguage":"es","@id":"https:\/\/ppmco.foxtrotdev.com\/#\/schema\/logo\/image\/","url":"https:\/\/ppmco.foxtrotdev.com\/wp-content\/uploads\/2022\/03\/logo.png","contentUrl":"https:\/\/ppmco.foxtrotdev.com\/wp-content\/uploads\/2022\/03\/logo.png","width":635,"height":177,"caption":"Priority Partners MCO"},"image":{"@id":"https:\/\/ppmco.foxtrotdev.com\/#\/schema\/logo\/image\/"},"sameAs":["https:\/\/www.facebook.com\/PriorityPartners","https:\/\/www.youtube.com\/user\/PriorityPartners","https:\/\/www.instagram.com\/prioritypartners\/"]}]}},"_links":{"self":[{"href":"https:\/\/ppmco.foxtrotdev.com\/es\/wp-json\/wp\/v2\/pages\/12715","targetHints":{"allow":["GET"]}}],"collection":[{"href":"https:\/\/ppmco.foxtrotdev.com\/es\/wp-json\/wp\/v2\/pages"}],"about":[{"href":"https:\/\/ppmco.foxtrotdev.com\/es\/wp-json\/wp\/v2\/types\/page"}],"author":[{"embeddable":true,"href":"https:\/\/ppmco.foxtrotdev.com\/es\/wp-json\/wp\/v2\/users\/1"}],"replies":[{"embeddable":true,"href":"https:\/\/ppmco.foxtrotdev.com\/es\/wp-json\/wp\/v2\/comments?post=12715"}],"version-history":[{"count":5,"href":"https:\/\/ppmco.foxtrotdev.com\/es\/wp-json\/wp\/v2\/pages\/12715\/revisions"}],"predecessor-version":[{"id":99916108,"href":"https:\/\/ppmco.foxtrotdev.com\/es\/wp-json\/wp\/v2\/pages\/12715\/revisions\/99916108"}],"up":[{"embeddable":true,"href":"https:\/\/ppmco.foxtrotdev.com\/es\/wp-json\/wp\/v2\/pages\/1066"}],"wp:featuredmedia":[{"embeddable":true,"href":"https:\/\/ppmco.foxtrotdev.com\/es\/wp-json\/wp\/v2\/media\/851"}],"wp:attachment":[{"href":"https:\/\/ppmco.foxtrotdev.com\/es\/wp-json\/wp\/v2\/media?parent=12715"}],"curies":[{"name":"wp","href":"https:\/\/api.w.org\/{rel}","templated":true}]}}