{"id":12706,"date":"2022-07-01T19:19:09","date_gmt":"2022-07-01T19:19:09","guid":{"rendered":"https:\/\/ppmco.foxtrotdev.com\/member-resources\/important-forms\/"},"modified":"2023-02-01T17:55:25","modified_gmt":"2023-02-01T17:55:25","slug":"formularios-importantes","status":"publish","type":"page","link":"https:\/\/ppmco.foxtrotdev.com\/es\/recursos-para-miembros\/formularios-importantes\/","title":{"rendered":"Formularios importantes"},"content":{"rendered":"<div id=\"block_62bf4845b387b\" class=\"wpfox-page-header standard has-cta\" style=\"--fgimage-xpos: 130;\">\r\n\t<div class=\"wrapper banner\">\r\n\t\t<div class=\"bg-glow\"><\/div>\r\n\t\t\t\t<div class=\"text-block\">\r\n\t\t\t\n\n<h1 class=\"page-title has-h-3-font-size wp-block-heading\">Formularios para miembros<\/h1>\n\n\n\n<h2 class=\"has-h-1-font-size wp-block-heading\">Encuentre y descargue los formularios que necesita<\/h2>\n\n\r\n\t\t<\/div>\r\n\t\t<div class='fgimage'><img loading=\"lazy\" decoding=\"async\" width=\"600\" height=\"990\" src=\"https:\/\/ppmco.foxtrotdev.com\/wp-content\/uploads\/2022\/07\/fg-forms.png\" class=\"attachment-large size-large\" alt=\"\" srcset=\"https:\/\/ppmco.foxtrotdev.com\/wp-content\/uploads\/2022\/07\/fg-forms.png 600w, https:\/\/ppmco.foxtrotdev.com\/wp-content\/uploads\/2022\/07\/fg-forms-182x300.png 182w\" sizes=\"auto, (max-width: 600px) 100vw, 600px\" \/><\/div>\t<\/div>\r\n\t\n\t\t<div class='cta-bar page-header-jumpmenu'>\n\t\t\t<form class='desktop'>\n\t\t\t\t<label>Encuentre atenci\u00f3n ahora:<\/label>\n\t\t\t\t<div class='prepend'>Necesito<\/div>\n\t\t\t\t<select class='jumpmenu'>\n\t\t\t\t\t<option value='https:\/\/pp.healthtrioconnect.com\/public-app\/consumer\/provdir\/entry.page' data-target='_blank'>un m\u00e9dico<\/option><option value='https:\/\/www.caremark.com\/' data-target='_blank'>una farmacia<\/option><option value='https:\/\/ppmco.foxtrotdev.com\/es\/find-care-now\/denatl-care\/' data-target=''>atenci\u00f3n dental<\/option><option value='https:\/\/superiorvision.com\/members\/' data-target='_blank'>atenci\u00f3n de la visi\u00f3n<\/option><option value='https:\/\/pp.healthtrioconnect.com\/public-app\/consumer\/provdir\/search.page?lat=&#038;long=&#038;searchString=&#038;sortType=NAMEASC&#038;provType=H&#038;addressState=md&#038;providerSpecialty=hospital&#038;myAddress=&#038;myCity=&#038;myState=md&#038;myZip=&#038;distance=25&#038;ageId=&#038;sexId=&#038;conditionId=&#038;xsesschk=undefined' data-target='_blank'>un hospital<\/option>\n\t\t\t\t<\/select>\n\t\t\t\t<a class='btn'>Va<\/a>\n\t\t\t<\/form>\n\t\t\t<div class='mobile'>\n\t\t\t\t\n\t\t\t\t\n\t\t\t<\/div>\n\t\t<\/div>\n\t<\/div>\n<div class=\"wp-block-group is-style-section-padding is-layout-flow wp-block-group-is-layout-flow\">\n<h2 class=\"has-text-align-center has-purple-color has-text-color wp-block-heading\">Formularios importantes para nuestros miembros<\/h2>\n\n\n\n<p class=\"has-text-align-center has-intro-font-size\">Priority Partners proporciona acceso inmediato a los formularios y documentos necesarios para ayudar a nuestros <br\/>proveedores a agilizar el procesamiento de las reclamaciones, las autorizaciones previas, las derivaciones, la obtenci\u00f3n de credenciales y mucho m\u00e1s. <br\/><strong>Los siguientes son algunos formularios que puede necesitar para administrar su cobertura de salud.<\/strong><\/p>\n\n\n<div id=\"block_62e82dd29d85c\" class=\"wpfox-important-forms\">\r\n    <div class=\"wp-container wp-block-group\">\r\n\t\t<div class=\"forms-filters\">\r\n\t\t\t<form>\r\n\t\t\t\t<div class=\"wp-block-search__inside-wrapper \">\r\n\t\t\t\t\t<input type=\"search\" class=\"wp-block-search__input \" name=\"s\" value=\"\" placeholder=\"Search Forms\" required=\"\">\r\n\t\t\t\t\t<button type=\"submit\" class=\"wp-block-search__button\">Search<\/button>\r\n\t\t\t\t<\/div>\r\n\t\t\t<\/form>\r\n\t\t<\/div>\r\n\t\t<div class=\"forms\">\r\n\t\t\t\r\n\t\t\t<div class='form'>\r\n\t\t\t\t<h3 class='title has-h-4-featured-font-size'><a href='https:\/\/ppmco.foxtrotdev.com\/wp-content\/uploads\/2023\/02\/authorization-for-release-of-health-information-standing-spanish.pdf' target='_blank'>Autorizaci\u00f3n para diseminar informaci\u00f3n m\u00e9dica \u2013 Permanente<\/a><\/h3>\r\n\t\t\t\t<div class='description'><!-- wp:paragraph {\"className\":\"is-style-default\"} -->\n<p class=\"is-style-default\">Este formulario le permite elegir a alguien de confianza para que tenga acceso a sus registros de salud. Usted tambi\u00e9n puede decidir cu\u00e1nto desea que esa persona sepa acerca de su informaci\u00f3n de salud personal. No se preocupe, si no completa este formulario. No se preocupe, si no completa este formulario, Priority Partners continuar\u00e1 manteniendo su informaci\u00f3n de salud protegida y privada.<\/p>\n<!-- \/wp:paragraph --><\/div>\r\n\t\t\t<\/div>\r\n\t\t\r\n\t\t\t<div class='form'>\r\n\t\t\t\t<h3 class='title has-h-4-featured-font-size'><a href='https:\/\/ppmco.foxtrotdev.com\/wp-content\/uploads\/2022\/08\/authorization-for-release-of-health-information-specific-request-spanish.pdf' target='_blank'>Autorizaci\u00f3n para la divulgaci\u00f3n de informaci\u00f3n m\u00e9dica \u2013 petici\u00f3n espec\u00edfica<\/a><\/h3>\r\n\t\t\t\t<div class='description'><!-- wp:paragraph {\"className\":\"is-style-default\"} -->\n<p class=\"is-style-default\">Al igual que la versi\u00f3n \u201cpermanente\u201d de este formulario, usted puede elegir a alguien de confianza para que tenga acceso \u201cuna sola vez\u201d a una parte espec\u00edfica de su informaci\u00f3n de salud personal. No se preocupe, si no completa este formulario, Priority Partners continuar\u00e1 manteniendo su informaci\u00f3n de salud protegida y privada.<\/p>\n<!-- \/wp:paragraph --><\/div>\r\n\t\t\t<\/div>\r\n\t\t\r\n\t\t\t<div class='form'>\r\n\t\t\t\t<h3 class='title has-h-4-featured-font-size'>Formulario de farmacia de autorizaci\u00f3n previa de drogas compuestas<\/h3>\r\n\t\t\t\t<div class='description'><!-- wp:paragraph {\"className\":\"is-style-default\",\"translatedWithWPMLTM\":\"1\"} -->\n<p class=\"is-style-default\">Si su m\u00e9dico no puede sustituir un ingrediente en una medicaci\u00f3n o le prescribe una droga diferente, tendr\u00e1 que completar este formulario para solicitar autorizaci\u00f3n previa para una droga compuesta.<\/p>\n<!-- \/wp:paragraph --><\/div>\r\n\t\t\t<\/div>\r\n\t\t\r\n\t\t\t<div class='form'>\r\n\t\t\t\t<h3 class='title has-h-4-featured-font-size'>Formulario de farmacia de reclamo est\u00e1ndar de reembolso de prescripci\u00f3n<\/h3>\r\n\t\t\t\t<div class='description'><!-- wp:paragraph {\"className\":\"is-style-default\",\"translatedWithWPMLTM\":\"1\"} -->\n<p class=\"is-style-default\">Si usted previamente pag\u00f3 prescripciones sin usar su seguro de Priority Partners, puede completar este formulario para comenzar con el proceso de reembolso. Nota: Su solicitud ser\u00e1 revisada y no se garantiza el reembolso.<\/p>\n<!-- \/wp:paragraph --><\/div>\r\n\t\t\t<\/div>\r\n\t\t\r\n\t\t\t<div class='form'>\r\n\t\t\t\t<h3 class='title has-h-4-featured-font-size'><a href='https:\/\/ppmco.foxtrotdev.com\/wp-content\/uploads\/2022\/08\/Secondary_Claim.pdf' target='_blank'>Formulario de farmacia de reclamo secundario de reembolso de prescripci\u00f3n<\/a><\/h3>\r\n\t\t\t\t<div class='description'><!-- wp:paragraph {\"className\":\"is-style-default\",\"translatedWithWPMLTM\":\"1\"} -->\n<p class=\"is-style-default\">Este formulario debe ser usado \u00daNICAMENTE si presenta reclamos para cobertura de prescripci\u00f3n secundaria. Nota: Su solicitud ser\u00e1 revisada y no se garantiza el reembolso.<\/p>\n<!-- \/wp:paragraph --><\/div>\r\n\t\t\t<\/div>\r\n\t\t\r\n\t\t\t<div class='form'>\r\n\t\t\t\t<h3 class='title has-h-4-featured-font-size'><a href='https:\/\/www.hopkinsmedicine.org\/johns_hopkins_healthcare\/downloads\/ppmco\/pp_prior_authorization_form.pdf' target='_blank'>Formulario de farmacia de autorizaci\u00f3n previa<\/a><\/h3>\r\n\t\t\t\t<div class='description'><!-- wp:paragraph {\"className\":\"is-style-default\"} -->\n<p class=\"is-style-default\">Las drogas que no est\u00e1n enumeradas en el recetario deben ser aprobadas por su m\u00e9dico antes de que puedan surtirse en la farmacia. Para que su m\u00e9dico solicite a Priority Partners que le cubra una medicaci\u00f3n, imprima este formulario y ll\u00e9veselo a su m\u00e9dico de atenci\u00f3n primaria para que lo complete y env\u00ede.<\/p>\n<!-- \/wp:paragraph --><\/div>\r\n\t\t\t<\/div>\r\n\t\t\r\n\t\t\t<div class='form'>\r\n\t\t\t\t<h3 class='title has-h-4-featured-font-size'><a href='https:\/\/ppmco.foxtrotdev.com\/wp-content\/uploads\/2022\/08\/representation-legal-responsibility-minor-spanish.pdf' target='_blank'>Representaci\u00f3n referente a la responsabilidad legal para un menor de edad<\/a><\/h3>\r\n\t\t\t\t<div class='description'><!-- wp:paragraph {\"className\":\"is-style-default\"} -->\n<p class=\"is-style-default\">Si tiene m\u00e1s de 18 a\u00f1os de edad, completar este formulario le dar\u00e1 el derecho a representar y tomar decisiones relacionadas con la atenci\u00f3n de la salud de un menor que tenga 17 a\u00f1os o menos. El adulto representante s\u00f3lo puede ser el padre del menor, su padrastro, su tutor legal o su familiar cuidador.<\/p>\n<!-- \/wp:paragraph --><\/div>\r\n\t\t\t<\/div>\r\n\t\t\t\t\t<div class='no-results'>No results found. Please try a new search.<\/div>\r\n\t\t<\/div>\r\n\t<\/div>\r\n<\/div><\/div>\n<div id=\"block_62c598a1142f1\" class=\"wpfox-text-image-section default-padding circle\">\r\n\t<div class=\"wrapper has-teal-background-color\">\r\n\t\t<div class=\"row row-text-image image-right\">\r\n\t\t\t<div class=\"col col-text\">\r\n\t\t\t\t\n\n<h4 class=\"has-h-4-featured-font-size wp-block-heading\">Recursos para Afiliados<\/h4>\n\n\n\n<h2 class=\"has-h-2-featured-font-size wp-block-heading\">Se pueden enviar por correo las versiones en papel de todos los formularios para miembros<\/h2>\n\n\n\n<p class=\"is-style-default has-intro-font-size\">Todos los documentos est\u00e1n disponibles en papel <strong>sin cargo<\/strong>. Para solicitar una copia en papel, llame a <strong>Atenci\u00f3n al Cliente<\/strong> al:<\/p>\n\n\n\n<div class=\"wp-block-buttons is-style-margin-top-10 is-layout-flex wp-block-buttons-is-layout-flex\">\n<div class=\"wp-block-button is-style-phone-icon-no-tab\"><a class=\"wp-block-button__link has-white-color has-gold-background-color has-text-color has-background\" href=\"tel:800-654-9728\">800-654-9728<\/a><\/div>\n<\/div>\n\n\n\n<p class=\"is-style-default margin-top-0\">De lunes a viernes, de 8 a.m. to 5 p.m.<\/p>\n\n\r\n\t\t\t<\/div>\r\n\t\t\t<div class=\"col col-image\">\r\n\t\t\t\t\r\n\t\t\r\n\t\t\t<div class='image-wrapper'>\r\n\t\t\t\t<img loading=\"lazy\" decoding=\"async\" width=\"1024\" height=\"1024\" src=\"https:\/\/ppmco.foxtrotdev.com\/wp-content\/uploads\/2022\/07\/help-1024x1024.jpg\" class=\"attachment-large size-large\" alt=\"\" srcset=\"https:\/\/ppmco.foxtrotdev.com\/wp-content\/uploads\/2022\/07\/help-1024x1024.jpg 1024w, https:\/\/ppmco.foxtrotdev.com\/wp-content\/uploads\/2022\/07\/help-300x300.jpg 300w, https:\/\/ppmco.foxtrotdev.com\/wp-content\/uploads\/2022\/07\/help-150x150.jpg 150w, https:\/\/ppmco.foxtrotdev.com\/wp-content\/uploads\/2022\/07\/help-768x768.jpg 768w, https:\/\/ppmco.foxtrotdev.com\/wp-content\/uploads\/2022\/07\/help-1536x1536.jpg 1536w, https:\/\/ppmco.foxtrotdev.com\/wp-content\/uploads\/2022\/07\/help.jpg 1920w\" sizes=\"auto, (max-width: 1024px) 100vw, 1024px\" \/>\r\n\t\t\t<\/div>\r\n\t\t\r\n\t\t\r\n\t\t\t\t<\/div>\r\n\t\t<\/div>\r\n\t<\/div>\r\n<\/div>","protected":false},"excerpt":{"rendered":"<p>Formularios importantes para nuestros miembros Priority Partners proporciona acceso inmediato a los formularios y documentos necesarios para ayudar a nuestros&#8230;<\/p>\n","protected":false},"author":1,"featured_media":0,"parent":1066,"menu_order":0,"comment_status":"closed","ping_status":"closed","template":"","meta":{"_acf_changed":false,"_relevanssi_hide_post":"","_relevanssi_hide_content":"","_relevanssi_pin_for_all":"","_relevanssi_pin_keywords":"","_relevanssi_unpin_keywords":"","_relevanssi_related_keywords":"","_relevanssi_related_include_ids":"","_relevanssi_related_exclude_ids":"","_relevanssi_related_no_append":"","_relevanssi_related_not_related":"","_relevanssi_related_posts":"12283,14946,14918,15157,14930,12127","_relevanssi_noindex_reason":"","inline_featured_image":false,"footnotes":""},"class_list":["post-12706","page","type-page","status-publish","hentry"],"acf":[],"yoast_head":"<!-- This site is optimized with the Yoast SEO plugin v26.6 - https:\/\/yoast.com\/wordpress\/plugins\/seo\/ -->\n<title>Formularios importantes - Priority Partners MCO<\/title>\n<meta name=\"robots\" content=\"index, follow, max-snippet:-1, max-image-preview:large, max-video-preview:-1\" \/>\n<link rel=\"canonical\" href=\"https:\/\/ppmco.foxtrotdev.com\/member-resources\/important-forms\/\" \/>\n<meta property=\"og:locale\" content=\"es_ES\" \/>\n<meta property=\"og:type\" content=\"article\" \/>\n<meta property=\"og:title\" content=\"Formularios importantes - Priority Partners MCO\" \/>\n<meta property=\"og:description\" content=\"Formularios importantes para nuestros miembros Priority Partners proporciona acceso inmediato a los formularios y documentos necesarios para ayudar a nuestros...\" \/>\n<meta property=\"og:url\" content=\"https:\/\/ppmco.foxtrotdev.com\/member-resources\/important-forms\/\" \/>\n<meta property=\"og:site_name\" content=\"Priority Partners MCO\" \/>\n<meta property=\"article:publisher\" content=\"https:\/\/www.facebook.com\/PriorityPartners\" \/>\n<meta property=\"article:modified_time\" content=\"2023-02-01T17:55:25+00:00\" \/>\n<meta property=\"og:image\" content=\"https:\/\/ppmco.foxtrotdev.com\/wp-content\/uploads\/2022\/11\/PPMCO_Social-Preview_facebook-1.jpg\" \/>\n\t<meta property=\"og:image:width\" content=\"1600\" \/>\n\t<meta property=\"og:image:height\" content=\"840\" \/>\n\t<meta property=\"og:image:type\" content=\"image\/jpeg\" \/>\n<meta name=\"twitter:card\" content=\"summary_large_image\" \/>\n<meta name=\"twitter:label1\" content=\"Tiempo de lectura\" \/>\n\t<meta name=\"twitter:data1\" content=\"1 minuto\" \/>\n<script type=\"application\/ld+json\" class=\"yoast-schema-graph\">{\"@context\":\"https:\/\/schema.org\",\"@graph\":[{\"@type\":\"WebPage\",\"@id\":\"https:\/\/ppmco.foxtrotdev.com\/member-resources\/important-forms\/\",\"url\":\"https:\/\/ppmco.foxtrotdev.com\/member-resources\/important-forms\/\",\"name\":\"Formularios importantes - Priority Partners MCO\",\"isPartOf\":{\"@id\":\"https:\/\/ppmco.foxtrotdev.com\/#website\"},\"datePublished\":\"2022-07-01T19:19:09+00:00\",\"dateModified\":\"2023-02-01T17:55:25+00:00\",\"breadcrumb\":{\"@id\":\"https:\/\/ppmco.foxtrotdev.com\/member-resources\/important-forms\/#breadcrumb\"},\"inLanguage\":\"es\",\"potentialAction\":[{\"@type\":\"ReadAction\",\"target\":[\"https:\/\/ppmco.foxtrotdev.com\/member-resources\/important-forms\/\"]}]},{\"@type\":\"BreadcrumbList\",\"@id\":\"https:\/\/ppmco.foxtrotdev.com\/member-resources\/important-forms\/#breadcrumb\",\"itemListElement\":[{\"@type\":\"ListItem\",\"position\":1,\"name\":\"Home\",\"item\":\"https:\/\/ppmco.foxtrotdev.com\/es\/\"},{\"@type\":\"ListItem\",\"position\":2,\"name\":\"Recursos para Afiliados\",\"item\":\"https:\/\/ppmco.foxtrotdev.com\/es\/recursos-para-miembros\/\"},{\"@type\":\"ListItem\",\"position\":3,\"name\":\"Formularios importantes\"}]},{\"@type\":\"WebSite\",\"@id\":\"https:\/\/ppmco.foxtrotdev.com\/#website\",\"url\":\"https:\/\/ppmco.foxtrotdev.com\/\",\"name\":\"Priority Partners MCO\",\"description\":\"Low and no-cost healthcare for qualified Maryland residents\",\"publisher\":{\"@id\":\"https:\/\/ppmco.foxtrotdev.com\/#organization\"},\"alternateName\":\"PPMCO\",\"potentialAction\":[{\"@type\":\"SearchAction\",\"target\":{\"@type\":\"EntryPoint\",\"urlTemplate\":\"https:\/\/ppmco.foxtrotdev.com\/?s={search_term_string}\"},\"query-input\":{\"@type\":\"PropertyValueSpecification\",\"valueRequired\":true,\"valueName\":\"search_term_string\"}}],\"inLanguage\":\"es\"},{\"@type\":\"Organization\",\"@id\":\"https:\/\/ppmco.foxtrotdev.com\/#organization\",\"name\":\"Priority Partners MCO\",\"url\":\"https:\/\/ppmco.foxtrotdev.com\/\",\"logo\":{\"@type\":\"ImageObject\",\"inLanguage\":\"es\",\"@id\":\"https:\/\/ppmco.foxtrotdev.com\/#\/schema\/logo\/image\/\",\"url\":\"https:\/\/ppmco.foxtrotdev.com\/wp-content\/uploads\/2022\/03\/logo.png\",\"contentUrl\":\"https:\/\/ppmco.foxtrotdev.com\/wp-content\/uploads\/2022\/03\/logo.png\",\"width\":635,\"height\":177,\"caption\":\"Priority Partners MCO\"},\"image\":{\"@id\":\"https:\/\/ppmco.foxtrotdev.com\/#\/schema\/logo\/image\/\"},\"sameAs\":[\"https:\/\/www.facebook.com\/PriorityPartners\",\"https:\/\/www.youtube.com\/user\/PriorityPartners\",\"https:\/\/www.instagram.com\/prioritypartners\/\"]}]}<\/script>\n<!-- \/ Yoast SEO plugin. -->","yoast_head_json":{"title":"Formularios importantes - Priority Partners MCO","robots":{"index":"index","follow":"follow","max-snippet":"max-snippet:-1","max-image-preview":"max-image-preview:large","max-video-preview":"max-video-preview:-1"},"canonical":"https:\/\/ppmco.foxtrotdev.com\/member-resources\/important-forms\/","og_locale":"es_ES","og_type":"article","og_title":"Formularios importantes - Priority Partners MCO","og_description":"Formularios importantes para nuestros miembros Priority Partners proporciona acceso inmediato a los formularios y documentos necesarios para ayudar a nuestros...","og_url":"https:\/\/ppmco.foxtrotdev.com\/member-resources\/important-forms\/","og_site_name":"Priority Partners MCO","article_publisher":"https:\/\/www.facebook.com\/PriorityPartners","article_modified_time":"2023-02-01T17:55:25+00:00","og_image":[{"width":1600,"height":840,"url":"https:\/\/ppmco.foxtrotdev.com\/wp-content\/uploads\/2022\/11\/PPMCO_Social-Preview_facebook-1.jpg","type":"image\/jpeg"}],"twitter_card":"summary_large_image","twitter_misc":{"Tiempo de lectura":"1 minuto"},"schema":{"@context":"https:\/\/schema.org","@graph":[{"@type":"WebPage","@id":"https:\/\/ppmco.foxtrotdev.com\/member-resources\/important-forms\/","url":"https:\/\/ppmco.foxtrotdev.com\/member-resources\/important-forms\/","name":"Formularios importantes - Priority Partners MCO","isPartOf":{"@id":"https:\/\/ppmco.foxtrotdev.com\/#website"},"datePublished":"2022-07-01T19:19:09+00:00","dateModified":"2023-02-01T17:55:25+00:00","breadcrumb":{"@id":"https:\/\/ppmco.foxtrotdev.com\/member-resources\/important-forms\/#breadcrumb"},"inLanguage":"es","potentialAction":[{"@type":"ReadAction","target":["https:\/\/ppmco.foxtrotdev.com\/member-resources\/important-forms\/"]}]},{"@type":"BreadcrumbList","@id":"https:\/\/ppmco.foxtrotdev.com\/member-resources\/important-forms\/#breadcrumb","itemListElement":[{"@type":"ListItem","position":1,"name":"Home","item":"https:\/\/ppmco.foxtrotdev.com\/es\/"},{"@type":"ListItem","position":2,"name":"Recursos para Afiliados","item":"https:\/\/ppmco.foxtrotdev.com\/es\/recursos-para-miembros\/"},{"@type":"ListItem","position":3,"name":"Formularios importantes"}]},{"@type":"WebSite","@id":"https:\/\/ppmco.foxtrotdev.com\/#website","url":"https:\/\/ppmco.foxtrotdev.com\/","name":"Priority Partners MCO","description":"Low and no-cost healthcare for qualified Maryland residents","publisher":{"@id":"https:\/\/ppmco.foxtrotdev.com\/#organization"},"alternateName":"PPMCO","potentialAction":[{"@type":"SearchAction","target":{"@type":"EntryPoint","urlTemplate":"https:\/\/ppmco.foxtrotdev.com\/?s={search_term_string}"},"query-input":{"@type":"PropertyValueSpecification","valueRequired":true,"valueName":"search_term_string"}}],"inLanguage":"es"},{"@type":"Organization","@id":"https:\/\/ppmco.foxtrotdev.com\/#organization","name":"Priority Partners MCO","url":"https:\/\/ppmco.foxtrotdev.com\/","logo":{"@type":"ImageObject","inLanguage":"es","@id":"https:\/\/ppmco.foxtrotdev.com\/#\/schema\/logo\/image\/","url":"https:\/\/ppmco.foxtrotdev.com\/wp-content\/uploads\/2022\/03\/logo.png","contentUrl":"https:\/\/ppmco.foxtrotdev.com\/wp-content\/uploads\/2022\/03\/logo.png","width":635,"height":177,"caption":"Priority Partners MCO"},"image":{"@id":"https:\/\/ppmco.foxtrotdev.com\/#\/schema\/logo\/image\/"},"sameAs":["https:\/\/www.facebook.com\/PriorityPartners","https:\/\/www.youtube.com\/user\/PriorityPartners","https:\/\/www.instagram.com\/prioritypartners\/"]}]}},"_links":{"self":[{"href":"https:\/\/ppmco.foxtrotdev.com\/es\/wp-json\/wp\/v2\/pages\/12706","targetHints":{"allow":["GET"]}}],"collection":[{"href":"https:\/\/ppmco.foxtrotdev.com\/es\/wp-json\/wp\/v2\/pages"}],"about":[{"href":"https:\/\/ppmco.foxtrotdev.com\/es\/wp-json\/wp\/v2\/types\/page"}],"author":[{"embeddable":true,"href":"https:\/\/ppmco.foxtrotdev.com\/es\/wp-json\/wp\/v2\/users\/1"}],"replies":[{"embeddable":true,"href":"https:\/\/ppmco.foxtrotdev.com\/es\/wp-json\/wp\/v2\/comments?post=12706"}],"version-history":[{"count":5,"href":"https:\/\/ppmco.foxtrotdev.com\/es\/wp-json\/wp\/v2\/pages\/12706\/revisions"}],"predecessor-version":[{"id":14595,"href":"https:\/\/ppmco.foxtrotdev.com\/es\/wp-json\/wp\/v2\/pages\/12706\/revisions\/14595"}],"up":[{"embeddable":true,"href":"https:\/\/ppmco.foxtrotdev.com\/es\/wp-json\/wp\/v2\/pages\/1066"}],"wp:attachment":[{"href":"https:\/\/ppmco.foxtrotdev.com\/es\/wp-json\/wp\/v2\/media?parent=12706"}],"curies":[{"name":"wp","href":"https:\/\/api.w.org\/{rel}","templated":true}]}}