{"id":12700,"date":"2022-07-01T19:25:49","date_gmt":"2022-07-01T19:25:49","guid":{"rendered":"https:\/\/ppmco.foxtrotdev.com\/member-resources\/flu-shot\/"},"modified":"2024-12-10T19:16:37","modified_gmt":"2024-12-10T19:16:37","slug":"vacuna-antigripal","status":"publish","type":"page","link":"https:\/\/ppmco.foxtrotdev.com\/es\/recursos-para-miembros\/vacuna-antigripal\/","title":{"rendered":"Vac\u00fanese contra la gripe"},"content":{"rendered":"<div id=\"block_89e6525025acae9b29000783e6a1281a\" class=\"wpfox-page-header standard has-cta\" style=\"--fgimage-above: 10;\">\r\n\t<div class=\"wrapper banner\">\r\n\t\t<div class=\"bg-glow\"><\/div>\r\n\t\t\t\t<div class=\"text-block\">\r\n\t\t\t\n\n<h1 class=\"wp-block-heading page-title has-h-3-font-size\">Vac\u00fanese contra la gripe<\/h1>\n\n\n\n<h2 class=\"wp-block-heading has-h-1-font-size\">Prot\u00e9jase con la vacuna contra la gripe<\/h2>\n\n\r\n\t\t<\/div>\r\n\t\t<div class='fgimage'><img loading=\"lazy\" decoding=\"async\" width=\"800\" height=\"847\" src=\"https:\/\/ppmco.foxtrotdev.com\/wp-content\/uploads\/2022\/07\/fg-flushot.png\" class=\"attachment-large size-large\" alt=\"\" srcset=\"https:\/\/ppmco.foxtrotdev.com\/wp-content\/uploads\/2022\/07\/fg-flushot.png 800w, https:\/\/ppmco.foxtrotdev.com\/wp-content\/uploads\/2022\/07\/fg-flushot-283x300.png 283w, https:\/\/ppmco.foxtrotdev.com\/wp-content\/uploads\/2022\/07\/fg-flushot-768x813.png 768w\" sizes=\"auto, (max-width: 800px) 100vw, 800px\" \/><\/div>\t<\/div>\r\n\t\n\t\t<div class='cta-bar page-header-jumpmenu'>\n\t\t\t<form class='desktop'>\n\t\t\t\t<label>Encuentre atenci\u00f3n ahora:<\/label>\n\t\t\t\t<div class='prepend'>Necesito<\/div>\n\t\t\t\t<select class='jumpmenu'>\n\t\t\t\t\t<option value='https:\/\/pp.healthtrioconnect.com\/public-app\/consumer\/provdir\/entry.page' data-target='_blank'>un m\u00e9dico<\/option><option value='https:\/\/www.caremark.com\/' data-target='_blank'>una farmacia<\/option><option value='https:\/\/ppmco.foxtrotdev.com\/es\/find-care-now\/denatl-care\/' data-target=''>atenci\u00f3n dental<\/option><option value='https:\/\/superiorvision.com\/members\/' data-target='_blank'>atenci\u00f3n de la visi\u00f3n<\/option><option value='https:\/\/pp.healthtrioconnect.com\/public-app\/consumer\/provdir\/search.page?lat=&#038;long=&#038;searchString=&#038;sortType=NAMEASC&#038;provType=H&#038;addressState=md&#038;providerSpecialty=hospital&#038;myAddress=&#038;myCity=&#038;myState=md&#038;myZip=&#038;distance=25&#038;ageId=&#038;sexId=&#038;conditionId=&#038;xsesschk=undefined' data-target='_blank'>un hospital<\/option>\n\t\t\t\t<\/select>\n\t\t\t\t<a class='btn'>Va<\/a>\n\t\t\t<\/form>\n\t\t\t<div class='mobile'>\n\t\t\t\t\n\t\t\t\t\n\t\t\t<\/div>\n\t\t<\/div>\n\t<\/div>\n\n\n<div class=\"wp-block-group alignfull is-style-section-padding mobile-margin-bottom-0 mobile-padding-bottom-0 is-layout-flow wp-block-group-is-layout-flow\">\n<div class=\"wp-block-columns is-style-sidebar-section is-layout-flex wp-container-core-columns-is-layout-9d6595d7 wp-block-columns-is-layout-flex\">\n<div class=\"wp-block-column is-layout-flow wp-block-column-is-layout-flow\" style=\"flex-basis:66.66%\">\n<p class=\"has-intro-font-size\"><strong>La gripe, o influenza, es una enfermedad contagiosa grave que se propaga mediante la tos, los estornudos y las secreciones nasales.<\/strong><\/p>\n\n\n\n<p><a href=\"https:\/\/espanol.cdc.gov\/flu\/\" target=\"_blank\" rel=\"noreferrer noopener\">Los Centros para el Control de Enfermedades (CDC)<\/a> afirman que todas las personas a partir de los 6 meses de edad deben vacunarse contra la gripe porque es la mejor protecci\u00f3n contra esta enfermedad. Vacunarse contra la gripe a principios de la temporada es su mejor protecci\u00f3n contra la gripe. No espere hasta el final de la temporada porque podr\u00eda ya haber estado expuesto al virus.<\/p>\n\n\n\n<p>Todos los miembros de Priority Partners pueden recibir la vacuna contra la gripe en el consultorio de su proveedor de atenci\u00f3n primaria. Los miembros tambi\u00e9n pueden vacunarse contra la gripe en CVS, Walgreens, Walmart, Rite Aid y muchas otras farmacias participantes.<\/p>\n<\/div>\n\n\n\n<div class=\"wp-block-column is-layout-flow wp-block-column-is-layout-flow\" style=\"flex-basis:33.33%\">\n<div class=\"wp-block-group is-style-sidebar-block has-light-teal-background-color has-background is-layout-flow wp-block-group-is-layout-flow\">\n<h3 class=\"wp-block-heading has-text-align-center\">Encontrar una farmacia de la red<\/h3>\n\n\n\n<p class=\"has-text-align-center has-intro-font-size\">Busque una farmacia de la red cerca de usted:<\/p>\n\n\n\n<div class=\"wp-block-buttons is-style-margin-top-15 is-content-justification-center is-layout-flex wp-container-core-buttons-is-layout-16018d1d wp-block-buttons-is-layout-flex\">\n<div class=\"wp-block-button is-style-small-button-external\"><a class=\"wp-block-button__link has-teal-background-color has-background wp-element-button\" href=\"https:\/\/espanol.caremark.com\/\" target=\"_blank\" rel=\"noreferrer noopener\">Buscar en la red<\/a><\/div>\n<\/div>\n<\/div>\n<\/div>\n<\/div>\n<\/div>\n\n\n<div id=\"block_e2c1c6587734f1b0ed0786d7bd45f683\" class=\"wpfox-text-image-section default-padding circle\">\r\n\t<div class=\"wrapper has-gold-background-color\">\r\n\t\t<div class=\"row row-text-image image-left\">\r\n\t\t\t<div class=\"col col-text\">\r\n\t\t\t\t\n\n<h2 class=\"wp-block-heading has-h-2-featured-font-size\">Programe su vacuna contra la gripe<\/h2>\n\n\n\n<p class=\"is-style-default has-intro-font-size\">Si recibe la vacuna contra la gripe en una farmacia de la comunidad, aseg\u00farese de ver al farmac\u00e9utico en el mostrador de medicamentos recetados y no en una cl\u00ednica dentro de una tienda. <strong>Algunos ejemplos de cl\u00ednicas dentro de las tiendas son Target Clinic y CVS Minute Clinic.<\/strong><\/p>\n\n\n\n<div class=\"wp-block-buttons is-layout-flex wp-block-buttons-is-layout-flex\">\n<div class=\"wp-block-button is-style-button-external\"><a class=\"wp-block-button__link wp-element-button\" href=\"https:\/\/es.cvs.com\/immunizations\/flu\" target=\"_blank\" rel=\"noreferrer noopener\">Programar mi vacuna contra la gripe<\/a><\/div>\n<\/div>\n\n\r\n\t\t\t<\/div>\r\n\t\t\t<div class=\"col col-image\">\r\n\t\t\t\t\r\n\t\t\r\n\t\t\t<div class='image-wrapper'>\r\n\t\t\t\t<img loading=\"lazy\" decoding=\"async\" width=\"1011\" height=\"1024\" src=\"https:\/\/ppmco.foxtrotdev.com\/wp-content\/uploads\/2022\/07\/flushot-1011x1024.jpg\" class=\"attachment-large size-large\" alt=\"\" srcset=\"https:\/\/ppmco.foxtrotdev.com\/wp-content\/uploads\/2022\/07\/flushot-1011x1024.jpg 1011w, https:\/\/ppmco.foxtrotdev.com\/wp-content\/uploads\/2022\/07\/flushot-296x300.jpg 296w, https:\/\/ppmco.foxtrotdev.com\/wp-content\/uploads\/2022\/07\/flushot-768x778.jpg 768w, https:\/\/ppmco.foxtrotdev.com\/wp-content\/uploads\/2022\/07\/flushot-1516x1536.jpg 1516w, https:\/\/ppmco.foxtrotdev.com\/wp-content\/uploads\/2022\/07\/flushot.jpg 1920w\" sizes=\"auto, (max-width: 1011px) 100vw, 1011px\" \/>\r\n\t\t\t<\/div>\r\n\t\t\r\n\t\t\r\n\t\t\t\t<\/div>\r\n\t\t<\/div>\r\n\t<\/div>\r\n<\/div>\n\n\n<div class=\"wp-block-group alignfull is-style-section-padding mobile-margin-bottom-0 mobile-padding-bottom-0 is-layout-flow wp-block-group-is-layout-flow\">\n<div class=\"wp-block-columns is-style-sidebar-section is-layout-flex wp-container-core-columns-is-layout-9d6595d7 wp-block-columns-is-layout-flex\">\n<div class=\"wp-block-column is-layout-flow wp-block-column-is-layout-flow\" style=\"flex-basis:66.66%\">\n<h2 class=\"wp-block-heading has-purple-color has-text-color\">Preguntas frecuentes sobre la vacuna contra la gripe<\/h2>\n\n\n\n<p class=\"has-intro-font-size\">Obtenga respuestas a las preguntas m\u00e1s comunes sobre las vacunas contra la gripe.<\/p>\n\n\n<div id=\"block_40d19763557be103b292119d67e9c446\" class=\"wpfox-faqs\">\r\n    <div class=\"wp-container wp-block-group\">\r\n\t\t\r\n\t\t<div class='faq-accordion'>\r\n\t\t\t\r\n\t\t\t\t<div class='item' data-cats='vaccine-information-es' id='cuando-puedo-ponerme-la-vacuna-contra-la-influenza'>\r\n\t\t\t\t\t<div class='question'><h3 class='title has-h-3-featured-font-size'>\u00bfCu\u00e1ndo puedo ponerme la vacuna contra la influenza?<\/h3><\/div>\r\n\t\t\t\t\t<div class='answer'><!-- wp:paragraph {\"className\":\"is-style-default\"} -->\n<p class=\"is-style-default\">Los miembros de Priority Partners pueden recibir una vacuna contra la influenza en el consultorio de su m\u00e9dico de atenci\u00f3n primaria o en una de las muchas farmacias que pertenecen a la red de vacunas, como CVS, Walgreens, Walmart, Rite Aid y m\u00e1s. <a href=\"https:\/\/espanol.caremark.com\/\" target=\"_blank\" rel=\"noreferrer noopener\">Busque una farmacia cercana<\/a>.<\/p>\n<!-- \/wp:paragraph --><\/div>\r\n\t\t\t\t<\/div>\r\n\t\t\t\r\n\t\t\t\t<div class='item' data-cats='vaccine-information-es' id='puedo-infectarme-de-la-influenza-con-la-vacuna-contra-la-influenza'>\r\n\t\t\t\t\t<div class='question'><h3 class='title has-h-3-featured-font-size'>\u00bfPuedo infectarme de la influenza con la vacuna contra la influenza?<\/h3><\/div>\r\n\t\t\t\t\t<div class='answer'><!-- wp:paragraph {\"className\":\"is-style-default\",\"translatedWithWPMLTM\":\"1\"} -->\n<p class=\"is-style-default\">No, la vacuna contra la influenza no puede causar la influenza Los virus que tienen las vacunas contra la influenza est\u00e1n inactivados (muertos), lo que significa que no puede infectarse.<\/p>\n<!-- \/wp:paragraph --><\/div>\r\n\t\t\t\t<\/div>\r\n\t\t\t\r\n\t\t\t\t<div class='item' data-cats='vaccine-information-es' id='existen-diferentes-tipos-de-vacunas-contra-la-influenza'>\r\n\t\t\t\t\t<div class='question'><h3 class='title has-h-3-featured-font-size'>\u00bfExisten diferentes tipos de vacunas contra la influenza?<\/h3><\/div>\r\n\t\t\t\t\t<div class='answer'><!-- wp:paragraph {\"className\":\"is-style-default\",\"translatedWithWPMLTM\":\"1\"} -->\n<p class=\"is-style-default\">Hay varios tipos de vacunas contra la influenza, y los CDC recomiendan que reciba la que est\u00e9 disponible en su farmacia o el consultorio de su m\u00e9dico. No obstante, los CDC no recomiendan la vacuna contra la influenza intranasal FluMist.<\/p>\n<!-- \/wp:paragraph --><\/div>\r\n\t\t\t\t<\/div>\r\n\t\t\t\r\n\t\t\t\t<div class='item' data-cats='vaccine-information-es' id='cuanto-cuesta'>\r\n\t\t\t\t\t<div class='question'><h3 class='title has-h-3-featured-font-size'>\u00bfCu\u00e1nto cuesta?<\/h3><\/div>\r\n\t\t\t\t\t<div class='answer'><!-- wp:paragraph {\"className\":\"is-style-default\"} -->\n<p class=\"is-style-default\">No se le reembolsar\u00e1n las vacunas contra la influenza que haya abonado de su bolsillo. Aseg\u00farese de acudir a una de nuestras farmacias de la red de vacunas donde la vacuna contra la influenza se administra gratuitamente.<\/p>\n<!-- \/wp:paragraph -->\n\n<!-- wp:paragraph {\"className\":\"is-style-default\"} -->\n<p class=\"is-style-default\">Busque una farmacia en nuestra red de <a href=\"https:\/\/espanol.caremark.com\/\" target=\"_blank\" rel=\"noreferrer noopener\">vacunas<\/a> donde puede ponerse la vacuna contra la influenza.<\/p>\n<!-- \/wp:paragraph --><\/div>\r\n\t\t\t\t<\/div>\r\n\t\t\t\r\n\t\t\t\t<div class='item' data-cats='vaccine-information-es' id='que-marcas-de-la-vacuna-contra-la-influenza-se-cubren-en-la-red-de-farmacias-de-vacunas'>\r\n\t\t\t\t\t<div class='question'><h3 class='title has-h-3-featured-font-size'>\u00bfQu\u00e9 marcas de la vacuna contra la influenza se cubren en la red de farmacias de vacunas?<\/h3><\/div>\r\n\t\t\t\t\t<div class='answer'><!-- wp:paragraph {\"className\":\"is-style-default\"} -->\n<p class=\"is-style-default\">Las <a href=\"https:\/\/espanol.caremark.com\/\" target=\"_blank\" rel=\"noreferrer noopener\">farmacias de la red de vacunas<\/a> cubren todas las marcas est\u00e1ndar disponibles de la vacuna contra la influenza trivalente y cuadrivalente, incluida FluMist (nebulizador nasal). Tenga en cuenta que los CDC no recomiendan FluMist.<\/p>\n<!-- \/wp:paragraph -->\n\n<!-- wp:paragraph {\"className\":\"is-style-default\"} -->\n<p class=\"is-style-default\">La intrad\u00e9rmica Fluzone, vacuna con aguja, y las f\u00f3rmulas Fluzone High Dose no se cubren en las farmacias minoristas<\/p>\n<!-- \/wp:paragraph -->\n\n<!-- wp:paragraph {\"className\":\"is-style-default\"} -->\n<p class=\"is-style-default\">Si tiene preguntas sobre la influenza, lea m\u00e1s al respecto en <a href=\"https:\/\/espanol.cdc.gov\/flu\/\" target=\"_blank\" rel=\"noreferrer noopener\">espanol.cdc.gov\/flu<\/a>.<\/p>\n<!-- \/wp:paragraph -->\n\n<!-- wp:paragraph -->\n<p><\/p>\n<!-- \/wp:paragraph --><\/div>\r\n\t\t\t\t<\/div>\r\n\t\t\t\r\n\t\t\t\t<div class='item' data-cats='vaccine-information-es' id='que-otras-vacunas-puedo-ponerme-en-la-farmacia-en-vez-de-en-el-consultorio-de-mi-medico-de-atencion-primaria'>\r\n\t\t\t\t\t<div class='question'><h3 class='title has-h-3-featured-font-size'>\u00bfQu\u00e9 otras vacunas puedo ponerme en la farmacia en vez de en el consultorio de mi m\u00e9dico de atenci\u00f3n primaria?<\/h3><\/div>\r\n\t\t\t\t\t<div class='answer'><!-- wp:paragraph {\"className\":\"is-style-default\",\"translatedWithWPMLTM\":\"1\"} -->\n<p class=\"is-style-default\">Shingrix es una vacuna contra el herpes z\u00f3ster que puede ser administrada por su m\u00e9dico o su farmac\u00e9utico en una farmacia de la red de vacunas. Se requiere una receta si recibir\u00e1 la vacuna en una farmacia.<\/p>\n<!-- \/wp:paragraph --><!-- wp:paragraph {\"className\":\"is-style-default\",\"translatedWithWPMLTM\":\"1\"} -->\n<p class=\"is-style-default\">La vacuna antineumoc\u00f3cica para adultos, para prevenir la neumon\u00eda, puede ser administrada por su m\u00e9dico o su farmac\u00e9utico en una farmacia de la red de vacunas. Se requiere una receta si recibir\u00e1 la vacuna en una farmacia.<\/p>\n<!-- \/wp:paragraph --><!-- wp:paragraph {\"className\":\"is-style-default\",\"translatedWithWPMLTM\":\"1\"} -->\n<p class=\"is-style-default\">Los miembros pueden recibir las vacunas de un m\u00e9dico de la red, o las vacunas que figuran m\u00e1s abajo de una farmacia de la red. La siguiente lista identifica las vacunas gratuitas disponibles en una farmacia de la red de vacunas.<\/p>\n<!-- \/wp:paragraph --><!-- wp:table {\"translatedWithWPMLTM\":\"1\"} -->\n<figure class=\"wp-block-table\"><table><tbody><tr><th>Uso de la vacuna<\/th><th>Uso<\/th><th>Copago cuando se administra en una farmacia de la red de vacunas<\/th><th>Edad recomendada<\/th><\/tr><tr><td>Vacuna contra la influenza<\/td><td>Prevenci\u00f3n de la influenza<\/td><td>$0<\/td><td>De 19 a\u00f1os en adelante<\/td><\/tr><tr><td>Shingrix<\/td><td>Prevenci\u00f3n contra el z\u00f3ster<\/td><td>$0<\/td><td>De 50 a\u00f1os en adelante<\/td><\/tr><tr><td>Antineumoc\u00f3cica para adultos<\/td><td>Prevenci\u00f3n contra la neumon\u00eda<\/td><td>$0<\/td><td>De 19 a\u00f1os en adelante<\/td><\/tr><\/tbody><\/table><\/figure>\n<!-- \/wp:table --><\/div>\r\n\t\t\t\t<\/div>\r\n\t\t\t\r\n\t\t\t<div class='no-results'>No results found. Please try a new search.<\/div>\r\n\t\t<\/div>\r\n\t\t<\/div>\r\n<\/div>\n\n\n<div class=\"wp-block-buttons is-style-margin-top-30 is-layout-flex wp-block-buttons-is-layout-flex\">\n<div class=\"wp-block-button\"><a class=\"wp-block-button__link has-teal-background-color has-background wp-element-button\" href=\"\/es\/recursos-para-miembros\/preguntas-frecuentes-para-miembros\/\">Ver todas las preguntas frecuentes<\/a><\/div>\n<\/div>\n<\/div>\n\n\n\n<div class=\"wp-block-column is-layout-flow wp-block-column-is-layout-flow\" style=\"flex-basis:33.33%\">\n<div class=\"wp-block-group is-style-sidebar-block has-light-teal-background-color has-background is-layout-flow wp-block-group-is-layout-flow\">\n<h3 class=\"wp-block-heading has-text-align-center\">\u00bfNecesita ayuda?<\/h3>\n\n\n\n<p class=\"has-text-align-center has-intro-font-size\">Nuestro equipo de atenci\u00f3n al cliente est\u00e1 aqu\u00ed para ayudarle. Comun\u00edquese con nosotros en:<\/p>\n\n\n\n<div class=\"wp-block-buttons is-style-margin-top-0 is-content-justification-center is-layout-flex wp-container-core-buttons-is-layout-16018d1d wp-block-buttons-is-layout-flex\">\n<div class=\"wp-block-button is-style-phone-icon-no-tab\"><a class=\"wp-block-button__link wp-element-button\" href=\"tel:800-654-9728\">800-654-9728<\/a><\/div>\n<\/div>\n\n\n\n<div class=\"wp-block-buttons is-style-margin-top-10 is-content-justification-center is-layout-flex wp-container-core-buttons-is-layout-16018d1d wp-block-buttons-is-layout-flex\">\n<div class=\"wp-block-button is-style-small\"><a class=\"wp-block-button__link has-teal-background-color has-background wp-element-button\" href=\"https:\/\/ppmco.foxtrotdev.com\/contact-us\/\">Env\u00edenos un correo electr\u00f3nico<\/a><\/div>\n<\/div>\n\n\n\n<p class=\"has-text-align-center has-small-font-size\"><em>Por favor, no incluya informaci\u00f3n personal de salud<br>en su correo electr\u00f3nico.<\/em><\/p>\n\n\n\n<p class=\"has-text-align-center margin-top-20 has-teal-color has-text-color\"><strong><em>TTY para personas con discapacidades auditivas:<\/em><\/strong><\/p>\n\n\n\n<p class=\"has-text-align-center margin-top-0\">711<\/p>\n<\/div>\n<\/div>\n<\/div>\n<\/div>\n","protected":false},"excerpt":{"rendered":"<p>La gripe, o influenza, es una enfermedad contagiosa grave que se propaga mediante la tos, los estornudos y las secreciones&#8230;<\/p>\n","protected":false},"author":1,"featured_media":0,"parent":1066,"menu_order":0,"comment_status":"closed","ping_status":"closed","template":"","meta":{"_acf_changed":false,"_relevanssi_hide_post":"","_relevanssi_hide_content":"","_relevanssi_pin_for_all":"","_relevanssi_pin_keywords":"","_relevanssi_unpin_keywords":"","_relevanssi_related_keywords":"","_relevanssi_related_include_ids":"","_relevanssi_related_exclude_ids":"","_relevanssi_related_no_append":"","_relevanssi_related_not_related":"","_relevanssi_related_posts":"14944,12290,12167,12127,14916,15453","_relevanssi_noindex_reason":"","inline_featured_image":false,"footnotes":""},"class_list":["post-12700","page","type-page","status-publish","hentry"],"acf":[],"yoast_head":"<!-- This site is optimized with the Yoast SEO plugin v26.6 - https:\/\/yoast.com\/wordpress\/plugins\/seo\/ -->\n<title>Vac\u00fanese contra la gripe - Priority Partners MCO<\/title>\n<meta name=\"robots\" content=\"index, follow, max-snippet:-1, max-image-preview:large, max-video-preview:-1\" \/>\n<link rel=\"canonical\" href=\"https:\/\/ppmco.foxtrotdev.com\/member-resources\/flu-shot\/\" \/>\n<meta property=\"og:locale\" content=\"es_ES\" \/>\n<meta property=\"og:type\" content=\"article\" \/>\n<meta property=\"og:title\" content=\"Vac\u00fanese contra la gripe - Priority Partners MCO\" \/>\n<meta property=\"og:description\" content=\"La gripe, o influenza, es una enfermedad contagiosa grave que se propaga mediante la tos, los estornudos y las secreciones...\" \/>\n<meta property=\"og:url\" content=\"https:\/\/ppmco.foxtrotdev.com\/member-resources\/flu-shot\/\" \/>\n<meta property=\"og:site_name\" content=\"Priority Partners MCO\" \/>\n<meta property=\"article:publisher\" content=\"https:\/\/www.facebook.com\/PriorityPartners\" \/>\n<meta property=\"article:modified_time\" content=\"2024-12-10T19:16:37+00:00\" \/>\n<meta property=\"og:image\" content=\"https:\/\/ppmco.foxtrotdev.com\/wp-content\/uploads\/2022\/11\/PPMCO_Social-Preview_facebook-1.jpg\" \/>\n\t<meta property=\"og:image:width\" content=\"1600\" \/>\n\t<meta property=\"og:image:height\" content=\"840\" \/>\n\t<meta property=\"og:image:type\" content=\"image\/jpeg\" \/>\n<meta name=\"twitter:card\" content=\"summary_large_image\" \/>\n<meta name=\"twitter:label1\" content=\"Tiempo de lectura\" \/>\n\t<meta name=\"twitter:data1\" content=\"2 minutos\" \/>\n<script type=\"application\/ld+json\" class=\"yoast-schema-graph\">{\"@context\":\"https:\/\/schema.org\",\"@graph\":[{\"@type\":\"WebPage\",\"@id\":\"https:\/\/ppmco.foxtrotdev.com\/member-resources\/flu-shot\/\",\"url\":\"https:\/\/ppmco.foxtrotdev.com\/member-resources\/flu-shot\/\",\"name\":\"Vac\u00fanese contra la gripe - Priority Partners MCO\",\"isPartOf\":{\"@id\":\"https:\/\/ppmco.foxtrotdev.com\/#website\"},\"datePublished\":\"2022-07-01T19:25:49+00:00\",\"dateModified\":\"2024-12-10T19:16:37+00:00\",\"breadcrumb\":{\"@id\":\"https:\/\/ppmco.foxtrotdev.com\/member-resources\/flu-shot\/#breadcrumb\"},\"inLanguage\":\"es\",\"potentialAction\":[{\"@type\":\"ReadAction\",\"target\":[\"https:\/\/ppmco.foxtrotdev.com\/member-resources\/flu-shot\/\"]}]},{\"@type\":\"BreadcrumbList\",\"@id\":\"https:\/\/ppmco.foxtrotdev.com\/member-resources\/flu-shot\/#breadcrumb\",\"itemListElement\":[{\"@type\":\"ListItem\",\"position\":1,\"name\":\"Home\",\"item\":\"https:\/\/ppmco.foxtrotdev.com\/es\/\"},{\"@type\":\"ListItem\",\"position\":2,\"name\":\"Recursos para Afiliados\",\"item\":\"https:\/\/ppmco.foxtrotdev.com\/es\/recursos-para-miembros\/\"},{\"@type\":\"ListItem\",\"position\":3,\"name\":\"Vac\u00fanese contra la gripe\"}]},{\"@type\":\"WebSite\",\"@id\":\"https:\/\/ppmco.foxtrotdev.com\/#website\",\"url\":\"https:\/\/ppmco.foxtrotdev.com\/\",\"name\":\"Priority Partners MCO\",\"description\":\"Low and no-cost healthcare for qualified Maryland residents\",\"publisher\":{\"@id\":\"https:\/\/ppmco.foxtrotdev.com\/#organization\"},\"alternateName\":\"PPMCO\",\"potentialAction\":[{\"@type\":\"SearchAction\",\"target\":{\"@type\":\"EntryPoint\",\"urlTemplate\":\"https:\/\/ppmco.foxtrotdev.com\/?s={search_term_string}\"},\"query-input\":{\"@type\":\"PropertyValueSpecification\",\"valueRequired\":true,\"valueName\":\"search_term_string\"}}],\"inLanguage\":\"es\"},{\"@type\":\"Organization\",\"@id\":\"https:\/\/ppmco.foxtrotdev.com\/#organization\",\"name\":\"Priority Partners MCO\",\"url\":\"https:\/\/ppmco.foxtrotdev.com\/\",\"logo\":{\"@type\":\"ImageObject\",\"inLanguage\":\"es\",\"@id\":\"https:\/\/ppmco.foxtrotdev.com\/#\/schema\/logo\/image\/\",\"url\":\"https:\/\/ppmco.foxtrotdev.com\/wp-content\/uploads\/2022\/03\/logo.png\",\"contentUrl\":\"https:\/\/ppmco.foxtrotdev.com\/wp-content\/uploads\/2022\/03\/logo.png\",\"width\":635,\"height\":177,\"caption\":\"Priority Partners MCO\"},\"image\":{\"@id\":\"https:\/\/ppmco.foxtrotdev.com\/#\/schema\/logo\/image\/\"},\"sameAs\":[\"https:\/\/www.facebook.com\/PriorityPartners\",\"https:\/\/www.youtube.com\/user\/PriorityPartners\",\"https:\/\/www.instagram.com\/prioritypartners\/\"]}]}<\/script>\n<!-- \/ Yoast SEO plugin. -->","yoast_head_json":{"title":"Vac\u00fanese contra la gripe - Priority Partners MCO","robots":{"index":"index","follow":"follow","max-snippet":"max-snippet:-1","max-image-preview":"max-image-preview:large","max-video-preview":"max-video-preview:-1"},"canonical":"https:\/\/ppmco.foxtrotdev.com\/member-resources\/flu-shot\/","og_locale":"es_ES","og_type":"article","og_title":"Vac\u00fanese contra la gripe - Priority Partners MCO","og_description":"La gripe, o influenza, es una enfermedad contagiosa grave que se propaga mediante la tos, los estornudos y las secreciones...","og_url":"https:\/\/ppmco.foxtrotdev.com\/member-resources\/flu-shot\/","og_site_name":"Priority Partners MCO","article_publisher":"https:\/\/www.facebook.com\/PriorityPartners","article_modified_time":"2024-12-10T19:16:37+00:00","og_image":[{"width":1600,"height":840,"url":"https:\/\/ppmco.foxtrotdev.com\/wp-content\/uploads\/2022\/11\/PPMCO_Social-Preview_facebook-1.jpg","type":"image\/jpeg"}],"twitter_card":"summary_large_image","twitter_misc":{"Tiempo de lectura":"2 minutos"},"schema":{"@context":"https:\/\/schema.org","@graph":[{"@type":"WebPage","@id":"https:\/\/ppmco.foxtrotdev.com\/member-resources\/flu-shot\/","url":"https:\/\/ppmco.foxtrotdev.com\/member-resources\/flu-shot\/","name":"Vac\u00fanese contra la gripe - Priority Partners MCO","isPartOf":{"@id":"https:\/\/ppmco.foxtrotdev.com\/#website"},"datePublished":"2022-07-01T19:25:49+00:00","dateModified":"2024-12-10T19:16:37+00:00","breadcrumb":{"@id":"https:\/\/ppmco.foxtrotdev.com\/member-resources\/flu-shot\/#breadcrumb"},"inLanguage":"es","potentialAction":[{"@type":"ReadAction","target":["https:\/\/ppmco.foxtrotdev.com\/member-resources\/flu-shot\/"]}]},{"@type":"BreadcrumbList","@id":"https:\/\/ppmco.foxtrotdev.com\/member-resources\/flu-shot\/#breadcrumb","itemListElement":[{"@type":"ListItem","position":1,"name":"Home","item":"https:\/\/ppmco.foxtrotdev.com\/es\/"},{"@type":"ListItem","position":2,"name":"Recursos para Afiliados","item":"https:\/\/ppmco.foxtrotdev.com\/es\/recursos-para-miembros\/"},{"@type":"ListItem","position":3,"name":"Vac\u00fanese contra la gripe"}]},{"@type":"WebSite","@id":"https:\/\/ppmco.foxtrotdev.com\/#website","url":"https:\/\/ppmco.foxtrotdev.com\/","name":"Priority Partners MCO","description":"Low and no-cost healthcare for qualified Maryland residents","publisher":{"@id":"https:\/\/ppmco.foxtrotdev.com\/#organization"},"alternateName":"PPMCO","potentialAction":[{"@type":"SearchAction","target":{"@type":"EntryPoint","urlTemplate":"https:\/\/ppmco.foxtrotdev.com\/?s={search_term_string}"},"query-input":{"@type":"PropertyValueSpecification","valueRequired":true,"valueName":"search_term_string"}}],"inLanguage":"es"},{"@type":"Organization","@id":"https:\/\/ppmco.foxtrotdev.com\/#organization","name":"Priority Partners MCO","url":"https:\/\/ppmco.foxtrotdev.com\/","logo":{"@type":"ImageObject","inLanguage":"es","@id":"https:\/\/ppmco.foxtrotdev.com\/#\/schema\/logo\/image\/","url":"https:\/\/ppmco.foxtrotdev.com\/wp-content\/uploads\/2022\/03\/logo.png","contentUrl":"https:\/\/ppmco.foxtrotdev.com\/wp-content\/uploads\/2022\/03\/logo.png","width":635,"height":177,"caption":"Priority Partners MCO"},"image":{"@id":"https:\/\/ppmco.foxtrotdev.com\/#\/schema\/logo\/image\/"},"sameAs":["https:\/\/www.facebook.com\/PriorityPartners","https:\/\/www.youtube.com\/user\/PriorityPartners","https:\/\/www.instagram.com\/prioritypartners\/"]}]}},"_links":{"self":[{"href":"https:\/\/ppmco.foxtrotdev.com\/es\/wp-json\/wp\/v2\/pages\/12700","targetHints":{"allow":["GET"]}}],"collection":[{"href":"https:\/\/ppmco.foxtrotdev.com\/es\/wp-json\/wp\/v2\/pages"}],"about":[{"href":"https:\/\/ppmco.foxtrotdev.com\/es\/wp-json\/wp\/v2\/types\/page"}],"author":[{"embeddable":true,"href":"https:\/\/ppmco.foxtrotdev.com\/es\/wp-json\/wp\/v2\/users\/1"}],"replies":[{"embeddable":true,"href":"https:\/\/ppmco.foxtrotdev.com\/es\/wp-json\/wp\/v2\/comments?post=12700"}],"version-history":[{"count":5,"href":"https:\/\/ppmco.foxtrotdev.com\/es\/wp-json\/wp\/v2\/pages\/12700\/revisions"}],"predecessor-version":[{"id":99915336,"href":"https:\/\/ppmco.foxtrotdev.com\/es\/wp-json\/wp\/v2\/pages\/12700\/revisions\/99915336"}],"up":[{"embeddable":true,"href":"https:\/\/ppmco.foxtrotdev.com\/es\/wp-json\/wp\/v2\/pages\/1066"}],"wp:attachment":[{"href":"https:\/\/ppmco.foxtrotdev.com\/es\/wp-json\/wp\/v2\/media?parent=12700"}],"curies":[{"name":"wp","href":"https:\/\/api.w.org\/{rel}","templated":true}]}}