{"id":12699,"date":"2022-07-01T21:03:24","date_gmt":"2022-07-01T21:03:24","guid":{"rendered":"https:\/\/ppmco.foxtrotdev.com\/get-free-support\/transition-of-care\/"},"modified":"2023-12-08T21:09:26","modified_gmt":"2023-12-08T21:09:26","slug":"transition-of-care","status":"publish","type":"page","link":"https:\/\/ppmco.foxtrotdev.com\/es\/obtenga-apoyo-gratuita\/transition-of-care\/","title":{"rendered":"Transici\u00f3n de la atenci\u00f3n"},"content":{"rendered":"<div id=\"block_f763fe145a98424f57e819cb74d41b49\" class=\"wpfox-page-header standard has-cta\" style=\"--heading-width: 46;\">\r\n\t<div class=\"wrapper banner\">\r\n\t\t<div class=\"bg-glow\"><\/div>\r\n\t\t\t\t<div class=\"text-block\">\r\n\t\t\t\n\n<h1 class=\"wp-block-heading page-title has-h-3-font-size\">Transici\u00f3n de la atenci\u00f3n<\/h1>\n\n\n\n<h2 class=\"wp-block-heading has-h-1-font-size\">Tome el control de su salud<\/h2>\n\n\r\n\t\t<\/div>\r\n\t\t<div class='fgimage'><img loading=\"lazy\" decoding=\"async\" width=\"800\" height=\"752\" src=\"https:\/\/ppmco.foxtrotdev.com\/wp-content\/uploads\/2022\/07\/fg-transition.png\" class=\"attachment-large size-large\" alt=\"\" srcset=\"https:\/\/ppmco.foxtrotdev.com\/wp-content\/uploads\/2022\/07\/fg-transition.png 800w, https:\/\/ppmco.foxtrotdev.com\/wp-content\/uploads\/2022\/07\/fg-transition-300x282.png 300w, https:\/\/ppmco.foxtrotdev.com\/wp-content\/uploads\/2022\/07\/fg-transition-768x722.png 768w\" sizes=\"auto, (max-width: 800px) 100vw, 800px\" \/><\/div>\t<\/div>\r\n\t\n\t\t<div class='cta-bar page-header-jumpmenu'>\n\t\t\t<form class='desktop'>\n\t\t\t\t<label>Encuentre atenci\u00f3n ahora:<\/label>\n\t\t\t\t<div class='prepend'>Necesito<\/div>\n\t\t\t\t<select class='jumpmenu'>\n\t\t\t\t\t<option value='https:\/\/pp.healthtrioconnect.com\/public-app\/consumer\/provdir\/entry.page' data-target='_blank'>un m\u00e9dico<\/option><option value='https:\/\/www.caremark.com\/' data-target='_blank'>una farmacia<\/option><option value='https:\/\/ppmco.foxtrotdev.com\/es\/find-care-now\/denatl-care\/' data-target=''>atenci\u00f3n dental<\/option><option value='https:\/\/superiorvision.com\/members\/' data-target='_blank'>atenci\u00f3n de la visi\u00f3n<\/option><option value='https:\/\/pp.healthtrioconnect.com\/public-app\/consumer\/provdir\/search.page?lat=&#038;long=&#038;searchString=&#038;sortType=NAMEASC&#038;provType=H&#038;addressState=md&#038;providerSpecialty=hospital&#038;myAddress=&#038;myCity=&#038;myState=md&#038;myZip=&#038;distance=25&#038;ageId=&#038;sexId=&#038;conditionId=&#038;xsesschk=undefined' data-target='_blank'>un hospital<\/option>\n\t\t\t\t<\/select>\n\t\t\t\t<a class='btn'>Va<\/a>\n\t\t\t<\/form>\n\t\t\t<div class='mobile'>\n\t\t\t\t\n\t\t\t\t\n\t\t\t<\/div>\n\t\t<\/div>\n\t<\/div>\n\n\n<div class=\"wp-block-group alignfull is-style-section-padding mobile-margin-bottom-0 mobile-padding-bottom-0 is-layout-flow wp-block-group-is-layout-flow\">\n<div class=\"wp-block-columns is-style-sidebar-section is-layout-flex wp-container-core-columns-is-layout-9d6595d7 wp-block-columns-is-layout-flex\">\n<div class=\"wp-block-column is-layout-flow wp-block-column-is-layout-flow\" style=\"flex-basis:66.66%\">\n<figure class=\"wp-block-image size-full mobile-only small-steps-image\"><img loading=\"lazy\" decoding=\"async\" width=\"385\" height=\"119\" src=\"https:\/\/ppmco.foxtrotdev.com\/wp-content\/uploads\/2022\/07\/small-steps.png\" alt=\"\" class=\"wp-image-402\" srcset=\"https:\/\/ppmco.foxtrotdev.com\/wp-content\/uploads\/2022\/07\/small-steps.png 385w, https:\/\/ppmco.foxtrotdev.com\/wp-content\/uploads\/2022\/07\/small-steps-300x93.png 300w\" sizes=\"auto, (max-width: 385px) 100vw, 385px\" \/><\/figure>\n\n\n\n<h2 class=\"wp-block-heading is-style-default has-purple-color has-text-color\">Hacer transiciones f\u00e1ciles<\/h2>\n\n\n\n<p class=\"is-style-default has-intro-font-size\">Volver a casa despu\u00e9s de una larga estancia en el hospital puede ser un alivio maravilloso. Cuando su salud cambie, ya sea de forma temporal (una lesi\u00f3n o una estancia en el hospital) o a largo plazo (necesidad de un nuevo tratamiento), le daremos un apoyo adicional.<\/p>\n\n\n\n<p class=\"is-style-default has-intro-font-size\">Tambi\u00e9n puede ser muy desafiante. Es posible que tenga que acostumbrarse a instrucciones nuevas de su m\u00e9dico. Tambi\u00e9n puede que le cueste volver a su antigua rutina. Nuestro equipo de Transici\u00f3n de atenci\u00f3n est\u00e1 aqu\u00ed para ayudar. <\/p>\n\n\n\n<p class=\"is-style-default has-intro-font-size\"><strong>Cuando salga del hospital, nos comunicaremos con usted para que sepa c\u00f3mo podemos facilitarle la vida.<\/strong><\/p>\n\n\n\n<div class=\"wp-block-buttons is-layout-flex wp-block-buttons-is-layout-flex\">\n<div class=\"wp-block-button is-style-small\"><a class=\"wp-block-button__link wp-element-button\" href=\"mailto:caremanagement@jhhp.org\">D\u00e9 el siguiente paso<\/a><\/div>\n<\/div>\n<\/div>\n\n\n\n<div class=\"wp-block-column is-layout-flow wp-block-column-is-layout-flow\" style=\"flex-basis:33.33%\">\n<figure class=\"wp-block-image size-full desktop-only padding-left-30 padding-right-30 small-steps-image\"><img loading=\"lazy\" decoding=\"async\" width=\"385\" height=\"119\" src=\"https:\/\/ppmco.foxtrotdev.com\/wp-content\/uploads\/2022\/07\/small-steps.png\" alt=\"\" class=\"wp-image-402\" srcset=\"https:\/\/ppmco.foxtrotdev.com\/wp-content\/uploads\/2022\/07\/small-steps.png 385w, https:\/\/ppmco.foxtrotdev.com\/wp-content\/uploads\/2022\/07\/small-steps-300x93.png 300w\" sizes=\"auto, (max-width: 385px) 100vw, 385px\" \/><\/figure>\n\n\n\n<div class=\"wp-block-group is-style-sidebar-block has-light-purple-background-color has-background is-layout-flow wp-block-group-is-layout-flow\">\n<h3 class=\"wp-block-heading has-text-align-center has-purple-color has-text-color\">D\u00e9 el siguiente paso.<\/h3>\n\n\n\n<p class=\"has-text-align-center has-intro-font-size\">Comun\u00edquese con nosotros si tiene alguna pregunta o para empezar con un programa:<\/p>\n\n\n\n<div class=\"wp-block-buttons is-style-margin-top-15 is-content-justification-center is-layout-flex wp-container-core-buttons-is-layout-16018d1d wp-block-buttons-is-layout-flex\">\n<div class=\"wp-block-button is-style-small\"><a class=\"wp-block-button__link wp-element-button\" href=\"mailto:caremanagement@jhhp.org\">Env\u00edenos un correo electr\u00f3nico<\/a><\/div>\n<\/div>\n\n\n\n<p class=\"has-text-align-center has-small-font-size\">Por favor, no incluya informaci\u00f3n personal de salud en su correo electr\u00f3nico.<\/p>\n\n\n\n<div class=\"wp-block-buttons is-style-margin-top-15 is-content-justification-center is-layout-flex wp-container-core-buttons-is-layout-16018d1d wp-block-buttons-is-layout-flex\">\n<div class=\"wp-block-button is-style-phone-icon-no-tab\"><a class=\"wp-block-button__link wp-element-button\" href=\"tel:8005576916\">800-557-6916<\/a><\/div>\n<\/div>\n\n\n\n<p class=\"has-text-align-center margin-top-0\">De lunes a viernes, de 8 a. m. a 5:30 p. m.<\/p>\n\n\n\n<p class=\"has-text-align-center margin-top-5 has-purple-color has-text-color\"><strong><em>TTY para personas con discapacidades auditivas<\/em><\/strong>:<\/p>\n\n\n\n<p class=\"has-text-align-center margin-top-0\">711<\/p>\n<\/div>\n<\/div>\n<\/div>\n<\/div>\n\n\n<div id=\"block_32ba151b91a8f52b76e3c1b08214149e\" class=\"wpfox-text-image-section small-padding circle\">\r\n\t<div class=\"wrapper has-purple-background-color\">\r\n\t\t<div class=\"row row-text-image image-left\">\r\n\t\t\t<div class=\"col col-text\">\r\n\t\t\t\t\n\n<h4 class=\"wp-block-heading has-h-4-featured-font-size\">D\u00e9 el siguiente paso<\/h4>\n\n\n\n<h2 class=\"wp-block-heading has-h-2-featured-font-size\">Transiciones m\u00e1s f\u00e1ciles<\/h2>\n\n\n\n<p class=\"has-intro-font-size is-style-default\">Podemos ense\u00f1arle sobre un nuevo diagn\u00f3stico y ayudarle a administrar los nuevos medicamentos. Tambi\u00e9n podemos conectarlo con otros recursos que pueden ayudarle a recuperarse y mantenerse saludable. Si acudi\u00f3 a la sala de emergencias, podemos asesorarlo para que no tenga que volver.<\/p>\n\n\n\n<div class=\"wp-block-buttons is-layout-flex wp-block-buttons-is-layout-flex\">\n<div class=\"wp-block-button is-style-fill\"><a class=\"wp-block-button__link has-gold-background-color has-background wp-element-button\" href=\"https:\/\/ppmco.foxtrotdev.com\/es\/hagase-miembro\/\">Inscr\u00edbase<\/a><\/div>\n<\/div>\n\n\r\n\t\t\t<\/div>\r\n\t\t\t<div class=\"col col-image\">\r\n\t\t\t\t\r\n\t\t\r\n\t\t\t<div class='image-wrapper'>\r\n\t\t\t\t<img loading=\"lazy\" decoding=\"async\" width=\"1024\" height=\"1024\" src=\"https:\/\/ppmco.foxtrotdev.com\/wp-content\/uploads\/2022\/07\/transitions-1024x1024.jpg\" class=\"attachment-large size-large\" alt=\"\" srcset=\"https:\/\/ppmco.foxtrotdev.com\/wp-content\/uploads\/2022\/07\/transitions-1024x1024.jpg 1024w, https:\/\/ppmco.foxtrotdev.com\/wp-content\/uploads\/2022\/07\/transitions-300x300.jpg 300w, https:\/\/ppmco.foxtrotdev.com\/wp-content\/uploads\/2022\/07\/transitions-150x150.jpg 150w, https:\/\/ppmco.foxtrotdev.com\/wp-content\/uploads\/2022\/07\/transitions-768x769.jpg 768w, https:\/\/ppmco.foxtrotdev.com\/wp-content\/uploads\/2022\/07\/transitions.jpg 1087w\" sizes=\"auto, (max-width: 1024px) 100vw, 1024px\" \/>\r\n\t\t\t<\/div>\r\n\t\t\r\n\t\t\r\n\t\t\t\t<\/div>\r\n\t\t<\/div>\r\n\t<\/div>\r\n<\/div>\n\n\n<div class=\"wp-block-group is-style-section-padding is-layout-flow wp-block-group-is-layout-flow\">\n<div class=\"wp-block-columns is-layout-flex wp-container-core-columns-is-layout-9d6595d7 wp-block-columns-is-layout-flex\">\n<div class=\"wp-block-column is-layout-flow wp-block-column-is-layout-flow\">\n<figure class=\"wp-block-image aligncenter size-medium is-resized\"><img loading=\"lazy\" decoding=\"async\" width=\"300\" height=\"292\" src=\"https:\/\/ppmco.foxtrotdev.com\/wp-content\/uploads\/2022\/08\/icon-question-300x292.png\" alt=\"\" class=\"wp-image-13261\" style=\"width:92px;height:90px\" srcset=\"https:\/\/ppmco.foxtrotdev.com\/wp-content\/uploads\/2022\/08\/icon-question-300x292.png 300w, https:\/\/ppmco.foxtrotdev.com\/wp-content\/uploads\/2022\/08\/icon-question.png 371w\" sizes=\"auto, (max-width: 300px) 100vw, 300px\" \/><\/figure>\n\n\n\n<h2 class=\"wp-block-heading has-text-align-center margin-top-20 has-purple-color has-text-color\">\u00bfTiene alguna pregunta?<\/h2>\n\n\n\n<p class=\"has-text-align-center is-style-default has-intro-font-size\">Si cree que puede beneficiarse de estos servicios y desea solicitarlos, o si tiene alguna pregunta, p\u00f3ngase en contacto con el Departamento de Administraci\u00f3n de Atenci\u00f3n M\u00e9dica.<\/p>\n\n\n\n<p class=\"has-text-align-center is-style-default has-intro-font-size\"><strong>Llame al <\/strong><a href=\"tel:18005576916\">800-557-6916<\/a> <strong>y seleccione la opci\u00f3n 2<br>de lunes a viernes, de 8 a. m. a 5 p. m.<\/strong><br><strong>Correo electr\u00f3nico:<\/strong> <a href=\"mailto:caremanagement@jhhp.org\">caremanagement@jhhp.org<\/a><\/p>\n\n\n\n<p class=\"has-text-align-center is-style-default\">Puede darse de baja de los servicios de Administraci\u00f3n de atenci\u00f3n m\u00e9dica en cualquier momento comunic\u00e1ndose con nosotros al<em> <a href=\"tel:18005576916\">800-557-6916<\/a> o en <a href=\"mailto:caremanagement@jhhp.org\">caremanagement@jhhp.org<\/a>.<\/em><\/p>\n<\/div>\n<\/div>\n\n\n\n<figure class=\"wp-block-image aligncenter size-full margin-top-70\"><img loading=\"lazy\" decoding=\"async\" width=\"1000\" height=\"170\" src=\"https:\/\/ppmco.foxtrotdev.com\/wp-content\/uploads\/2022\/08\/quick-tips-transition.jpg\" alt=\"\" class=\"wp-image-13256\" srcset=\"https:\/\/ppmco.foxtrotdev.com\/wp-content\/uploads\/2022\/08\/quick-tips-transition.jpg 1000w, https:\/\/ppmco.foxtrotdev.com\/wp-content\/uploads\/2022\/08\/quick-tips-transition-300x51.jpg 300w, https:\/\/ppmco.foxtrotdev.com\/wp-content\/uploads\/2022\/08\/quick-tips-transition-768x131.jpg 768w\" sizes=\"auto, (max-width: 1000px) 100vw, 1000px\" \/><\/figure>\n<\/div>\n","protected":false},"excerpt":{"rendered":"<p>Hacer transiciones f\u00e1ciles Volver a casa despu\u00e9s de una larga estancia en el hospital puede ser un alivio maravilloso. Cuando&#8230;<\/p>\n","protected":false},"author":1,"featured_media":0,"parent":1068,"menu_order":0,"comment_status":"closed","ping_status":"closed","template":"","meta":{"_acf_changed":false,"_relevanssi_hide_post":"","_relevanssi_hide_content":"","_relevanssi_pin_for_all":"","_relevanssi_pin_keywords":"","_relevanssi_unpin_keywords":"","_relevanssi_related_keywords":"","_relevanssi_related_include_ids":"","_relevanssi_related_exclude_ids":"","_relevanssi_related_no_append":"","_relevanssi_related_not_related":"","_relevanssi_related_posts":"11346,11270,9667,8831,11566,11521","_relevanssi_noindex_reason":"","inline_featured_image":false,"footnotes":""},"class_list":["post-12699","page","type-page","status-publish","hentry"],"acf":[],"yoast_head":"<!-- This site is optimized with the Yoast SEO plugin v26.6 - https:\/\/yoast.com\/wordpress\/plugins\/seo\/ -->\n<title>Transici\u00f3n de la atenci\u00f3n - Priority Partners MCO<\/title>\n<meta name=\"robots\" content=\"index, follow, max-snippet:-1, max-image-preview:large, max-video-preview:-1\" \/>\n<link rel=\"canonical\" href=\"https:\/\/ppmco.foxtrotdev.com\/get-free-support\/transition-of-care\/\" \/>\n<meta property=\"og:locale\" content=\"es_ES\" \/>\n<meta property=\"og:type\" content=\"article\" \/>\n<meta property=\"og:title\" content=\"Transici\u00f3n de la atenci\u00f3n - Priority Partners MCO\" \/>\n<meta property=\"og:description\" content=\"Hacer transiciones f\u00e1ciles Volver a casa despu\u00e9s de una larga estancia en el hospital puede ser un alivio maravilloso. Cuando...\" \/>\n<meta property=\"og:url\" content=\"https:\/\/ppmco.foxtrotdev.com\/get-free-support\/transition-of-care\/\" \/>\n<meta property=\"og:site_name\" content=\"Priority Partners MCO\" \/>\n<meta property=\"article:publisher\" content=\"https:\/\/www.facebook.com\/PriorityPartners\" \/>\n<meta property=\"article:modified_time\" content=\"2023-12-08T21:09:26+00:00\" \/>\n<meta property=\"og:image\" content=\"https:\/\/ppmco.foxtrotdev.com\/wp-content\/uploads\/2022\/07\/small-steps.png\" \/>\n<meta name=\"twitter:card\" content=\"summary_large_image\" \/>\n<meta name=\"twitter:label1\" content=\"Tiempo de lectura\" \/>\n\t<meta name=\"twitter:data1\" content=\"3 minutos\" \/>\n<script type=\"application\/ld+json\" class=\"yoast-schema-graph\">{\"@context\":\"https:\/\/schema.org\",\"@graph\":[{\"@type\":\"WebPage\",\"@id\":\"https:\/\/ppmco.foxtrotdev.com\/get-free-support\/transition-of-care\/\",\"url\":\"https:\/\/ppmco.foxtrotdev.com\/get-free-support\/transition-of-care\/\",\"name\":\"Transici\u00f3n de la atenci\u00f3n - Priority Partners MCO\",\"isPartOf\":{\"@id\":\"https:\/\/ppmco.foxtrotdev.com\/#website\"},\"primaryImageOfPage\":{\"@id\":\"https:\/\/ppmco.foxtrotdev.com\/get-free-support\/transition-of-care\/#primaryimage\"},\"image\":{\"@id\":\"https:\/\/ppmco.foxtrotdev.com\/get-free-support\/transition-of-care\/#primaryimage\"},\"thumbnailUrl\":\"https:\/\/ppmco.foxtrotdev.com\/wp-content\/uploads\/2022\/07\/small-steps.png\",\"datePublished\":\"2022-07-01T21:03:24+00:00\",\"dateModified\":\"2023-12-08T21:09:26+00:00\",\"breadcrumb\":{\"@id\":\"https:\/\/ppmco.foxtrotdev.com\/get-free-support\/transition-of-care\/#breadcrumb\"},\"inLanguage\":\"es\",\"potentialAction\":[{\"@type\":\"ReadAction\",\"target\":[\"https:\/\/ppmco.foxtrotdev.com\/get-free-support\/transition-of-care\/\"]}]},{\"@type\":\"ImageObject\",\"inLanguage\":\"es\",\"@id\":\"https:\/\/ppmco.foxtrotdev.com\/get-free-support\/transition-of-care\/#primaryimage\",\"url\":\"https:\/\/ppmco.foxtrotdev.com\/wp-content\/uploads\/2022\/07\/small-steps.png\",\"contentUrl\":\"https:\/\/ppmco.foxtrotdev.com\/wp-content\/uploads\/2022\/07\/small-steps.png\"},{\"@type\":\"BreadcrumbList\",\"@id\":\"https:\/\/ppmco.foxtrotdev.com\/get-free-support\/transition-of-care\/#breadcrumb\",\"itemListElement\":[{\"@type\":\"ListItem\",\"position\":1,\"name\":\"Home\",\"item\":\"https:\/\/ppmco.foxtrotdev.com\/es\/\"},{\"@type\":\"ListItem\",\"position\":2,\"name\":\"Encuentre Apoyo Gratis\",\"item\":\"https:\/\/ppmco.foxtrotdev.com\/get-free-support\/\"},{\"@type\":\"ListItem\",\"position\":3,\"name\":\"Transici\u00f3n de la atenci\u00f3n\"}]},{\"@type\":\"WebSite\",\"@id\":\"https:\/\/ppmco.foxtrotdev.com\/#website\",\"url\":\"https:\/\/ppmco.foxtrotdev.com\/\",\"name\":\"Priority Partners MCO\",\"description\":\"Low and no-cost healthcare for qualified Maryland residents\",\"publisher\":{\"@id\":\"https:\/\/ppmco.foxtrotdev.com\/#organization\"},\"alternateName\":\"PPMCO\",\"potentialAction\":[{\"@type\":\"SearchAction\",\"target\":{\"@type\":\"EntryPoint\",\"urlTemplate\":\"https:\/\/ppmco.foxtrotdev.com\/?s={search_term_string}\"},\"query-input\":{\"@type\":\"PropertyValueSpecification\",\"valueRequired\":true,\"valueName\":\"search_term_string\"}}],\"inLanguage\":\"es\"},{\"@type\":\"Organization\",\"@id\":\"https:\/\/ppmco.foxtrotdev.com\/#organization\",\"name\":\"Priority Partners MCO\",\"url\":\"https:\/\/ppmco.foxtrotdev.com\/\",\"logo\":{\"@type\":\"ImageObject\",\"inLanguage\":\"es\",\"@id\":\"https:\/\/ppmco.foxtrotdev.com\/#\/schema\/logo\/image\/\",\"url\":\"https:\/\/ppmco.foxtrotdev.com\/wp-content\/uploads\/2022\/03\/logo.png\",\"contentUrl\":\"https:\/\/ppmco.foxtrotdev.com\/wp-content\/uploads\/2022\/03\/logo.png\",\"width\":635,\"height\":177,\"caption\":\"Priority Partners MCO\"},\"image\":{\"@id\":\"https:\/\/ppmco.foxtrotdev.com\/#\/schema\/logo\/image\/\"},\"sameAs\":[\"https:\/\/www.facebook.com\/PriorityPartners\",\"https:\/\/www.youtube.com\/user\/PriorityPartners\",\"https:\/\/www.instagram.com\/prioritypartners\/\"]}]}<\/script>\n<!-- \/ Yoast SEO plugin. -->","yoast_head_json":{"title":"Transici\u00f3n de la atenci\u00f3n - Priority Partners MCO","robots":{"index":"index","follow":"follow","max-snippet":"max-snippet:-1","max-image-preview":"max-image-preview:large","max-video-preview":"max-video-preview:-1"},"canonical":"https:\/\/ppmco.foxtrotdev.com\/get-free-support\/transition-of-care\/","og_locale":"es_ES","og_type":"article","og_title":"Transici\u00f3n de la atenci\u00f3n - Priority Partners MCO","og_description":"Hacer transiciones f\u00e1ciles Volver a casa despu\u00e9s de una larga estancia en el hospital puede ser un alivio maravilloso. Cuando...","og_url":"https:\/\/ppmco.foxtrotdev.com\/get-free-support\/transition-of-care\/","og_site_name":"Priority Partners MCO","article_publisher":"https:\/\/www.facebook.com\/PriorityPartners","article_modified_time":"2023-12-08T21:09:26+00:00","og_image":[{"url":"https:\/\/ppmco.foxtrotdev.com\/wp-content\/uploads\/2022\/07\/small-steps.png","type":"","width":"","height":""}],"twitter_card":"summary_large_image","twitter_misc":{"Tiempo de lectura":"3 minutos"},"schema":{"@context":"https:\/\/schema.org","@graph":[{"@type":"WebPage","@id":"https:\/\/ppmco.foxtrotdev.com\/get-free-support\/transition-of-care\/","url":"https:\/\/ppmco.foxtrotdev.com\/get-free-support\/transition-of-care\/","name":"Transici\u00f3n de la atenci\u00f3n - Priority Partners MCO","isPartOf":{"@id":"https:\/\/ppmco.foxtrotdev.com\/#website"},"primaryImageOfPage":{"@id":"https:\/\/ppmco.foxtrotdev.com\/get-free-support\/transition-of-care\/#primaryimage"},"image":{"@id":"https:\/\/ppmco.foxtrotdev.com\/get-free-support\/transition-of-care\/#primaryimage"},"thumbnailUrl":"https:\/\/ppmco.foxtrotdev.com\/wp-content\/uploads\/2022\/07\/small-steps.png","datePublished":"2022-07-01T21:03:24+00:00","dateModified":"2023-12-08T21:09:26+00:00","breadcrumb":{"@id":"https:\/\/ppmco.foxtrotdev.com\/get-free-support\/transition-of-care\/#breadcrumb"},"inLanguage":"es","potentialAction":[{"@type":"ReadAction","target":["https:\/\/ppmco.foxtrotdev.com\/get-free-support\/transition-of-care\/"]}]},{"@type":"ImageObject","inLanguage":"es","@id":"https:\/\/ppmco.foxtrotdev.com\/get-free-support\/transition-of-care\/#primaryimage","url":"https:\/\/ppmco.foxtrotdev.com\/wp-content\/uploads\/2022\/07\/small-steps.png","contentUrl":"https:\/\/ppmco.foxtrotdev.com\/wp-content\/uploads\/2022\/07\/small-steps.png"},{"@type":"BreadcrumbList","@id":"https:\/\/ppmco.foxtrotdev.com\/get-free-support\/transition-of-care\/#breadcrumb","itemListElement":[{"@type":"ListItem","position":1,"name":"Home","item":"https:\/\/ppmco.foxtrotdev.com\/es\/"},{"@type":"ListItem","position":2,"name":"Encuentre Apoyo Gratis","item":"https:\/\/ppmco.foxtrotdev.com\/get-free-support\/"},{"@type":"ListItem","position":3,"name":"Transici\u00f3n de la atenci\u00f3n"}]},{"@type":"WebSite","@id":"https:\/\/ppmco.foxtrotdev.com\/#website","url":"https:\/\/ppmco.foxtrotdev.com\/","name":"Priority Partners MCO","description":"Low and no-cost healthcare for qualified Maryland residents","publisher":{"@id":"https:\/\/ppmco.foxtrotdev.com\/#organization"},"alternateName":"PPMCO","potentialAction":[{"@type":"SearchAction","target":{"@type":"EntryPoint","urlTemplate":"https:\/\/ppmco.foxtrotdev.com\/?s={search_term_string}"},"query-input":{"@type":"PropertyValueSpecification","valueRequired":true,"valueName":"search_term_string"}}],"inLanguage":"es"},{"@type":"Organization","@id":"https:\/\/ppmco.foxtrotdev.com\/#organization","name":"Priority Partners MCO","url":"https:\/\/ppmco.foxtrotdev.com\/","logo":{"@type":"ImageObject","inLanguage":"es","@id":"https:\/\/ppmco.foxtrotdev.com\/#\/schema\/logo\/image\/","url":"https:\/\/ppmco.foxtrotdev.com\/wp-content\/uploads\/2022\/03\/logo.png","contentUrl":"https:\/\/ppmco.foxtrotdev.com\/wp-content\/uploads\/2022\/03\/logo.png","width":635,"height":177,"caption":"Priority Partners MCO"},"image":{"@id":"https:\/\/ppmco.foxtrotdev.com\/#\/schema\/logo\/image\/"},"sameAs":["https:\/\/www.facebook.com\/PriorityPartners","https:\/\/www.youtube.com\/user\/PriorityPartners","https:\/\/www.instagram.com\/prioritypartners\/"]}]}},"_links":{"self":[{"href":"https:\/\/ppmco.foxtrotdev.com\/es\/wp-json\/wp\/v2\/pages\/12699","targetHints":{"allow":["GET"]}}],"collection":[{"href":"https:\/\/ppmco.foxtrotdev.com\/es\/wp-json\/wp\/v2\/pages"}],"about":[{"href":"https:\/\/ppmco.foxtrotdev.com\/es\/wp-json\/wp\/v2\/types\/page"}],"author":[{"embeddable":true,"href":"https:\/\/ppmco.foxtrotdev.com\/es\/wp-json\/wp\/v2\/users\/1"}],"replies":[{"embeddable":true,"href":"https:\/\/ppmco.foxtrotdev.com\/es\/wp-json\/wp\/v2\/comments?post=12699"}],"version-history":[{"count":5,"href":"https:\/\/ppmco.foxtrotdev.com\/es\/wp-json\/wp\/v2\/pages\/12699\/revisions"}],"predecessor-version":[{"id":99913187,"href":"https:\/\/ppmco.foxtrotdev.com\/es\/wp-json\/wp\/v2\/pages\/12699\/revisions\/99913187"}],"up":[{"embeddable":true,"href":"https:\/\/ppmco.foxtrotdev.com\/es\/wp-json\/wp\/v2\/pages\/1068"}],"wp:attachment":[{"href":"https:\/\/ppmco.foxtrotdev.com\/es\/wp-json\/wp\/v2\/media?parent=12699"}],"curies":[{"name":"wp","href":"https:\/\/api.w.org\/{rel}","templated":true}]}}