{"id":12690,"date":"2022-07-01T17:08:16","date_gmt":"2022-07-01T17:08:16","guid":{"rendered":"https:\/\/ppmco.foxtrotdev.com\/get-free-support\/health-wellness-classes\/"},"modified":"2023-04-14T15:28:36","modified_gmt":"2023-04-14T15:28:36","slug":"clases-de-bienestar-y-salud","status":"publish","type":"page","link":"https:\/\/ppmco.foxtrotdev.com\/es\/obtenga-apoyo-gratuita\/clases-de-bienestar-y-salud\/","title":{"rendered":"Clases de salud y bienestar"},"content":{"rendered":"<div id=\"block_a075592922faac9c96f5b282fa018d67\" class=\"wpfox-page-header standard has-cta\" style=\"\">\r\n\t<div class=\"wrapper banner\">\r\n\t\t<div class=\"bg-glow\"><\/div>\r\n\t\t\t\t<div class=\"text-block\">\r\n\t\t\t\n\n<h1 class=\"wp-block-heading page-title has-h-3-font-size\">Clases de salud y bienestar<\/h1>\n\n\n\n<h2 class=\"wp-block-heading has-h-1-font-size\">Consiga su mejor salud<\/h2>\n\n\r\n\t\t<\/div>\r\n\t\t<div class='fgimage'><img loading=\"lazy\" decoding=\"async\" width=\"800\" height=\"901\" src=\"https:\/\/ppmco.foxtrotdev.com\/wp-content\/uploads\/2022\/07\/fg-hw.png\" class=\"attachment-large size-large\" alt=\"\" srcset=\"https:\/\/ppmco.foxtrotdev.com\/wp-content\/uploads\/2022\/07\/fg-hw.png 800w, https:\/\/ppmco.foxtrotdev.com\/wp-content\/uploads\/2022\/07\/fg-hw-266x300.png 266w, https:\/\/ppmco.foxtrotdev.com\/wp-content\/uploads\/2022\/07\/fg-hw-768x865.png 768w\" sizes=\"auto, (max-width: 800px) 100vw, 800px\" \/><\/div>\t<\/div>\r\n\t\n\t\t<div class='cta-bar page-header-jumpmenu'>\n\t\t\t<form class='desktop'>\n\t\t\t\t<label>Encuentre atenci\u00f3n ahora:<\/label>\n\t\t\t\t<div class='prepend'>Necesito<\/div>\n\t\t\t\t<select class='jumpmenu'>\n\t\t\t\t\t<option value='https:\/\/pp.healthtrioconnect.com\/public-app\/consumer\/provdir\/entry.page' data-target='_blank'>un m\u00e9dico<\/option><option value='https:\/\/www.caremark.com\/' data-target='_blank'>una farmacia<\/option><option value='https:\/\/ppmco.foxtrotdev.com\/es\/find-care-now\/denatl-care\/' data-target=''>atenci\u00f3n dental<\/option><option value='https:\/\/superiorvision.com\/members\/' data-target='_blank'>atenci\u00f3n de la visi\u00f3n<\/option><option value='https:\/\/pp.healthtrioconnect.com\/public-app\/consumer\/provdir\/search.page?lat=&#038;long=&#038;searchString=&#038;sortType=NAMEASC&#038;provType=H&#038;addressState=md&#038;providerSpecialty=hospital&#038;myAddress=&#038;myCity=&#038;myState=md&#038;myZip=&#038;distance=25&#038;ageId=&#038;sexId=&#038;conditionId=&#038;xsesschk=undefined' data-target='_blank'>un hospital<\/option>\n\t\t\t\t<\/select>\n\t\t\t\t<a class='btn'>Va<\/a>\n\t\t\t<\/form>\n\t\t\t<div class='mobile'>\n\t\t\t\t\n\t\t\t\t\n\t\t\t<\/div>\n\t\t<\/div>\n\t<\/div>\n\n\n<div class=\"wp-block-group alignfull is-style-section-padding mobile-margin-bottom-0 mobile-padding-bottom-0 is-layout-flow wp-block-group-is-layout-flow\">\n<div class=\"wp-block-columns is-style-sidebar-section is-layout-flex wp-container-core-columns-is-layout-9d6595d7 wp-block-columns-is-layout-flex\">\n<div class=\"wp-block-column is-layout-flow wp-block-column-is-layout-flow\" style=\"flex-basis:66.66%\">\n<figure class=\"wp-block-image size-full mobile-only small-steps-image\"><img loading=\"lazy\" decoding=\"async\" width=\"385\" height=\"119\" src=\"https:\/\/ppmco.foxtrotdev.com\/wp-content\/uploads\/2022\/07\/small-steps.png\" alt=\"\" class=\"wp-image-402\" srcset=\"https:\/\/ppmco.foxtrotdev.com\/wp-content\/uploads\/2022\/07\/small-steps.png 385w, https:\/\/ppmco.foxtrotdev.com\/wp-content\/uploads\/2022\/07\/small-steps-300x93.png 300w\" sizes=\"auto, (max-width: 385px) 100vw, 385px\" \/><\/figure>\n\n\n\n<p class=\"has-intro-font-size\"><strong>Entender sus afecciones es importante para poder manejarlas adecuadamente.<\/strong><\/p>\n\n\n\n<p class=\"is-style-default\">Priority Partners ofrece muchos programas y talleres de educaci\u00f3n gratuitos e interactivos sobre salud para ayudarle a conocer mejor los factores que m\u00e1s afectan a su salud. Nuestros programas le proporcionan la informaci\u00f3n, los consejos y las herramientas que necesita para controlar su salud, en un entorno de grupo de apoyo en el que los miembros pueden ense\u00f1ar y aprender unos de otros. Las clases se imparten a trav\u00e9s de reuniones de Zoom.<\/p>\n\n\n\n<h4 class=\"wp-block-heading is-style-default\">Suscr\u00edbase a las alertas de las clases<\/h4>\n\n\n\n<p class=\"is-style-default\">Reciba correos electr\u00f3nicos con las fechas y horarios de las pr\u00f3ximas clases. Elija los temas que le interesan:<\/p>\n\n\n\n\n    <meta charset=\"UTF-8\">\n    <!--\n    <style type=\"text\/css\">\n    \t.ui-datepicker-trigger { margin-left: 4px;}\n    <\/style>\n    <link href=\"https:\/\/media.campaigner.com\/csb\/styles\/jqueryui\/themes\/redmond\/jquery-ui-1.8.2.css\" rel=\"stylesheet\" type=\"text\/css\">\n    -->\n    <script src=\"https:\/\/media.campaigner.com\/csb\/scripts\/thirdparty\/jquery-latest.min.js\" type=\"text\/javascript\"><\/script>\n    <script src=\"https:\/\/media.campaigner.com\/csb\/scripts\/thirdparty\/jquery.validate.js\" type=\"text\/javascript\"><\/script>\n    <script src=\"https:\/\/media.campaigner.com\/csb\/scripts\/thirdparty\/jquery-ui-latest.min.js\" type=\"text\/javascript\"><\/script>\n    <script type=\"text\/javascript\">\n    \t$(document).ready(function () {\n    \t    $(\".datepicker\").datepicker({ showOn: 'button', buttonImage: 'https:\/\/secure.campaigner.com\/CSB\/images\/Toolbar\/newAppointment.gif', buttonImageOnly: true, dateFormat: 'yy-mm-dd', constrainInput: true, changeMonth: true, changeYear: true, yearRange: \"1900:+10\", onSelect: function (dateText, inst) { inst.input.trigger(\"focus\"); } });\n    \t    var dateFormat = \"yyyy-mm-dd\";\n    \t    $(\".datepicker\").attr(\"title\", dateFormat).attr(\"format\", dateFormat);\n    \t\n    \t    \/\/ Force the calender to stay hidden till it's being invoked through the calendar icon\n    \t    $(\".ui-helper-clearfix\").css(\"display\", \"none\");\n    \t});\n    <\/script>\n    <!--\n    <link href=\"https:\/\/media.campaigner.com\/csb\/app_themes\/lightning\/combobox.campformcombo.css\" type=\"text\/css\" rel=\"stylesheet\">\n    <link href=\"https:\/\/media.campaigner.com\/csb\/app_themes\/lightning\/common\/fonticons.css\" type=\"text\/css\" rel=\"stylesheet\">\n    -->\n    <form name=\"previewForm\" method=\"post\" action=\"https:\/\/secure.campaigner.com\/CSB\/Public\/ProcessHostedForm.aspx\" id=\"previewForm\" enctype=\"multipart\/form-data\" target=\"_blank\">\n    \t<script type=\"text\/javascript\">\n    \t\t\/\/<![cdata[\n    \t\tvar theForm = document.forms['previewForm'];\n    \t\tif (!theForm) {\n    \t\t    theForm = document.previewForm;\n    \t\t}\n    \t\tfunction __doPostBack(eventTarget, eventArgument) {\n    \t\t    if (!theForm.onsubmit || (theForm.onsubmit() != false)) {\n    \t\t        theForm.__EVENTTARGET.value = eventTarget;\n    \t\t        theForm.__EVENTARGUMENT.value = eventArgument;\n    \t\t        theForm.submit();\n    \t\t    }\n    \t\t}\n    \t\t\/\/]]>\n    \t<\/script>\n    \t<div>\n    \t\t<input type=\"hidden\" name=\"__VIEWSTATEGENERATOR\" id=\"__VIEWSTATEGENERATOR\" value=\"5523BD75\">\n    \t<\/div>\n    \t<div id=\"previewWrapper\">\n    \t\t<div id=\"LanguageDropdown\" class=\"LanguageDropdown\">\n    \t\t<\/div>\n    \t\t\n    \t\t<div id=\"formContainer\" class=\"formContainer\">\n    \t\t\t<div id=\"MailingListContainer\" class=\"MailingListSection\">\n    \t\t\t\t<div class=\"SignupFormPreview\"><span style=\"word-wrap:break-word;\"><input id=\"21530302GR\" type=\"checkbox\" name=\"21530302GR\"><label for=\"21530302GR\">Asma<\/label><\/span><\/div>\n    \t\t\t\t<div class=\"SignupFormPreview\"><span style=\"word-wrap:break-word;\"><input id=\"21530307GR\" type=\"checkbox\" name=\"21530307GR\"><label for=\"21530307GR\">Presi\u00f3n Arterial<\/label><\/span><\/div>\n    \t\t\t\t<div class=\"SignupFormPreview\"><span style=\"word-wrap:break-word;\"><input id=\"21530312GR\" type=\"checkbox\" name=\"21530312GR\"><label for=\"21530312GR\">Autotratamiento de Enfermedades Cr\u00f3nicas<\/label><\/span><\/div>\n    \t\t\t\t<div class=\"SignupFormPreview\"><span style=\"word-wrap:break-word;\"><input id=\"21530317GR\" type=\"checkbox\" name=\"21530317GR\"><label for=\"21530317GR\">Diabetes<\/label><\/span><\/div>\n    \t\t\t\t<div class=\"SignupFormPreview\"><span style=\"word-wrap:break-word;\"><input id=\"21530322GR\" type=\"checkbox\" name=\"21530322GR\"><label for=\"21530322GR\">Cuidados Personales<\/label><\/span><\/div>\n    \t\t\t\t<div class=\"SignupFormPreview\"><span style=\"word-wrap:break-word;\"><input id=\"21530327GR\" type=\"checkbox\" name=\"21530327GR\"><label for=\"21530327GR\">Control de Peso<\/label><\/span><\/div>\n    \t\t\t<\/div>\n    \t\t\t<div id=\"SignupFormPreview\" class=\"SignupFormPreview button-offset-container\">\n    \t\t\t\t<input name=\"9235689FF\" type=\"text\" maxlength=\"4000\" id=\"9235689FF\" class=\"required\" placeholder=\"Su correo electr\u00f3nico\" contactattributeid=\"9235689\" required>\n    \t\t\t<\/div>\n    \t\t\t<div id=\"FooterPreview\" class=\"SignupFormPreview\" style=\"padding-left: 10px;text-align:left; font-size:14px; color:black; font-family:verdana; font-weight:normal; text-align:left; font-style:bold; text-decoration:none;\"><\/div>\n    \t\t\t<div id=\"btnSection\" class=\"wp-block-buttons margin-top-20\">\n    \t\t\t\t<span id=\"Label1\" style=\"display:none;\"><\/span>\n    \t\t\t\t<div class=\"wp-block-button\">\n    \t\t\t\t\t<input type=\"submit\" name=\"SubmitButton\" value=\"Suscr\u00edbase\" id=\"SubmitButton\" class=\"wp-block-button__link\">\n    \t\t\t\t<\/div>\n    \t\t\t<\/div>\n    \t\t<\/div>\n    \t\t\n    \t<\/div>\n    \t<input type=\"hidden\" name=\"FormInfo\" id=\"FormInfo\" value=\"7991310e-0242-46bc-b42e-ed7a05c2272d\">\n    \t<input type=\"hidden\" name=\"AccId\" id=\"AccId\" value=\"g76u\">\n    <\/form>\n    <script src=\"https:\/\/media.campaigner.com\/csb\/scripts\/hostedform.min.js\" type=\"text\/javascript\"><\/script>\n    <script type=\"text\/javascript\">\n    \t\/\/remove any div which has class \"ui-datepicker-div\" that got generated since the jQuery will re-generate these the next time around.\n    \tdocument.addEventListener(\"DOMContentLoaded\", function () {\n    \t    var element = document.getElementById('ui-datepicker-div');\n    \t    if (typeof (element) != 'undefined' && element != null) {\n    \t        document.getElementById(\"ui-datepicker-div\").remove();\n    \t    }\n    \t});\n    <\/script><\/div>\n\n\n\n<div class=\"wp-block-column is-layout-flow wp-block-column-is-layout-flow\" style=\"flex-basis:33.33%\">\n<figure class=\"wp-block-image size-full desktop-only padding-left-30 padding-right-30 small-steps-image\"><img loading=\"lazy\" decoding=\"async\" width=\"385\" height=\"119\" src=\"https:\/\/ppmco.foxtrotdev.com\/wp-content\/uploads\/2022\/07\/small-steps.png\" alt=\"\" class=\"wp-image-402\" srcset=\"https:\/\/ppmco.foxtrotdev.com\/wp-content\/uploads\/2022\/07\/small-steps.png 385w, https:\/\/ppmco.foxtrotdev.com\/wp-content\/uploads\/2022\/07\/small-steps-300x93.png 300w\" sizes=\"auto, (max-width: 385px) 100vw, 385px\" \/><\/figure>\n\n\n\n<div class=\"wp-block-group is-style-sidebar-block has-light-purple-background-color has-background is-layout-flow wp-block-group-is-layout-flow\">\n<h3 class=\"wp-block-heading has-text-align-center\">\u00bfPreguntas sobre las clases?<\/h3>\n\n\n\n<p class=\"has-text-align-center has-intro-font-size\">Cont\u00e1ctenos para recibir ayuda:<\/p>\n\n\n\n<div class=\"wp-block-buttons is-style-margin-top-15 is-content-justification-center is-layout-flex wp-container-core-buttons-is-layout-16018d1d wp-block-buttons-is-layout-flex\">\n<div class=\"wp-block-button is-style-small\"><a class=\"wp-block-button__link wp-element-button\" href=\"https:\/\/ppmco.foxtrotdev.com\/es\/contactenos\/\">Env\u00edenos un correo electr\u00f3nico<\/a><\/div>\n<\/div>\n\n\n\n<p class=\"has-text-align-center has-small-font-size\"><em>Por favor, no incluya informaci\u00f3n personal de salud<br>en su correo electr\u00f3nico.<\/em><\/p>\n\n\n\n<div class=\"wp-block-buttons is-style-margin-top-15 is-content-justification-center is-layout-flex wp-container-core-buttons-is-layout-16018d1d wp-block-buttons-is-layout-flex\">\n<div class=\"wp-block-button is-style-phone-icon-no-tab\"><a class=\"wp-block-button__link wp-element-button\" href=\"tel:8005576916\">800-557-6916<\/a><\/div>\n<\/div>\n\n\n\n<p class=\"has-text-align-center margin-top-0\">De lunes a viernes, de 8 a.m. to 5 p.m.<\/p>\n\n\n\n<p class=\"has-text-align-center margin-top-5 has-purple-color has-text-color\"><strong><em>TTY para personas con discapacidades auditivas:<\/em><\/strong><\/p>\n\n\n\n<p class=\"has-text-align-center margin-top-0\">711<\/p>\n<\/div>\n<\/div>\n<\/div>\n<\/div>\n\n\n\n<div class=\"wp-block-group is-style-section-padding is-layout-flow wp-block-group-is-layout-flow\">\n\t\t<div class='wellness-main-listing'>\n\t\t\t<div class='row justify-content-between gap-20'>\n\t\t\t\t<div class='col col-12 col-md-auto'>\n\t\t\t\t\t<h2 class='is-style-default has-purple-color has-text-color'>Pr\u00f3ximas Clases<\/h2>\n\t\t\t\t<\/div>\n\t\t\t\t<div class='col col-12 col-md-auto'>\n\t\t\t\t\t<div class='wellness-main-filters'>\n\t\t\t\t\t\t<form class='filter'>\n\t\t\t\t\t\t\t<div class='sortby-field'>\n\t\t\t\t\t\t\t\t<div class='label has-purple-color has-text-color'>Sort by:<\/div> \n\t\t\t\t\t\t\t\t<select class='sortby'>\n\t\t\t\t\t\t\t\t\t<option value='topic'>Topic<\/option>\n\t\t\t\t\t\t\t\t\t<option value='date'>Date<\/option>\n\t\t\t\t\t\t\t\t<\/select>\n\t\t\t\t\t\t\t<\/div>\n\t\t\t\t\t\t<\/form>\n\t\t\t\t\t<\/div>\n\t\t\t\t<\/div>\n\t\t\t<\/div>\n\t\t\t<div class='wellness-accordion'>\n\t\t\t\t\n\t\t\t<\/div>\n\t\t\t<div class='wellness-listing'>\n\t\t\t\t\n\t\t\t\t<div class='wellness-load-more' style='display:none;'><div class='wp-block-buttons'><div class='wp-block-button is-style-outline'><a href='#' class='wp-block-button__link'>Load More<\/a><\/div><\/div><\/div>\n\t\t\t<\/div>\n\t\t<\/div>\n\t<\/div>\n\n\n<div id=\"block_3c3f65ec81a767f5dcc14bb00b27f466\" class=\"wpfox-text-image-section default-padding circle\">\r\n\t<div class=\"wrapper has-purple-background-color\">\r\n\t\t<div class=\"row row-text-image image-right\">\r\n\t\t\t<div class=\"col col-text\">\r\n\t\t\t\t\n\n<h4 class=\"wp-block-heading has-h-4-featured-font-size\">Disponible 24\/7<\/h4>\n\n\n\n<h2 class=\"wp-block-heading has-h-2-featured-font-size\">Biblioteca de Salud Johns Hopkins<\/h2>\n\n\n\n<p class=\"has-intro-font-size\">La Biblioteca de Salud en l\u00ednea de Johns Hopkins le conecta con recursos multimedia, un glosario de salud, herramientas interactivas y mucho m\u00e1s para ayudarle a tomar el control de su salud.<\/p>\n\n\n\n<div class=\"wp-block-buttons is-layout-flex wp-block-buttons-is-layout-flex\">\n<div class=\"wp-block-button\"><a class=\"wp-block-button__link has-gold-background-color has-background wp-element-button\" href=\"http:\/\/johnshopkinshealthcare.staywellsolutionsonline.com\/\" target=\"_blank\" rel=\"noreferrer noopener\">Explorar la Biblioteca de Salud<\/a><\/div>\n<\/div>\n\n\r\n\t\t\t<\/div>\r\n\t\t\t<div class=\"col col-image\">\r\n\t\t\t\t\r\n\t\t\r\n\t\t\t<div class='image-wrapper'>\r\n\t\t\t\t<img loading=\"lazy\" decoding=\"async\" width=\"1024\" height=\"683\" src=\"https:\/\/ppmco.foxtrotdev.com\/wp-content\/uploads\/2022\/07\/image-books-1024x683.jpg\" class=\"attachment-large size-large\" alt=\"\" srcset=\"https:\/\/ppmco.foxtrotdev.com\/wp-content\/uploads\/2022\/07\/image-books-1024x683.jpg 1024w, https:\/\/ppmco.foxtrotdev.com\/wp-content\/uploads\/2022\/07\/image-books-300x200.jpg 300w, https:\/\/ppmco.foxtrotdev.com\/wp-content\/uploads\/2022\/07\/image-books-768x512.jpg 768w, https:\/\/ppmco.foxtrotdev.com\/wp-content\/uploads\/2022\/07\/image-books-1536x1024.jpg 1536w, https:\/\/ppmco.foxtrotdev.com\/wp-content\/uploads\/2022\/07\/image-books-2048x1365.jpg 2048w\" sizes=\"auto, (max-width: 1024px) 100vw, 1024px\" \/>\r\n\t\t\t<\/div>\r\n\t\t\r\n\t\t\r\n\t\t\t\t<\/div>\r\n\t\t<\/div>\r\n\t<\/div>\r\n<\/div>","protected":false},"excerpt":{"rendered":"<p>Entender sus afecciones es importante para poder manejarlas adecuadamente. Priority Partners ofrece muchos programas y talleres de educaci\u00f3n gratuitos e&#8230;<\/p>\n","protected":false},"author":1,"featured_media":0,"parent":1068,"menu_order":0,"comment_status":"closed","ping_status":"closed","template":"","meta":{"_acf_changed":false,"_relevanssi_hide_post":"","_relevanssi_hide_content":"","_relevanssi_pin_for_all":"","_relevanssi_pin_keywords":"","_relevanssi_unpin_keywords":"","_relevanssi_related_keywords":"","_relevanssi_related_include_ids":"","_relevanssi_related_exclude_ids":"","_relevanssi_related_no_append":"","_relevanssi_related_not_related":"","_relevanssi_related_posts":"12174,12290,12185,14922,12167,14930","_relevanssi_noindex_reason":"","inline_featured_image":false,"footnotes":""},"class_list":["post-12690","page","type-page","status-publish","hentry"],"acf":[],"yoast_head":"<!-- This site is optimized with the Yoast SEO plugin v26.6 - https:\/\/yoast.com\/wordpress\/plugins\/seo\/ -->\n<title>Clases de salud y bienestar - Priority Partners MCO<\/title>\n<meta name=\"robots\" content=\"index, follow, max-snippet:-1, max-image-preview:large, max-video-preview:-1\" \/>\n<link rel=\"canonical\" href=\"https:\/\/ppmco.foxtrotdev.com\/get-free-support\/health-wellness-classes\/\" \/>\n<meta property=\"og:locale\" content=\"es_ES\" \/>\n<meta property=\"og:type\" content=\"article\" \/>\n<meta property=\"og:title\" content=\"Clases de salud y bienestar - Priority Partners MCO\" \/>\n<meta property=\"og:description\" content=\"Entender sus afecciones es importante para poder manejarlas adecuadamente. Priority Partners ofrece muchos programas y talleres de educaci\u00f3n gratuitos e...\" \/>\n<meta property=\"og:url\" content=\"https:\/\/ppmco.foxtrotdev.com\/get-free-support\/health-wellness-classes\/\" \/>\n<meta property=\"og:site_name\" content=\"Priority Partners MCO\" \/>\n<meta property=\"article:publisher\" content=\"https:\/\/www.facebook.com\/PriorityPartners\" \/>\n<meta property=\"article:modified_time\" content=\"2023-04-14T15:28:36+00:00\" \/>\n<meta property=\"og:image\" content=\"https:\/\/ppmco.foxtrotdev.com\/wp-content\/uploads\/2022\/07\/small-steps.png\" \/>\n<meta name=\"twitter:card\" content=\"summary_large_image\" \/>\n<meta name=\"twitter:label1\" content=\"Tiempo de lectura\" \/>\n\t<meta name=\"twitter:data1\" content=\"2 minutos\" \/>\n<script type=\"application\/ld+json\" class=\"yoast-schema-graph\">{\"@context\":\"https:\/\/schema.org\",\"@graph\":[{\"@type\":\"WebPage\",\"@id\":\"https:\/\/ppmco.foxtrotdev.com\/get-free-support\/health-wellness-classes\/\",\"url\":\"https:\/\/ppmco.foxtrotdev.com\/get-free-support\/health-wellness-classes\/\",\"name\":\"Clases de salud y bienestar - Priority Partners MCO\",\"isPartOf\":{\"@id\":\"https:\/\/ppmco.foxtrotdev.com\/#website\"},\"primaryImageOfPage\":{\"@id\":\"https:\/\/ppmco.foxtrotdev.com\/get-free-support\/health-wellness-classes\/#primaryimage\"},\"image\":{\"@id\":\"https:\/\/ppmco.foxtrotdev.com\/get-free-support\/health-wellness-classes\/#primaryimage\"},\"thumbnailUrl\":\"https:\/\/ppmco.foxtrotdev.com\/wp-content\/uploads\/2022\/07\/small-steps.png\",\"datePublished\":\"2022-07-01T17:08:16+00:00\",\"dateModified\":\"2023-04-14T15:28:36+00:00\",\"breadcrumb\":{\"@id\":\"https:\/\/ppmco.foxtrotdev.com\/get-free-support\/health-wellness-classes\/#breadcrumb\"},\"inLanguage\":\"es\",\"potentialAction\":[{\"@type\":\"ReadAction\",\"target\":[\"https:\/\/ppmco.foxtrotdev.com\/get-free-support\/health-wellness-classes\/\"]}]},{\"@type\":\"ImageObject\",\"inLanguage\":\"es\",\"@id\":\"https:\/\/ppmco.foxtrotdev.com\/get-free-support\/health-wellness-classes\/#primaryimage\",\"url\":\"https:\/\/ppmco.foxtrotdev.com\/wp-content\/uploads\/2022\/07\/small-steps.png\",\"contentUrl\":\"https:\/\/ppmco.foxtrotdev.com\/wp-content\/uploads\/2022\/07\/small-steps.png\"},{\"@type\":\"BreadcrumbList\",\"@id\":\"https:\/\/ppmco.foxtrotdev.com\/get-free-support\/health-wellness-classes\/#breadcrumb\",\"itemListElement\":[{\"@type\":\"ListItem\",\"position\":1,\"name\":\"Home\",\"item\":\"https:\/\/ppmco.foxtrotdev.com\/es\/\"},{\"@type\":\"ListItem\",\"position\":2,\"name\":\"Encuentre Apoyo Gratis\",\"item\":\"https:\/\/ppmco.foxtrotdev.com\/get-free-support\/\"},{\"@type\":\"ListItem\",\"position\":3,\"name\":\"Clases de salud y bienestar\"}]},{\"@type\":\"WebSite\",\"@id\":\"https:\/\/ppmco.foxtrotdev.com\/#website\",\"url\":\"https:\/\/ppmco.foxtrotdev.com\/\",\"name\":\"Priority Partners MCO\",\"description\":\"Low and no-cost healthcare for qualified Maryland residents\",\"publisher\":{\"@id\":\"https:\/\/ppmco.foxtrotdev.com\/#organization\"},\"alternateName\":\"PPMCO\",\"potentialAction\":[{\"@type\":\"SearchAction\",\"target\":{\"@type\":\"EntryPoint\",\"urlTemplate\":\"https:\/\/ppmco.foxtrotdev.com\/?s={search_term_string}\"},\"query-input\":{\"@type\":\"PropertyValueSpecification\",\"valueRequired\":true,\"valueName\":\"search_term_string\"}}],\"inLanguage\":\"es\"},{\"@type\":\"Organization\",\"@id\":\"https:\/\/ppmco.foxtrotdev.com\/#organization\",\"name\":\"Priority Partners MCO\",\"url\":\"https:\/\/ppmco.foxtrotdev.com\/\",\"logo\":{\"@type\":\"ImageObject\",\"inLanguage\":\"es\",\"@id\":\"https:\/\/ppmco.foxtrotdev.com\/#\/schema\/logo\/image\/\",\"url\":\"https:\/\/ppmco.foxtrotdev.com\/wp-content\/uploads\/2022\/03\/logo.png\",\"contentUrl\":\"https:\/\/ppmco.foxtrotdev.com\/wp-content\/uploads\/2022\/03\/logo.png\",\"width\":635,\"height\":177,\"caption\":\"Priority Partners MCO\"},\"image\":{\"@id\":\"https:\/\/ppmco.foxtrotdev.com\/#\/schema\/logo\/image\/\"},\"sameAs\":[\"https:\/\/www.facebook.com\/PriorityPartners\",\"https:\/\/www.youtube.com\/user\/PriorityPartners\",\"https:\/\/www.instagram.com\/prioritypartners\/\"]}]}<\/script>\n<!-- \/ Yoast SEO plugin. -->","yoast_head_json":{"title":"Clases de salud y bienestar - Priority Partners MCO","robots":{"index":"index","follow":"follow","max-snippet":"max-snippet:-1","max-image-preview":"max-image-preview:large","max-video-preview":"max-video-preview:-1"},"canonical":"https:\/\/ppmco.foxtrotdev.com\/get-free-support\/health-wellness-classes\/","og_locale":"es_ES","og_type":"article","og_title":"Clases de salud y bienestar - Priority Partners MCO","og_description":"Entender sus afecciones es importante para poder manejarlas adecuadamente. Priority Partners ofrece muchos programas y talleres de educaci\u00f3n gratuitos e...","og_url":"https:\/\/ppmco.foxtrotdev.com\/get-free-support\/health-wellness-classes\/","og_site_name":"Priority Partners MCO","article_publisher":"https:\/\/www.facebook.com\/PriorityPartners","article_modified_time":"2023-04-14T15:28:36+00:00","og_image":[{"url":"https:\/\/ppmco.foxtrotdev.com\/wp-content\/uploads\/2022\/07\/small-steps.png","type":"","width":"","height":""}],"twitter_card":"summary_large_image","twitter_misc":{"Tiempo de lectura":"2 minutos"},"schema":{"@context":"https:\/\/schema.org","@graph":[{"@type":"WebPage","@id":"https:\/\/ppmco.foxtrotdev.com\/get-free-support\/health-wellness-classes\/","url":"https:\/\/ppmco.foxtrotdev.com\/get-free-support\/health-wellness-classes\/","name":"Clases de salud y bienestar - Priority Partners MCO","isPartOf":{"@id":"https:\/\/ppmco.foxtrotdev.com\/#website"},"primaryImageOfPage":{"@id":"https:\/\/ppmco.foxtrotdev.com\/get-free-support\/health-wellness-classes\/#primaryimage"},"image":{"@id":"https:\/\/ppmco.foxtrotdev.com\/get-free-support\/health-wellness-classes\/#primaryimage"},"thumbnailUrl":"https:\/\/ppmco.foxtrotdev.com\/wp-content\/uploads\/2022\/07\/small-steps.png","datePublished":"2022-07-01T17:08:16+00:00","dateModified":"2023-04-14T15:28:36+00:00","breadcrumb":{"@id":"https:\/\/ppmco.foxtrotdev.com\/get-free-support\/health-wellness-classes\/#breadcrumb"},"inLanguage":"es","potentialAction":[{"@type":"ReadAction","target":["https:\/\/ppmco.foxtrotdev.com\/get-free-support\/health-wellness-classes\/"]}]},{"@type":"ImageObject","inLanguage":"es","@id":"https:\/\/ppmco.foxtrotdev.com\/get-free-support\/health-wellness-classes\/#primaryimage","url":"https:\/\/ppmco.foxtrotdev.com\/wp-content\/uploads\/2022\/07\/small-steps.png","contentUrl":"https:\/\/ppmco.foxtrotdev.com\/wp-content\/uploads\/2022\/07\/small-steps.png"},{"@type":"BreadcrumbList","@id":"https:\/\/ppmco.foxtrotdev.com\/get-free-support\/health-wellness-classes\/#breadcrumb","itemListElement":[{"@type":"ListItem","position":1,"name":"Home","item":"https:\/\/ppmco.foxtrotdev.com\/es\/"},{"@type":"ListItem","position":2,"name":"Encuentre Apoyo Gratis","item":"https:\/\/ppmco.foxtrotdev.com\/get-free-support\/"},{"@type":"ListItem","position":3,"name":"Clases de salud y bienestar"}]},{"@type":"WebSite","@id":"https:\/\/ppmco.foxtrotdev.com\/#website","url":"https:\/\/ppmco.foxtrotdev.com\/","name":"Priority Partners MCO","description":"Low and no-cost healthcare for qualified Maryland residents","publisher":{"@id":"https:\/\/ppmco.foxtrotdev.com\/#organization"},"alternateName":"PPMCO","potentialAction":[{"@type":"SearchAction","target":{"@type":"EntryPoint","urlTemplate":"https:\/\/ppmco.foxtrotdev.com\/?s={search_term_string}"},"query-input":{"@type":"PropertyValueSpecification","valueRequired":true,"valueName":"search_term_string"}}],"inLanguage":"es"},{"@type":"Organization","@id":"https:\/\/ppmco.foxtrotdev.com\/#organization","name":"Priority Partners MCO","url":"https:\/\/ppmco.foxtrotdev.com\/","logo":{"@type":"ImageObject","inLanguage":"es","@id":"https:\/\/ppmco.foxtrotdev.com\/#\/schema\/logo\/image\/","url":"https:\/\/ppmco.foxtrotdev.com\/wp-content\/uploads\/2022\/03\/logo.png","contentUrl":"https:\/\/ppmco.foxtrotdev.com\/wp-content\/uploads\/2022\/03\/logo.png","width":635,"height":177,"caption":"Priority Partners MCO"},"image":{"@id":"https:\/\/ppmco.foxtrotdev.com\/#\/schema\/logo\/image\/"},"sameAs":["https:\/\/www.facebook.com\/PriorityPartners","https:\/\/www.youtube.com\/user\/PriorityPartners","https:\/\/www.instagram.com\/prioritypartners\/"]}]}},"_links":{"self":[{"href":"https:\/\/ppmco.foxtrotdev.com\/es\/wp-json\/wp\/v2\/pages\/12690","targetHints":{"allow":["GET"]}}],"collection":[{"href":"https:\/\/ppmco.foxtrotdev.com\/es\/wp-json\/wp\/v2\/pages"}],"about":[{"href":"https:\/\/ppmco.foxtrotdev.com\/es\/wp-json\/wp\/v2\/types\/page"}],"author":[{"embeddable":true,"href":"https:\/\/ppmco.foxtrotdev.com\/es\/wp-json\/wp\/v2\/users\/1"}],"replies":[{"embeddable":true,"href":"https:\/\/ppmco.foxtrotdev.com\/es\/wp-json\/wp\/v2\/comments?post=12690"}],"version-history":[{"count":5,"href":"https:\/\/ppmco.foxtrotdev.com\/es\/wp-json\/wp\/v2\/pages\/12690\/revisions"}],"predecessor-version":[{"id":15860,"href":"https:\/\/ppmco.foxtrotdev.com\/es\/wp-json\/wp\/v2\/pages\/12690\/revisions\/15860"}],"up":[{"embeddable":true,"href":"https:\/\/ppmco.foxtrotdev.com\/es\/wp-json\/wp\/v2\/pages\/1068"}],"wp:attachment":[{"href":"https:\/\/ppmco.foxtrotdev.com\/es\/wp-json\/wp\/v2\/media?parent=12690"}],"curies":[{"name":"wp","href":"https:\/\/api.w.org\/{rel}","templated":true}]}}