{"id":12679,"date":"2022-07-01T17:39:14","date_gmt":"2022-07-01T17:39:14","guid":{"rendered":"https:\/\/ppmco.foxtrotdev.com\/find-care-now\/ondemand-virtual-care\/"},"modified":"2024-04-03T13:18:55","modified_gmt":"2024-04-03T13:18:55","slug":"obtenga-atencion-virtual","status":"publish","type":"page","link":"https:\/\/ppmco.foxtrotdev.com\/es\/busque-un-medico\/obtenga-atencion-virtual\/","title":{"rendered":"Atenci\u00f3n virtual bajo demanda"},"content":{"rendered":"<div id=\"block_4d0974c1ed074093a973613f6ad89dcb\" class=\"wpfox-page-header standard\" style=\"--fgimage-above: 20; --fgimage-xpos: 110;\">\r\n\t<div class=\"wrapper banner\">\r\n\t\t<div class=\"bg-glow\"><\/div>\r\n\t\t\t\t<div class=\"text-block\">\r\n\t\t\t\n\n<h1 class=\"wp-block-heading page-title has-h-3-font-size\">Atenci\u00f3n virtual bajo demanda<\/h1>\n\n\n\n<h2 class=\"wp-block-heading has-h-1-font-size\">Obtenga atenci\u00f3n virtual 24\/7<\/h2>\n\n\r\n\t\t<\/div>\r\n\t\t<div class='fgimage'><img loading=\"lazy\" decoding=\"async\" width=\"800\" height=\"909\" src=\"https:\/\/ppmco.foxtrotdev.com\/wp-content\/uploads\/2022\/07\/fg-virtual.png\" class=\"attachment-large size-large\" alt=\"\" srcset=\"https:\/\/ppmco.foxtrotdev.com\/wp-content\/uploads\/2022\/07\/fg-virtual.png 800w, https:\/\/ppmco.foxtrotdev.com\/wp-content\/uploads\/2022\/07\/fg-virtual-264x300.png 264w, https:\/\/ppmco.foxtrotdev.com\/wp-content\/uploads\/2022\/07\/fg-virtual-768x873.png 768w\" sizes=\"auto, (max-width: 800px) 100vw, 800px\" \/><\/div>\t<\/div>\r\n\t<\/div>\n<div class=\"wp-block-group alignfull is-style-section-padding mobile-margin-bottom-0 mobile-padding-bottom-0 is-layout-flow wp-block-group-is-layout-flow\">\n<div class=\"wp-block-columns is-style-sidebar-section is-layout-flex wp-container-core-columns-is-layout-9d6595d7 wp-block-columns-is-layout-flex\">\n<div class=\"wp-block-column is-layout-flow wp-block-column-is-layout-flow\" style=\"flex-basis:66.66%\">\n<p class=\"has-intro-font-size\"><strong>Cuando tenga una lesi\u00f3n o enfermedad leve pero urgente, lo tenemos cubierto. Los miembros de Priority Partners pueden acceder a la Atenci\u00f3n virtual bajo demanda de Johns Hopkins (Johns Hopkins OnDemand Virtual Care).<\/strong><\/p>\n\n\n\n<p>A trav\u00e9s de una aplicaci\u00f3n m\u00f3vil, una computadora o una tableta, en cuesti\u00f3n de minutos, puede tener una visita por video con un proveedor de atenci\u00f3n m\u00e9dica, que puede responder su llamada, analizar sus s\u00edntomas y recetarle medicamentos, si es necesario. No es necesario programar una cita. Las siguientes son algunas de las ventajas de utilizar la Atenci\u00f3n virtual bajo demanda de Johns Hopkins:<\/p>\n\n\n\n<ul class=\"wp-block-list\">\n<li>Short wait time for provider visit<\/li>\n\n\n\n<li>Available when your doctor\u2019s office is closed<\/li>\n\n\n\n<li>Connect from anywhere in the U.S.<\/li>\n\n\n\n<li>No cost<\/li>\n<\/ul>\n\n\n\n<p>Los miembros deben utilizar Johns Hopkins OnDemand cuando no puedan ver a su m\u00e9dico de atenci\u00f3n primaria. Use Johns Hopkins OnDemand para inquietudes menores de atenci\u00f3n m\u00e9dica como:<\/p>\n\n\n\n<ul class=\"wp-block-list\">\n<li>Cold, flu, and sinus symptoms<\/li>\n\n\n\n<li>Rashes<\/li>\n\n\n\n<li>Allergies<\/li>\n\n\n\n<li>Sinus problems<\/li>\n\n\n\n<li>Pinkeye<\/li>\n\n\n\n<li>Respiratory infection<\/li>\n<\/ul>\n\n\n<div id=\"block_1595711ef3134d42d4536ad7a1215c1f\" class=\"wpfox-ondemand-buttons\">\r\n    <div class=\"ondemand-buttons\">\r\n\t\t<div class='ondemand-button'><a href='https:\/\/apps.apple.com\/us\/app\/maryland-health-connection\/id1138320353?ign-mpt=uo%3D4' target='_blank'><img loading=\"lazy\" decoding=\"async\" width=\"300\" height=\"100\" src=\"https:\/\/ppmco.foxtrotdev.com\/wp-content\/uploads\/2022\/07\/apple-app-300x100.png\" class=\"attachment-medium size-medium\" alt=\"\" srcset=\"https:\/\/ppmco.foxtrotdev.com\/wp-content\/uploads\/2022\/07\/apple-app-300x100.png 300w, https:\/\/ppmco.foxtrotdev.com\/wp-content\/uploads\/2022\/07\/apple-app.png 499w\" sizes=\"auto, (max-width: 300px) 100vw, 300px\" \/><\/a><\/div><div class='ondemand-button'><a href='https:\/\/play.google.com\/store\/apps\/details?id=com.marylandhealthconnection.mobile&#038;hl=en_US' target='_blank'><img loading=\"lazy\" decoding=\"async\" width=\"300\" height=\"100\" src=\"https:\/\/ppmco.foxtrotdev.com\/wp-content\/uploads\/2022\/07\/button-google-300x100.png\" class=\"attachment-medium size-medium\" alt=\"\" srcset=\"https:\/\/ppmco.foxtrotdev.com\/wp-content\/uploads\/2022\/07\/button-google-300x100.png 300w, https:\/\/ppmco.foxtrotdev.com\/wp-content\/uploads\/2022\/07\/button-google.png 499w\" sizes=\"auto, (max-width: 300px) 100vw, 300px\" \/><\/a><\/div>\t<\/div>\r\n<\/div>\n\n\n<div class=\"wp-block-buttons is-layout-flex wp-block-buttons-is-layout-flex\">\n<div class=\"wp-block-button is-style-button-external\"><a class=\"wp-block-button__link has-gold-background-color has-background wp-element-button\" href=\"https:\/\/ondemand.hopkinsmedicine.org\/\" target=\"_blank\" rel=\"noreferrer noopener\">Iniciar una visita en l\u00ednea<\/a><\/div>\n<\/div>\n\n\n\n<p class=\"has-small-font-size\"><em>La atenci\u00f3n bajo demanda est\u00e1 disponible para adultos y ni\u00f1os mayores de 3 a\u00f1os. Cualquier persona menor de 18 a\u00f1os debe estar acompa\u00f1ada por un adulto.<\/em><\/p>\n<\/div>\n\n\n\n<div class=\"wp-block-column is-layout-flow wp-block-column-is-layout-flow\" style=\"flex-basis:33.33%\">\n<div class=\"wp-block-group is-style-sidebar-block has-light-purple-background-color has-background is-layout-flow wp-block-group-is-layout-flow\">\n<h3 class=\"wp-block-heading has-text-align-center has-purple-color has-text-color\">\u00bfNecesita ayuda?<\/h3>\n\n\n\n<p class=\"has-text-align-center\">Nuestro equipo de atenci\u00f3n al cliente est\u00e1 aqu\u00ed para ayudarle. Comun\u00edquese con nosotros en: <\/p>\n\n\n\n<div class=\"wp-block-buttons is-style-margin-top-15 is-content-justification-center is-layout-flex wp-container-core-buttons-is-layout-16018d1d wp-block-buttons-is-layout-flex\">\n<div class=\"wp-block-button is-style-small\"><a class=\"wp-block-button__link wp-element-button\" href=\"https:\/\/ppmco.foxtrotdev.com\/es\/contactenos\/\">Env\u00edenos un correo electr\u00f3nico<\/a><\/div>\n<\/div>\n\n\n\n<p class=\"has-text-align-center has-small-font-size\"><em>Por favor, no incluya informaci\u00f3n personal de salud<br\/>en su correo electr\u00f3nico.<\/em><\/p>\n\n\n\n<div class=\"wp-block-buttons is-style-margin-top-15 is-content-justification-center is-layout-flex wp-container-core-buttons-is-layout-16018d1d wp-block-buttons-is-layout-flex\">\n<div class=\"wp-block-button is-style-phone-icon-no-tab\"><a class=\"wp-block-button__link wp-element-button\" href=\"tel:800-654-9728\">800-654-9728<\/a><\/div>\n<\/div>\n\n\n\n<p class=\"has-text-align-center margin-top-0\">De lunes a viernes, de 8 a.m. to 5 p.m.<\/p>\n\n\n\n<p class=\"has-text-align-center margin-top-5 has-purple-color has-text-color\"><strong><em>TTY para personas con discapacidades auditivas:<\/em><\/strong><\/p>\n\n\n\n<p class=\"has-text-align-center margin-top-0\">711<\/p>\n<\/div>\n<\/div>\n<\/div>\n<\/div>\n<div id=\"block_f443cf1e7b6c632ee62e176412f64146\" class=\"wpfox-text-image-section default-padding circle\">\r\n\t<div class=\"wrapper has-purple-background-color\">\r\n\t\t<div class=\"row row-text-image image-right\">\r\n\t\t\t<div class=\"col col-text\">\r\n\t\t\t\t\n\n<h4 class=\"wp-block-heading has-h-4-featured-font-size\">Obtenga ayuda ahora<\/h4>\n\n\n\n<h2 class=\"wp-block-heading has-h-2-featured-font-size\">Emergencias<\/h2>\n\n\n\n<p class=\"has-intro-font-size\">No utilice la Atenci\u00f3n virtual bajo demanda de Johns Hopkins para emergencias m\u00e9dicas. Llame al <strong>911<\/strong> si tiene una emergencia m\u00e9dica.<\/p>\n\n\n\n<div class=\"wp-block-buttons is-layout-flex wp-block-buttons-is-layout-flex\">\n<div class=\"wp-block-button is-style-button-phone\"><a class=\"wp-block-button__link has-gold-background-color has-background wp-element-button\" href=\"tel:911\">Llame al 911<\/a><\/div>\n<\/div>\n\n\r\n\t\t\t<\/div>\r\n\t\t\t<div class=\"col col-image\">\r\n\t\t\t\t\r\n\t\t\r\n\t\t\t<div class='image-wrapper'>\r\n\t\t\t\t<img loading=\"lazy\" decoding=\"async\" width=\"1024\" height=\"683\" src=\"https:\/\/ppmco.foxtrotdev.com\/wp-content\/uploads\/2022\/07\/doctor-1024x683.jpg\" class=\"attachment-large size-large\" alt=\"\" srcset=\"https:\/\/ppmco.foxtrotdev.com\/wp-content\/uploads\/2022\/07\/doctor-1024x683.jpg 1024w, https:\/\/ppmco.foxtrotdev.com\/wp-content\/uploads\/2022\/07\/doctor-300x200.jpg 300w, https:\/\/ppmco.foxtrotdev.com\/wp-content\/uploads\/2022\/07\/doctor-768x512.jpg 768w, https:\/\/ppmco.foxtrotdev.com\/wp-content\/uploads\/2022\/07\/doctor-1536x1024.jpg 1536w, https:\/\/ppmco.foxtrotdev.com\/wp-content\/uploads\/2022\/07\/doctor.jpg 1920w\" sizes=\"auto, (max-width: 1024px) 100vw, 1024px\" \/>\r\n\t\t\t<\/div>\r\n\t\t\r\n\t\t\r\n\t\t\t\t<\/div>\r\n\t\t<\/div>\r\n\t<\/div>\r\n<\/div>","protected":false},"excerpt":{"rendered":"<p>Cuando tenga una lesi\u00f3n o enfermedad leve pero urgente, lo tenemos cubierto. Los miembros de Priority Partners pueden acceder a&#8230;<\/p>\n","protected":false},"author":1,"featured_media":0,"parent":1064,"menu_order":0,"comment_status":"closed","ping_status":"closed","template":"","meta":{"_acf_changed":false,"_relevanssi_hide_post":"","_relevanssi_hide_content":"","_relevanssi_pin_for_all":"","_relevanssi_pin_keywords":"","_relevanssi_unpin_keywords":"","_relevanssi_related_keywords":"","_relevanssi_related_include_ids":"","_relevanssi_related_exclude_ids":"","_relevanssi_related_no_append":"","_relevanssi_related_not_related":"","_relevanssi_related_posts":"12127,12167,12174,12283,12290,12185","_relevanssi_noindex_reason":"","inline_featured_image":false,"footnotes":""},"class_list":["post-12679","page","type-page","status-publish","hentry"],"acf":[],"yoast_head":"<!-- This site is optimized with the Yoast SEO plugin v26.6 - https:\/\/yoast.com\/wordpress\/plugins\/seo\/ -->\n<title>Atenci\u00f3n virtual bajo demanda - Priority Partners MCO<\/title>\n<meta name=\"robots\" content=\"index, follow, max-snippet:-1, max-image-preview:large, max-video-preview:-1\" \/>\n<link rel=\"canonical\" href=\"https:\/\/ppmco.foxtrotdev.com\/find-care-now\/virtual-care\/\" \/>\n<meta property=\"og:locale\" content=\"es_ES\" \/>\n<meta property=\"og:type\" content=\"article\" \/>\n<meta property=\"og:title\" content=\"Atenci\u00f3n virtual bajo demanda - Priority Partners MCO\" \/>\n<meta property=\"og:description\" content=\"Cuando tenga una lesi\u00f3n o enfermedad leve pero urgente, lo tenemos cubierto. Los miembros de Priority Partners pueden acceder a...\" \/>\n<meta property=\"og:url\" content=\"https:\/\/ppmco.foxtrotdev.com\/find-care-now\/virtual-care\/\" \/>\n<meta property=\"og:site_name\" content=\"Priority Partners MCO\" \/>\n<meta property=\"article:publisher\" content=\"https:\/\/www.facebook.com\/PriorityPartners\" \/>\n<meta property=\"article:modified_time\" content=\"2024-04-03T13:18:55+00:00\" \/>\n<meta property=\"og:image\" content=\"https:\/\/ppmco.foxtrotdev.com\/wp-content\/uploads\/2022\/11\/PPMCO_Social-Preview_facebook-1.jpg\" \/>\n\t<meta property=\"og:image:width\" content=\"1600\" \/>\n\t<meta property=\"og:image:height\" content=\"840\" \/>\n\t<meta property=\"og:image:type\" content=\"image\/jpeg\" \/>\n<meta name=\"twitter:card\" content=\"summary_large_image\" \/>\n<meta name=\"twitter:label1\" content=\"Tiempo de lectura\" \/>\n\t<meta name=\"twitter:data1\" content=\"2 minutos\" \/>\n<script type=\"application\/ld+json\" class=\"yoast-schema-graph\">{\"@context\":\"https:\/\/schema.org\",\"@graph\":[{\"@type\":\"WebPage\",\"@id\":\"https:\/\/ppmco.foxtrotdev.com\/find-care-now\/virtual-care\/\",\"url\":\"https:\/\/ppmco.foxtrotdev.com\/find-care-now\/virtual-care\/\",\"name\":\"Atenci\u00f3n virtual bajo demanda - Priority Partners MCO\",\"isPartOf\":{\"@id\":\"https:\/\/ppmco.foxtrotdev.com\/#website\"},\"datePublished\":\"2022-07-01T17:39:14+00:00\",\"dateModified\":\"2024-04-03T13:18:55+00:00\",\"breadcrumb\":{\"@id\":\"https:\/\/ppmco.foxtrotdev.com\/find-care-now\/virtual-care\/#breadcrumb\"},\"inLanguage\":\"es\",\"potentialAction\":[{\"@type\":\"ReadAction\",\"target\":[\"https:\/\/ppmco.foxtrotdev.com\/find-care-now\/virtual-care\/\"]}]},{\"@type\":\"BreadcrumbList\",\"@id\":\"https:\/\/ppmco.foxtrotdev.com\/find-care-now\/virtual-care\/#breadcrumb\",\"itemListElement\":[{\"@type\":\"ListItem\",\"position\":1,\"name\":\"Home\",\"item\":\"https:\/\/ppmco.foxtrotdev.com\/es\/\"},{\"@type\":\"ListItem\",\"position\":2,\"name\":\"Encuentre Cuidado Ahora\",\"item\":\"https:\/\/ppmco.foxtrotdev.com\/find-care-now\/\"},{\"@type\":\"ListItem\",\"position\":3,\"name\":\"Atenci\u00f3n virtual bajo demanda\"}]},{\"@type\":\"WebSite\",\"@id\":\"https:\/\/ppmco.foxtrotdev.com\/#website\",\"url\":\"https:\/\/ppmco.foxtrotdev.com\/\",\"name\":\"Priority Partners MCO\",\"description\":\"Low and no-cost healthcare for qualified Maryland residents\",\"publisher\":{\"@id\":\"https:\/\/ppmco.foxtrotdev.com\/#organization\"},\"alternateName\":\"PPMCO\",\"potentialAction\":[{\"@type\":\"SearchAction\",\"target\":{\"@type\":\"EntryPoint\",\"urlTemplate\":\"https:\/\/ppmco.foxtrotdev.com\/?s={search_term_string}\"},\"query-input\":{\"@type\":\"PropertyValueSpecification\",\"valueRequired\":true,\"valueName\":\"search_term_string\"}}],\"inLanguage\":\"es\"},{\"@type\":\"Organization\",\"@id\":\"https:\/\/ppmco.foxtrotdev.com\/#organization\",\"name\":\"Priority Partners MCO\",\"url\":\"https:\/\/ppmco.foxtrotdev.com\/\",\"logo\":{\"@type\":\"ImageObject\",\"inLanguage\":\"es\",\"@id\":\"https:\/\/ppmco.foxtrotdev.com\/#\/schema\/logo\/image\/\",\"url\":\"https:\/\/ppmco.foxtrotdev.com\/wp-content\/uploads\/2022\/03\/logo.png\",\"contentUrl\":\"https:\/\/ppmco.foxtrotdev.com\/wp-content\/uploads\/2022\/03\/logo.png\",\"width\":635,\"height\":177,\"caption\":\"Priority Partners MCO\"},\"image\":{\"@id\":\"https:\/\/ppmco.foxtrotdev.com\/#\/schema\/logo\/image\/\"},\"sameAs\":[\"https:\/\/www.facebook.com\/PriorityPartners\",\"https:\/\/www.youtube.com\/user\/PriorityPartners\",\"https:\/\/www.instagram.com\/prioritypartners\/\"]}]}<\/script>\n<!-- \/ Yoast SEO plugin. -->","yoast_head_json":{"title":"Atenci\u00f3n virtual bajo demanda - Priority Partners MCO","robots":{"index":"index","follow":"follow","max-snippet":"max-snippet:-1","max-image-preview":"max-image-preview:large","max-video-preview":"max-video-preview:-1"},"canonical":"https:\/\/ppmco.foxtrotdev.com\/find-care-now\/virtual-care\/","og_locale":"es_ES","og_type":"article","og_title":"Atenci\u00f3n virtual bajo demanda - Priority Partners MCO","og_description":"Cuando tenga una lesi\u00f3n o enfermedad leve pero urgente, lo tenemos cubierto. Los miembros de Priority Partners pueden acceder a...","og_url":"https:\/\/ppmco.foxtrotdev.com\/find-care-now\/virtual-care\/","og_site_name":"Priority Partners MCO","article_publisher":"https:\/\/www.facebook.com\/PriorityPartners","article_modified_time":"2024-04-03T13:18:55+00:00","og_image":[{"width":1600,"height":840,"url":"https:\/\/ppmco.foxtrotdev.com\/wp-content\/uploads\/2022\/11\/PPMCO_Social-Preview_facebook-1.jpg","type":"image\/jpeg"}],"twitter_card":"summary_large_image","twitter_misc":{"Tiempo de lectura":"2 minutos"},"schema":{"@context":"https:\/\/schema.org","@graph":[{"@type":"WebPage","@id":"https:\/\/ppmco.foxtrotdev.com\/find-care-now\/virtual-care\/","url":"https:\/\/ppmco.foxtrotdev.com\/find-care-now\/virtual-care\/","name":"Atenci\u00f3n virtual bajo demanda - Priority Partners MCO","isPartOf":{"@id":"https:\/\/ppmco.foxtrotdev.com\/#website"},"datePublished":"2022-07-01T17:39:14+00:00","dateModified":"2024-04-03T13:18:55+00:00","breadcrumb":{"@id":"https:\/\/ppmco.foxtrotdev.com\/find-care-now\/virtual-care\/#breadcrumb"},"inLanguage":"es","potentialAction":[{"@type":"ReadAction","target":["https:\/\/ppmco.foxtrotdev.com\/find-care-now\/virtual-care\/"]}]},{"@type":"BreadcrumbList","@id":"https:\/\/ppmco.foxtrotdev.com\/find-care-now\/virtual-care\/#breadcrumb","itemListElement":[{"@type":"ListItem","position":1,"name":"Home","item":"https:\/\/ppmco.foxtrotdev.com\/es\/"},{"@type":"ListItem","position":2,"name":"Encuentre Cuidado Ahora","item":"https:\/\/ppmco.foxtrotdev.com\/find-care-now\/"},{"@type":"ListItem","position":3,"name":"Atenci\u00f3n virtual bajo demanda"}]},{"@type":"WebSite","@id":"https:\/\/ppmco.foxtrotdev.com\/#website","url":"https:\/\/ppmco.foxtrotdev.com\/","name":"Priority Partners MCO","description":"Low and no-cost healthcare for qualified Maryland residents","publisher":{"@id":"https:\/\/ppmco.foxtrotdev.com\/#organization"},"alternateName":"PPMCO","potentialAction":[{"@type":"SearchAction","target":{"@type":"EntryPoint","urlTemplate":"https:\/\/ppmco.foxtrotdev.com\/?s={search_term_string}"},"query-input":{"@type":"PropertyValueSpecification","valueRequired":true,"valueName":"search_term_string"}}],"inLanguage":"es"},{"@type":"Organization","@id":"https:\/\/ppmco.foxtrotdev.com\/#organization","name":"Priority Partners MCO","url":"https:\/\/ppmco.foxtrotdev.com\/","logo":{"@type":"ImageObject","inLanguage":"es","@id":"https:\/\/ppmco.foxtrotdev.com\/#\/schema\/logo\/image\/","url":"https:\/\/ppmco.foxtrotdev.com\/wp-content\/uploads\/2022\/03\/logo.png","contentUrl":"https:\/\/ppmco.foxtrotdev.com\/wp-content\/uploads\/2022\/03\/logo.png","width":635,"height":177,"caption":"Priority Partners MCO"},"image":{"@id":"https:\/\/ppmco.foxtrotdev.com\/#\/schema\/logo\/image\/"},"sameAs":["https:\/\/www.facebook.com\/PriorityPartners","https:\/\/www.youtube.com\/user\/PriorityPartners","https:\/\/www.instagram.com\/prioritypartners\/"]}]}},"_links":{"self":[{"href":"https:\/\/ppmco.foxtrotdev.com\/es\/wp-json\/wp\/v2\/pages\/12679","targetHints":{"allow":["GET"]}}],"collection":[{"href":"https:\/\/ppmco.foxtrotdev.com\/es\/wp-json\/wp\/v2\/pages"}],"about":[{"href":"https:\/\/ppmco.foxtrotdev.com\/es\/wp-json\/wp\/v2\/types\/page"}],"author":[{"embeddable":true,"href":"https:\/\/ppmco.foxtrotdev.com\/es\/wp-json\/wp\/v2\/users\/1"}],"replies":[{"embeddable":true,"href":"https:\/\/ppmco.foxtrotdev.com\/es\/wp-json\/wp\/v2\/comments?post=12679"}],"version-history":[{"count":5,"href":"https:\/\/ppmco.foxtrotdev.com\/es\/wp-json\/wp\/v2\/pages\/12679\/revisions"}],"predecessor-version":[{"id":99913954,"href":"https:\/\/ppmco.foxtrotdev.com\/es\/wp-json\/wp\/v2\/pages\/12679\/revisions\/99913954"}],"up":[{"embeddable":true,"href":"https:\/\/ppmco.foxtrotdev.com\/es\/wp-json\/wp\/v2\/pages\/1064"}],"wp:attachment":[{"href":"https:\/\/ppmco.foxtrotdev.com\/es\/wp-json\/wp\/v2\/media?parent=12679"}],"curies":[{"name":"wp","href":"https:\/\/api.w.org\/{rel}","templated":true}]}}