{"id":1060,"date":"2022-03-30T14:51:00","date_gmt":"2022-03-30T14:51:00","guid":{"rendered":"https:\/\/ppmco.foxtrotdev.com\/become-a-member\/"},"modified":"2022-12-16T19:50:58","modified_gmt":"2022-12-16T19:50:58","slug":"hagase-miembro","status":"publish","type":"page","link":"https:\/\/ppmco.foxtrotdev.com\/es\/hagase-miembro\/","title":{"rendered":"Convi\u00e9rtase en Afiliado"},"content":{"rendered":"<div id=\"block_62bf31fa6e1f2\" class=\"wpfox-page-header standard has-cta\" style=\"--heading-width: 55;\">\r\n\t<div class=\"wrapper banner\">\r\n\t\t<div class=\"bg-glow\"><\/div>\r\n\t\t\t\t<div class=\"text-block\">\r\n\t\t\t\n\n<h1 class=\"page-title has-h-3-font-size wp-block-heading\">Convi\u00e9rtase en Afiliado<\/h1>\n\n\n\n<h2 class=\"has-h-1-font-size wp-block-heading\">\u00bfPuedo inscribirme a Priority Partners?<\/h2>\n\n\r\n\t\t<\/div>\r\n\t\t<div class='fgimage'><img loading=\"lazy\" decoding=\"async\" width=\"800\" height=\"761\" src=\"https:\/\/ppmco.foxtrotdev.com\/wp-content\/uploads\/2022\/07\/fg-member.png\" class=\"attachment-large size-large\" alt=\"\" srcset=\"https:\/\/ppmco.foxtrotdev.com\/wp-content\/uploads\/2022\/07\/fg-member.png 800w, https:\/\/ppmco.foxtrotdev.com\/wp-content\/uploads\/2022\/07\/fg-member-300x285.png 300w, https:\/\/ppmco.foxtrotdev.com\/wp-content\/uploads\/2022\/07\/fg-member-768x731.png 768w\" sizes=\"auto, (max-width: 800px) 100vw, 800px\" \/><\/div>\t<\/div>\r\n\t\n\t\t<div class='cta-bar member-cta-bar'>\n\t\t\t<h3>\u00bfYa es miembro?<\/h3>\n\t\t\t<div class='wp-block-button is-style-link-arrow'><a href='https:\/\/ppmco.foxtrotdev.com\/es\/member-resources\/renew-my-membership\/' target='' class='wp-block-button__link'>Renueve su membres\u00eda<\/a><\/div>\n\t\t<\/div>\n\t<\/div>\n<div class=\"wp-block-group alignfull is-style-section-padding mobile-margin-bottom-0 mobile-padding-bottom-0 is-layout-flow wp-block-group-is-layout-flow\">\n<div class=\"wp-block-columns is-style-sidebar-section is-layout-flex wp-container-core-columns-is-layout-9d6595d7 wp-block-columns-is-layout-flex\">\n<div class=\"wp-block-column is-layout-flow wp-block-column-is-layout-flow\" style=\"flex-basis:66.66%\">\n<p class=\"has-intro-font-size\"><strong>Priority Partners es una organizaci\u00f3n de atenci\u00f3n administrada que proporciona servicios de atenci\u00f3n m\u00e9dica a trav\u00e9s de Medicaid.<\/strong><\/p>\n\n\n\n<p>Para convertirse en miembro de Priority Partners, debe cumplir los requisitos y solicitar el programa de seguro m\u00e9dico Medicaid de Maryland. Los requisitos se basan en factores como el tama\u00f1o de la familia y los ingresos. Qualification is based on factors such as family size and income.<\/p>\n\n\n\n<p><a href=\"#\">Medicaid es un programa conjunto federal y estatal que proporciona cobertura de salud a m\u00e1s de 76.3 millones de estadounidenses, que son:<\/a><\/p>\n\n\n\n<ul class=\"is-style-default two-columns wp-block-list\"><li>Adultos con bajos ingresos<\/li><li>Ni\u00f1os<\/li><li>Mujeres embarazadas<\/li><li>Adultos mayores<\/li><li>Personas con discapacidades<\/li><li>Personas con necesidades m\u00e9dicas<\/li><\/ul>\n\n\n\n<div class=\"wp-block-buttons is-layout-flex wp-block-buttons-is-layout-flex\">\n<div class=\"wp-block-button is-style-button-external\"><a class=\"wp-block-button__link\" href=\"https:\/\/www.marylandhealthconnection.gov\/\" target=\"_blank\" rel=\"noreferrer noopener\">Verificar mi elegibilidad<\/a><\/div>\n<\/div>\n<\/div>\n\n\n\n<div class=\"wp-block-column is-layout-flow wp-block-column-is-layout-flow\" style=\"flex-basis:33.33%\">\n<div class=\"wp-block-group is-style-sidebar-block has-light-teal-background-color has-background is-layout-flow wp-block-group-is-layout-flow\">\n<h3 class=\"has-text-align-center wp-block-heading\">Calculadora de ingresos de Maryland Health Connection<\/h3>\n\n\n\n<p class=\"has-text-align-center has-intro-font-size\">Puede usar <strong>la calculadora de ingresos de Maryland Health Connection<\/strong> para saber si cumple los requisitos. Este sitio web tiene instrucciones y consejos para calcular sus ingresos. This website has instructions and tips for estimating your income.<\/p>\n\n\n\n<div class=\"wp-block-buttons is-style-margin-top-15 is-content-justification-center is-layout-flex wp-container-core-buttons-is-layout-16018d1d wp-block-buttons-is-layout-flex\">\n<div class=\"wp-block-button is-style-small-button-external\"><a class=\"wp-block-button__link has-teal-background-color has-background\" href=\"https:\/\/ppmco.foxtrotdev.com\/es\/contactenos\/\" target=\"_blank\" rel=\"noreferrer noopener\">\u00a1Pru\u00e9bela!<\/a><\/div>\n<\/div>\n<\/div>\n<\/div>\n<\/div>\n<\/div>\n<div id=\"block_62c4c68e6c407\" class=\"wpfox-text-image-section default-padding circle\">\r\n\t<div class=\"wrapper has-gold-background-color\">\r\n\t\t<div class=\"row row-text-image image-left\">\r\n\t\t\t<div class=\"col col-text\">\r\n\t\t\t\t\n\n<h4 class=\"has-h-4-featured-font-size wp-block-heading\">Primeros pasos<\/h4>\n\n\n\n<h2 class=\"has-h-2-featured-font-size wp-block-heading\">C\u00f3mo aplicar:<\/h2>\n\n\n\n<p class=\"has-intro-font-size\">Inicie su solicitud directamente desde su tel\u00e9fono u computadora.<\/p>\n\n\n\n<p>Necesitar\u00e1 algunos datos del paquete de inscripci\u00f3n para aplicar, como su n\u00famero de caso o su n\u00famero de asistencia m\u00e9dica de 11 d\u00edgitos y su n\u00famero de identificaci\u00f3n personal (PIN).<\/p>\n\n\n\n<div class=\"wp-block-buttons is-layout-flex wp-block-buttons-is-layout-flex\">\n<div class=\"wp-block-button\"><a class=\"wp-block-button__link\" href=\"https:\/\/ppmco.foxtrotdev.com\/es\/hagase-miembro\/inscripcion-de-miembro-nuevo\/\">Obtenga m\u00e1s informaci\u00f3n<\/a><\/div>\n<\/div>\n\n\r\n\t\t\t<\/div>\r\n\t\t\t<div class=\"col col-image\">\r\n\t\t\t\t\r\n\t\t\r\n\t\t\t<div class='image-wrapper'>\r\n\t\t\t\t<img loading=\"lazy\" decoding=\"async\" width=\"1024\" height=\"846\" src=\"https:\/\/ppmco.foxtrotdev.com\/wp-content\/uploads\/2022\/07\/cellphone-1024x846.jpg\" class=\"attachment-large size-large\" alt=\"\" srcset=\"https:\/\/ppmco.foxtrotdev.com\/wp-content\/uploads\/2022\/07\/cellphone-1024x846.jpg 1024w, https:\/\/ppmco.foxtrotdev.com\/wp-content\/uploads\/2022\/07\/cellphone-300x248.jpg 300w, https:\/\/ppmco.foxtrotdev.com\/wp-content\/uploads\/2022\/07\/cellphone-768x634.jpg 768w, https:\/\/ppmco.foxtrotdev.com\/wp-content\/uploads\/2022\/07\/cellphone-1536x1269.jpg 1536w, https:\/\/ppmco.foxtrotdev.com\/wp-content\/uploads\/2022\/07\/cellphone.jpg 1920w\" sizes=\"auto, (max-width: 1024px) 100vw, 1024px\" \/>\r\n\t\t\t<\/div>\r\n\t\t\r\n\t\t\r\n\t\t\t\t<\/div>\r\n\t\t<\/div>\r\n\t<\/div>\r\n<\/div>\n<div class=\"wp-block-group is-style-section-padding is-layout-flow wp-block-group-is-layout-flow\">\n<div class=\"wp-block-columns is-layout-flex wp-container-core-columns-is-layout-9d6595d7 wp-block-columns-is-layout-flex\">\n<div class=\"wp-block-column is-layout-flow wp-block-column-is-layout-flow\">\n<h2 class=\"has-purple-color has-text-color wp-block-heading\">\u00bfQu\u00e9 determina si cumplo los requisitos?<\/h2>\n\n\n\n<p class=\"is-style-default has-intro-font-size\">La elegibilidad para Medicaid est\u00e1 determinada por muchos factores:<\/p>\n\n\n\n<h4 class=\"is-style-default has-h-4-featured-font-size wp-block-heading\">Elegibilidad financiera<\/h4>\n\n\n\n<p class=\"is-style-default\">Debe pertenecer a un hogar de bajos ingresos.<\/p>\n\n\n\n<h4 class=\"is-style-default has-h-4-featured-font-size wp-block-heading\">Tama\u00f1o del hogar<\/h4>\n\n\n\n<p class=\"is-style-default\">El n\u00famero de personas con las que vive puede afectar su elegibilidad y sus beneficios.<\/p>\n\n\n\n<h4 class=\"is-style-default has-h-4-featured-font-size wp-block-heading\">Ciudadan\u00eda o situaci\u00f3n migratoria<\/h4>\n\n\n\n<p class=\"is-style-default\">Seg\u00fan la ley federal, todos los ciudadanos estadounidenses y ciertos inmigrantes legales que cumplan los criterios de elegibilidad financiera y no financiera de Medicaid tienen derecho a recibir Medicaid.<\/p>\n\n\n\n<h4 class=\"is-style-default has-h-4-featured-font-size wp-block-heading\">Discapacidad y edad<\/h4>\n\n\n\n<p class=\"is-style-default\">Si tiene una discapacidad, es posible que re\u00fana los requisitos para Medicaid.<\/p>\n\n\n\n<h4 class=\"is-style-default has-h-4-featured-font-size wp-block-heading\">Necesidades m\u00e9dicas<\/h4>\n\n\n\n<p class=\"is-style-default\">Incluso si no alcanza el l\u00edmite de ingresos, es posible que re\u00fana los requisitos si tiene gastos m\u00e9dicos elevados.<\/p>\n\n\n\n<h4 class=\"is-style-default has-h-4-featured-font-size wp-block-heading\">Edad<\/h4>\n\n\n\n<p class=\"is-style-default\">Los adultos mayores tambi\u00e9n pueden reunir los requisitos para Medicaid.<\/p>\n<\/div>\n\n\n\n<div class=\"wp-block-column is-layout-flow wp-block-column-is-layout-flow\"><div id=\"block_62c72ed96b995\" class=\"wpfox-aside-block custom\">\r\n\t<div class='aside-title'><h5>Sitios web \u00fatiles<\/h5><\/div>\t<div class=\"aside-block\">\r\n\t\t\t\t\t\t<div class=\"wrapper\">\r\n\t\t\t\t\t\n\n<p class=\"is-style-default\">Obtenga m\u00e1s informaci\u00f3n de estos recursos confiables:<\/p>\n\n\n\n<div class=\"wp-block-buttons is-layout-flex wp-block-buttons-is-layout-flex\">\n<div class=\"wp-block-button has-custom-width wp-block-button__width-100 is-style-link-external\"><a class=\"wp-block-button__link\" href=\"https:\/\/health.maryland.gov\/Pages\/Home.aspx\" target=\"_blank\" rel=\"noreferrer noopener\">Departamento de Salud de Maryland<\/a><\/div>\n\n\n\n<div class=\"wp-block-button has-custom-width wp-block-button__width-100 is-style-link-external\"><a class=\"wp-block-button__link\" href=\"https:\/\/www.marylandhealthconnection.gov\/how-to-enroll\/medicaid\/\" target=\"_blank\" rel=\"noreferrer noopener\">C\u00f3mo inscribirse en Medicaid<\/a><\/div>\n\n\n\n<div class=\"wp-block-button has-custom-width wp-block-button__width-100 is-style-link-external\"><a class=\"wp-block-button__link\" href=\"https:\/\/www.benefits.gov\/benefit\/1278\" target=\"_blank\" rel=\"noreferrer noopener\">Programa de Asistencia M\u00e9dica de Maryland<\/a><\/div>\n\n\n\n<div class=\"wp-block-button has-custom-width wp-block-button__width-100 is-style-link-external\"><a class=\"wp-block-button__link\" href=\"https:\/\/www.marylandhealthconnection.gov\/\" target=\"_blank\" rel=\"noreferrer noopener\">Solicite Medicaid<\/a><\/div>\n\n\n\n<div class=\"wp-block-button has-custom-width wp-block-button__width-100 is-style-link-external\"><a class=\"wp-block-button__link\" href=\"https:\/\/www.medicaid.gov\/medicaid\/eligibility\/index.html\" target=\"_blank\" rel=\"noreferrer noopener\">\u00bfSoy elegible para Medicaid?<\/a><\/div>\n<\/div>\n\n\r\n\t\t\t\t<\/div>\r\n\t\t\t\t\t<\/div>\r\n\t<\/div><\/div>\n<\/div>\n<\/div>\n","protected":false},"excerpt":{"rendered":"<p>Priority Partners es una organizaci\u00f3n de atenci\u00f3n administrada que proporciona servicios de atenci\u00f3n m\u00e9dica a trav\u00e9s de Medicaid. Para convertirse&#8230;<\/p>\n","protected":false},"author":1,"featured_media":0,"parent":0,"menu_order":0,"comment_status":"closed","ping_status":"closed","template":"","meta":{"_acf_changed":false,"_relevanssi_hide_post":"","_relevanssi_hide_content":"","_relevanssi_pin_for_all":"","_relevanssi_pin_keywords":"","_relevanssi_unpin_keywords":"","_relevanssi_related_keywords":"","_relevanssi_related_include_ids":"","_relevanssi_related_exclude_ids":"","_relevanssi_related_no_append":"","_relevanssi_related_not_related":"","_relevanssi_related_posts":"","_relevanssi_noindex_reason":"","inline_featured_image":false,"footnotes":""},"class_list":["post-1060","page","type-page","status-publish","hentry"],"acf":[],"yoast_head":"<!-- This site is optimized with the Yoast SEO plugin v26.6 - https:\/\/yoast.com\/wordpress\/plugins\/seo\/ -->\n<title>Convi\u00e9rtase en Afiliado - Priority Partners MCO<\/title>\n<meta name=\"robots\" content=\"index, follow, max-snippet:-1, max-image-preview:large, max-video-preview:-1\" \/>\n<link rel=\"canonical\" href=\"https:\/\/ppmco.foxtrotdev.com\/become-a-member\/\" \/>\n<meta property=\"og:locale\" content=\"es_ES\" \/>\n<meta property=\"og:type\" content=\"article\" \/>\n<meta property=\"og:title\" content=\"Convi\u00e9rtase en Afiliado - Priority Partners MCO\" \/>\n<meta property=\"og:description\" content=\"Priority Partners es una organizaci\u00f3n de atenci\u00f3n administrada que proporciona servicios de atenci\u00f3n m\u00e9dica a trav\u00e9s de Medicaid. Para convertirse...\" \/>\n<meta property=\"og:url\" content=\"https:\/\/ppmco.foxtrotdev.com\/become-a-member\/\" \/>\n<meta property=\"og:site_name\" content=\"Priority Partners MCO\" \/>\n<meta property=\"article:publisher\" content=\"https:\/\/www.facebook.com\/PriorityPartners\" \/>\n<meta property=\"article:modified_time\" content=\"2022-12-16T19:50:58+00:00\" \/>\n<meta property=\"og:image\" content=\"https:\/\/ppmco.foxtrotdev.com\/wp-content\/uploads\/2022\/11\/PPMCO_Social-Preview_facebook-1.jpg\" \/>\n\t<meta property=\"og:image:width\" content=\"1600\" \/>\n\t<meta property=\"og:image:height\" content=\"840\" \/>\n\t<meta property=\"og:image:type\" content=\"image\/jpeg\" \/>\n<meta name=\"twitter:card\" content=\"summary_large_image\" \/>\n<meta name=\"twitter:label1\" content=\"Tiempo de lectura\" \/>\n\t<meta name=\"twitter:data1\" content=\"2 minutos\" \/>\n<script type=\"application\/ld+json\" class=\"yoast-schema-graph\">{\"@context\":\"https:\/\/schema.org\",\"@graph\":[{\"@type\":\"WebPage\",\"@id\":\"https:\/\/ppmco.foxtrotdev.com\/become-a-member\/\",\"url\":\"https:\/\/ppmco.foxtrotdev.com\/become-a-member\/\",\"name\":\"Convi\u00e9rtase en Afiliado - Priority Partners MCO\",\"isPartOf\":{\"@id\":\"https:\/\/ppmco.foxtrotdev.com\/#website\"},\"datePublished\":\"2022-03-30T14:51:00+00:00\",\"dateModified\":\"2022-12-16T19:50:58+00:00\",\"breadcrumb\":{\"@id\":\"https:\/\/ppmco.foxtrotdev.com\/become-a-member\/#breadcrumb\"},\"inLanguage\":\"es\",\"potentialAction\":[{\"@type\":\"ReadAction\",\"target\":[\"https:\/\/ppmco.foxtrotdev.com\/become-a-member\/\"]}]},{\"@type\":\"BreadcrumbList\",\"@id\":\"https:\/\/ppmco.foxtrotdev.com\/become-a-member\/#breadcrumb\",\"itemListElement\":[{\"@type\":\"ListItem\",\"position\":1,\"name\":\"Home\",\"item\":\"https:\/\/ppmco.foxtrotdev.com\/es\/\"},{\"@type\":\"ListItem\",\"position\":2,\"name\":\"Convi\u00e9rtase en Afiliado\"}]},{\"@type\":\"WebSite\",\"@id\":\"https:\/\/ppmco.foxtrotdev.com\/#website\",\"url\":\"https:\/\/ppmco.foxtrotdev.com\/\",\"name\":\"Priority Partners MCO\",\"description\":\"Low and no-cost healthcare for qualified Maryland residents\",\"publisher\":{\"@id\":\"https:\/\/ppmco.foxtrotdev.com\/#organization\"},\"alternateName\":\"PPMCO\",\"potentialAction\":[{\"@type\":\"SearchAction\",\"target\":{\"@type\":\"EntryPoint\",\"urlTemplate\":\"https:\/\/ppmco.foxtrotdev.com\/?s={search_term_string}\"},\"query-input\":{\"@type\":\"PropertyValueSpecification\",\"valueRequired\":true,\"valueName\":\"search_term_string\"}}],\"inLanguage\":\"es\"},{\"@type\":\"Organization\",\"@id\":\"https:\/\/ppmco.foxtrotdev.com\/#organization\",\"name\":\"Priority Partners MCO\",\"url\":\"https:\/\/ppmco.foxtrotdev.com\/\",\"logo\":{\"@type\":\"ImageObject\",\"inLanguage\":\"es\",\"@id\":\"https:\/\/ppmco.foxtrotdev.com\/#\/schema\/logo\/image\/\",\"url\":\"https:\/\/ppmco.foxtrotdev.com\/wp-content\/uploads\/2022\/03\/logo.png\",\"contentUrl\":\"https:\/\/ppmco.foxtrotdev.com\/wp-content\/uploads\/2022\/03\/logo.png\",\"width\":635,\"height\":177,\"caption\":\"Priority Partners MCO\"},\"image\":{\"@id\":\"https:\/\/ppmco.foxtrotdev.com\/#\/schema\/logo\/image\/\"},\"sameAs\":[\"https:\/\/www.facebook.com\/PriorityPartners\",\"https:\/\/www.youtube.com\/user\/PriorityPartners\",\"https:\/\/www.instagram.com\/prioritypartners\/\"]}]}<\/script>\n<!-- \/ Yoast SEO plugin. -->","yoast_head_json":{"title":"Convi\u00e9rtase en Afiliado - Priority Partners MCO","robots":{"index":"index","follow":"follow","max-snippet":"max-snippet:-1","max-image-preview":"max-image-preview:large","max-video-preview":"max-video-preview:-1"},"canonical":"https:\/\/ppmco.foxtrotdev.com\/become-a-member\/","og_locale":"es_ES","og_type":"article","og_title":"Convi\u00e9rtase en Afiliado - Priority Partners MCO","og_description":"Priority Partners es una organizaci\u00f3n de atenci\u00f3n administrada que proporciona servicios de atenci\u00f3n m\u00e9dica a trav\u00e9s de Medicaid. Para convertirse...","og_url":"https:\/\/ppmco.foxtrotdev.com\/become-a-member\/","og_site_name":"Priority Partners MCO","article_publisher":"https:\/\/www.facebook.com\/PriorityPartners","article_modified_time":"2022-12-16T19:50:58+00:00","og_image":[{"width":1600,"height":840,"url":"https:\/\/ppmco.foxtrotdev.com\/wp-content\/uploads\/2022\/11\/PPMCO_Social-Preview_facebook-1.jpg","type":"image\/jpeg"}],"twitter_card":"summary_large_image","twitter_misc":{"Tiempo de lectura":"2 minutos"},"schema":{"@context":"https:\/\/schema.org","@graph":[{"@type":"WebPage","@id":"https:\/\/ppmco.foxtrotdev.com\/become-a-member\/","url":"https:\/\/ppmco.foxtrotdev.com\/become-a-member\/","name":"Convi\u00e9rtase en Afiliado - Priority Partners MCO","isPartOf":{"@id":"https:\/\/ppmco.foxtrotdev.com\/#website"},"datePublished":"2022-03-30T14:51:00+00:00","dateModified":"2022-12-16T19:50:58+00:00","breadcrumb":{"@id":"https:\/\/ppmco.foxtrotdev.com\/become-a-member\/#breadcrumb"},"inLanguage":"es","potentialAction":[{"@type":"ReadAction","target":["https:\/\/ppmco.foxtrotdev.com\/become-a-member\/"]}]},{"@type":"BreadcrumbList","@id":"https:\/\/ppmco.foxtrotdev.com\/become-a-member\/#breadcrumb","itemListElement":[{"@type":"ListItem","position":1,"name":"Home","item":"https:\/\/ppmco.foxtrotdev.com\/es\/"},{"@type":"ListItem","position":2,"name":"Convi\u00e9rtase en Afiliado"}]},{"@type":"WebSite","@id":"https:\/\/ppmco.foxtrotdev.com\/#website","url":"https:\/\/ppmco.foxtrotdev.com\/","name":"Priority Partners MCO","description":"Low and no-cost healthcare for qualified Maryland residents","publisher":{"@id":"https:\/\/ppmco.foxtrotdev.com\/#organization"},"alternateName":"PPMCO","potentialAction":[{"@type":"SearchAction","target":{"@type":"EntryPoint","urlTemplate":"https:\/\/ppmco.foxtrotdev.com\/?s={search_term_string}"},"query-input":{"@type":"PropertyValueSpecification","valueRequired":true,"valueName":"search_term_string"}}],"inLanguage":"es"},{"@type":"Organization","@id":"https:\/\/ppmco.foxtrotdev.com\/#organization","name":"Priority Partners MCO","url":"https:\/\/ppmco.foxtrotdev.com\/","logo":{"@type":"ImageObject","inLanguage":"es","@id":"https:\/\/ppmco.foxtrotdev.com\/#\/schema\/logo\/image\/","url":"https:\/\/ppmco.foxtrotdev.com\/wp-content\/uploads\/2022\/03\/logo.png","contentUrl":"https:\/\/ppmco.foxtrotdev.com\/wp-content\/uploads\/2022\/03\/logo.png","width":635,"height":177,"caption":"Priority Partners MCO"},"image":{"@id":"https:\/\/ppmco.foxtrotdev.com\/#\/schema\/logo\/image\/"},"sameAs":["https:\/\/www.facebook.com\/PriorityPartners","https:\/\/www.youtube.com\/user\/PriorityPartners","https:\/\/www.instagram.com\/prioritypartners\/"]}]}},"_links":{"self":[{"href":"https:\/\/ppmco.foxtrotdev.com\/es\/wp-json\/wp\/v2\/pages\/1060","targetHints":{"allow":["GET"]}}],"collection":[{"href":"https:\/\/ppmco.foxtrotdev.com\/es\/wp-json\/wp\/v2\/pages"}],"about":[{"href":"https:\/\/ppmco.foxtrotdev.com\/es\/wp-json\/wp\/v2\/types\/page"}],"author":[{"embeddable":true,"href":"https:\/\/ppmco.foxtrotdev.com\/es\/wp-json\/wp\/v2\/users\/1"}],"replies":[{"embeddable":true,"href":"https:\/\/ppmco.foxtrotdev.com\/es\/wp-json\/wp\/v2\/comments?post=1060"}],"version-history":[{"count":5,"href":"https:\/\/ppmco.foxtrotdev.com\/es\/wp-json\/wp\/v2\/pages\/1060\/revisions"}],"predecessor-version":[{"id":14910,"href":"https:\/\/ppmco.foxtrotdev.com\/es\/wp-json\/wp\/v2\/pages\/1060\/revisions\/14910"}],"wp:attachment":[{"href":"https:\/\/ppmco.foxtrotdev.com\/es\/wp-json\/wp\/v2\/media?parent=1060"}],"curies":[{"name":"wp","href":"https:\/\/api.w.org\/{rel}","templated":true}]}}